{"id":141,"date":"2017-01-08T23:37:53","date_gmt":"2017-01-08T22:37:53","guid":{"rendered":"http:\/\/benoitdegraux.com\/?page_id=141"},"modified":"2026-03-29T22:25:02","modified_gmt":"2026-03-29T20:25:02","slug":"accueil","status":"publish","type":"page","link":"https:\/\/benoitdegraux.com\/","title":{"rendered":"Equipements &#038; Guidage de p\u00eache."},"content":{"rendered":"<p style=\"text-align: center;\"><strong>Benoit Degraux &#8211; Guide de p\u00eache Hollande<\/strong><br \/><b>Distributeur<\/b><strong> officiel GARMIN Marine &amp; Equipements nautisme\/p\u00eache<\/strong><br \/><a href=\"https:\/\/benoitdegraux.com\/index.php\/2022\/02\/10\/vente-et-distribution-des-batteries-bsr-lithium-live-po4-au-benelux\/\"><strong>Distributeur officiel Benelux Batteries BSR Lithium LivPo4<\/strong><\/a><\/p>\n<h5 style=\"text-align: center;\"><span style=\"color: #ff0000;\"><strong>NEWS GARMIN 2026<\/strong><\/span><\/h5>\n<p style=\"text-align: center;\"><a href=\"https:\/\/benoitdegraux.com\/index.php\/produit\/garmin-spy-pole\/\">PERCHE MOTORISEE GARMIN SPY POLE<\/a><\/p>\n<p><img loading=\"lazy\" decoding=\"async\" class=\"aligncenter size-large wp-image-2183\" src=\"https:\/\/benoitdegraux.com\/wp-content\/uploads\/2026\/03\/20250911_SUPPORT_MRN_0662-1024x683.jpg\" alt=\"\" width=\"800\" height=\"534\" srcset=\"https:\/\/benoitdegraux.com\/wp-content\/uploads\/2026\/03\/20250911_SUPPORT_MRN_0662-1024x683.jpg 1024w, https:\/\/benoitdegraux.com\/wp-content\/uploads\/2026\/03\/20250911_SUPPORT_MRN_0662-300x200.jpg 300w, https:\/\/benoitdegraux.com\/wp-content\/uploads\/2026\/03\/20250911_SUPPORT_MRN_0662-768x512.jpg 768w, https:\/\/benoitdegraux.com\/wp-content\/uploads\/2026\/03\/20250911_SUPPORT_MRN_0662-1536x1025.jpg 1536w, https:\/\/benoitdegraux.com\/wp-content\/uploads\/2026\/03\/20250911_SUPPORT_MRN_0662-2048x1366.jpg 2048w, https:\/\/benoitdegraux.com\/wp-content\/uploads\/2026\/03\/20250911_SUPPORT_MRN_0662-150x100.jpg 150w, https:\/\/benoitdegraux.com\/wp-content\/uploads\/2026\/03\/20250911_SUPPORT_MRN_0662-225x150.jpg 225w, https:\/\/benoitdegraux.com\/wp-content\/uploads\/2026\/03\/20250911_SUPPORT_MRN_0662-600x400.jpg 600w\" sizes=\"(max-width: 800px) 100vw, 800px\" \/><\/p>\n<p style=\"text-align: center;\">Avec un \u00e9quipement haut de gamme, un bateau performant super \u00e9quip\u00e9 et plus 20 ans d&rsquo;exp\u00e9rience sur les plans d&rsquo;eau Hollandais, \u00a0je vous propose une prestation de guidage personnalis\u00e9e durant laquelle vous pourrez\u00a0 vivre des sensations inoubliables sur les meilleurs endroits d&rsquo;Europe !!!\u00a0 Je vous propose les produits des plus grandes marques \u00e0 des prix tr\u00e8s comp\u00e9titifs, en mettant \u00e0 votre disposition une expertise technique et une grande exp\u00e9rience de terrain afin de vous guider au mieux dans le choix\u00a0 de votre \u00e9quipement..<\/p>\n<p style=\"text-align: center;\"><img loading=\"lazy\" decoding=\"async\" class=\"aligncenter size-large wp-image-126\" src=\"https:\/\/benoitdegraux.com\/wp-content\/uploads\/2017\/01\/IMG_28354-1024x541.jpg\" alt=\"\" width=\"800\" height=\"423\" srcset=\"https:\/\/benoitdegraux.com\/wp-content\/uploads\/2017\/01\/IMG_28354-1024x541.jpg 1024w, https:\/\/benoitdegraux.com\/wp-content\/uploads\/2017\/01\/IMG_28354-600x317.jpg 600w, https:\/\/benoitdegraux.com\/wp-content\/uploads\/2017\/01\/IMG_28354-300x158.jpg 300w, https:\/\/benoitdegraux.com\/wp-content\/uploads\/2017\/01\/IMG_28354-768x406.jpg 768w, https:\/\/benoitdegraux.com\/wp-content\/uploads\/2017\/01\/IMG_28354-250x132.jpg 250w, https:\/\/benoitdegraux.com\/wp-content\/uploads\/2017\/01\/IMG_28354-150x79.jpg 150w\" sizes=\"(max-width: 800px) 100vw, 800px\" \/>With high-performance equipment, a powerful boat fully equipped and more then 20 years of experience on Dutch waters, I suggest you accompany me for a personalized fishing guide in Holland where you can live unforgettable moments on the best places in Europe. I offer you the products of the biggest brands at very competitive prices by offering you technical expertise and a wide experience on the water to guide you in the best way in the choice of your equipment.<\/p>\n<p style=\"text-align: center;\"><strong>Benoit Degraux &#8211; Predator Fishing Guide Holland<\/strong><\/p>\n\n\n<figure class=\"wp-block-image size-large\"><img loading=\"lazy\" decoding=\"async\" width=\"1021\" height=\"95\" src=\"https:\/\/benoitdegraux.com\/wp-content\/uploads\/2020\/12\/partenaires-jpg.jpg\" alt=\"\" class=\"wp-image-1205\" srcset=\"https:\/\/benoitdegraux.com\/wp-content\/uploads\/2020\/12\/partenaires-jpg.jpg 1021w, https:\/\/benoitdegraux.com\/wp-content\/uploads\/2020\/12\/partenaires-jpg-300x28.jpg 300w, https:\/\/benoitdegraux.com\/wp-content\/uploads\/2020\/12\/partenaires-jpg-768x71.jpg 768w, https:\/\/benoitdegraux.com\/wp-content\/uploads\/2020\/12\/partenaires-jpg-150x14.jpg 150w, https:\/\/benoitdegraux.com\/wp-content\/uploads\/2020\/12\/partenaires-jpg-250x23.jpg 250w, https:\/\/benoitdegraux.com\/wp-content\/uploads\/2020\/12\/partenaires-jpg-600x56.jpg 600w\" sizes=\"(max-width: 1021px) 100vw, 1021px\" \/><\/figure>\n","protected":false},"excerpt":{"rendered":"<p>Benoit Degraux &#8211; Guide de p\u00eache HollandeDistributeur officiel GARMIN Marine &amp; Equipements nautisme\/p\u00eacheDistributeur officiel Benelux Batteries BSR Lithium LivPo4 NEWS GARMIN 2026 PERCHE MOTORISEE GARMIN SPY POLE Avec un \u00e9quipement haut de gamme, un bateau performant super \u00e9quip\u00e9 et plus 20 ans d&rsquo;exp\u00e9rience sur les plans d&rsquo;eau Hollandais, \u00a0je vous \u2026 <a class=\"continue-reading-link\" href=\"https:\/\/benoitdegraux.com\/\"> Continue reading <span class=\"meta-nav\">&rarr; <\/span><\/a><\/p>\n","protected":false},"author":1,"featured_media":126,"parent":0,"menu_order":1,"comment_status":"closed","ping_status":"closed","template":"","meta":{"footnotes":""},"_links":{"self":[{"href":"https:\/\/benoitdegraux.com\/index.php\/wp-json\/wp\/v2\/pages\/141"}],"collection":[{"href":"https:\/\/benoitdegraux.com\/index.php\/wp-json\/wp\/v2\/pages"}],"about":[{"href":"https:\/\/benoitdegraux.com\/index.php\/wp-json\/wp\/v2\/types\/page"}],"author":[{"embeddable":true,"href":"https:\/\/benoitdegraux.com\/index.php\/wp-json\/wp\/v2\/users\/1"}],"replies":[{"embeddable":true,"href":"https:\/\/benoitdegraux.com\/index.php\/wp-json\/wp\/v2\/comments?post=141"}],"version-history":[{"count":144,"href":"https:\/\/benoitdegraux.com\/index.php\/wp-json\/wp\/v2\/pages\/141\/revisions"}],"predecessor-version":[{"id":2201,"href":"https:\/\/benoitdegraux.com\/index.php\/wp-json\/wp\/v2\/pages\/141\/revisions\/2201"}],"wp:featuredmedia":[{"embeddable":true,"href":"https:\/\/benoitdegraux.com\/index.php\/wp-json\/wp\/v2\/media\/126"}],"wp:attachment":[{"href":"https:\/\/benoitdegraux.com\/index.php\/wp-json\/wp\/v2\/media?parent=141"}],"curies":[{"name":"wp","href":"https:\/\/api.w.org\/{rel}","templated":true}]}}