{"id":281,"date":"2017-01-10T08:13:25","date_gmt":"2017-01-10T07:13:25","guid":{"rendered":"http:\/\/benoitdegraux.com\/?page_id=281"},"modified":"2024-12-26T13:53:00","modified_gmt":"2024-12-26T12:53:00","slug":"benoit-degraux","status":"publish","type":"page","link":"https:\/\/benoitdegraux.com\/index.php\/benoit-degraux\/","title":{"rendered":"A propos de moi"},"content":{"rendered":"<p>Je m&rsquo;appelle Benoit Degraux, je suis n\u00e9 en 1965 et j&rsquo;habite dans la province du Hainaut en Belgique. Passionn\u00e9 de p\u00eache depuis de longues ann\u00e9es (1980), j&rsquo;ai d&rsquo;abord pratiqu\u00e9 la p\u00eache au coup durant douze ann\u00e9es de comp\u00e9tition pour ensuite me consacrer exclusivement \u00e0 la p\u00eache des carnassiers. Si le sandre est mon poisson de pr\u00e9dilection depuis toujours, la traque des belles perches et surtout celle des gros brochets me fascinent \u00e9norm\u00e9ment.<\/p>\n<p><img loading=\"lazy\" decoding=\"async\" class=\"aligncenter wp-image-1328\" src=\"https:\/\/benoitdegraux.com\/wp-content\/uploads\/2020\/12\/Copie-2-de-sandre-1-1024x689.jpg\" alt=\"\" width=\"590\" height=\"397\" srcset=\"https:\/\/benoitdegraux.com\/wp-content\/uploads\/2020\/12\/Copie-2-de-sandre-1-1024x689.jpg 1024w, https:\/\/benoitdegraux.com\/wp-content\/uploads\/2020\/12\/Copie-2-de-sandre-1-300x202.jpg 300w, https:\/\/benoitdegraux.com\/wp-content\/uploads\/2020\/12\/Copie-2-de-sandre-1-768x517.jpg 768w, https:\/\/benoitdegraux.com\/wp-content\/uploads\/2020\/12\/Copie-2-de-sandre-1-150x101.jpg 150w, https:\/\/benoitdegraux.com\/wp-content\/uploads\/2020\/12\/Copie-2-de-sandre-1-223x150.jpg 223w, https:\/\/benoitdegraux.com\/wp-content\/uploads\/2020\/12\/Copie-2-de-sandre-1-600x404.jpg 600w, https:\/\/benoitdegraux.com\/wp-content\/uploads\/2020\/12\/Copie-2-de-sandre-1.jpg 1072w\" sizes=\"(max-width: 590px) 100vw, 590px\" \/><\/p>\n<p>Depuis une trentaine d&rsquo;ann\u00e9es, je r\u00e9alise donc une p\u00eache intensive sur la plupart des rivi\u00e8res et canaux belges, mais surtout sur les fleuves et grands plans d&rsquo;eau hollandais. J&rsquo;appr\u00e9cie \u00e9galement la p\u00eache \u00e0 l&rsquo;\u00e9tranger en France, Irlande, Su\u00e8de, Espagne et au Danemark o\u00f9 j&rsquo;effectue plusieurs s\u00e9jours chaque ann\u00e9e.<\/p>\n<p><img loading=\"lazy\" decoding=\"async\" class=\"wp-image-288 aligncenter\" src=\"https:\/\/benoitdegraux.com\/wp-content\/uploads\/2017\/01\/4.7-1024x613.jpg\" alt=\"\" width=\"590\" height=\"353\" srcset=\"https:\/\/benoitdegraux.com\/wp-content\/uploads\/2017\/01\/4.7-1024x613.jpg 1024w, https:\/\/benoitdegraux.com\/wp-content\/uploads\/2017\/01\/4.7-600x359.jpg 600w, https:\/\/benoitdegraux.com\/wp-content\/uploads\/2017\/01\/4.7-300x180.jpg 300w, https:\/\/benoitdegraux.com\/wp-content\/uploads\/2017\/01\/4.7-768x460.jpg 768w, https:\/\/benoitdegraux.com\/wp-content\/uploads\/2017\/01\/4.7-250x150.jpg 250w, https:\/\/benoitdegraux.com\/wp-content\/uploads\/2017\/01\/4.7-150x90.jpg 150w\" sizes=\"(max-width: 590px) 100vw, 590px\" \/><\/p>\n<p>Je pratique volontiers toutes les techniques de p\u00eache, avec toutefois une pr\u00e9f\u00e9rence pour les p\u00eaches aux leurres souples. Tr\u00e8s subtiles, elles offrent un large panel pour le choix des techniques, animations et montages. J&rsquo;aime particuli\u00e8rement concevoir et r\u00e9aliser de nouveaux accessoires comme le \u00ab plomb \u00e9pingle \u00bb et la \u00ab potence \u00bb, deux syst\u00e8mes que j\u2019ai con\u00e7us et mis au point pour la p\u00eache du sandre, et qui font d\u00e9sormais partie de l\u2019arsenal des \u00ab verticaliers \u00bb.<\/p>\n<p>Mon leitmotiv est le \u00ab\u00a0respect\u00a0\u00bb de la p\u00eache, des poissons et des p\u00eacheurs accompagn\u00e9 d&rsquo;une philosophie \u00ab Catch and Release \u00bb.<\/p>\n<p><img loading=\"lazy\" decoding=\"async\" class=\"wp-image-776 aligncenter\" src=\"https:\/\/benoitdegraux.com\/wp-content\/uploads\/2019\/02\/wpc-2017-1024x694.jpg\" alt=\"\" width=\"590\" height=\"400\" srcset=\"https:\/\/benoitdegraux.com\/wp-content\/uploads\/2019\/02\/wpc-2017-1024x694.jpg 1024w, https:\/\/benoitdegraux.com\/wp-content\/uploads\/2019\/02\/wpc-2017-300x203.jpg 300w, https:\/\/benoitdegraux.com\/wp-content\/uploads\/2019\/02\/wpc-2017-768x520.jpg 768w, https:\/\/benoitdegraux.com\/wp-content\/uploads\/2019\/02\/wpc-2017-150x102.jpg 150w, https:\/\/benoitdegraux.com\/wp-content\/uploads\/2019\/02\/wpc-2017-221x150.jpg 221w, https:\/\/benoitdegraux.com\/wp-content\/uploads\/2019\/02\/wpc-2017-600x407.jpg 600w, https:\/\/benoitdegraux.com\/wp-content\/uploads\/2019\/02\/wpc-2017.jpg 1241w\" sizes=\"(max-width: 590px) 100vw, 590px\" \/><\/p>\n<p>Si\u00a0mon esprit de comp\u00e9tition reste bien pr\u00e9sent\u00a0pour participer\u00a0\u00e0 de grands \u00e9v\u00e9nements comme le\u00a0\u00ab\u00a0Worl\u00a0Predator Classic\u00a0\u00bb\u00a0, un simple moment convivial de partage et de d\u00e9couverte sur l&rsquo;eau est de loin l&rsquo;objectif de ma passion.<\/p>\n<p>Benoit Degraux<\/p>\n\n\n<figure class=\"wp-block-image size-large\"><img loading=\"lazy\" decoding=\"async\" width=\"1021\" height=\"95\" src=\"https:\/\/benoitdegraux.com\/wp-content\/uploads\/2020\/12\/partenaires-jpg.jpg\" alt=\"\" class=\"wp-image-1205\" srcset=\"https:\/\/benoitdegraux.com\/wp-content\/uploads\/2020\/12\/partenaires-jpg.jpg 1021w, https:\/\/benoitdegraux.com\/wp-content\/uploads\/2020\/12\/partenaires-jpg-300x28.jpg 300w, https:\/\/benoitdegraux.com\/wp-content\/uploads\/2020\/12\/partenaires-jpg-768x71.jpg 768w, https:\/\/benoitdegraux.com\/wp-content\/uploads\/2020\/12\/partenaires-jpg-150x14.jpg 150w, https:\/\/benoitdegraux.com\/wp-content\/uploads\/2020\/12\/partenaires-jpg-250x23.jpg 250w, https:\/\/benoitdegraux.com\/wp-content\/uploads\/2020\/12\/partenaires-jpg-600x56.jpg 600w\" sizes=\"(max-width: 1021px) 100vw, 1021px\" \/><\/figure>\n\n\n\n<p><\/p>\n","protected":false},"excerpt":{"rendered":"<p>Je m&rsquo;appelle Benoit Degraux, je suis n\u00e9 en 1965 et j&rsquo;habite dans la province du Hainaut en Belgique. Passionn\u00e9 de p\u00eache depuis de longues ann\u00e9es (1980), j&rsquo;ai d&rsquo;abord pratiqu\u00e9 la p\u00eache au coup durant douze ann\u00e9es de comp\u00e9tition pour ensuite me consacrer exclusivement \u00e0 la p\u00eache des carnassiers. Si le \u2026 <a class=\"continue-reading-link\" href=\"https:\/\/benoitdegraux.com\/index.php\/benoit-degraux\/\"> Continue reading <span class=\"meta-nav\">&rarr; <\/span><\/a><\/p>\n","protected":false},"author":1,"featured_media":0,"parent":0,"menu_order":2,"comment_status":"closed","ping_status":"closed","template":"template-onecolumn.php","meta":{"footnotes":""},"_links":{"self":[{"href":"https:\/\/benoitdegraux.com\/index.php\/wp-json\/wp\/v2\/pages\/281"}],"collection":[{"href":"https:\/\/benoitdegraux.com\/index.php\/wp-json\/wp\/v2\/pages"}],"about":[{"href":"https:\/\/benoitdegraux.com\/index.php\/wp-json\/wp\/v2\/types\/page"}],"author":[{"embeddable":true,"href":"https:\/\/benoitdegraux.com\/index.php\/wp-json\/wp\/v2\/users\/1"}],"replies":[{"embeddable":true,"href":"https:\/\/benoitdegraux.com\/index.php\/wp-json\/wp\/v2\/comments?post=281"}],"version-history":[{"count":36,"href":"https:\/\/benoitdegraux.com\/index.php\/wp-json\/wp\/v2\/pages\/281\/revisions"}],"predecessor-version":[{"id":2005,"href":"https:\/\/benoitdegraux.com\/index.php\/wp-json\/wp\/v2\/pages\/281\/revisions\/2005"}],"wp:attachment":[{"href":"https:\/\/benoitdegraux.com\/index.php\/wp-json\/wp\/v2\/media?parent=281"}],"curies":[{"name":"wp","href":"https:\/\/api.w.org\/{rel}","templated":true}]}}