{"id":1102,"date":"2019-03-07T18:04:11","date_gmt":"2019-03-07T17:04:11","guid":{"rendered":"http:\/\/benoitdegraux.com\/?post_type=product&#038;p=1102"},"modified":"2022-02-12T16:51:43","modified_gmt":"2022-02-12T15:51:43","slug":"ancre-flottante-minn-kota","status":"publish","type":"product","link":"https:\/\/benoitdegraux.com\/index.php\/produit\/ancre-flottante-minn-kota\/","title":{"rendered":"Minn Kota Ancre flottante"},"content":{"rendered":"<p><strong>MKA-26 Minn Kota Ancre flottante (210 deniers)<\/strong><\/p>\n<p>Ancre flottante fabriqu\u00e9e en nylon RIPSTOP \u00a0de 210 deniers , elle mesure 82 cm de profondeur et 56 cm de diam\u00e8tre permettant de limiter voir de contr\u00f4ler la d\u00e9rive de l&#8217;embarcation.\u00a0 Equip\u00e9e de poids et flotteurs int\u00e9gr\u00e9s, elle se position parfaitement et rapidement en action de p\u00eache.<\/p>\n<p><span class=\"libelle-fiche-prd\">PRIX INDICATIF TTC :<\/span> 59 \u20ac<\/p>\n<p><img loading=\"lazy\" decoding=\"async\" class=\"aligncenter wp-image-1104 size-full\" src=\"https:\/\/benoitdegraux.com\/wp-content\/uploads\/2019\/03\/minnkota-ancre-flottante-mk26-e1551978606556.jpg\" alt=\"\" width=\"500\" height=\"308\" srcset=\"https:\/\/benoitdegraux.com\/wp-content\/uploads\/2019\/03\/minnkota-ancre-flottante-mk26-e1551978606556.jpg 500w, https:\/\/benoitdegraux.com\/wp-content\/uploads\/2019\/03\/minnkota-ancre-flottante-mk26-e1551978606556-300x185.jpg 300w, https:\/\/benoitdegraux.com\/wp-content\/uploads\/2019\/03\/minnkota-ancre-flottante-mk26-e1551978606556-150x92.jpg 150w, https:\/\/benoitdegraux.com\/wp-content\/uploads\/2019\/03\/minnkota-ancre-flottante-mk26-e1551978606556-244x150.jpg 244w\" sizes=\"(max-width: 500px) 100vw, 500px\" \/><\/p>\n<p><strong>MKA-27 Minn Kota Ancre flottante (420 deniers)<\/strong><\/p>\n<p>Ancre flottante fabriqu\u00e9e en nylon RIPSTOP\u00a0 PRO de 420 deniers , elle mesure 82 cm de profondeur et 56 cm de diam\u00e8tre permettant de limiter voir de contr\u00f4ler la d\u00e9rive de l&#8217;embarcation.\u00a0 Equip\u00e9e de poids et flotteurs int\u00e9gr\u00e9s, elle se position parfaitement et rapidement en action de p\u00eache.<\/p>\n<p><span class=\"libelle-fiche-prd\">PRIX INDICATIF TTC ; 75 \u20ac<\/span><\/p>\n<p><img loading=\"lazy\" decoding=\"async\" class=\"aligncenter wp-image-1103 size-full\" src=\"https:\/\/benoitdegraux.com\/wp-content\/uploads\/2019\/03\/minnkota-ancre-flottante-mk27-e1551978528827.jpg\" alt=\"\" width=\"500\" height=\"331\" srcset=\"https:\/\/benoitdegraux.com\/wp-content\/uploads\/2019\/03\/minnkota-ancre-flottante-mk27-e1551978528827.jpg 500w, https:\/\/benoitdegraux.com\/wp-content\/uploads\/2019\/03\/minnkota-ancre-flottante-mk27-e1551978528827-300x199.jpg 300w, https:\/\/benoitdegraux.com\/wp-content\/uploads\/2019\/03\/minnkota-ancre-flottante-mk27-e1551978528827-150x99.jpg 150w, https:\/\/benoitdegraux.com\/wp-content\/uploads\/2019\/03\/minnkota-ancre-flottante-mk27-e1551978528827-227x150.jpg 227w\" sizes=\"(max-width: 500px) 100vw, 500px\" \/><\/p>\n","protected":false},"excerpt":{"rendered":"<p><img loading=\"lazy\" decoding=\"async\" class=\"aligncenter wp-image-757\" src=\"https:\/\/benoitdegraux.com\/wp-content\/uploads\/2019\/02\/minn-kota-1024x202.png\" alt=\"\" width=\"269\" height=\"53\" srcset=\"https:\/\/benoitdegraux.com\/wp-content\/uploads\/2019\/02\/minn-kota-1024x202.png 1024w, https:\/\/benoitdegraux.com\/wp-content\/uploads\/2019\/02\/minn-kota-300x59.png 300w, https:\/\/benoitdegraux.com\/wp-content\/uploads\/2019\/02\/minn-kota-768x151.png 768w, https:\/\/benoitdegraux.com\/wp-content\/uploads\/2019\/02\/minn-kota-150x30.png 150w, https:\/\/benoitdegraux.com\/wp-content\/uploads\/2019\/02\/minn-kota-250x49.png 250w, https:\/\/benoitdegraux.com\/wp-content\/uploads\/2019\/02\/minn-kota-600x118.png 600w, https:\/\/benoitdegraux.com\/wp-content\/uploads\/2019\/02\/minn-kota.png 1178w\" sizes=\"(max-width: 269px) 100vw, 269px\" \/><\/p>\n<p>L&rsquo;ancre flottante Minn Kota permet de contr\u00f4ler la d\u00e9rive de l&#8217;embarcation par grand vent et garantit ainsi une action de p\u00eache optimale dans les conditions les plus difficiles. <a class=\"continue-reading-link\" href=\"https:\/\/benoitdegraux.com\/index.php\/produit\/ancre-flottante-minn-kota\/\"> Continue reading <span class=\"meta-nav\">&rarr; <\/span><\/a><\/p>\n","protected":false},"featured_media":1104,"comment_status":"closed","ping_status":"closed","template":"","meta":[],"_links":{"self":[{"href":"https:\/\/benoitdegraux.com\/index.php\/wp-json\/wp\/v2\/product\/1102"}],"collection":[{"href":"https:\/\/benoitdegraux.com\/index.php\/wp-json\/wp\/v2\/product"}],"about":[{"href":"https:\/\/benoitdegraux.com\/index.php\/wp-json\/wp\/v2\/types\/product"}],"replies":[{"embeddable":true,"href":"https:\/\/benoitdegraux.com\/index.php\/wp-json\/wp\/v2\/comments?post=1102"}],"wp:featuredmedia":[{"embeddable":true,"href":"https:\/\/benoitdegraux.com\/index.php\/wp-json\/wp\/v2\/media\/1104"}],"wp:attachment":[{"href":"https:\/\/benoitdegraux.com\/index.php\/wp-json\/wp\/v2\/media?parent=1102"}],"curies":[{"name":"wp","href":"https:\/\/api.w.org\/{rel}","templated":true}]}}