{"id":1358,"date":"2021-02-09T13:52:14","date_gmt":"2021-02-09T12:52:14","guid":{"rendered":"http:\/\/benoitdegraux.com\/?post_type=product&#038;p=1358"},"modified":"2023-04-11T14:23:34","modified_gmt":"2023-04-11T12:23:34","slug":"garmin-panoptix-ps30","status":"publish","type":"product","link":"https:\/\/benoitdegraux.com\/index.php\/produit\/garmin-panoptix-ps30\/","title":{"rendered":"GARMIN PANOPTIX PS30"},"content":{"rendered":"<p id=\"js__product__info__name\" class=\"app__product__info__title\"><strong>Panoptix PS30<\/strong><br \/>\n<span id=\"js__product__info__part-number__label\">NUM\u00c9RO DE R\u00c9F\u00c9RENCE\u00a0<\/span><span id=\"js__product__info__part-number__text\" class=\"app__product__info__part-number--light\">010-01284-00<\/span><\/p>\n<p><img loading=\"lazy\" decoding=\"async\" class=\"wp-image-1148 alignnone\" src=\"https:\/\/benoitdegraux.com\/wp-content\/uploads\/2019\/06\/Garmin-panoptix-ps30-01-e1561194829385.jpg\" alt=\"\" width=\"233\" height=\"144\" srcset=\"https:\/\/benoitdegraux.com\/wp-content\/uploads\/2019\/06\/Garmin-panoptix-ps30-01-e1561194829385.jpg 600w, https:\/\/benoitdegraux.com\/wp-content\/uploads\/2019\/06\/Garmin-panoptix-ps30-01-e1561194829385-300x186.jpg 300w, https:\/\/benoitdegraux.com\/wp-content\/uploads\/2019\/06\/Garmin-panoptix-ps30-01-e1561194829385-150x93.jpg 150w, https:\/\/benoitdegraux.com\/wp-content\/uploads\/2019\/06\/Garmin-panoptix-ps30-01-e1561194829385-242x150.jpg 242w\" sizes=\"(max-width: 233px) 100vw, 233px\" \/><\/p>\n<ul>\n<li>Poids\u00a0:\n<ul>\n<li>Sonde seule\u00a0: 0,8 kg (1,8\u00a0lb)<\/li>\n<li>Sonde et c\u00e2ble\u00a0: 1,4 kg (3,1\u00a0lb)<\/li>\n<li>Mat\u00e9riel de fixation pour tableau arri\u00e8re\u00a0: 0,6 kg (1,3\u00a0lb)<\/li>\n<\/ul>\n<\/li>\n<li>Plage de temp\u00e9ratures\u00a0:\n<ul>\n<li>De fonctionnement\u00a0: de 0\u00b0C \u00e0 40\u00b0C (de 32\u00b0F \u00e0 104\u00b0F)<\/li>\n<li>De stockage\u00a0: de -40\u00b0C \u00e0 70\u00b0C (de -40\u00b0F \u00e0 158\u00b0F)<\/li>\n<\/ul>\n<\/li>\n<li>Options de montage\u00a0: tableau arri\u00e8re<\/li>\n<li>Consommation\u00a0: &lt;0,8\u00a0A @ 12 V\u00a0c.c.<\/li>\n<li>Plage de tensions\u00a0: 10-35\u00a0V\u00a0c.c.<\/li>\n<li>Fr\u00e9quences prises en charge\u00a0: 417\u00a0kHz<\/li>\n<li>Port\u00e9e maximale\u00a0: 91,4\u00a0m (300\u00a0pi)<\/li>\n<\/ul>\n<p>Dans la boite<\/p>\n<ul>\n<li>Sonde PS30 vers le bas (c\u00e2ble r\u00e9seau de 9,14\u00a0m [30\u00a0pi] et c\u00e2ble d&rsquo;alimentation de 4,57\u00a0m [15\u00a0pi] int\u00e9gr\u00e9s)<\/li>\n<li>Support pour tableau arri\u00e8re<\/li>\n<li>Goujon annulaire fendu RJ45<\/li>\n<li>Documentation<\/li>\n<\/ul>\n<div>\n<p><iframe loading=\"lazy\" src=\"https:\/\/www.youtube.com\/embed\/FS6sp4kmPwg?rel=0&amp;controls=0\" width=\"700\" height=\"394\" frameborder=\"0\" allowfullscreen=\"allowfullscreen\" data-mce-fragment=\"1\"><\/iframe><\/p>\n<\/div>\n<p>Avec la sonde Panoptix vers le bas, visualisez les poissons et les app\u00e2ts qui nagent sous votre bateau sous n&rsquo;importe quel angle et en temps r\u00e9el, m\u00eame \u00e0 l&rsquo;arr\u00eat. Trois vues remarquables\u00a0: LiveV\u00fc Down, RealV\u00fc 3D Down et RealV\u00fc 3D historique.<\/p>\n<p><strong>LiveV\u00fc Down<\/strong>\u00a0fournit des images de sonde en mouvement en temps r\u00e9el. Vous visualisez les \u00e9chos des poissons qui nagent vers le bateau ou qui s&rsquo;en \u00e9loignent. Ce mode d&rsquo;affichage permet de distinguer nettement les petites cibles des plus gros sp\u00e9cimens et permet m\u00eame de visualiser les mouvements de votre leurre.<\/p>\n<p>Avec\u00a0<strong>RealV\u00fc\u00a03D\u00a0Down<\/strong>, visualisez ce qu&rsquo;il se passe autour de votre bateau en 3D, m\u00eame lorsque le bateau est immobile. L&rsquo;historique affich\u00e9 est pr\u00e9cis \u00e0 une\u00a0impulsion de sondeur pr\u00e8s.<\/p>\n<p><strong>RealV\u00fc 3D historique<\/strong>\u00a0permet de d\u00e9tecter le poisson lorsque votre bateau est en mouvement. Ce mode d&rsquo;affichage permet de visualiser en 3D les poissons et les structures immerg\u00e9es dans l&rsquo;ensemble de la colonne d&rsquo;eau.<\/p>\n<h3>Croyez ce que vous voyez<\/h3>\n<p>Garmin propose en exclusivit\u00e9 d&#8217;embarquer les images du sondeur Panoptix \u00e0 bord de votre bateau. Le sondeur Panoptix offre une vue ultrad\u00e9taill\u00e9e sous le bateau. Il vous permet de visualiser en temps r\u00e9el le relief sous-marin sous la coque du bateau. Vous visualisez en 3D les poissons dans l&rsquo;ensemble de la colonne d&rsquo;eau. Vous pouvez \u00e9galement distinguer les app\u00e2ts jet\u00e9s dans la mer ainsi que l&rsquo;action de votre leurre. Vous voyez aussi les poissons qui nagent devant ou sous le bateau. Vous distinguez m\u00eame les poissons attir\u00e9s par votre leurre. La technologie Panoptix est tellement efficace que vous devrez absolument l&rsquo;essayer. Livr\u00e9 avec kit de fixation tableau arri\u00e8re.<\/p>\n","protected":false},"excerpt":{"rendered":"<p><img loading=\"lazy\" decoding=\"async\" class=\"wp-image-1143 alignnone\" src=\"https:\/\/benoitdegraux.com\/wp-content\/uploads\/2019\/06\/garmin-logo.png\" alt=\"\" width=\"150\" height=\"41\" srcset=\"https:\/\/benoitdegraux.com\/wp-content\/uploads\/2019\/06\/garmin-logo.png 1000w, https:\/\/benoitdegraux.com\/wp-content\/uploads\/2019\/06\/garmin-logo-300x81.png 300w, https:\/\/benoitdegraux.com\/wp-content\/uploads\/2019\/06\/garmin-logo-768x207.png 768w, https:\/\/benoitdegraux.com\/wp-content\/uploads\/2019\/06\/garmin-logo-150x41.png 150w, https:\/\/benoitdegraux.com\/wp-content\/uploads\/2019\/06\/garmin-logo-250x68.png 250w, https:\/\/benoitdegraux.com\/wp-content\/uploads\/2019\/06\/garmin-logo-600x162.png 600w\" sizes=\"(max-width: 150px) 100vw, 150px\" \/><br \/>\n<strong>Panoptix PS30<\/strong><br \/>\n<span id=\"js__product__info__part-number__label\">NUM\u00c9RO DE R\u00c9F\u00c9RENCE\u00a0<\/span><span id=\"js__product__info__part-number__text\" class=\"app__product__info__part-number--light\">010-01284-00<\/span><br \/>\nPrix indicatif : 1679 TTC<\/p>\n<p>La technologie Panoptix avec la sonde PS30\u00a0 est sans\u00a0 nul doute la r\u00e9f\u00e9rence pour la p\u00eache \u00e0 vue. C&rsquo;est le choix incontournable pour pratiquer correctement la p\u00eache p\u00e9lagique. <a class=\"continue-reading-link\" href=\"https:\/\/benoitdegraux.com\/index.php\/produit\/garmin-panoptix-ps30\/\"> Continue reading <span class=\"meta-nav\">&rarr; <\/span><\/a><\/p>\n","protected":false},"featured_media":1359,"comment_status":"closed","ping_status":"closed","template":"","meta":[],"_links":{"self":[{"href":"https:\/\/benoitdegraux.com\/index.php\/wp-json\/wp\/v2\/product\/1358"}],"collection":[{"href":"https:\/\/benoitdegraux.com\/index.php\/wp-json\/wp\/v2\/product"}],"about":[{"href":"https:\/\/benoitdegraux.com\/index.php\/wp-json\/wp\/v2\/types\/product"}],"replies":[{"embeddable":true,"href":"https:\/\/benoitdegraux.com\/index.php\/wp-json\/wp\/v2\/comments?post=1358"}],"wp:featuredmedia":[{"embeddable":true,"href":"https:\/\/benoitdegraux.com\/index.php\/wp-json\/wp\/v2\/media\/1359"}],"wp:attachment":[{"href":"https:\/\/benoitdegraux.com\/index.php\/wp-json\/wp\/v2\/media?parent=1358"}],"curies":[{"name":"wp","href":"https:\/\/api.w.org\/{rel}","templated":true}]}}