{"id":1361,"date":"2026-01-22T14:29:06","date_gmt":"2026-01-22T13:29:06","guid":{"rendered":"http:\/\/benoitdegraux.com\/?post_type=product&#038;p=1361"},"modified":"2026-03-16T00:00:25","modified_gmt":"2026-03-15T23:00:25","slug":"garmin-8412-xsv","status":"publish","type":"product","link":"https:\/\/benoitdegraux.com\/index.php\/produit\/garmin-8412-xsv\/","title":{"rendered":"GARMIN GPSMAP 9013 xsv"},"content":{"rendered":"<p id=\"js__product__info__name\" class=\"app__product__info__title\"><strong>GPSMAP 9013 xsv<\/strong><br \/>\nAvec fond cartographique mondial et sondeur<br \/>\n<span id=\"js__product__info__part-number__label\">NUM\u00c9RO DE R\u00c9F\u00c9RENCE 010-03176-02<\/span><\/p>\n<ul>\n<li>Traceur premium GPSMAP 9013xsv<\/li>\n<li>C\u00e2ble d&rsquo;alimentation<\/li>\n<li>C\u00e2ble de dorsale\/d\u00e9rivation (2\u00a0m\u00e8tres) et connecteur en\u00a0T pour le r\u00e9seau NMEA\u00a02000<sup>\u00ae<\/sup><\/li>\n<li>\u00c9trier de fixation avec vis<\/li>\n<li>Kit d&rsquo;encastrement<\/li>\n<li>Capot de protection<\/li>\n<li>Caches de bordure \u00e0 clipser<\/li>\n<li>Documentation<\/li>\n<\/ul>\n<p><img loading=\"lazy\" decoding=\"async\" class=\"alignnone wp-image-2108 size-large\" src=\"https:\/\/benoitdegraux.com\/wp-content\/uploads\/2021\/02\/GPSMAP_9000_XSV_13Inch_HR_Front-Tilted_0041_GPSMAP-9000xsv_Sonar_Hero_13_Statute-e1769116626918-1024x728.png\" alt=\"\" width=\"800\" height=\"569\" srcset=\"https:\/\/benoitdegraux.com\/wp-content\/uploads\/2021\/02\/GPSMAP_9000_XSV_13Inch_HR_Front-Tilted_0041_GPSMAP-9000xsv_Sonar_Hero_13_Statute-e1769116626918-1024x728.png 1024w, https:\/\/benoitdegraux.com\/wp-content\/uploads\/2021\/02\/GPSMAP_9000_XSV_13Inch_HR_Front-Tilted_0041_GPSMAP-9000xsv_Sonar_Hero_13_Statute-e1769116626918-300x213.png 300w, https:\/\/benoitdegraux.com\/wp-content\/uploads\/2021\/02\/GPSMAP_9000_XSV_13Inch_HR_Front-Tilted_0041_GPSMAP-9000xsv_Sonar_Hero_13_Statute-e1769116626918-768x546.png 768w, https:\/\/benoitdegraux.com\/wp-content\/uploads\/2021\/02\/GPSMAP_9000_XSV_13Inch_HR_Front-Tilted_0041_GPSMAP-9000xsv_Sonar_Hero_13_Statute-e1769116626918-1536x1092.png 1536w, https:\/\/benoitdegraux.com\/wp-content\/uploads\/2021\/02\/GPSMAP_9000_XSV_13Inch_HR_Front-Tilted_0041_GPSMAP-9000xsv_Sonar_Hero_13_Statute-e1769116626918-2048x1457.png 2048w, https:\/\/benoitdegraux.com\/wp-content\/uploads\/2021\/02\/GPSMAP_9000_XSV_13Inch_HR_Front-Tilted_0041_GPSMAP-9000xsv_Sonar_Hero_13_Statute-e1769116626918-150x107.png 150w, https:\/\/benoitdegraux.com\/wp-content\/uploads\/2021\/02\/GPSMAP_9000_XSV_13Inch_HR_Front-Tilted_0041_GPSMAP-9000xsv_Sonar_Hero_13_Statute-e1769116626918-211x150.png 211w, https:\/\/benoitdegraux.com\/wp-content\/uploads\/2021\/02\/GPSMAP_9000_XSV_13Inch_HR_Front-Tilted_0041_GPSMAP-9000xsv_Sonar_Hero_13_Statute-e1769116626918-600x427.png 600w\" sizes=\"(max-width: 800px) 100vw, 800px\" \/><\/p>\n<p>&nbsp;<\/p>\n<div class=\"app__feature__card\" data-translate=\"\">\n<p><img decoding=\"async\" class=\"app__feature__card__image\" src=\"https:\/\/static.garmincdn.com\/gdc\/Product_Pages\/ICONS\/AMOLED_Display.svg\" alt=\"\" \/><\/p>\n<p class=\"app__feature__card__description app__feature__card__description--left\">\u00c9CRAN TACTILE IPS 4K ANTIREFLET HAUT DE GAMME<\/p>\n<\/div>\n<div class=\"app__feature__card\" data-translate=\"\">\n<p><img decoding=\"async\" class=\"app__feature__card__image\" src=\"https:\/\/static.garmincdn.com\/gdc\/Product_Pages\/ICONS\/Faster-Processing-Power.svg\" alt=\"\" \/><\/p>\n<p class=\"app__feature__card__description app__feature__card__description--left\">PUISSANCE DE TRAITEMENT JUSQU&rsquo;\u00c0 7\u00a0FOIS SUP\u00c9RIEURE QUE LES G\u00c9N\u00c9RATIONS PR\u00c9C\u00c9DENTES<\/p>\n<\/div>\n<div class=\"app__feature__card\" data-translate=\"\">\n<p><img decoding=\"async\" class=\"app__feature__card__image\" src=\"https:\/\/static.garmincdn.com\/gdc\/Product_Pages\/ICONS\/Built-in-sonar.svg\" alt=\"\" \/><\/p>\n<p class=\"app__feature__card__description app__feature__card__description--left\">DISTINGUEZ LES POISSONS COMME JAMAIS AUPARAVANT GR\u00c2CE \u00c0 NOTRE MEILLEUR SONDEUR<\/p>\n<\/div>\n<div class=\"app__feature__card\" data-translate=\"\">\n<p><img decoding=\"async\" class=\"app__feature__card__image\" src=\"https:\/\/static.garmincdn.com\/gdc\/Product_Pages\/ICONS\/Marine-Maps.svg\" alt=\"\" \/><\/p>\n<p class=\"app__feature__card__description app__feature__card__description--left\">COMPATIBLE AVEC LES CARTES GARMIN NAVIONICS+\u2122 ET LA TECHNOLOGIE AUTO GUIDANCE+\u2122<sup>1<\/sup><\/p>\n<\/div>\n<div class=\"app__feature__card\" data-translate=\"\">\n<p><img decoding=\"async\" class=\"app__feature__card__image\" src=\"https:\/\/static.garmincdn.com\/gdc\/Product_Pages\/ICONS\/Garmin-BlueNet-Network.svg\" alt=\"\" \/><\/p>\n<p class=\"app__feature__card__description app__feature__card__description--left\">VITESSES DE L&rsquo;ORDRE DU GIGAOCTET SUR LE R\u00c9SEAU GARMIN\u00a0BLUENET\u2122<\/p>\n<\/div>\n<div class=\"app__feature__card\" data-translate=\"\">\n<p><img decoding=\"async\" class=\"app__feature__card__image\" src=\"https:\/\/static.garmincdn.com\/gdc\/Product_Pages\/ICONS\/MULTI-FACETED.svg\" alt=\"\" \/><\/p>\n<p class=\"app__feature__card__description app__feature__card__description--left\">R\u00c9SEAU DE PLUSIEURS TRACEURS, CAM\u00c9RAS, ETC.<\/p>\n<\/div>\n<h3>TRACEUR HAUT DE GAMME<\/h3>\n<p class=\"app__feature__card__description app__feature__card__description--left\">L&rsquo;\u00e9cran tactile IPS 4K lisible en plein soleil, associ\u00e9 au design sans bord, offre une esth\u00e9tique moderne, luxueuse et harmonieuse.<\/p>\n<p><img decoding=\"async\" src=\"https:\/\/res.garmin.com\/en\/products\/010-03176-02\/g\/79576-1-PREMIUM-CHARTPLOTTER.jpg\" \/><\/p>\n<h3>PLUS RAPIDE. BEAUCOUP PLUS RAPIDE.<\/h3>\n<p class=\"app__feature__card__description app__feature__card__description--left\">La puissance de traitement est 7\u00a0fois plus rapide que les g\u00e9n\u00e9rations pr\u00e9c\u00e9dentes pour des performances sup\u00e9rieures. Tracez des cartes rapidement et calculez des itin\u00e9raires Auto\u00a0Guidance+<sup>1<\/sup>\u00a0\u00e0 la vitesse de l&rsquo;\u00e9clair avec un abonnement Garmin\u00a0Navionics+ en option.<\/p>\n<p><img decoding=\"async\" src=\"https:\/\/res.garmin.com\/en\/products\/010-03176-02\/g\/79576-2-MUCH-FASTER\" \/><\/p>\n<h3>SONDEUR HAUTE D\u00c9FINITION<\/h3>\n<p class=\"app__feature__card__description app__feature__card__description--left\">P\u00eachez en haute d\u00e9finition avec le sondeur int\u00e9gr\u00e9 1\u00a0kW xCHIRP et Garmin RapidReturn\u2122. Une excellente s\u00e9paration des cibles vous permet d&rsquo;identifier les poissons avec une clart\u00e9 exceptionnelle tout autour de vous.<\/p>\n<p><img decoding=\"async\" src=\"https:\/\/res.garmin.com\/en\/products\/010-03176-02\/g\/79576-3-HD-SONAR.jpg\" \/><\/p>\n<h3>R\u00c9SEAU GARMIN\u00a0BLUENET<\/h3>\n<p class=\"app__feature__card__description app__feature__card__description--left\">Cr\u00e9ez des r\u00e9seaux complets en connectant plusieurs traceurs, cam\u00e9ras, radars et sondeurs, et profitez d&rsquo;une vitesse de connexion de l&rsquo;ordre du gigabit.<\/p>\n<p><img decoding=\"async\" src=\"https:\/\/res.garmin.com\/en\/products\/010-03176-02\/g\/79576-4-GARMIN-BLUENET-NETWORK.jpg\" \/><\/p>\n<h3>OPTIONS DE DIVERTISSEMENT<\/h3>\n<p class=\"app__feature__card__description app__feature__card__description--left\">Profitez des int\u00e9grations audio et vid\u00e9o qui vous permettent d&rsquo;afficher et d&rsquo;entendre la m\u00eame vid\u00e9o sur tous les \u00e9crans et haut-parleurs de votre r\u00e9seau.<\/p>\n<p><img decoding=\"async\" src=\"https:\/\/res.garmin.com\/en\/products\/010-03176-02\/g\/79576-5-ENTERTAINMENT-OPTIONS.jpg\" \/><\/p>\n<h3>CONNECTEZ VOTRE \u00c9COSYST\u00c8ME<\/h3>\n<p class=\"app__feature__card__description app__feature__card__description--left\">Prenez les commandes gr\u00e2ce \u00e0 l&rsquo;int\u00e9gration de syst\u00e8mes num\u00e9riques pour surveiller, automatiser et contr\u00f4ler votre navire. Le traceur utilise le r\u00e9seau NMEA\u00a02000<sup>\u00ae<\/sup>\u00a0pour se connecter \u00e0 vos accessoires compatibles.<\/p>\n<p><img decoding=\"async\" src=\"https:\/\/res.garmin.com\/en\/products\/010-03176-02\/g\/79576-6-CONNECT-YOUR-ECOSYSTEM.jpg\" \/><\/p>\n<div class=\"app__product__copy app__product__copy--\" data-translate=\"\">\n<h2>CONNECTIVIT\u00c9<\/h2>\n<\/div>\n<div class=\"app__line-divider\" data-v-2b6f8b64=\"\">\n<hr class=\"app__line-divider__horizontalRule app__line-divider__horizontalRule--center\" data-v-2b6f8b64=\"\" \/>\n<\/div>\n<div class=\"app__column-layout app__column-layout__column--5 app__column-layout__column__mobile--2\">\n<div class=\"app__feature__card\" data-translate=\"\">\n<p><img decoding=\"async\" class=\"app__feature__card__image\" src=\"https:\/\/static.garmincdn.com\/gdc\/Product_Pages\/ICONS\/Software.svg\" alt=\"\" \/><\/p>\n<h3>Mises \u00e0 jour du logiciel<\/h3>\n<p class=\"app__feature__card__description app__feature__card__description--center\">T\u00e9l\u00e9chargez des mises \u00e0 jour logicielles sans fil via\u00a0<a href=\"https:\/\/www.garmin.com\/fr-BE\/p\/573254\/\">l&rsquo;application ActiveCaptain<\/a><sup>\u00ae<\/sup>\u00a0avec votre smartphone ou tablette compatible.<\/p>\n<\/div>\n<div class=\"app__feature__card\" data-translate=\"\">\n<p><img decoding=\"async\" class=\"app__feature__card__image\" src=\"https:\/\/static.garmincdn.com\/gdc\/Product_Pages\/ICONS\/Engine-Integration.svg\" alt=\"\" \/><\/p>\n<h3>Surveillance du moteur<\/h3>\n<p class=\"app__feature__card__description app__feature__card__description--center\">Gardez un \u0153il sur les performances du moteur gr\u00e2ce \u00e0 l&rsquo;int\u00e9gration compl\u00e8te.<\/p>\n<\/div>\n<div class=\"app__feature__card\" data-translate=\"\">\n<p><img decoding=\"async\" class=\"app__feature__card__image\" src=\"https:\/\/static.garmincdn.com\/gdc\/Product_Pages\/ICONS\/Customizable.svg\" alt=\"\" \/><\/p>\n<h3>LOOK PERSONNALIS\u00c9<\/h3>\n<p class=\"app__feature__card__description app__feature__card__description--center\">Les fabricants peuvent personnaliser la pr\u00e9sentation de la page d&rsquo;accueil et l&rsquo;\u00e9cran d&rsquo;accueil avec une marque sp\u00e9cifique.<\/p>\n<div class=\"app__product__copy app__product__copy--\" data-translate=\"\">\n<h2>NAVIGUEZ<\/h2>\n<\/div>\n<div class=\"app__line-divider\" data-v-2b6f8b64=\"\">\n<hr class=\"app__line-divider__horizontalRule app__line-divider__horizontalRule--center\" data-v-2b6f8b64=\"\" \/>\n<\/div>\n<div class=\"app__column-layout app__column-layout__column--5 app__column-layout__column__mobile--2\">\n<div class=\"app__feature__card\" data-translate=\"\">\n<p><img decoding=\"async\" class=\"app__feature__card__image\" src=\"https:\/\/static.garmincdn.com\/gdc\/Product_Pages\/ICONS\/Map-Updates.svg\" alt=\"\" \/><\/p>\n<h3>CARTES<\/h3>\n<p class=\"app__feature__card__description app__feature__card__description--center\">Naviguez avec les cartes\u00a0<a href=\"https:\/\/www.garmin.com\/fr-BE\/c\/marine-cartography\/navionics\/\">Garmin\u00a0Navionics+<\/a>\u2122 en option qui incluent la technologie Auto\u00a0Guidance+, des mises \u00e0 jour illimit\u00e9es et bien plus encore<sup>1<\/sup>\u00a0(abonnement requis).<\/p>\n<\/div>\n<div class=\"app__feature__card\" data-translate=\"\">\n<p><img decoding=\"async\" class=\"app__feature__card__image\" src=\"https:\/\/static.garmincdn.com\/gdc\/Product_Pages\/ICONS\/High-resloution-Relief-Shading.svg\" alt=\"\" \/><\/p>\n<h3>DES CARTES PREMIUM<\/h3>\n<p class=\"app__feature__card__description app__feature__card__description--center\">B\u00e9n\u00e9ficiez de la prise en charge des cartes\u00a0<a href=\"https:\/\/www.garmin.com\/fr-BE\/c\/marine-cartography\/navionics\/\">Garmin\u00a0Navionics\u00a0Vision+<\/a>\u2122 avec un ombrage du relief et des images satellites de qualit\u00e9 sup\u00e9rieure.<\/p>\n<\/div>\n<div class=\"app__feature__card\" data-translate=\"\">\n<p><img decoding=\"async\" class=\"app__feature__card__image\" src=\"https:\/\/static.garmincdn.com\/gdc\/Product_Pages\/ICONS\/Accuracy.svg\" alt=\"\" \/><\/p>\n<h3>NE PERDEZ PAS LE NORD<\/h3>\n<p class=\"app__feature__card__description app__feature__card__description--center\">Obtenez une position pr\u00e9cise gr\u00e2ce au GPS \u00e0 double fr\u00e9quence 10\u00a0Hz int\u00e9gr\u00e9.<\/p>\n<\/div>\n<div class=\"app__feature__card\" data-translate=\"\">\n<p><img decoding=\"async\" class=\"app__feature__card__image\" src=\"https:\/\/static.garmincdn.com\/gdc\/Product_Pages\/ICONS\/boat-wheel.svg\" alt=\"\" \/><\/p>\n<h3>PILOTE AUTOMATIQUE<\/h3>\n<p class=\"app__feature__card__description app__feature__card__description--center\">Contr\u00f4lez le pilote automatique avec n&rsquo;importe quel traceur compatible sur le r\u00e9seau gr\u00e2ce \u00e0 l&rsquo;int\u00e9gration du pilote automatique.<\/p>\n<div class=\"app__product__copy app__product__copy--\" data-translate=\"\">\n<h2>INT\u00c9GRATION<\/h2>\n<\/div>\n<div class=\"app__line-divider\" data-v-2b6f8b64=\"\">\n<hr class=\"app__line-divider__horizontalRule app__line-divider__horizontalRule--center\" data-v-2b6f8b64=\"\" \/>\n<\/div>\n<div class=\"app__column-layout app__column-layout__column--5 app__column-layout__column__mobile--2\">\n<div class=\"app__feature__card\" data-translate=\"\">\n<p><img decoding=\"async\" class=\"app__feature__card__image\" src=\"https:\/\/static.garmincdn.com\/gdc\/Product_Pages\/ICONS\/Camera.svg\" alt=\"\" \/><\/p>\n<h3>CAM\u00c9RAS CONNECT\u00c9ES<\/h3>\n<p class=\"app__feature__card__description app__feature__card__description--center\">Profitez d&rsquo;une prise en charge et d&rsquo;un contr\u00f4le \u00e9tendus des cam\u00e9ras pour visualiser les s\u00e9quences directement sur le traceur.<\/p>\n<\/div>\n<div class=\"app__feature__card\" data-translate=\"\">\n<p><img decoding=\"async\" class=\"app__feature__card__image\" src=\"https:\/\/static.garmincdn.com\/gdc\/Product_Pages\/ICONS\/Control-with-Your-Watch.svg\" alt=\"\" \/><\/p>\n<h3>CONTR\u00d4LEZ TOUT DEPUIS VOTRE MONTRE<\/h3>\n<p class=\"app__feature__card__description app__feature__card__description--center\">Connectez-vous \u00e0 votre traceur avec votre montre connect\u00e9e Garmin compatible.<\/p>\n<\/div>\n<div class=\"app__feature__card\" data-translate=\"\">\n<p><img decoding=\"async\" class=\"app__feature__card__image\" src=\"https:\/\/static.garmincdn.com\/gdc\/Product_Pages\/ICONS\/Connected_Featured.svg\" alt=\"\" \/><\/p>\n<h3>Connectivit\u00e9 sans fil<\/h3>\n<p class=\"app__feature__card__description app__feature__card__description--center\">Connectez les appareils compatibles gr\u00e2ce aux technologies Bluetooth<sup>\u00ae<\/sup>\u00a0et ANT<sup>\u00ae<\/sup>\u00a0int\u00e9gr\u00e9es.<\/p>\n<\/div>\n<div class=\"app__feature__card\" data-translate=\"\">\n<p><img decoding=\"async\" class=\"app__feature__card__image\" src=\"https:\/\/static.garmincdn.com\/gdc\/Product_Pages\/ICONS\/Spoken_Speak.svg\" alt=\"\" \/><\/p>\n<h3>COMMANDES VOCALES<\/h3>\n<p class=\"app__feature__card__description app__feature__card__description--center\">Utilisez la commande vocale pour contr\u00f4ler le traceur depuis votre casque compatible ou montre connect\u00e9e quatix<sup>\u00ae<\/sup>.<\/p>\n<\/div>\n<div class=\"app__feature__card\" data-translate=\"\">\n<p><img decoding=\"async\" class=\"app__feature__card__image\" src=\"https:\/\/static.garmincdn.com\/gdc\/Product_Pages\/ICONS\/Swim_Friendly.svg\" alt=\"\" \/><\/p>\n<h3>R\u00c9SISTANT AUX INTEMP\u00c9RIES<\/h3>\n<p class=\"app__feature__card__description app__feature__card__description--center\">Le traceur GPSMAP 9000xsv est con\u00e7u pour supporter les conditions marines difficiles gr\u00e2ce \u00e0 un\u00a0<a href=\"https:\/\/www.garmin.com\/fr-BE\/legal\/waterrating-definitions\/\">indice de r\u00e9sistance \u00e0 l&rsquo;eau\u00a0IPX7.<\/a><\/p>\n<\/div>\n<\/div>\n<\/div>\n<\/div>\n<\/div>\n<\/div>\n","protected":false},"excerpt":{"rendered":"<p><img loading=\"lazy\" decoding=\"async\" class=\"wp-image-1143 alignnone\" src=\"https:\/\/benoitdegraux.com\/wp-content\/uploads\/2019\/06\/garmin-logo.png\" alt=\"\" width=\"150\" height=\"41\" srcset=\"https:\/\/benoitdegraux.com\/wp-content\/uploads\/2019\/06\/garmin-logo.png 1000w, https:\/\/benoitdegraux.com\/wp-content\/uploads\/2019\/06\/garmin-logo-300x81.png 300w, https:\/\/benoitdegraux.com\/wp-content\/uploads\/2019\/06\/garmin-logo-768x207.png 768w, https:\/\/benoitdegraux.com\/wp-content\/uploads\/2019\/06\/garmin-logo-150x41.png 150w, https:\/\/benoitdegraux.com\/wp-content\/uploads\/2019\/06\/garmin-logo-250x68.png 250w, https:\/\/benoitdegraux.com\/wp-content\/uploads\/2019\/06\/garmin-logo-600x162.png 600w\" sizes=\"(max-width: 150px) 100vw, 150px\" \/><br \/>\n<strong>GPSMAP 9313xsv<\/strong><br \/>\nAvec fond cartographique mondial et sondeur<br \/>\n<span id=\"js__product__info__part-number__label\">NUM\u00c9RO DE R\u00c9F\u00c9RENCE 010-03176-02<\/span><br \/>\nPrix indicatif : 5499 TTC<\/p>\n<p>Un combin\u00e9 sondeur\/traceur \u00e0 tr\u00e8s hautes performances qui offre sans conteste ce qui se fait de mieux en mati\u00e8re de d\u00e9tection et navigation.<\/p>\n<p>&nbsp; <a class=\"continue-reading-link\" href=\"https:\/\/benoitdegraux.com\/index.php\/produit\/garmin-8412-xsv\/\"> Continue reading <span class=\"meta-nav\">&rarr; <\/span><\/a><\/p>\n","protected":false},"featured_media":2108,"comment_status":"closed","ping_status":"closed","template":"","meta":[],"_links":{"self":[{"href":"https:\/\/benoitdegraux.com\/index.php\/wp-json\/wp\/v2\/product\/1361"}],"collection":[{"href":"https:\/\/benoitdegraux.com\/index.php\/wp-json\/wp\/v2\/product"}],"about":[{"href":"https:\/\/benoitdegraux.com\/index.php\/wp-json\/wp\/v2\/types\/product"}],"replies":[{"embeddable":true,"href":"https:\/\/benoitdegraux.com\/index.php\/wp-json\/wp\/v2\/comments?post=1361"}],"wp:featuredmedia":[{"embeddable":true,"href":"https:\/\/benoitdegraux.com\/index.php\/wp-json\/wp\/v2\/media\/2108"}],"wp:attachment":[{"href":"https:\/\/benoitdegraux.com\/index.php\/wp-json\/wp\/v2\/media?parent=1361"}],"curies":[{"name":"wp","href":"https:\/\/api.w.org\/{rel}","templated":true}]}}