{"id":1467,"date":"2026-01-10T22:58:39","date_gmt":"2026-01-10T21:58:39","guid":{"rendered":"http:\/\/benoitdegraux.com\/?post_type=product&#038;p=1467"},"modified":"2026-03-16T00:00:25","modified_gmt":"2026-03-15T23:00:25","slug":"garmin-echomap-uhd-92sv","status":"publish","type":"product","link":"https:\/\/benoitdegraux.com\/index.php\/produit\/garmin-echomap-uhd-92sv\/","title":{"rendered":"GARMIN ECHOMAP UHD 2 92sv"},"content":{"rendered":"<p id=\"js__product__info__name\" class=\"app__product__info__title\"><strong>ECHOMAP\u2122 UHD 2 92sv<\/strong><br \/>\nWith GT56UHD-TM Transducer<br \/>\n<span id=\"js__product__info__part-number__label\">NUM\u00c9RO DE R\u00c9F\u00c9RENCE\u00a0 :010-02687-01<\/span><\/p>\n<ul>\n<li>ECHOMAP UHD2 (l&rsquo;appareil varie en fonction de la s\u00e9lection)<\/li>\n<li>GT56-TM Sonde<\/li>\n<li>C\u00e2ble d&rsquo;alimentation<\/li>\n<li>\u00c9trier inclinable avec socle \u00e0 d\u00e9gagement rapide<\/li>\n<li>Capot de protection<\/li>\n<li>Mat\u00e9riel<\/li>\n<li>Documentation<\/li>\n<\/ul>\n<div class=\"app__feature__card\" data-translate=\"\">\n<p><img decoding=\"async\" class=\"app__feature__card__image\" src=\"https:\/\/static.garmincdn.com\/gdc\/Product_Pages\/ICONS\/Touchscreen.svg\" alt=\"\" \/><\/p>\n<p class=\"app__feature__card__description app__feature__card__description--left\">L&rsquo;\u00e9cran tactile lumineux 6\u2033, 7\u2033 ou 9\u2033 avec assistance clavier est \u00e0 la fois facile \u00e0 lire et \u00e0 utiliser.<\/p>\n<\/div>\n<div class=\"app__feature__card\" data-translate=\"\">\n<p><img decoding=\"async\" class=\"app__feature__card__image\" src=\"https:\/\/static.garmincdn.com\/gdc\/Product_Pages\/ICONS\/Built-in-sonar.svg\" alt=\"\" \/><\/p>\n<p class=\"app__feature__card__description app__feature__card__description--left\">Trois sondeurs valent mieux qu&rsquo;un\u00a0: sondeur traditionnel Garmin, ClearV\u00fc\u2122 et SideV\u00fc\u2122.<\/p>\n<\/div>\n<div class=\"app__feature__card\" data-translate=\"\">\n<p><img decoding=\"async\" class=\"app__feature__card__image\" src=\"https:\/\/static.garmincdn.com\/gdc\/Product_Pages\/ICONS\/contrast-fish-vivid.svg\" alt=\"\" \/><\/p>\n<p class=\"app__feature__card__description app__feature__card__description--left\">Plus de d\u00e9tails\u00a0? C&rsquo;est bon. Des cibles plus distinctes\u00a0? C&rsquo;est bon. C&rsquo;est l&rsquo;avantage des palettes de couleurs Vivid et contrast\u00e9es.<\/p>\n<\/div>\n<div class=\"app__feature__card\" data-translate=\"\">\n<p><img decoding=\"async\" class=\"app__feature__card__image\" src=\"https:\/\/static.garmincdn.com\/gdc\/Product_Pages\/ICONS\/waypoints-fishing-marine.svg\" alt=\"\" \/><\/p>\n<p class=\"app__feature__card__description app__feature__card__description--left\">Si vous utilisez un autre traceur ECHOMAP UHD2, vous pouvez partager un sondeur, des waypoints et des itin\u00e9raires via le r\u00e9seau sans fil.<\/p>\n<\/div>\n<div class=\"app__feature__card\" data-translate=\"\">\n<p><img decoding=\"async\" class=\"app__feature__card__image\" src=\"https:\/\/static.garmincdn.com\/gdc\/Product_Pages\/ICONS\/Marine-Maps.svg\" alt=\"\" \/><\/p>\n<p class=\"app__feature__card__description app__feature__card__description--left\">Vous voulez le meilleur de la cartographie\u00a0? \u00c9videmment. Naviguez avec la cartographie Garmin<\/p>\n<\/div>\n<div class=\"app__column-layout app__column-layout__column--3\">\n<div class=\"app__feature__card\"><\/div>\n<\/div>\n<div class=\"app__column-layout app__column-layout__column--3\">\n<div class=\"app__feature__card\" data-translate=\"\">\n<div class=\"app__feature__card\" data-translate=\"\">\n<div class=\"app__life-style app__life-style--dark\" title=\"\">\n<div class=\"app__column-layout app__column-layout__column--3\">\n<div class=\"app__feature__card\">\n<h3>PRISE EN CHARGE DE SONDES<\/h3>\n<p class=\"app__feature__card__description app__feature__card__description--left\">Avec un sondeur traditionnel clair et net et des sondeurs ClearV\u00fc et SideV\u00fc exceptionnels, les poissons ne pourront plus se cacher. Votre ECHOMAP UHD2 prend \u00e9galement en charge le sondeur \u00e0 balayage en temps r\u00e9el LiveScope\u2122.<\/p>\n<p><img decoding=\"async\" src=\"https:\/\/res.garmin.com\/en\/products\/010-02687-00\/g\/1-SONAR-SUPPORT.jpg\" \/><\/p>\n<h3>PALETTE DE COULEURS VIVID<\/h3>\n<p class=\"app__feature__card__description app__feature__card__description--left\">Les couleurs vives et contrast\u00e9es du sondeur \u00e0 balayage facilitent plus que jamais l&rsquo;identification des cibles et de la structure du fond.<\/p>\n<p><img decoding=\"async\" src=\"https:\/\/res.garmin.com\/en\/products\/010-02687-00\/g\/2-VIVID-COLOR-PALETTES.jpg\" \/><\/p>\n<h3>CONNECTEZ VOTRE SONDE<\/h3>\n<p class=\"app__feature__card__description app__feature__card__description--left\">Votre appareil ECHOMAP UHD2 prend en charge de nombreuses sondes Garmin. Les traceurs 6\u2033 et 7\u2033 sont fournis avec une\u00a0<a href=\"https:\/\/www.garmin.com\/fr-BE\/p\/660816\/\">sonde GT54<\/a>\u00a0, tandis que le traceur 9\u2033 inclut une\u00a0<a href=\"https:\/\/www.garmin.com\/fr-BE\/p\/736677\/\">sonde GT56.<\/a><\/p>\n<p><img decoding=\"async\" src=\"https:\/\/res.garmin.com\/en\/products\/010-02687-00\/g\/3-BUNDLE-YOUR-TRANSDUCER.jpg\" \/><\/p>\n<h3>AJOUTEZ DES CARTES<\/h3>\n<p class=\"app__feature__card__description app__feature__card__description--left\">B\u00e9n\u00e9ficiez d&rsquo;une couverture et d&rsquo;un niveau de d\u00e9tail in\u00e9gal\u00e9s gr\u00e2ce \u00e0 la cartographie int\u00e9gr\u00e9e Garmin Navionics+ ou aux cartes premium Garmin Navionics Vision+ en option, avec ombrage haute r\u00e9solution, images satellite, images de sondeur et bien plus encore. Profitez en plus d&rsquo;un abonnement de 1\u00a0an aux mises \u00e0 jour quotidiennes t\u00e9l\u00e9chargeables.<\/p>\n<p><img decoding=\"async\" src=\"https:\/\/res.garmin.com\/en\/products\/010-02687-00\/g\/4-PRELOADED-CHARTS.jpg\" \/><\/p>\n<h3>R\u00c9SEAUX SANS FIL<\/h3>\n<p class=\"app__feature__card__description app__feature__card__description--left\">Si vous disposez d&rsquo;un autre traceur ECHOMAP UHD2 compatible sur votre bateau, vous pouvez partager avec lui des informations, telles que des images de sondeur<sup>1<\/sup>, des waypoints et des itin\u00e9raires, via le r\u00e9seau sans fil.<\/p>\n<p><img decoding=\"async\" src=\"https:\/\/res.garmin.com\/en\/products\/010-02687-00\/g\/5-WIRELESS-NETWORKING.jpg\" \/><\/p>\n<h3>Application ActiveCaptain<sup>\u00ae<\/sup><\/h3>\n<p class=\"app__feature__card__description app__feature__card__description--left\">Connectivit\u00e9 Wi-Fi<sup>\u00ae<\/sup>\u00a0int\u00e9gr\u00e9e pour le couplage avec l&rsquo;\u00a0<a href=\"https:\/\/www.garmin.com\/fr-BE\/p\/573254\/\">application mobile<\/a>\u00a0gratuite et compl\u00e8te pour l&rsquo;acc\u00e8s \u00e0 la fonction OneChart\u2122, aux Smart Notifications<sup>2<\/sup>, aux mises \u00e0 jour logicielles, aux donn\u00e9es de la communaut\u00e9 Garmin QuickDraw, etc.<\/p>\n<p><img decoding=\"async\" src=\"https:\/\/res.garmin.com\/en\/products\/010-02687-00\/g\/6-ACTIVECAPTAIN-APP.jpg\" \/><\/p>\n<h3>Technologie AutoGuidage+\u2122<\/h3>\n<p class=\"app__feature__card__description app__feature__card__description--left\">Les traceurs qui int\u00e8grent des cartes Garmin Navionics+ incluent la technologie AutoGuidage+ t\u00e9l\u00e9chargeable<sup>3<\/sup>\u00a0avec l&rsquo;application ActiveCaptain.<\/p>\n<p><img decoding=\"async\" src=\"https:\/\/res.garmin.com\/en\/products\/010-02687-00\/g\/7-AUTO-GUIDANCE-TECHNOLOGY.jpg\" \/><\/p>\n<h3>MOTEUR FORCE<sup>\u00ae<\/sup><\/h3>\n<p class=\"app__feature__card__description app__feature__card__description--left\">Votre ECHOMAP UHD2 se connecte \u00e0 votre\u00a0<a href=\"https:\/\/www.garmin.com\/fr-BE\/p\/610414\/\">Moteur \u00e9lectrique Force<\/a>\u00a0via le r\u00e9seau sans fil pour cr\u00e9er et suivre des routes, naviguer jusqu&rsquo;aux waypoints, contr\u00f4ler la vitesse, v\u00e9rifier l&rsquo;autonomie de la batterie et bien plus encore.<\/p>\n<p><img decoding=\"async\" src=\"https:\/\/res.garmin.com\/en\/products\/010-02687-00\/g\/8-TROLL-WITH-FORCE.jpg\" \/><\/p>\n<h3>ANCRES POWER-POLE<sup>\u00ae<\/sup>\u00a0POUR LES HAUTS-FONDS<\/h3>\n<p class=\"app__feature__card__description app__feature__card__description--left\">En mettant en r\u00e9seau certains traceurs Garmin \u00e9quip\u00e9s d&rsquo;un moteur \u00e9lectrique Force<sup>\u00ae<\/sup>\u00a0et d&rsquo;un syst\u00e8me d&rsquo;ancre pour hauts-fonds Power-Pole compatible, vous pouvez acc\u00e9der aux fonctions avanc\u00e9es de contr\u00f4le du bateau<sup>4<\/sup>\u00a0depuis votre traceur, y compris le d\u00e9ploiement automatique des ancres intelligent, le pivotement intelligent de l&rsquo;ancre, le rangement automatique, la d\u00e9tection de la d\u00e9rive de mouillage et Auto Guidance<sup>5<\/sup>. Passez plus de temps \u00e0 p\u00eacher et moins \u00e0 positionner votre bateau.<\/p>\n<p><img decoding=\"async\" src=\"https:\/\/res.garmin.com\/en_SG\/products\/010-02366-02\/g\/3-ECHOMAP-UHD2-Series.jpg\" \/><\/p>\n<h3>NT\u00c9GRATION DU CHARGE DE POWER-POLE<\/h3>\n<p class=\"app__feature__card__description app__feature__card__description--left\">Votre gestionnaire d&rsquo;alimentation marin CHARGE de Power-Pole s&rsquo;int\u00e8gre aux traceurs Garmin compatibles pour vous aider \u00e0 faire fonctionner votre batterie plus longtemps et plus efficacement sur l&rsquo;eau. Vous pouvez charger des batteries en d\u00e9placement, surveiller l&rsquo;utilisation de la puissance, s\u00e9lectionner o\u00f9 attribuer la puissance, contr\u00f4ler les d\u00e9marrages d&rsquo;urgence et m\u00eame transf\u00e9rer la puissance entre des batteries externes, tout \u00e7a depuis votre \u00e9cran de traceur.<\/p>\n<p><img decoding=\"async\" src=\"https:\/\/res.garmin.com\/en\/products\/010-01511-00\/g\/64011-5-ECHOMAP-UHD2-Series.jpg\" \/><\/p>\n<h3>GPS multi-bandes<\/h3>\n<p class=\"app__feature__card__description app__feature__card__description--left\">B\u00e9n\u00e9ficiez d&rsquo;une meilleure pr\u00e9cision de la position, en particulier dans les zones o\u00f9 les signaux sont r\u00e9fl\u00e9chis ou faibles, gr\u00e2ce au GPS multi-bande.<\/p>\n<p><img decoding=\"async\" src=\"https:\/\/res.garmin.com\/en\/products\/010-02687-00\/g\/9-MULTI-BAND-GPS.jpg\" \/><\/p>\n<p>&nbsp;<\/p>\n<\/div>\n<\/div>\n<\/div>\n<\/div>\n<\/div>\n<\/div>\n","protected":false},"excerpt":{"rendered":"<p><img loading=\"lazy\" decoding=\"async\" class=\"wp-image-1143 alignnone\" src=\"https:\/\/benoitdegraux.com\/wp-content\/uploads\/2019\/06\/garmin-logo.png\" alt=\"\" width=\"150\" height=\"41\" srcset=\"https:\/\/benoitdegraux.com\/wp-content\/uploads\/2019\/06\/garmin-logo.png 1000w, https:\/\/benoitdegraux.com\/wp-content\/uploads\/2019\/06\/garmin-logo-300x81.png 300w, https:\/\/benoitdegraux.com\/wp-content\/uploads\/2019\/06\/garmin-logo-768x207.png 768w, https:\/\/benoitdegraux.com\/wp-content\/uploads\/2019\/06\/garmin-logo-150x41.png 150w, https:\/\/benoitdegraux.com\/wp-content\/uploads\/2019\/06\/garmin-logo-250x68.png 250w, https:\/\/benoitdegraux.com\/wp-content\/uploads\/2019\/06\/garmin-logo-600x162.png 600w\" sizes=\"(max-width: 150px) 100vw, 150px\" \/><br \/>\n<strong>ECHOMAP\u2122 UHD 92sv<\/strong><br \/>\nWith GT54UHD-TM Transducer<br \/>\n<span id=\"js__product__info__part-number__label\">NUM\u00c9RO DE R\u00c9F\u00c9RENCE 010-02687-01<\/span><br \/>\nPrix indicatif : 1249 \u20ac TTC<\/p>\n<p>V\u00e9ritable \u00ab\u00a0best seller\u00a0\u00bb de la marque, ce combin\u00e9 sondeur\/traceur offre une performance vraiment \u00e9tonnante \u00e0 un prix ultra comp\u00e9titif avec l&rsquo;avantage d\u2019\u00eatre compatible avec les produits Panoptix<\/p>\n<p>&nbsp; <a class=\"continue-reading-link\" href=\"https:\/\/benoitdegraux.com\/index.php\/produit\/garmin-echomap-uhd-92sv\/\"> Continue reading <span class=\"meta-nav\">&rarr; <\/span><\/a><\/p>\n","protected":false},"featured_media":2099,"comment_status":"closed","ping_status":"closed","template":"","meta":[],"_links":{"self":[{"href":"https:\/\/benoitdegraux.com\/index.php\/wp-json\/wp\/v2\/product\/1467"}],"collection":[{"href":"https:\/\/benoitdegraux.com\/index.php\/wp-json\/wp\/v2\/product"}],"about":[{"href":"https:\/\/benoitdegraux.com\/index.php\/wp-json\/wp\/v2\/types\/product"}],"replies":[{"embeddable":true,"href":"https:\/\/benoitdegraux.com\/index.php\/wp-json\/wp\/v2\/comments?post=1467"}],"wp:featuredmedia":[{"embeddable":true,"href":"https:\/\/benoitdegraux.com\/index.php\/wp-json\/wp\/v2\/media\/2099"}],"wp:attachment":[{"href":"https:\/\/benoitdegraux.com\/index.php\/wp-json\/wp\/v2\/media?parent=1467"}],"curies":[{"name":"wp","href":"https:\/\/api.w.org\/{rel}","templated":true}]}}