{"id":1474,"date":"2021-02-11T08:30:20","date_gmt":"2021-02-11T07:30:20","guid":{"rendered":"http:\/\/benoitdegraux.com\/?post_type=product&#038;p=1474"},"modified":"2021-02-11T09:47:54","modified_gmt":"2021-02-11T08:47:54","slug":"garmin-striker-vivid-uhd-7sv","status":"publish","type":"product","link":"https:\/\/benoitdegraux.com\/index.php\/produit\/garmin-striker-vivid-uhd-7sv\/","title":{"rendered":"GARMIN STRIKER Vivid 7sv"},"content":{"rendered":"<p><strong>STRIKER Vivid 7sv<\/strong><br \/>\nAvec sonde GT52HW-TM<br \/>\n<span id=\"js__product__info__part-number__label\">NUM\u00c9RO DE R\u00c9F\u00c9RENCE\u00a0<\/span><span id=\"js__product__info__part-number__text\" class=\"app__product__info__part-number--light\">010-02553-01<\/span><\/p>\n<p class=\"app__product__info__title\"><span style=\"color: #000000; font-size: 1.4em;\">SONDEUR CLAIR ET COLOR\u00c9<\/span><\/p>\n<div class=\"app__column-layout app__column-layout__column--3\">\n<div class=\"app__feature__card\" data-translate=\"\">\n<div class=\"app__feature__card\" data-translate=\"\">\n<div class=\"app__life-style app__life-style--dark\" title=\"\">\n<div class=\"app__column-layout app__column-layout__column--3\">\n<div class=\"app__feature__card\">\n<div class=\"app__column-layout app__column-layout__column--3\">\n<div class=\"app__feature__card\">\n<p class=\"app__feature__card__description\">Choisissez parmi 7\u00a0nouvelles couleurs vives pour voir les poissons et la structure du fond avec un maximum de contraste et de clart\u00e9 sur l&rsquo;\u00e9cran 7\u00a0pouces de votre sondeur.<\/p>\n<p><img decoding=\"async\" class=\"app__feature__card__image\" src=\"https:\/\/static.garmincdn.com\/en\/products\/010-02553-00\/g\/010-02552-00_1-d7f875c8-b41b-40f6-9c21-e589f14a87f7.jpg\" alt=\"\" \/><\/p>\n<\/div>\n<div class=\"app__feature__card\">\n<h3 class=\"app__feature__card__title light left\" data-v-5b9e0d04=\"\" data-test=\"gc__heading\">SONDEUR INT\u00c9GR\u00c9<\/h3>\n<p class=\"app__feature__card__description\">Utilisez la sonde\u00a0<a href=\"https:\/\/buy.garmin.com\/fr-BE\/BE\/p\/530291\/\">GT52<\/a>\u00a0fournie pour obtenir des vues de sondeur traditionnel Garmin CHIRP et de sondeurs \u00e0 balayage CHIRP ClearV\u00fc et CHIRP SideV\u00fc.<\/p>\n<p><img decoding=\"async\" class=\"app__feature__card__image\" src=\"https:\/\/static.garmincdn.com\/en\/products\/010-02553-00\/g\/010-02552-00_2-5112f7d0-36be-43b7-acb5-1ccd65f0adc4.jpg\" alt=\"\" \/><span style=\"color: #000000; font-size: 1.4em;\">MARQUAGE DES WAYPOINTS<\/span><\/p>\n<\/div>\n<div class=\"app__feature__card\">\n<p class=\"app__feature__card__description\">Pour attraper davantage de poissons, vous devez savoir o\u00f9 les poissons mordent. Utilisez le marquage de waypoints pour retrouver facilement le chemin du retour.<\/p>\n<p><img decoding=\"async\" class=\"app__feature__card__image\" src=\"https:\/\/static.garmincdn.com\/en\/products\/010-02553-00\/g\/010-02552-00_3-90d7ff4e-230d-432c-a755-bad4d49d74ca.jpg\" alt=\"\" \/><span style=\"color: #000000; font-size: 1.4em;\">GPS HAUTE SENSIBILIT\u00c9<\/span><\/p>\n<\/div>\n<\/div>\n<div class=\"app__column-layout app__column-layout__column--3\">\n<div class=\"app__feature__card\">\n<p class=\"app__feature__card__description\">Planifiez et cr\u00e9ez des routes, puis affichez la vitesse de votre bateau sur votre sondeur gr\u00e2ce au GPS haute sensibilit\u00e9.<\/p>\n<p><img decoding=\"async\" class=\"app__feature__card__image\" src=\"https:\/\/static.garmincdn.com\/en\/products\/010-02553-00\/g\/010-02552-00_4-09dfa30c-9914-4926-8ba1-90be3217f588.jpg\" alt=\"\" \/><span style=\"color: #000000; font-size: 1.4em;\">QUICKDRAW CONTOURS<\/span><\/p>\n<\/div>\n<div class=\"app__feature__card\">\n<p class=\"app__feature__card__description\">Vous connaissez mieux que quiconque les eaux o\u00f9 vous p\u00eachez. Avec le STRIKER Vivid\u00a07sv, vous pouvez stocker jusqu&rsquo;\u00e0 8\u00a0000\u00a0km2 de cartes avec courbes bathym\u00e9triques de 30\u00a0cm (1\u00a0pi).<\/p>\n<p><img decoding=\"async\" class=\"app__feature__card__image\" src=\"https:\/\/static.garmincdn.com\/en\/products\/010-02553-00\/g\/010-02552-00_5-0857f051-0839-4396-a51e-1ad9bbb74116.jpg\" alt=\"\" \/><span style=\"color: #000000; font-size: 1.4em;\">MAT\u00c9RIEL INCLUS<\/span><\/p>\n<\/div>\n<div class=\"app__feature__card\">\n<p class=\"app__feature__card__description\">Le STRIKER Vivid\u00a07sv comprend un \u00e9trier pivotant\/inclinable, ainsi que du mat\u00e9riel et un c\u00e2ble de montage sur tableau arri\u00e8re et moteur \u00e9lectrique.<\/p>\n<p><img decoding=\"async\" class=\"app__feature__card__image\" src=\"https:\/\/static.garmincdn.com\/en\/products\/010-02553-00\/g\/010-02552-00_7-0b9f2989-660a-46b8-a026-bdae3a7e54ef.jpg\" alt=\"alt text\" \/><span style=\"color: #000000; font-size: 1.4em;\">CONNECTIVIT\u00c9 WI-FI<\/span><\/p>\n<\/div>\n<\/div>\n<div class=\"app__column-layout app__column-layout__column--3\">\n<div class=\"app__feature__card\">\n<p class=\"app__feature__card__description\">Connectez-vous \u00e0 l&rsquo;application\u00a0<a href=\"https:\/\/buy.garmin.com\/fr-BE\/BE\/p\/573254\">ActiveCaptain<\/a><sup>\u00ae<\/sup><sup>1<\/sup>\u00a0pour transf\u00e9rer des waypoints, recevoir des Smart Notifications (y compris des notifications de mise \u00e0 jour logicielle) et acc\u00e9der \u00e0 la communaut\u00e9 Garmin QuickDraw<sup>&#x2122;<\/sup>.<\/p>\n<p><img decoding=\"async\" class=\"app__feature__card__image\" src=\"https:\/\/static.garmincdn.com\/en\/products\/010-02552-00\/g\/010-02552-00_6-83f6f412-5af0-4a1b-87ea-19f1a3b375d3.jpg\" alt=\"\" \/><\/p>\n<\/div>\n<\/div>\n<\/div>\n<\/div>\n<\/div>\n<\/div>\n<\/div>\n<\/div>\n","protected":false},"excerpt":{"rendered":"<p><img loading=\"lazy\" decoding=\"async\" class=\"wp-image-1143 alignnone\" src=\"https:\/\/benoitdegraux.com\/wp-content\/uploads\/2019\/06\/garmin-logo.png\" alt=\"\" width=\"150\" height=\"41\" srcset=\"https:\/\/benoitdegraux.com\/wp-content\/uploads\/2019\/06\/garmin-logo.png 1000w, https:\/\/benoitdegraux.com\/wp-content\/uploads\/2019\/06\/garmin-logo-300x81.png 300w, https:\/\/benoitdegraux.com\/wp-content\/uploads\/2019\/06\/garmin-logo-768x207.png 768w, https:\/\/benoitdegraux.com\/wp-content\/uploads\/2019\/06\/garmin-logo-150x41.png 150w, https:\/\/benoitdegraux.com\/wp-content\/uploads\/2019\/06\/garmin-logo-250x68.png 250w, https:\/\/benoitdegraux.com\/wp-content\/uploads\/2019\/06\/garmin-logo-600x162.png 600w\" sizes=\"(max-width: 150px) 100vw, 150px\" \/><br \/>\n<strong>STRIKER Vivid 7sv<\/strong><br \/>\nAvec sonde GT52HW-TM<br \/>\n<span id=\"js__product__info__part-number__label\">NUM\u00c9RO DE R\u00c9F\u00c9RENCE\u00a0<\/span><span id=\"js__product__info__part-number__text\" class=\"app__product__info__part-number--light\">010-02553-01<\/span><\/p>\n<p>Avec le Sondeur STRIKER Vivid 7sv avec sonde, les poissons et la structure du fond s&rsquo;affichent avec un maximum de d\u00e9tails lorsque vous choisissez la couleur de l&rsquo;\u00e9cran, votre position et votre sondeur pour votre sortie sur l&rsquo;eau. Le compagnon parfait des p\u00eacheurs en float tube.<\/p>\n<p>&nbsp; <a class=\"continue-reading-link\" href=\"https:\/\/benoitdegraux.com\/index.php\/produit\/garmin-striker-vivid-uhd-7sv\/\"> Continue reading <span class=\"meta-nav\">&rarr; <\/span><\/a><\/p>\n","protected":false},"featured_media":1475,"comment_status":"closed","ping_status":"closed","template":"","meta":[],"_links":{"self":[{"href":"https:\/\/benoitdegraux.com\/index.php\/wp-json\/wp\/v2\/product\/1474"}],"collection":[{"href":"https:\/\/benoitdegraux.com\/index.php\/wp-json\/wp\/v2\/product"}],"about":[{"href":"https:\/\/benoitdegraux.com\/index.php\/wp-json\/wp\/v2\/types\/product"}],"replies":[{"embeddable":true,"href":"https:\/\/benoitdegraux.com\/index.php\/wp-json\/wp\/v2\/comments?post=1474"}],"wp:featuredmedia":[{"embeddable":true,"href":"https:\/\/benoitdegraux.com\/index.php\/wp-json\/wp\/v2\/media\/1475"}],"wp:attachment":[{"href":"https:\/\/benoitdegraux.com\/index.php\/wp-json\/wp\/v2\/media?parent=1474"}],"curies":[{"name":"wp","href":"https:\/\/api.w.org\/{rel}","templated":true}]}}