{"id":1488,"date":"2021-02-11T09:58:22","date_gmt":"2021-02-11T08:58:22","guid":{"rendered":"http:\/\/benoitdegraux.com\/?post_type=product&#038;p=1488"},"modified":"2021-02-11T10:13:15","modified_gmt":"2021-02-11T09:13:15","slug":"garmin-livescope-perspective","status":"publish","type":"product","link":"https:\/\/benoitdegraux.com\/index.php\/produit\/garmin-livescope-perspective\/","title":{"rendered":"GARMIN LIVESCOPE PERSPECTIVE"},"content":{"rendered":"<p id=\"js__product__info__name\" class=\"app__product__info__title\"><strong>Panoptix LiveScope&#x2122; Perspective Mode Mount<\/strong><br \/>\n<span id=\"js__product__info__part-number__label\">NUM\u00c9RO DE R\u00c9F\u00c9RENCE\u00a0<\/span><span id=\"js__product__info__part-number__text\" class=\"app__product__info__part-number--light\">010-12970-00<\/span><\/p>\n<h3>Mode perspective<\/h3>\n<p>Fixez le support en mode perspective sur l&rsquo;arbre de votre moteur \u00e9lectrique ou un support amovible pour profiter du mode Perspective, une vue du dessus id\u00e9ale pour les hauts-fonds jusqu&rsquo;\u00e0 15 m\u00e8tres.<\/p>\n<p><iframe loading=\"lazy\" src=\"https:\/\/www.youtube.com\/embed\/1Ze-gDVLnR4?rel=0\" width=\"700\" height=\"394\" frameborder=\"0\" allowfullscreen=\"allowfullscreen\" data-mce-fragment=\"1\"><\/iframe><\/p>\n<p>&nbsp;<\/p>\n<p>&nbsp;<\/p>\n","protected":false},"excerpt":{"rendered":"<p><img loading=\"lazy\" decoding=\"async\" class=\"wp-image-1143 alignnone\" src=\"https:\/\/benoitdegraux.com\/wp-content\/uploads\/2019\/06\/garmin-logo.png\" alt=\"\" width=\"150\" height=\"41\" srcset=\"https:\/\/benoitdegraux.com\/wp-content\/uploads\/2019\/06\/garmin-logo.png 1000w, https:\/\/benoitdegraux.com\/wp-content\/uploads\/2019\/06\/garmin-logo-300x81.png 300w, https:\/\/benoitdegraux.com\/wp-content\/uploads\/2019\/06\/garmin-logo-768x207.png 768w, https:\/\/benoitdegraux.com\/wp-content\/uploads\/2019\/06\/garmin-logo-150x41.png 150w, https:\/\/benoitdegraux.com\/wp-content\/uploads\/2019\/06\/garmin-logo-250x68.png 250w, https:\/\/benoitdegraux.com\/wp-content\/uploads\/2019\/06\/garmin-logo-600x162.png 600w\" sizes=\"(max-width: 150px) 100vw, 150px\" \/><br \/>\n<strong>Panoptix LiveScope Perspective Mode Mount<\/strong><br \/>\n<span id=\"js__product__info__part-number__label\">NUM\u00c9RO DE R\u00c9F\u00c9RENCE\u00a0<\/span><span id=\"js__product__info__part-number__text\" class=\"app__product__info__part-number--light\">010-12970-00<\/span><\/p>\n<p style=\"text-align: left;\">Ce syst\u00e8me de montage\u00a0 vous permettra d\u2019orienter votre sonde Livescope et de profiter ainsi de la nouvelle vue \u00ab\u00a0Livescope Perspective\u00a0\u00bb<\/p>\n<p>&nbsp; <a class=\"continue-reading-link\" href=\"https:\/\/benoitdegraux.com\/index.php\/produit\/garmin-livescope-perspective\/\"> Continue reading <span class=\"meta-nav\">&rarr; <\/span><\/a><\/p>\n","protected":false},"featured_media":1489,"comment_status":"closed","ping_status":"closed","template":"","meta":[],"_links":{"self":[{"href":"https:\/\/benoitdegraux.com\/index.php\/wp-json\/wp\/v2\/product\/1488"}],"collection":[{"href":"https:\/\/benoitdegraux.com\/index.php\/wp-json\/wp\/v2\/product"}],"about":[{"href":"https:\/\/benoitdegraux.com\/index.php\/wp-json\/wp\/v2\/types\/product"}],"replies":[{"embeddable":true,"href":"https:\/\/benoitdegraux.com\/index.php\/wp-json\/wp\/v2\/comments?post=1488"}],"wp:featuredmedia":[{"embeddable":true,"href":"https:\/\/benoitdegraux.com\/index.php\/wp-json\/wp\/v2\/media\/1489"}],"wp:attachment":[{"href":"https:\/\/benoitdegraux.com\/index.php\/wp-json\/wp\/v2\/media?parent=1488"}],"curies":[{"name":"wp","href":"https:\/\/api.w.org\/{rel}","templated":true}]}}