{"id":1491,"date":"2021-02-11T10:15:59","date_gmt":"2021-02-11T09:15:59","guid":{"rendered":"http:\/\/benoitdegraux.com\/?post_type=product&#038;p=1491"},"modified":"2021-02-11T10:47:23","modified_gmt":"2021-02-11T09:47:23","slug":"garmin-panoptix-livescope-copie","status":"publish","type":"product","link":"https:\/\/benoitdegraux.com\/index.php\/produit\/garmin-panoptix-livescope-copie\/","title":{"rendered":"GARMIN GT56 UHD-TM"},"content":{"rendered":"<p id=\"js__product__info__name\" class=\"app__product__info__title\"><strong>Garmin GT56UHD-TM<\/strong><br \/>\nGarmin GT56UHD-TM<br \/>\n<span id=\"js__product__info__part-number__label\">NUM\u00c9RO DE R\u00c9F\u00c9RENCE\u00a0<\/span><span id=\"js__product__info__part-number__text\" class=\"app__product__info__part-number--light\">010-13073-00<\/span><\/p>\n<p class=\"app__overview__intro__title light center\" data-test=\"gc__heading\">PASSEZ MOINS DE TEMPS \u00c0 CHERCHER ET PLUS \u00c0 P\u00caCHER.<\/p>\n<div class=\"app__overview__intro__description gc__copy gc__copy--light gc__copy--center gc__copy--large\" data-v-f2ba670e=\"\" data-test=\"gc__copy\">\n<p>Extr\u00eamement polyvalente, cette sonde tout-en-un dispose de sondeurs \u00e0 balayage ClearV\u00fc et SideV\u00fc ultra haute d\u00e9finition, d&rsquo;un sondeur traditionnel haut et large CHIRP et d&rsquo;autres outils qui vous permettront de consacrer plus de temps \u00e0 la p\u00eache.<\/p>\n<p>D\u00e9couvrez tout ce qui se trouve en dessous et autour de votre bateau gr\u00e2ce au sondeur \u00e0 balayage ultra-haute d\u00e9finition. Le sondeur traditionnel haut et large CHIRP offre une s\u00e9paration des cibles sans pareille. Les multiples fr\u00e9quences de sondeur vous aideront \u00e0 voir, quelle que soit la profondeur \u00e0 laquelle vous p\u00eachez. Affichez les cibles et la structure du fond dans des couleurs vives et \u00e9clatantes. Installez cette sonde comme vous le souhaitez : sur le tableau arri\u00e8re ou sur le moteur \u00e9lectrique.<\/p>\n<div class=\"app__column-layout app__column-layout__column--3\">\n<div class=\"app__column-layout app__column-layout__column--3\">\n<div class=\"app__feature__card\" data-translate=\"\">\n<div class=\"app__column-layout app__column-layout__column--3\">\n<div class=\"app__feature__card\" data-translate=\"\">\n<h3 class=\"app__feature__card__title light left\" data-v-5b9e0d04=\"\" data-test=\"gc__heading\">SONDEUR \u00c0 BALAYAGE ULTRA HAUTE D\u00c9FINITION CLEARV\u00dc<\/h3>\n<p class=\"app__feature__card__description\">Profitez d&rsquo;une clart\u00e9 d&rsquo;image exceptionnelle pour distinguer la structure du fond et les poissons sous votre bateau, plus profond\u00e9ment qu&rsquo;avec les autres sondeurs \u00e0 balayage haute fr\u00e9quence. La sonde orient\u00e9e vers le bas offre une puissance sup\u00e9rieure.<\/p>\n<\/div>\n<div class=\"app__feature__card\" data-translate=\"\">\n<h3 class=\"app__feature__card__title light left\" data-v-5b9e0d04=\"\" data-test=\"gc__heading\">SONDEUR \u00c0 BALAYAGE ULTRA HAUTE D\u00c9FINITION SIDEV\u00dc<\/h3>\n<p class=\"app__feature__card__description\">D\u00e9couvrez d&rsquo;un coup d&rsquo;\u0153il des images d&rsquo;une incroyable nettet\u00e9 des poissons et de la structure sur les c\u00f4t\u00e9s de votre bateau. Le sondeur SideV\u00fc offre d\u00e9sormais une port\u00e9e sup\u00e9rieure de 20\u00a0% \u00e0 1\u00a0000\u00a0kHz, ce qui vous permet de voir encore plus loin qu&rsquo;auparavant.<\/p>\n<\/div>\n<div class=\"app__feature__card\" data-translate=\"\">\n<h3 class=\"app__feature__card__title light left\" data-v-5b9e0d04=\"\" data-test=\"gc__heading\">SONDEUR TRADITIONNEL HAUT ET LARGE CHIRP<\/h3>\n<p class=\"app__feature__card__description\">Profitez d&rsquo;une s\u00e9paration et d&rsquo;une d\u00e9finition des cibles remarquablement claires jusqu&rsquo;\u00e0 244\u00a0m (800\u00a0pieds) sous votre bateau.<\/p>\n<\/div>\n<\/div>\n<div class=\"app__column-layout app__column-layout__column--3\">\n<div class=\"app__feature__card\" data-translate=\"\">\n<h3 class=\"app__feature__card__title light left\" data-v-5b9e0d04=\"\" data-test=\"gc__heading\">PLUSIEURS FR\u00c9QUENCES DE SONDEUR \u00c0 BALAYAGE<\/h3>\n<p class=\"app__feature__card__description\">Utilisez la fr\u00e9quence parfaite en fonction des eaux dans lesquelles vous p\u00eachez. Cette sonde \u00e9met en 455\u00a0kHz, 800\u00a0kHz et 1\u00a0000\u00a0kHz pour des performances optimales, quelle que soit la profondeur.<\/p>\n<\/div>\n<div class=\"app__feature__card\" data-translate=\"\">\n<h3 class=\"app__feature__card__title light left\" data-v-5b9e0d04=\"\" data-test=\"gc__heading\">PALETTE DE COULEURS VIVES<\/h3>\n<p class=\"app__feature__card__description\">Les couleurs vives et contrast\u00e9es du sondeur \u00e0 balayage facilitent plus que jamais l&rsquo;identification des cibles et de la structure du fond.<\/p>\n<\/div>\n<div class=\"app__feature__card\" data-translate=\"\">\n<h3 class=\"app__feature__card__title light left\" data-v-5b9e0d04=\"\" data-test=\"gc__heading\">OPTIONS DE MONTAGE<\/h3>\n<p class=\"app__feature__card__description\">Chaque p\u00eacheur a un bateau diff\u00e9rent. C&rsquo;est pourquoi nous avons inclus du mat\u00e9riel de montage sur tableau arri\u00e8re et sur moteur \u00e9lectrique.<\/p>\n<\/div>\n<\/div>\n<p class=\"app__feature__card__description\"><strong>Caract\u00e9ristiques :<\/strong><\/p>\n<\/div>\n<\/div>\n<p>\u2022 Longueur du c\u00e2ble : 7.62m<br \/>\n\u2022 Nombre de broches : 12<br \/>\n\u2022 Dimensions : 218.5mm x 51.8mm x 27.7mm<br \/>\n\u2022 Fr\u00e9quences : ClearV\u00fc\/SideV\u00fc 455 kHz (425-485 kHz), 800 kHz (790-850 kHz), 1 000 kHz (940-1 100 kHz)<br \/>\n\u2022 Puissance : ClearV\u00fc\/SideV\u00fc 500 W<br \/>\n\u2022 Profondeur max : ClearV\u00fc : 122 m ; SideV\u00fc : 152 m<br \/>\n\u2022 Largeur de faisceau clearV\u00dc) : 0,52\u00b0 x 52\u00b0 \u00e0 1 000 kHz 0,64\u00b0 x 35\u00b0 \u00e0 800 kHz 1,1\u00b0 x 52\u00b0 \u00e0 455 kHz<br \/>\n\u2022 Largeur de faisceau SideV\u00dc) : 0,52\u00b0 x 52\u00b0 \u00e0 1 000 kHz<br \/>\n\u2022 Capteur de temp\u00e9rature : oui<\/p>\n<\/div>\n<\/div>\n","protected":false},"excerpt":{"rendered":"<p><img loading=\"lazy\" decoding=\"async\" class=\"wp-image-1143 alignnone\" src=\"https:\/\/benoitdegraux.com\/wp-content\/uploads\/2019\/06\/garmin-logo.png\" alt=\"\" width=\"150\" height=\"41\" srcset=\"https:\/\/benoitdegraux.com\/wp-content\/uploads\/2019\/06\/garmin-logo.png 1000w, https:\/\/benoitdegraux.com\/wp-content\/uploads\/2019\/06\/garmin-logo-300x81.png 300w, https:\/\/benoitdegraux.com\/wp-content\/uploads\/2019\/06\/garmin-logo-768x207.png 768w, https:\/\/benoitdegraux.com\/wp-content\/uploads\/2019\/06\/garmin-logo-150x41.png 150w, https:\/\/benoitdegraux.com\/wp-content\/uploads\/2019\/06\/garmin-logo-250x68.png 250w, https:\/\/benoitdegraux.com\/wp-content\/uploads\/2019\/06\/garmin-logo-600x162.png 600w\" sizes=\"(max-width: 150px) 100vw, 150px\" \/><br \/>\n<span id=\"js__product__info__part-number__text\" class=\"app__product__info__part-number--light\"><strong>Garmin GT56UHD-TM<\/strong><br \/>\nGarmin GT56UHD-TM<br \/>\n<span id=\"js__product__info__part-number__label\">NUM\u00c9RO DE R\u00c9F\u00c9RENCE\u00a0<\/span>010-13073-000<\/span><\/p>\n<p>Extr\u00eamement polyvalente, cette sonde tout-en-un dispose de sondeurs \u00e0 balayage ClearV\u00fc et SideV\u00fc ultra haute d\u00e9finition, d&rsquo;un sondeur traditionnel haut et large CHIRP et d&rsquo;autres outils qui vous permettront de consacrer plus de temps \u00e0 la p\u00eache. <a class=\"continue-reading-link\" href=\"https:\/\/benoitdegraux.com\/index.php\/produit\/garmin-panoptix-livescope-copie\/\"> Continue reading <span class=\"meta-nav\">&rarr; <\/span><\/a><\/p>\n","protected":false},"featured_media":1494,"comment_status":"closed","ping_status":"closed","template":"","meta":[],"_links":{"self":[{"href":"https:\/\/benoitdegraux.com\/index.php\/wp-json\/wp\/v2\/product\/1491"}],"collection":[{"href":"https:\/\/benoitdegraux.com\/index.php\/wp-json\/wp\/v2\/product"}],"about":[{"href":"https:\/\/benoitdegraux.com\/index.php\/wp-json\/wp\/v2\/types\/product"}],"replies":[{"embeddable":true,"href":"https:\/\/benoitdegraux.com\/index.php\/wp-json\/wp\/v2\/comments?post=1491"}],"wp:featuredmedia":[{"embeddable":true,"href":"https:\/\/benoitdegraux.com\/index.php\/wp-json\/wp\/v2\/media\/1494"}],"wp:attachment":[{"href":"https:\/\/benoitdegraux.com\/index.php\/wp-json\/wp\/v2\/media?parent=1491"}],"curies":[{"name":"wp","href":"https:\/\/api.w.org\/{rel}","templated":true}]}}