{"id":1574,"date":"2021-02-17T20:44:31","date_gmt":"2021-02-17T19:44:31","guid":{"rendered":"http:\/\/benoitdegraux.com\/?post_type=product&#038;p=1574"},"modified":"2022-11-24T09:21:46","modified_gmt":"2022-11-24T08:21:46","slug":"batteries-lithium-12v70a-rebelcell","status":"publish","type":"product","link":"https:\/\/benoitdegraux.com\/index.php\/produit\/batteries-lithium-12v70a-rebelcell\/","title":{"rendered":"Rebelcell Batteries Lithium 12V70A"},"content":{"rendered":"<div class=\"col-lg-6 col-sm-6\">\n<div class=\"main-feature-innr\">\n<p><strong>Batterie au lithium 12V70 AV\u00a0<\/strong>avec indicateur num\u00e9rique de l\u2019\u00e9tat de charge, pour les utilisations suivantes :<\/p>\n<ul>\n<li>P\u00eache \u00e0 la ligne : moteur de p\u00eache \u00e0 la tra\u00eene 12V, sondeur, besoins en \u00e9nergie au bord de l\u2019eau.<\/li>\n<li>E-boating : propulsion d\u2019un moteur \u00e9lectrique de 12V \u00e0 55 Lb (par exemple, barges \u00e9lectriques, canots, etc.).<\/li>\n<li>Loisirs : comme batterie de service pour les voiliers, les bateaux \u00e0 moteur, les mobil-homes et les caravanes.<\/li>\n<\/ul>\n<ul>\n<li><em><b>COMPACTE ET L\u00c9G\u00c8RE :\u00a0<\/b>la batterie ne p\u00e8se que 4.9 kg et est jusqu&rsquo;\u00e0 70% plus compacte qu&rsquo;une batterie au plomb \u00e9quivalente.<\/em><\/li>\n<li><em><b>GRANDE FACILIT\u00c9 D&rsquo;UTILISATION : <\/b>l\u00e9g\u00e8re et compacte, elle peut \u00eatre recharg\u00e9e rapidement et entre deux charges (recharge compl\u00e8te en 4-5 heures avec un chargeur 20A).<\/em><\/li>\n<li><em><b>CO\u00dbTS DE BATTERIE PEU \u00c9LEV\u00c9S :\u00a0<\/b>jusqu&rsquo;\u00e0 50% par an de moins qu&rsquo;une batterie au plomb.<\/em><\/li>\n<li><em><b>PERFORMANCE DE POINTE :\u00a0<\/b>d\u00e9charge lente (jusqu&rsquo;\u00e0 100 %) sans effets n\u00e9gatifs sur les performances ou la dur\u00e9e de vie du cycle.<\/em><\/li>\n<li><em><b>FIABLE ET DURABLE :\u00a0<\/b>protection int\u00e9gr\u00e9e contre l\u2019utilisation abusive (d\u00e9charges lentes, surtensions, temp\u00e9ratures \u00e9lev\u00e9es, etc.) gr\u00e2ce \u00e0 la GTB et dur\u00e9e de vie jusqu\u2019\u00e0 10 ans.<\/em><\/li>\n<li><em><b>GARANTIE: <\/b>deux ans.<\/em><\/li>\n<\/ul>\n<div class=\"tablehead\">CARACT\u00c9RISTIQUES TECHNIQUES<\/div>\n<div class=\"tablerow\">\n<div class=\"cellkenmerk\">Chimie Lithium-ion<\/div>\n<\/div>\n<div class=\"tablerow\">\n<div class=\"cellkenmerk\">Tension 11.1V<\/div>\n<\/div>\n<div class=\"tablerow\">\n<div class=\"cellkenmerk\">Capacit\u00e9 (C1-C20) 70Ah<\/div>\n<\/div>\n<div class=\"tablerow\">\n<div class=\"cellkenmerk\">EqPb (batterie au plomb comparable) jusqu&rsquo;\u00e0 130Ah<\/div>\n<\/div>\n<div class=\"tablerow\">\n<div class=\"cellkenmerk\">\u00c9nergie nominale 836 Wh<\/div>\n<\/div>\n<div class=\"tablerow\">\n<div class=\"cellkenmerk\">D\u00e9charge continue maximale 60 A<\/div>\n<\/div>\n<div class=\"tablerow\">\n<div class=\"cellkenmerk\">D\u00e9bit de pointe (10 sec) 75 A<\/div>\n<div class=\"cellkenmerk\">Dur\u00e9e de vie (#charges) (@ 80% DoD) 1000<\/div>\n<\/div>\n<div class=\"tablerow\">\n<div class=\"cellkenmerk\">Dimensions 195 x 130 x 155 (mm)<\/div>\n<\/div>\n<div class=\"tablerow\">\n<div class=\"cellkenmerk\">Poids 4.9 kg<\/div>\n<\/div>\n<div class=\"tablerow\">\n<div class=\"cellkenmerk\">Densit\u00e9 \u00e9nerg\u00e9tique 104 Wh\/KG<\/div>\n<\/div>\n<\/div>\n<\/div>\n<div><\/div>\n<div>\n<div class=\"battery-txt\">\n<p>Chargeur NMC 12.6V10A pour batterie li-ion 12V70 AV<\/p>\n<p>129 \u20ac ttc<\/p>\n<p><img loading=\"lazy\" decoding=\"async\" class=\"wp-image-1575 alignnone\" src=\"https:\/\/benoitdegraux.com\/wp-content\/uploads\/2021\/02\/Charger_12.6V20A_M8_top-300x300-1.jpg\" alt=\"\" width=\"112\" height=\"112\" srcset=\"https:\/\/benoitdegraux.com\/wp-content\/uploads\/2021\/02\/Charger_12.6V20A_M8_top-300x300-1.jpg 300w, https:\/\/benoitdegraux.com\/wp-content\/uploads\/2021\/02\/Charger_12.6V20A_M8_top-300x300-1-150x150.jpg 150w, https:\/\/benoitdegraux.com\/wp-content\/uploads\/2021\/02\/Charger_12.6V20A_M8_top-300x300-1-100x100.jpg 100w\" sizes=\"(max-width: 112px) 100vw, 112px\" \/><\/p>\n<div class=\"battery-txt\">\n<p>Chargeur NMC 12.6V20A \u00e9tanche pour batterie li-ion 12V70 AV ou 12V140 AV<\/p>\n<p>279 \u20ac ttc<\/p>\n<p><img loading=\"lazy\" decoding=\"async\" class=\"wp-image-1576 alignnone\" src=\"https:\/\/benoitdegraux.com\/wp-content\/uploads\/2021\/02\/Charger_WP_12.6V20A_top_side-1024x1024.jpg\" alt=\"\" width=\"124\" height=\"124\" srcset=\"https:\/\/benoitdegraux.com\/wp-content\/uploads\/2021\/02\/Charger_WP_12.6V20A_top_side-1024x1024.jpg 1024w, https:\/\/benoitdegraux.com\/wp-content\/uploads\/2021\/02\/Charger_WP_12.6V20A_top_side-300x300.jpg 300w, https:\/\/benoitdegraux.com\/wp-content\/uploads\/2021\/02\/Charger_WP_12.6V20A_top_side-150x150.jpg 150w, https:\/\/benoitdegraux.com\/wp-content\/uploads\/2021\/02\/Charger_WP_12.6V20A_top_side-768x768.jpg 768w, https:\/\/benoitdegraux.com\/wp-content\/uploads\/2021\/02\/Charger_WP_12.6V20A_top_side-600x600.jpg 600w, https:\/\/benoitdegraux.com\/wp-content\/uploads\/2021\/02\/Charger_WP_12.6V20A_top_side-100x100.jpg 100w, https:\/\/benoitdegraux.com\/wp-content\/uploads\/2021\/02\/Charger_WP_12.6V20A_top_side.jpg 1200w\" sizes=\"(max-width: 124px) 100vw, 124px\" \/><\/p>\n<\/div>\n<\/div>\n<\/div>\n<div class=\"col-lg-6 col-sm-6\">\n<div class=\"main-feature-innr\"><\/div>\n<\/div>\n","protected":false},"excerpt":{"rendered":"<h1><img loading=\"lazy\" decoding=\"async\" class=\"wp-image-614 size-thumbnail aligncenter\" src=\"https:\/\/benoitdegraux.com\/wp-content\/uploads\/2017\/12\/rebelcell20zwart20logo-150x150.jpg\" alt=\"\" width=\"150\" height=\"150\" srcset=\"https:\/\/benoitdegraux.com\/wp-content\/uploads\/2017\/12\/rebelcell20zwart20logo-150x150.jpg 150w, https:\/\/benoitdegraux.com\/wp-content\/uploads\/2017\/12\/rebelcell20zwart20logo-300x300.jpg 300w, https:\/\/benoitdegraux.com\/wp-content\/uploads\/2017\/12\/rebelcell20zwart20logo-100x100.jpg 100w\" sizes=\"(max-width: 150px) 100vw, 150px\" \/><\/h1>\n<p><strong>Batterie au lithium 12V70 AV\u00a0<\/strong>avec indicateur num\u00e9rique de l\u2019\u00e9tat de charge, pour les utilisations suivantes :<\/p>\n<ul>\n<li>P\u00eache \u00e0 la ligne : moteur de p\u00eache \u00e0 la tra\u00eene 12V, sondeur, besoins en \u00e9nergie au bord de l\u2019eau.<\/li>\n<li>E-boating : propulsion d\u2019un moteur \u00e9lectrique de 12V \u00e0 55 Lb (par exemple, barges \u00e9lectriques, canots, etc.).<\/li>\n<li>Loisirs : comme batterie de service pour les voiliers, les bateaux \u00e0 moteur, les mobil-homes et les caravanes.<\/li>\n<li>Prix : 829 \u20ac ttc<\/li>\n<\/ul>\n<p> <a class=\"continue-reading-link\" href=\"https:\/\/benoitdegraux.com\/index.php\/produit\/batteries-lithium-12v70a-rebelcell\/\"> Continue reading <span class=\"meta-nav\">&rarr; <\/span><\/a><\/p>\n","protected":false},"featured_media":1577,"comment_status":"closed","ping_status":"closed","template":"","meta":[],"_links":{"self":[{"href":"https:\/\/benoitdegraux.com\/index.php\/wp-json\/wp\/v2\/product\/1574"}],"collection":[{"href":"https:\/\/benoitdegraux.com\/index.php\/wp-json\/wp\/v2\/product"}],"about":[{"href":"https:\/\/benoitdegraux.com\/index.php\/wp-json\/wp\/v2\/types\/product"}],"replies":[{"embeddable":true,"href":"https:\/\/benoitdegraux.com\/index.php\/wp-json\/wp\/v2\/comments?post=1574"}],"wp:featuredmedia":[{"embeddable":true,"href":"https:\/\/benoitdegraux.com\/index.php\/wp-json\/wp\/v2\/media\/1577"}],"wp:attachment":[{"href":"https:\/\/benoitdegraux.com\/index.php\/wp-json\/wp\/v2\/media?parent=1574"}],"curies":[{"name":"wp","href":"https:\/\/api.w.org\/{rel}","templated":true}]}}