{"id":1580,"date":"2021-02-17T20:58:57","date_gmt":"2021-02-17T19:58:57","guid":{"rendered":"http:\/\/benoitdegraux.com\/?post_type=product&#038;p=1580"},"modified":"2022-11-24T09:19:10","modified_gmt":"2022-11-24T08:19:10","slug":"batteries-lithium-12v100a-rebelcell","status":"publish","type":"product","link":"https:\/\/benoitdegraux.com\/index.php\/produit\/batteries-lithium-12v100a-rebelcell\/","title":{"rendered":"Rebelcell Batteries Lithium 12V100A"},"content":{"rendered":"<div class=\"col-lg-6 col-sm-6\">\n<div class=\"main-feature-innr\"><\/div>\n<\/div>\n<div>\n<div class=\"battery-txt\">\n<div class=\"battery-txt\">\n<p><strong>Nouveau!<\/strong>\u00a0Batterie au lithium 12V100 AV (1,29 kWh) avec indicateur num\u00e9rique de l\u2019\u00e9tat de charge, pour les utilisations suivantes :<\/p>\n<ul>\n<li>P\u00eache \u00e0 la ligne : moteur de p\u00eache \u00e0 la tra\u00eene 12V, sondeur, \u00e9nergie au bord de l\u2019eau.<\/li>\n<li>E-boating : propulsion d\u2019un moteur \u00e9lectrique de 12V \u00e0 80 Lb (par exemple, barges \u00e9lectriques, canots, etc.).<\/li>\n<li>Loisirs : comme batterie de service pour les voiliers, les bateaux \u00e0 moteur, les mobil-homes et les caravanes.<\/li>\n<\/ul>\n<p>La batterie peut remplacer une batterie au plomb jusqu\u2019\u00e0 12V200Ah.<\/p>\n<ul>\n<li>\u00a0<em><b>Puissance :<\/b>\u00a012V &#8211; 100 A \u2013 1.29 kWh<\/em><\/li>\n<li>\u00a0<em><b>Facilit\u00e9 d&rsquo;utilisation :<\/b>\u00a0charge en 5-6 heures (chargeur 20A), d\u00e9charge lente jusqu&rsquo;\u00e0 100%, indicateur d&rsquo;\u00e9tat de charge<\/em><\/li>\n<li>\u00a0<em><b>Dur\u00e9e d&rsquo;autonomie :<\/b>\u00a0varie selon la charge, les conditions m\u00e9t\u00e9orologiques, les courants et l&rsquo;utilisation du moteur de p\u00eache \u00e0 la tra\u00eene (le fait de le faire fonctionner en vitesse r\u00e9duite peut plus que doubler l\u2019autonomie !) Autonomie indicative : 4 ~ 8 heures avec un moteur \u00e9lectrique de 55 Lb \u00e0 vitesse r\u00e9duite.<\/em><\/li>\n<li>\u00a0<em><b>Application:<\/b>\u00a0p\u00eache \u00e0 la ligne, navigation de plaisance en ligne et loisirs<\/em><\/li>\n<\/ul>\n<div class=\"tablehead\"><strong>CARACT\u00c9RISTIQUES TECHNIQUES<\/strong><\/div>\n<div class=\"tablerow\">\n<div class=\"cellkenmerk\">Chimie Lithium-ion<\/div>\n<\/div>\n<div class=\"tablerow\">\n<div class=\"cellkenmerk\">Tension nominale 11.1V<\/div>\n<\/div>\n<div class=\"tablerow\">\n<div class=\"cellkenmerk\">Capacit\u00e9 (C1-C20) 100Ah<\/div>\n<\/div>\n<div class=\"tablerow\">\n<div class=\"cellkenmerk\">EqPb (batterie au plomb comparable) \u00e0 12V200 Ah<\/div>\n<\/div>\n<div class=\"tablerow\">\n<div class=\"cellkenmerk\">\u00c9nergie nominale 1,29 kWh<\/div>\n<\/div>\n<div class=\"tablerow\">\n<div class=\"cellkenmerk\">D\u00e9charge continue maximale 100 A<\/div>\n<\/div>\n<div class=\"tablerow\">\n<div class=\"cellkenmerk\">Dur\u00e9e de vie (#chargements) (@ 100% DoD) 1000<\/div>\n<\/div>\n<div class=\"tablerow\">\n<div class=\"cellkenmerk\">Dimensions 260 L x 170 W x 230 mm H<\/div>\n<\/div>\n<div class=\"tablerow\">\n<div class=\"cellkenmerk\">Poids 8.3 kg<\/div>\n<\/div>\n<div class=\"tablerow\">\n<div class=\"cellkenmerk\">Densit\u00e9 \u00e9nerg\u00e9tique 104 Wh\/kg<\/div>\n<\/div>\n<\/div>\n<\/div>\n<\/div>\n<div><\/div>\n<div>\n<div class=\"battery-txt\">\n<h3>Chargeur 12.6V20A NMC pour batterie li-ion 12V100 AV<\/h3>\n<h3>179 \u20ac ttc<\/h3>\n<p><img loading=\"lazy\" decoding=\"async\" class=\"wp-image-1584 alignnone\" src=\"https:\/\/benoitdegraux.com\/wp-content\/uploads\/2021\/02\/12.6V35A_charger_AV_side-1024x1024.jpg\" alt=\"\" width=\"122\" height=\"122\" srcset=\"https:\/\/benoitdegraux.com\/wp-content\/uploads\/2021\/02\/12.6V35A_charger_AV_side-1024x1024.jpg 1024w, https:\/\/benoitdegraux.com\/wp-content\/uploads\/2021\/02\/12.6V35A_charger_AV_side-300x300.jpg 300w, https:\/\/benoitdegraux.com\/wp-content\/uploads\/2021\/02\/12.6V35A_charger_AV_side-150x150.jpg 150w, https:\/\/benoitdegraux.com\/wp-content\/uploads\/2021\/02\/12.6V35A_charger_AV_side-768x768.jpg 768w, https:\/\/benoitdegraux.com\/wp-content\/uploads\/2021\/02\/12.6V35A_charger_AV_side-1536x1536.jpg 1536w, https:\/\/benoitdegraux.com\/wp-content\/uploads\/2021\/02\/12.6V35A_charger_AV_side-600x600.jpg 600w, https:\/\/benoitdegraux.com\/wp-content\/uploads\/2021\/02\/12.6V35A_charger_AV_side-100x100.jpg 100w, https:\/\/benoitdegraux.com\/wp-content\/uploads\/2021\/02\/12.6V35A_charger_AV_side.jpg 1800w\" sizes=\"(max-width: 122px) 100vw, 122px\" \/><\/p>\n<div class=\"battery-txt\">\n<h3>Chargeur NMC 12.6V20A \u00e9tanche pour batterie li-ion 12V100 AV<\/h3>\n<p>279 \u20ac ttc<\/p>\n<p><img loading=\"lazy\" decoding=\"async\" class=\"wp-image-1585 alignnone\" src=\"https:\/\/benoitdegraux.com\/wp-content\/uploads\/2021\/02\/Charger_WP_12.6V20A_top_side-1-1024x1024.jpg\" alt=\"\" width=\"131\" height=\"131\" srcset=\"https:\/\/benoitdegraux.com\/wp-content\/uploads\/2021\/02\/Charger_WP_12.6V20A_top_side-1-1024x1024.jpg 1024w, https:\/\/benoitdegraux.com\/wp-content\/uploads\/2021\/02\/Charger_WP_12.6V20A_top_side-1-300x300.jpg 300w, https:\/\/benoitdegraux.com\/wp-content\/uploads\/2021\/02\/Charger_WP_12.6V20A_top_side-1-150x150.jpg 150w, https:\/\/benoitdegraux.com\/wp-content\/uploads\/2021\/02\/Charger_WP_12.6V20A_top_side-1-768x768.jpg 768w, https:\/\/benoitdegraux.com\/wp-content\/uploads\/2021\/02\/Charger_WP_12.6V20A_top_side-1-600x600.jpg 600w, https:\/\/benoitdegraux.com\/wp-content\/uploads\/2021\/02\/Charger_WP_12.6V20A_top_side-1-100x100.jpg 100w, https:\/\/benoitdegraux.com\/wp-content\/uploads\/2021\/02\/Charger_WP_12.6V20A_top_side-1.jpg 1200w\" sizes=\"(max-width: 131px) 100vw, 131px\" \/><\/p>\n<p>&nbsp;<\/p>\n<\/div>\n<\/div>\n<\/div>\n<div>\n<div class=\"battery-txt\">\n<div class=\"battery-txt\">\n<p>&nbsp;<\/p>\n<\/div>\n<\/div>\n<\/div>\n","protected":false},"excerpt":{"rendered":"<h1><img loading=\"lazy\" decoding=\"async\" class=\"wp-image-614 size-thumbnail aligncenter\" src=\"https:\/\/benoitdegraux.com\/wp-content\/uploads\/2017\/12\/rebelcell20zwart20logo-150x150.jpg\" alt=\"\" width=\"150\" height=\"150\" srcset=\"https:\/\/benoitdegraux.com\/wp-content\/uploads\/2017\/12\/rebelcell20zwart20logo-150x150.jpg 150w, https:\/\/benoitdegraux.com\/wp-content\/uploads\/2017\/12\/rebelcell20zwart20logo-300x300.jpg 300w, https:\/\/benoitdegraux.com\/wp-content\/uploads\/2017\/12\/rebelcell20zwart20logo-100x100.jpg 100w\" sizes=\"(max-width: 150px) 100vw, 150px\" \/><\/h1>\n<p><strong>Nouveau!<\/strong>\u00a0Batterie au lithium 12V100 AV (1,29 kWh) avec indicateur num\u00e9rique de l\u2019\u00e9tat de charge, pour les utilisations suivantes :<\/p>\n<ul>\n<li>P\u00eache \u00e0 la ligne : moteur de p\u00eache \u00e0 la tra\u00eene 12V, sondeur, \u00e9nergie au bord de l\u2019eau.<\/li>\n<li>E-boating : propulsion d\u2019un moteur \u00e9lectrique de 12V \u00e0 80 Lb (par exemple, barges \u00e9lectriques, canots, etc.).<\/li>\n<li>Loisirs : comme batterie de service pour les voiliers, les bateaux \u00e0 moteur, les mobil-homes et les caravanes.<\/li>\n<\/ul>\n<p>La batterie peut remplacer une batterie au plomb jusqu\u2019\u00e0 12V200Ah.<\/p>\n<p>Prix : 1199 \u20ac TTC <a class=\"continue-reading-link\" href=\"https:\/\/benoitdegraux.com\/index.php\/produit\/batteries-lithium-12v100a-rebelcell\/\"> Continue reading <span class=\"meta-nav\">&rarr; <\/span><\/a><\/p>\n","protected":false},"featured_media":1581,"comment_status":"closed","ping_status":"closed","template":"","meta":[],"_links":{"self":[{"href":"https:\/\/benoitdegraux.com\/index.php\/wp-json\/wp\/v2\/product\/1580"}],"collection":[{"href":"https:\/\/benoitdegraux.com\/index.php\/wp-json\/wp\/v2\/product"}],"about":[{"href":"https:\/\/benoitdegraux.com\/index.php\/wp-json\/wp\/v2\/types\/product"}],"replies":[{"embeddable":true,"href":"https:\/\/benoitdegraux.com\/index.php\/wp-json\/wp\/v2\/comments?post=1580"}],"wp:featuredmedia":[{"embeddable":true,"href":"https:\/\/benoitdegraux.com\/index.php\/wp-json\/wp\/v2\/media\/1581"}],"wp:attachment":[{"href":"https:\/\/benoitdegraux.com\/index.php\/wp-json\/wp\/v2\/media?parent=1580"}],"curies":[{"name":"wp","href":"https:\/\/api.w.org\/{rel}","templated":true}]}}