{"id":1621,"date":"2021-03-09T18:36:11","date_gmt":"2021-03-09T17:36:11","guid":{"rendered":"http:\/\/benoitdegraux.com\/?post_type=product&#038;p=1621"},"modified":"2022-02-11T10:11:22","modified_gmt":"2022-02-11T09:11:22","slug":"reference-t41224","status":"publish","type":"product","link":"https:\/\/benoitdegraux.com\/index.php\/produit\/reference-t41224\/","title":{"rendered":"Radio commande Warrior Trident"},"content":{"rendered":"<h1 class=\"h1 page-title\">Radio commande Warrior Trident 12v\/24v port\u00e9e 40m 4 pin<\/h1>\n<p>Compatible avec tous les treuils Warrior connecteur 4 pins, cette <span style=\"color: #000000;\">t\u00e9l\u00e9commande<\/span> sans fil est le compl\u00e9ment id\u00e9al du treuil Ninja pour r\u00e9aliser les <span style=\"color: #000000;\">man\u0153uvres<\/span> lors des mises \u00e0 l&rsquo;eau de votre bateau<\/p>\n<p><strong>Caract\u00e9ristiques:<\/strong><\/p>\n<ul>\n<li>Technologie sans fil 2.4G<\/li>\n<li>Reprogrammable<\/li>\n<li>12V ou 24V<\/li>\n<li>Port\u00e9e jusqu&rsquo;\u00e0 40m<\/li>\n<li>Branchement directe sur les treuil Warrior Ninja, Spartan et Samurai<\/li>\n<\/ul>\n<p><strong>Sp\u00e9cifications techniques:<\/strong><\/p>\n<ul>\n<li>Tension de fonctionnement: 9-36v<\/li>\n<li>Sans fil: 2.4G<\/li>\n<li>Gamme: jusqu&rsquo;\u00e0 50m<\/li>\n<li>D\u00e9lai de fonctionnement:&gt; 20 millisecondes (ms)<\/li>\n<li>\u00c9tanche: IP67 Rating<\/li>\n<\/ul>\n","protected":false},"excerpt":{"rendered":"<p><img loading=\"lazy\" decoding=\"async\" class=\"wp-image-1616 alignnone\" src=\"https:\/\/benoitdegraux.com\/wp-content\/uploads\/2021\/03\/6-1.jpg\" alt=\"\" width=\"187\" height=\"86\" srcset=\"https:\/\/benoitdegraux.com\/wp-content\/uploads\/2021\/03\/6-1.jpg 453w, https:\/\/benoitdegraux.com\/wp-content\/uploads\/2021\/03\/6-1-300x138.jpg 300w, https:\/\/benoitdegraux.com\/wp-content\/uploads\/2021\/03\/6-1-150x69.jpg 150w, https:\/\/benoitdegraux.com\/wp-content\/uploads\/2021\/03\/6-1-250x115.jpg 250w\" sizes=\"(max-width: 187px) 100vw, 187px\" \/><br \/>\nL<strong>a nouvelle\u00a0t\u00e9l\u00e9commande sans fil\u00a0Trident de Warrior<\/strong> vous offre la derni\u00e8re technologie avanc\u00e9e de 2,4 G log\u00e9e dans un bo\u00eetier robuste \u00e0 indice de protection IP67 pour une fiabilit\u00e9 totale dans toutes les conditions. Une poign\u00e9e ergonomique et de larges boutons de commande facilitent les manipulations en offrant un confort maximum lors du treuillage.<br \/>\n<label class=\"label\">R\u00e9f :<\/label> T41224<br \/>\n<span style=\"font-family: Helvetica Neue, Arial, Helvetica, Nimbus Sans L, sans-serif;\">Prix indicatif : 72 \u20ac ttc<\/span> <a class=\"continue-reading-link\" href=\"https:\/\/benoitdegraux.com\/index.php\/produit\/reference-t41224\/\"> Continue reading <span class=\"meta-nav\">&rarr; <\/span><\/a><\/p>\n","protected":false},"featured_media":1610,"comment_status":"closed","ping_status":"closed","template":"","meta":[],"_links":{"self":[{"href":"https:\/\/benoitdegraux.com\/index.php\/wp-json\/wp\/v2\/product\/1621"}],"collection":[{"href":"https:\/\/benoitdegraux.com\/index.php\/wp-json\/wp\/v2\/product"}],"about":[{"href":"https:\/\/benoitdegraux.com\/index.php\/wp-json\/wp\/v2\/types\/product"}],"replies":[{"embeddable":true,"href":"https:\/\/benoitdegraux.com\/index.php\/wp-json\/wp\/v2\/comments?post=1621"}],"wp:featuredmedia":[{"embeddable":true,"href":"https:\/\/benoitdegraux.com\/index.php\/wp-json\/wp\/v2\/media\/1610"}],"wp:attachment":[{"href":"https:\/\/benoitdegraux.com\/index.php\/wp-json\/wp\/v2\/media?parent=1621"}],"curies":[{"name":"wp","href":"https:\/\/api.w.org\/{rel}","templated":true}]}}