{"id":1624,"date":"2021-03-09T19:38:43","date_gmt":"2021-03-09T18:38:43","guid":{"rendered":"http:\/\/benoitdegraux.com\/?post_type=product&#038;p=1624"},"modified":"2022-02-11T10:12:36","modified_gmt":"2022-02-11T09:12:36","slug":"radio-commande-warrior-trident-copie","status":"publish","type":"product","link":"https:\/\/benoitdegraux.com\/index.php\/produit\/radio-commande-warrior-trident-copie\/","title":{"rendered":"Housse Treuil Warrior Ninja"},"content":{"rendered":"<h2 class=\"h1 page-title\">Housse Treuil Ninja Warrior 2041Kg<\/h2>\n<p>Cette housse en n\u00e9opr\u00e8ne est sp\u00e9cialement con\u00e7ue\u00a0 pour couvrir l&rsquo;ensemble du treuil Warrior Ninja 2041 kgs afin de prot\u00e9ger celui-ci des projections sur la route et des intemp\u00e9ries lorsque la remorque est \u00e0 l&rsquo;ext\u00e9rieur. Un bon moyen de maintenir le treuil en parfait \u00e9tat.<\/p>\n","protected":false},"excerpt":{"rendered":"<p><img loading=\"lazy\" decoding=\"async\" class=\"wp-image-1616 alignnone\" src=\"https:\/\/benoitdegraux.com\/wp-content\/uploads\/2021\/03\/6-1.jpg\" alt=\"\" width=\"187\" height=\"86\" srcset=\"https:\/\/benoitdegraux.com\/wp-content\/uploads\/2021\/03\/6-1.jpg 453w, https:\/\/benoitdegraux.com\/wp-content\/uploads\/2021\/03\/6-1-300x138.jpg 300w, https:\/\/benoitdegraux.com\/wp-content\/uploads\/2021\/03\/6-1-150x69.jpg 150w, https:\/\/benoitdegraux.com\/wp-content\/uploads\/2021\/03\/6-1-250x115.jpg 250w\" sizes=\"(max-width: 187px) 100vw, 187px\" \/><br \/>\n<strong>Housse Treuil Ninja Warrior 2041Kg<\/strong><br \/>\nHousse en n\u00e9opr\u00e8ne sp\u00e9cialement\u00a0 pr\u00e9vue pour prot\u00e9ger le treuil Warrior Ninja 2041 kgs des projections sur la route et des intemp\u00e9ries<br \/>\n<label class=\"label\">R\u00e9f : <\/label>LWC002<br \/>\nPrix indicatif : 21.95 \u20ac ttc<\/p>\n<p>&nbsp; <a class=\"continue-reading-link\" href=\"https:\/\/benoitdegraux.com\/index.php\/produit\/radio-commande-warrior-trident-copie\/\"> Continue reading <span class=\"meta-nav\">&rarr; <\/span><\/a><\/p>\n","protected":false},"featured_media":1625,"comment_status":"closed","ping_status":"closed","template":"","meta":[],"_links":{"self":[{"href":"https:\/\/benoitdegraux.com\/index.php\/wp-json\/wp\/v2\/product\/1624"}],"collection":[{"href":"https:\/\/benoitdegraux.com\/index.php\/wp-json\/wp\/v2\/product"}],"about":[{"href":"https:\/\/benoitdegraux.com\/index.php\/wp-json\/wp\/v2\/types\/product"}],"replies":[{"embeddable":true,"href":"https:\/\/benoitdegraux.com\/index.php\/wp-json\/wp\/v2\/comments?post=1624"}],"wp:featuredmedia":[{"embeddable":true,"href":"https:\/\/benoitdegraux.com\/index.php\/wp-json\/wp\/v2\/media\/1625"}],"wp:attachment":[{"href":"https:\/\/benoitdegraux.com\/index.php\/wp-json\/wp\/v2\/media?parent=1624"}],"curies":[{"name":"wp","href":"https:\/\/api.w.org\/{rel}","templated":true}]}}