{"id":1628,"date":"2021-03-09T20:15:45","date_gmt":"2021-03-09T19:15:45","guid":{"rendered":"http:\/\/benoitdegraux.com\/?post_type=product&#038;p=1628"},"modified":"2021-03-09T21:03:38","modified_gmt":"2021-03-09T20:03:38","slug":"radio-commande-warrior-samurai","status":"publish","type":"product","link":"https:\/\/benoitdegraux.com\/index.php\/produit\/radio-commande-warrior-samurai\/","title":{"rendered":"Radio commande Warrior Samurai"},"content":{"rendered":"<h2 class=\"h1 page-title\">Radio commande Warrior Samurai 12v\/24v port\u00e9e 50m<\/h2>\n<p>La nouvelle\u00a0t\u00e9l\u00e9commande sans fil\u00a0<strong>Samurai<\/strong><strong>\u00a0de Warrior<\/strong> vous offre la derni\u00e8re technologie avanc\u00e9e de 2,4 G log\u00e9e dans un bo\u00eetier robuste \u00e0 indice de protection IP67 pour une fiabilit\u00e9 totale dans toutes les conditions. La t\u00e9l\u00e9commande est dot\u00e9e d&rsquo;un boitier de protection en caoutchouc robuste avec un cordon de cou.<\/p>\n<p><strong>Compatible avec tous les treuils \u00e0 relais monobloc !<\/strong><\/p>\n<p><strong>Caract\u00e9ristiques:<\/strong><\/p>\n<ul>\n<li>Technologie sans fil 2.4G<\/li>\n<li>Reprogrammable<\/li>\n<li>12V ou 24V<\/li>\n<li>Port\u00e9e jusqu&rsquo;\u00e0 50m<\/li>\n<li>Dimensions 110 mm x 66 mm x 35 mm<\/li>\n<li>Branchement par c\u00e2blage du r\u00e9cepteur sur le moteur<\/li>\n<\/ul>\n<p><strong>Sp\u00e9cifications techniques:<\/strong><\/p>\n<ul>\n<li>Tension de fonctionnement: 9-36v<\/li>\n<li>Sans fil: 2.4G<\/li>\n<li>Gamme: jusqu&rsquo;\u00e0 50m<\/li>\n<li>D\u00e9lai de fonctionnement:&gt; 20 millisecondes (ms)<\/li>\n<li>\u00c9tanche: IP67 Rating<\/li>\n<\/ul>\n","protected":false},"excerpt":{"rendered":"<p><img loading=\"lazy\" decoding=\"async\" class=\"wp-image-1616 alignnone\" src=\"https:\/\/benoitdegraux.com\/wp-content\/uploads\/2021\/03\/6-1.jpg\" alt=\"\" width=\"187\" height=\"86\" srcset=\"https:\/\/benoitdegraux.com\/wp-content\/uploads\/2021\/03\/6-1.jpg 453w, https:\/\/benoitdegraux.com\/wp-content\/uploads\/2021\/03\/6-1-300x138.jpg 300w, https:\/\/benoitdegraux.com\/wp-content\/uploads\/2021\/03\/6-1-150x69.jpg 150w, https:\/\/benoitdegraux.com\/wp-content\/uploads\/2021\/03\/6-1-250x115.jpg 250w\" sizes=\"(max-width: 187px) 100vw, 187px\" \/><br \/>\n<strong>La nouvelle\u00a0t\u00e9l\u00e9commande sans fil\u00a0Samurai\u00a0de Warrior <\/strong>vous offre la derni\u00e8re technologie avanc\u00e9e de 2,4 G log\u00e9e dans un bo\u00eetier robuste \u00e0 indice de protection IP67 pour une fiabilit\u00e9 totale dans toutes les conditions.<br \/>\n<label class=\"label\">R\u00e9f :<\/label> WR12EWX124<br \/>\n<span style=\"font-family: Helvetica Neue, Arial, Helvetica, Nimbus Sans L, sans-serif;\">Prix indicatif : 102 \u20ac ttc<\/span><\/p>\n<p>&nbsp;<\/p>\n<p>&nbsp; <a class=\"continue-reading-link\" href=\"https:\/\/benoitdegraux.com\/index.php\/produit\/radio-commande-warrior-samurai\/\"> Continue reading <span class=\"meta-nav\">&rarr; <\/span><\/a><\/p>\n","protected":false},"featured_media":1629,"comment_status":"closed","ping_status":"closed","template":"","meta":[],"_links":{"self":[{"href":"https:\/\/benoitdegraux.com\/index.php\/wp-json\/wp\/v2\/product\/1628"}],"collection":[{"href":"https:\/\/benoitdegraux.com\/index.php\/wp-json\/wp\/v2\/product"}],"about":[{"href":"https:\/\/benoitdegraux.com\/index.php\/wp-json\/wp\/v2\/types\/product"}],"replies":[{"embeddable":true,"href":"https:\/\/benoitdegraux.com\/index.php\/wp-json\/wp\/v2\/comments?post=1628"}],"wp:featuredmedia":[{"embeddable":true,"href":"https:\/\/benoitdegraux.com\/index.php\/wp-json\/wp\/v2\/media\/1629"}],"wp:attachment":[{"href":"https:\/\/benoitdegraux.com\/index.php\/wp-json\/wp\/v2\/media?parent=1628"}],"curies":[{"name":"wp","href":"https:\/\/api.w.org\/{rel}","templated":true}]}}