{"id":1664,"date":"2021-05-26T10:48:28","date_gmt":"2021-05-26T08:48:28","guid":{"rendered":"http:\/\/benoitdegraux.com\/?post_type=product&#038;p=1664"},"modified":"2022-02-12T16:51:02","modified_gmt":"2022-02-12T15:51:02","slug":"cartographie-marine-navionics-platinium","status":"publish","type":"product","link":"https:\/\/benoitdegraux.com\/index.php\/produit\/cartographie-marine-navionics-platinium\/","title":{"rendered":"NAVIONICS PLATINIUM+"},"content":{"rendered":"<p><img loading=\"lazy\" decoding=\"async\" class=\"\" src=\"https:\/\/www.navionics.com\/media\/wysiwyg\/logos\/platinum-plus.png\" alt=\"PlatinumPlus\" width=\"205\" height=\"28\" \/><\/p>\n<ul>\n<li>Cartes extra d\u00e9taill\u00e9es pour la plaisance et la p\u00eache !<\/li>\n<li>Cartes des mers et des lacs sur une carte \u00a0\u00bb\u00a0Tout en Un \u00a0\u00bb !<\/li>\n<li>Carte Nautique, SonarChart&#x2122; et Community Edits<\/li>\n<li>Mises \u00e0 jour illimit\u00e9e pendant 12 mois<\/li>\n<\/ul>\n<table border=\"0\" frame=\"VOID\" rules=\"NONE\" cellspacing=\"0\">\n<colgroup>\n<col width=\"332\" \/>\n<col width=\"95\" \/>\n<col width=\"80\" \/><\/colgroup>\n<tbody>\n<tr>\n<td align=\"CENTER\" width=\"332\" height=\"17\">Caract\u00e9ristiques<\/td>\n<td align=\"CENTER\" width=\"95\">Navionics+<\/td>\n<td align=\"CENTER\" width=\"80\">Platinum+<\/td>\n<\/tr>\n<tr>\n<td align=\"LEFT\" height=\"17\">Carte Nautique<\/td>\n<td align=\"CENTER\">\u2022<\/td>\n<td align=\"CENTER\">\u2022<\/td>\n<\/tr>\n<tr>\n<td align=\"LEFT\" height=\"17\">SonarChartTM<\/td>\n<td align=\"CENTER\">\u2022<\/td>\n<td align=\"CENTER\">\u2022<\/td>\n<\/tr>\n<tr>\n<td align=\"LEFT\" height=\"17\">Community Edits<\/td>\n<td align=\"CENTER\">\u2022<\/td>\n<td align=\"CENTER\">\u2022<\/td>\n<\/tr>\n<tr>\n<td align=\"LEFT\" height=\"17\">Mises \u00e0 jour illimit\u00e9es<\/td>\n<td align=\"CENTER\">\u2022<\/td>\n<td align=\"CENTER\">\u2022<\/td>\n<\/tr>\n<tr>\n<td align=\"LEFT\" height=\"17\">Autorouting\u00b9 Dock-to-dock<\/td>\n<td align=\"CENTER\">\u2022<\/td>\n<td align=\"CENTER\">\u2022<\/td>\n<\/tr>\n<tr>\n<td align=\"LEFT\" height=\"17\">SonarChartTM\u00a0Live<\/td>\n<td align=\"CENTER\">\u2022<\/td>\n<td align=\"CENTER\">\u2022<\/td>\n<\/tr>\n<tr>\n<td align=\"LEFT\" height=\"17\">Option Carte Perso<\/td>\n<td align=\"CENTER\">\u2022<\/td>\n<td align=\"CENTER\">\u2022<\/td>\n<\/tr>\n<tr>\n<td align=\"LEFT\" height=\"17\">Plotter Sync<\/td>\n<td align=\"CENTER\">\u2022<\/td>\n<td align=\"CENTER\">\u2022<\/td>\n<\/tr>\n<tr>\n<td align=\"LEFT\" height=\"17\">Superposition Satellite avec SonarChart&#x2122; Shading<\/td>\n<td align=\"CENTER\"><\/td>\n<td align=\"CENTER\">\u2022<\/td>\n<\/tr>\n<tr>\n<td align=\"LEFT\" height=\"17\">Relief Shading<\/td>\n<td align=\"CENTER\"><\/td>\n<td align=\"CENTER\">\u2022<\/td>\n<\/tr>\n<tr>\n<td align=\"LEFT\" height=\"17\">Vue 3D\u00b2<\/td>\n<td align=\"CENTER\"><\/td>\n<td align=\"CENTER\">\u2022<\/td>\n<\/tr>\n<tr>\n<td align=\"LEFT\" height=\"17\">Photos panoramiques<\/td>\n<td align=\"CENTER\"><\/td>\n<td align=\"CENTER\">\u2022<\/td>\n<\/tr>\n<\/tbody>\n<\/table>\n<p style=\"text-align: center;\"><strong>Navionics Platinium+ (large) UK South-Hamburg Code : 25P<\/strong><\/p>\n<p><img loading=\"lazy\" decoding=\"async\" class=\"aligncenter  wp-image-1665\" src=\"https:\/\/benoitdegraux.com\/wp-content\/uploads\/2021\/05\/Navionics-Platinium-large-UK-South-Hamburg-Code-25P.png\" alt=\"\" width=\"450\" height=\"277\" srcset=\"https:\/\/benoitdegraux.com\/wp-content\/uploads\/2021\/05\/Navionics-Platinium-large-UK-South-Hamburg-Code-25P.png 717w, https:\/\/benoitdegraux.com\/wp-content\/uploads\/2021\/05\/Navionics-Platinium-large-UK-South-Hamburg-Code-25P-300x184.png 300w, https:\/\/benoitdegraux.com\/wp-content\/uploads\/2021\/05\/Navionics-Platinium-large-UK-South-Hamburg-Code-25P-150x92.png 150w, https:\/\/benoitdegraux.com\/wp-content\/uploads\/2021\/05\/Navionics-Platinium-large-UK-South-Hamburg-Code-25P-244x150.png 244w, https:\/\/benoitdegraux.com\/wp-content\/uploads\/2021\/05\/Navionics-Platinium-large-UK-South-Hamburg-Code-25P-600x368.png 600w\" sizes=\"(max-width: 450px) 100vw, 450px\" \/><\/p>\n<p style=\"text-align: center;\"><strong>Navionics Platinium+ (Small) Hamburg-Dunkerque Code : 5P398XL<\/strong><\/p>\n<div class=\"padd chart-type\">\n<h2 class=\"chart-type-label\"><img loading=\"lazy\" decoding=\"async\" class=\"aligncenter  wp-image-1661\" src=\"https:\/\/benoitdegraux.com\/wp-content\/uploads\/2017\/03\/Navionics-Platinium-Plus-small-Hamburg-Dunkerque-Code-5P398XL.png\" alt=\"\" width=\"451\" height=\"276\" srcset=\"https:\/\/benoitdegraux.com\/wp-content\/uploads\/2017\/03\/Navionics-Platinium-Plus-small-Hamburg-Dunkerque-Code-5P398XL.png 717w, https:\/\/benoitdegraux.com\/wp-content\/uploads\/2017\/03\/Navionics-Platinium-Plus-small-Hamburg-Dunkerque-Code-5P398XL-300x184.png 300w, https:\/\/benoitdegraux.com\/wp-content\/uploads\/2017\/03\/Navionics-Platinium-Plus-small-Hamburg-Dunkerque-Code-5P398XL-150x92.png 150w, https:\/\/benoitdegraux.com\/wp-content\/uploads\/2017\/03\/Navionics-Platinium-Plus-small-Hamburg-Dunkerque-Code-5P398XL-244x150.png 244w, https:\/\/benoitdegraux.com\/wp-content\/uploads\/2017\/03\/Navionics-Platinium-Plus-small-Hamburg-Dunkerque-Code-5P398XL-600x368.png 600w\" sizes=\"(max-width: 451px) 100vw, 451px\" \/><\/h2>\n<\/div>\n<div class=\"product-title-desktop\">\n<div class=\"page-title-wrapper\"><\/div>\n<\/div>\n<p style=\"text-align: center;\"><strong>Navionics Platinium+ (Small) Strait of Dover Code : 5P391XL<\/strong><\/p>\n<p><img loading=\"lazy\" decoding=\"async\" class=\"aligncenter  wp-image-1666\" src=\"https:\/\/benoitdegraux.com\/wp-content\/uploads\/2021\/05\/platinium-plus-small-Strait-of-Dover-5P391XL.png\" alt=\"\" width=\"441\" height=\"270\" srcset=\"https:\/\/benoitdegraux.com\/wp-content\/uploads\/2021\/05\/platinium-plus-small-Strait-of-Dover-5P391XL.png 717w, https:\/\/benoitdegraux.com\/wp-content\/uploads\/2021\/05\/platinium-plus-small-Strait-of-Dover-5P391XL-300x184.png 300w, https:\/\/benoitdegraux.com\/wp-content\/uploads\/2021\/05\/platinium-plus-small-Strait-of-Dover-5P391XL-150x92.png 150w, https:\/\/benoitdegraux.com\/wp-content\/uploads\/2021\/05\/platinium-plus-small-Strait-of-Dover-5P391XL-244x150.png 244w, https:\/\/benoitdegraux.com\/wp-content\/uploads\/2021\/05\/platinium-plus-small-Strait-of-Dover-5P391XL-600x368.png 600w\" sizes=\"(max-width: 441px) 100vw, 441px\" \/><\/p>\n","protected":false},"excerpt":{"rendered":"<p><img loading=\"lazy\" decoding=\"async\" class=\"aligncenter\" src=\"https:\/\/www.navionics.com\/media\/wysiwyg\/logos\/platinum-plus.png\" alt=\"PlatinumPlus\" width=\"271\" height=\"37\" \/><\/p>\n<h3><span style=\"color: #000000;\">Navionics Platinium Plus<\/span><\/h3>\n<p>Prix tarif conseill\u00e9 : 243 \u20ac TTC (Small) et 365 \u20ac TTC (large)<\/p>\n<p><span style=\"font-family: Arial, sans-serif;\"><span style=\"font-size: small;\">Les m\u00eames donn\u00e9es des mers et des lacs et les fonctions avanc\u00e9es comprises dans les cartes traceur Navionics+ sont incr\u00e9ment\u00e9es avec Vue 3D, Superposition satellite et Photos panoramiques des ports. Consultez notre large choix de services, comme les services aux ports, les points d\u2019int\u00e9r\u00eat locaux qui peuvent vous \u00eates tr\u00e8s utiles lors de vos navigations en zones inconnues. <\/span><\/span> <a class=\"continue-reading-link\" href=\"https:\/\/benoitdegraux.com\/index.php\/produit\/cartographie-marine-navionics-platinium\/\"> Continue reading <span class=\"meta-nav\">&rarr; <\/span><\/a><\/p>\n","protected":false},"featured_media":1064,"comment_status":"closed","ping_status":"closed","template":"","meta":[],"_links":{"self":[{"href":"https:\/\/benoitdegraux.com\/index.php\/wp-json\/wp\/v2\/product\/1664"}],"collection":[{"href":"https:\/\/benoitdegraux.com\/index.php\/wp-json\/wp\/v2\/product"}],"about":[{"href":"https:\/\/benoitdegraux.com\/index.php\/wp-json\/wp\/v2\/types\/product"}],"replies":[{"embeddable":true,"href":"https:\/\/benoitdegraux.com\/index.php\/wp-json\/wp\/v2\/comments?post=1664"}],"wp:featuredmedia":[{"embeddable":true,"href":"https:\/\/benoitdegraux.com\/index.php\/wp-json\/wp\/v2\/media\/1064"}],"wp:attachment":[{"href":"https:\/\/benoitdegraux.com\/index.php\/wp-json\/wp\/v2\/media?parent=1664"}],"curies":[{"name":"wp","href":"https:\/\/api.w.org\/{rel}","templated":true}]}}