{"id":1679,"date":"2025-02-05T01:52:51","date_gmt":"2025-02-05T00:52:51","guid":{"rendered":"http:\/\/benoitdegraux.com\/?post_type=product&#038;p=1679"},"modified":"2026-01-23T00:55:33","modified_gmt":"2026-01-22T23:55:33","slug":"batterie-bsr-lithium-lifepo4-24-v-50-a-1-sortie-sondeur-20amp","status":"publish","type":"product","link":"https:\/\/benoitdegraux.com\/index.php\/produit\/batterie-bsr-lithium-lifepo4-24-v-50-a-1-sortie-sondeur-20amp\/","title":{"rendered":"Batterie Lithium LifePo4 BSR PRESTIGE +  24V100A"},"content":{"rendered":"<p><strong>BATTERIE LITHIUM\u00a0 LIFEPO4 BSR PRESIGE+ GEN 3 24V100A<\/strong><\/p>\n<p><strong> La s\u00e9rie de valises batteries au lithium BSR PRESTIGE+<br \/>\na \u00e9t\u00e9 sp\u00e9cialement con\u00e7ue pour une utilisation intensive en navigation, avec une attention particuli\u00e8re port\u00e9e \u00e0 son adaptation optimale pour alimenter \u00e0 la fois les moteurs \u00e9lectriques \u00ae et l&rsquo;\u00e9lectronique\u00a0<\/strong><\/p>\n<p>NORME FEU : UL94 VO | ANTI-D\u00c9FLAGRATION | PROTECTION 360 ALLIAGE ANTIPARASITE<br \/>\nSTRUCTURE R\u00c9SISTANTE AUX CHOCS, AUX VIBRATIONS, AU SABLE &amp; \u00c0 L&rsquo;EAU DE MER<\/p>\n<p>APPLI BSR-LITHIUM qui fournit en instantan\u00e9 :<br \/>\n&#8211; Consommation<br \/>\n&#8211; Nombre de cycles<br \/>\n&#8211; Alerte s\u00e9curit\u00e9<br \/>\n&#8211; Surveillance cellule<br \/>\n&#8211; Equilibrage actif 1A<br \/>\n&#8211; Sav \u00e0 distance<\/p>\n<p>CONNECTIQUE<br \/>\n1 Prise Amph\u00e9nol 60A &gt; branchement moteur &amp; chargeur.<br \/>\n2 Prise rapide 30A &gt; sortie 12 volts r\u00e9gul\u00e9e pour \u00e9lectronique de bord<\/p>\n<p><img decoding=\"async\" src=\"https:\/\/www.bsr-france.com\/images\/Prestige__.png\" alt=\"Prestige \" \/><\/p>\n<p>CONNECTIQUE<br \/>\n1 Prise Amph\u00e9nol 60A &gt; branchement moteur &amp; chargeur.<br \/>\n2 Prise rapide 30A &gt; sortie 12 volts r\u00e9gul\u00e9e pour \u00e9lectronique de bord<\/p>\n<p>Valise Lithium Prestige+ &#8211; 12V 50Ah + 1 prise moteur + 1 prise sondeur + chargeur non \u00e9tanche BSR-VALG3P-1250 :\u00a0 899,00 \u20ac ttc<br \/>\nValise Lithium Prestige+ &#8211; 12V 100Ah + 1 prise moteur + 1 prise sondeur + chargeur non \u00e9tanche BSR-VALG3P-12100 :1 399,00 \u20ac ttc<br \/>\nValise Lithium Prestige+ &#8211; 24V 100Ah + 1 prise moteur + 1 prise sondeur + chargeur non \u00e9tanche BSR-VALG3P-24100 : 2 249,00 \u20ac ttc<br \/>\nValise Lithium Prestige+ &#8211; 36V 100Ah + 1 prise moteur + 1 prise sondeur + chargeur \u00e9tanche BSR-VALG3P-36100 : 3 299,00 \u20ac<br \/>\nValise Lithium Prestige+ &#8211; 36V 200Ah + 1 prise moteur + 1 prise sondeur + chargeur \u00e9tanche BSR-VALG3P-36200 : 4 699,00<\/p>\n<p><span class=\"fontstyle0\">PRISES MOTEUR DE RECHANGE <\/span><span class=\"fontstyle0\">POUR S\u00c9RIES PRESTIGE &amp; PRESTIGE+<\/span><\/p>\n<p><span class=\"fontstyle2\">Prise Amphenol femelle (cot\u00e9 moteur) 60A <\/span><span class=\"fontstyle0\">BSR-PRMOT : <\/span><span class=\"fontstyle0\">65,00 \u20ac ttc<\/span><br \/>\n<span class=\"fontstyle2\">Prise Amphenol m\u00e2le (cot\u00e9 valise) 60A <\/span><span class=\"fontstyle0\">BSR-PRMV : <\/span><span class=\"fontstyle0\">65,00 \u20ac ttc<\/span><\/p>\n<p><span class=\"fontstyle0\">PRISES SONDEURS <\/span><span class=\"fontstyle0\">POUR S\u00c9RIES PRESTIGE <\/span><span class=\"fontstyle0\">| <\/span><span class=\"fontstyle0\">PRESTIGE+ <\/span><span class=\"fontstyle0\">| <\/span><span class=\"fontstyle0\">BRUSHLESS <\/span><span class=\"fontstyle0\">| <\/span><span class=\"fontstyle0\">BRUSHLESS+<\/span><\/p>\n<p><span class=\"fontstyle2\">Prise femelle 30A <\/span><span class=\"fontstyle0\">BSR-PR30S : <\/span><span class=\"fontstyle0\">49,00 \u20ac ttc<\/span><br \/>\n<span class=\"fontstyle2\">Prise Sondeur en Y &#8211; C\u00e2ble en Y avec sortie sondeur 20A et sortie sonde LIVE <\/span><span class=\"fontstyle0\">BSR-YG3-MLI : <\/span><span class=\"fontstyle0\">79,00 \u20ac ttc<\/span><\/p>\n","protected":false},"excerpt":{"rendered":"<h1><img loading=\"lazy\" decoding=\"async\" class=\"aligncenter size-full wp-image-1643\" src=\"https:\/\/benoitdegraux.com\/wp-content\/uploads\/2021\/05\/bsr.jpg\" alt=\"\" width=\"214\" height=\"214\" srcset=\"https:\/\/benoitdegraux.com\/wp-content\/uploads\/2021\/05\/bsr.jpg 214w, https:\/\/benoitdegraux.com\/wp-content\/uploads\/2021\/05\/bsr-150x150.jpg 150w, https:\/\/benoitdegraux.com\/wp-content\/uploads\/2021\/05\/bsr-100x100.jpg 100w\" sizes=\"(max-width: 214px) 100vw, 214px\" \/><\/h1>\n<h4 class=\"h1\">Valise lithium LifePo4\u00a0 BSR PRESTIGE+ 24 V 100 A + 1 Sortie sondeur 30Amp<\/h4>\n<p><label>R\u00e9f\u00e9rence<\/label> <strong>VALG3P-24100<\/strong><br \/>\n<span class=\"editable\"><span class=\"libelle-fiche-prd\">Prix indicatif\u00a0 TTC :<\/span> 2249 \u20ac<\/span><\/p>\n<div id=\"short_description_block\">\n<div id=\"short_description_content\" class=\"rte align_justify\">\n<div class=\"product-features\">\n<ul>\n<li>garantie 4 Ans<\/li>\n<li>\u00c9tanche \u2013 IP68\/69<\/li>\n<li>Norme Feu : UL94 VO<\/li>\n<li>R\u00e9sistant au choc \u2013 vibration \u2013 sable \u2013 mer<\/li>\n<li>Fournie avec connecteurs pour moteur et sondeur + chargeur non \u00e9tanche<\/li>\n<\/ul>\n<\/div>\n<\/div>\n<\/div>\n<p> <a class=\"continue-reading-link\" href=\"https:\/\/benoitdegraux.com\/index.php\/produit\/batterie-bsr-lithium-lifepo4-24-v-50-a-1-sortie-sondeur-20amp\/\"> Continue reading <span class=\"meta-nav\">&rarr; <\/span><\/a><\/p>\n","protected":false},"featured_media":2140,"comment_status":"closed","ping_status":"closed","template":"","meta":[],"_links":{"self":[{"href":"https:\/\/benoitdegraux.com\/index.php\/wp-json\/wp\/v2\/product\/1679"}],"collection":[{"href":"https:\/\/benoitdegraux.com\/index.php\/wp-json\/wp\/v2\/product"}],"about":[{"href":"https:\/\/benoitdegraux.com\/index.php\/wp-json\/wp\/v2\/types\/product"}],"replies":[{"embeddable":true,"href":"https:\/\/benoitdegraux.com\/index.php\/wp-json\/wp\/v2\/comments?post=1679"}],"wp:featuredmedia":[{"embeddable":true,"href":"https:\/\/benoitdegraux.com\/index.php\/wp-json\/wp\/v2\/media\/2140"}],"wp:attachment":[{"href":"https:\/\/benoitdegraux.com\/index.php\/wp-json\/wp\/v2\/media?parent=1679"}],"curies":[{"name":"wp","href":"https:\/\/api.w.org\/{rel}","templated":true}]}}