{"id":1681,"date":"2022-02-05T02:06:50","date_gmt":"2022-02-05T01:06:50","guid":{"rendered":"http:\/\/benoitdegraux.com\/?post_type=product&#038;p=1681"},"modified":"2026-01-23T00:49:21","modified_gmt":"2026-01-22T23:49:21","slug":"chargeur-etanche-24v-pour-batteries-bsr","status":"publish","type":"product","link":"https:\/\/benoitdegraux.com\/index.php\/produit\/chargeur-etanche-24v-pour-batteries-bsr\/","title":{"rendered":"BSR Chargeur \u00e9tanche"},"content":{"rendered":"<p class=\"h1\">Chargeur 24V10A \u00e9tanche pour batterie BSR Prestige+ 24V 100A et 24V50A<\/p>\n<p class=\"h1\">Chargeur 12V10A\u00a0 \u00e9tanche pour batterie BSR Prestige+ 12V 100A et 12V50A<\/p>\n<p><span class=\"readonly\">\u00c9tanche \u2013 IP68\/6<\/span><\/p>\n<p><img decoding=\"async\" src=\"https:\/\/www.bsr-france.com\/images\/accueil\/Capture_d%C3%A9cran_2022-04-12_163634.png\" alt=\"Capture d\u00e9cran 2022 04 12 163634\" \/><\/p>\n<p>Les chargeurs\u00a0 \u00e9tanches sont \u00e9quip\u00e9s du connecteur\u00a0 ip68\/69 \u2013 salin \u00e0 visser<\/p>\n<p><img loading=\"lazy\" decoding=\"async\" class=\"aligncenter size-full wp-image-1669\" src=\"https:\/\/benoitdegraux.com\/wp-content\/uploads\/2021\/05\/bsr-fiche-sondeur.jpg\" alt=\"\" width=\"465\" height=\"312\" srcset=\"https:\/\/benoitdegraux.com\/wp-content\/uploads\/2021\/05\/bsr-fiche-sondeur.jpg 465w, https:\/\/benoitdegraux.com\/wp-content\/uploads\/2021\/05\/bsr-fiche-sondeur-300x201.jpg 300w, https:\/\/benoitdegraux.com\/wp-content\/uploads\/2021\/05\/bsr-fiche-sondeur-150x101.jpg 150w, https:\/\/benoitdegraux.com\/wp-content\/uploads\/2021\/05\/bsr-fiche-sondeur-224x150.jpg 224w\" sizes=\"(max-width: 465px) 100vw, 465px\" \/><\/p>\n<div class=\"cdescription content\">\n<p>&nbsp;<\/p>\n<\/div>\n<p>&nbsp;<\/p>\n","protected":false},"excerpt":{"rendered":"<h1><img loading=\"lazy\" decoding=\"async\" class=\"aligncenter size-full wp-image-1643\" src=\"https:\/\/benoitdegraux.com\/wp-content\/uploads\/2021\/05\/bsr.jpg\" alt=\"\" width=\"214\" height=\"214\" srcset=\"https:\/\/benoitdegraux.com\/wp-content\/uploads\/2021\/05\/bsr.jpg 214w, https:\/\/benoitdegraux.com\/wp-content\/uploads\/2021\/05\/bsr-150x150.jpg 150w, https:\/\/benoitdegraux.com\/wp-content\/uploads\/2021\/05\/bsr-100x100.jpg 100w\" sizes=\"(max-width: 214px) 100vw, 214px\" \/><\/h1>\n<h4 class=\"h1\">Chargeurs \u00e9tanches pour batteries BSR<\/h4>\n<p><label>R\u00e9f\u00e9rence<\/label> DL-CH2410 pour batteries 24V<br \/>\n<label>R\u00e9f\u00e9rence<\/label> DL-CH1210 pour batteries 12V<br \/>\n<span class=\"editable\"><span class=\"libelle-fiche-prd\">Prix indicatif\u00a0 TTC :<\/span> 199 \u20ac<\/span><\/p>\n<div id=\"short_description_block\">\n<div id=\"short_description_content\" class=\"rte align_justify\">\n<div class=\"product-features\">\n<ul>\n<li>garantie 4 Ans<\/li>\n<li>\u00c9tanche \u2013 IP68\/69<\/li>\n<\/ul>\n<\/div>\n<\/div>\n<\/div>\n<p> <a class=\"continue-reading-link\" href=\"https:\/\/benoitdegraux.com\/index.php\/produit\/chargeur-etanche-24v-pour-batteries-bsr\/\"> Continue reading <span class=\"meta-nav\">&rarr; <\/span><\/a><\/p>\n","protected":false},"featured_media":1682,"comment_status":"closed","ping_status":"closed","template":"","meta":[],"_links":{"self":[{"href":"https:\/\/benoitdegraux.com\/index.php\/wp-json\/wp\/v2\/product\/1681"}],"collection":[{"href":"https:\/\/benoitdegraux.com\/index.php\/wp-json\/wp\/v2\/product"}],"about":[{"href":"https:\/\/benoitdegraux.com\/index.php\/wp-json\/wp\/v2\/types\/product"}],"replies":[{"embeddable":true,"href":"https:\/\/benoitdegraux.com\/index.php\/wp-json\/wp\/v2\/comments?post=1681"}],"wp:featuredmedia":[{"embeddable":true,"href":"https:\/\/benoitdegraux.com\/index.php\/wp-json\/wp\/v2\/media\/1682"}],"wp:attachment":[{"href":"https:\/\/benoitdegraux.com\/index.php\/wp-json\/wp\/v2\/media?parent=1681"}],"curies":[{"name":"wp","href":"https:\/\/api.w.org\/{rel}","templated":true}]}}