{"id":1703,"date":"2022-02-11T11:02:08","date_gmt":"2022-02-11T10:02:08","guid":{"rendered":"http:\/\/benoitdegraux.com\/?post_type=product&#038;p=1703"},"modified":"2022-02-12T16:50:09","modified_gmt":"2022-02-12T15:50:09","slug":"moteur-minn-kota-traxxis","status":"publish","type":"product","link":"https:\/\/benoitdegraux.com\/index.php\/produit\/moteur-minn-kota-traxxis\/","title":{"rendered":"Minn Kota Traxxis"},"content":{"rendered":"<div class=\"cdescription content\">\n<p><strong>\u00a0Minn Kota Traxxis , une<\/strong><b> r\u00e9f\u00e9rence <\/b><span style=\"color: #000000;\"><b>parmi<\/b><\/span><b> les moteurs \u00e9lectriques !!!<\/b><\/p>\n<p>Le moteur Traxxis 80 est le moteur de sp\u00e9cialement d\u00e9di\u00e9 \u00e0 une utilisation en eau douce.<br \/>\nSilencieux et performant, le Traxxis 80 permet de naviguer en toute discr\u00e9tion dans vos zones de p\u00eache pr\u00e9f\u00e9r\u00e9es tout en r\u00e9gulant la consommation d&rsquo;\u00e9nergie gr\u00e2ce au syst\u00e8me Maximiser.<br \/>\nSa poign\u00e9e pivotante et t\u00e9lescopique, permet de p\u00eacher confortablement tout en gardant le contr\u00f4le du moteur et la direction du bateau.<br \/>\nDe plus, la jauge de batterie plac\u00e9 sur la t\u00eate du moteur permet de garder un oeil sur l&rsquo;\u00e9tat de charge de la batterie.<br \/>\nParticuli\u00e8rement appr\u00e9ci\u00e9 des p\u00eacheurs, il peut \u00eatre utilis\u00e9 en moteur principal sur une petite embarcation\u00a0 ou en propulseur d&rsquo;appoint sur des unit\u00e9s de taille sup\u00e9rieure.<\/p>\n<p><img loading=\"lazy\" decoding=\"async\" class=\"aligncenter size-full wp-image-1704\" src=\"https:\/\/benoitdegraux.com\/wp-content\/uploads\/2022\/02\/minn-kota-traxxis-02.jpg\" alt=\"\" width=\"500\" height=\"500\" srcset=\"https:\/\/benoitdegraux.com\/wp-content\/uploads\/2022\/02\/minn-kota-traxxis-02.jpg 500w, https:\/\/benoitdegraux.com\/wp-content\/uploads\/2022\/02\/minn-kota-traxxis-02-300x300.jpg 300w, https:\/\/benoitdegraux.com\/wp-content\/uploads\/2022\/02\/minn-kota-traxxis-02-150x150.jpg 150w, https:\/\/benoitdegraux.com\/wp-content\/uploads\/2022\/02\/minn-kota-traxxis-02-100x100.jpg 100w\" sizes=\"(max-width: 500px) 100vw, 500px\" \/><\/p>\n<p>&nbsp;<\/p>\n<p><img loading=\"lazy\" decoding=\"async\" title=\"Digital Maximizer\" src=\"https:\/\/minnkotamotors.johnsonoutdoors.com\/sites\/johnsonoutdoors-store\/files\/assets\/images\/MI\/M\/MIN_awardDigitalMax\/MIN_awardDigitalMax.png\" alt=\"Digital Maximizer\" width=\"144\" height=\"144\" \/><span id=\"award-badge-1\" class=\"award-badge\"><\/span><img loading=\"lazy\" decoding=\"async\" title=\"2-Year Warranty\" src=\"https:\/\/minnkotamotors.johnsonoutdoors.com\/sites\/johnsonoutdoors-store\/files\/assets\/images\/MI\/M\/MIN_award2YearWarranty\/MIN_award2YearWarranty.png\" alt=\"2-Year Warranty\" width=\"144\" height=\"144\" \/><\/p>\n<p><strong>SYST\u00c8ME DE VERROUILLAGE RAPIDE<\/strong><br \/>\nChanger la profondeur d\u2018 arbre simplement et en toute s\u00e9curit\u00e9 avec le syst\u00e8me de r\u00e9glage Quick-Lock. Il rend l\u2018ajustement de profondeur facile et son verrouillage \u00e0 toutes \u00e9preuve garde votre moteur \u00e0 la profondeur choisie.<\/p>\n<p><strong>R\u00c9GLAGE DE DIRECTION<\/strong><br \/>\nR\u00e9glez le bouton de tension de la direction afin de fournir une tension suffisante visant \u00e0 permettre au moteur de tourner librement, quelle que soit sa position sans rupture, ou serrez-le, pour mettre le moteur dans une position pr\u00e9d\u00e9finie et avoir les mains libres pour la p\u00eache.<\/p>\n<p><strong>POIGN\u00c9E INCLINABLE &amp; T\u00c9L\u00c9SCOPIQUE<\/strong><br \/>\nLa poign\u00e9e de contr\u00f4le peut pivoter de haut en bas sur 45\u00b0 pour permettre de p\u00eacher aussi bien assis que debout.<br \/>\nCoulissante, elle peut s\u2019\u00e9tendre de 15 cm avec cinq positions interm\u00e9diaires, procurant confort et contr\u00f4le accru.<\/p>\n<p><strong>SYST\u00c8ME DE RELEVAGE \u00c0 UNE MAIN<\/strong><br \/>\nLe syst\u00e8me de blocage et de d\u00e9blocage One-hand Stow permet d\u2019ab<dfn title=\"Le Syst\u00e8me d'identification automatique (SIA) ou Automatic Identification System (AIS) en anglais est un syst\u00e8me d'\u00e9changes automatis\u00e9s de messages entre navires par radio VHF qui permet aux navires et aux syst\u00e8mes de surveillance de trafic (CROSS en France) de conna\u00eetre l'identit\u00e9, le statut, la position et la route des navires se situant dans la zone de navigation.\">ais<\/dfn>ser le moteur \u00e0 la verticale ou de le relever \u00e0 l\u2019horizontale d\u2019une seule main, l<dfn title=\"Le Syst\u00e8me d'identification automatique (SIA) ou Automatic Identification System (AIS) en anglais est un syst\u00e8me d'\u00e9changes automatis\u00e9s de messages entre navires par radio VHF qui permet aux navires et aux syst\u00e8mes de surveillance de trafic (CROSS en France) de conna\u00eetre l'identit\u00e9, le statut, la position et la route des navires se situant dans la zone de navigation.\">ais<\/dfn>sant l\u2019autre libre pour les man\u0153uvres ou les activit\u00e9s de p\u00eache.<\/p>\n<p><strong>Caract\u00e9ristiques<\/strong><\/p>\n<div class=\"cdescription content\">\n<ul>\n<li><span style=\"color: #000000;\"><span class=\"clabel\">Tension batteries :\u00a0<\/span><span class=\"cvalue\">12 ou 24\u00a0<abbr title=\"Volts Courant Continu\">V<\/abbr><\/span><\/span><\/li>\n<li><span style=\"color: #000000;\">Puissance p<span class=\"clabel\">ouss\u00e9e :\u00a0<\/span><span class=\"cvalue\">40 Lbs &#8211; 55 Lbs &#8211; 70 Lbs &#8211; 80 Lbs<\/span><\/span><\/li>\n<li><span style=\"color: #000000;\"><span class=\"clabel\">Longueur d&rsquo;arbre :\u00a0<\/span><span class=\"cvalue\">91 cm et 107 cm<\/span><\/span><\/li>\n<li><span style=\"color: #000000;\"><span class=\"clabel\">Environnement :\u00a0<\/span><span class=\"cvalue\">Eaux douces<\/span><\/span><\/li>\n<li><span style=\"color: #000000;\"><span class=\"clabel\">Contr\u00f4le :\u00a0<\/span><span class=\"cvalue\">Maximizer<\/span><\/span><\/li>\n<li><span style=\"color: #000000;\"><span class=\"cvalue\">Indicateur de batterie\u00a0<\/span>int\u00e9gr\u00e9e.<\/span><\/li>\n<li><span style=\"color: #000000;\">H\u00e9lice Power Prop ou Weedless Wedge 2.<\/span><\/li>\n<li><span style=\"color: #000000;\"><span class=\"clabel\">Montage :\u00a0<\/span><span class=\"cvalue\">Tableau arri\u00e8re avec s<\/span><span class=\"clabel\">yst\u00e8me de fixation :\u00a0<\/span><span class=\"cvalue\">One Hand stow<\/span><\/span><\/li>\n<li><span style=\"color: #000000;\">Arbre en mat\u00e9riau composite indestructible \u00ab\u00a0Cool Quiet Power\u00a0\u00bb.<\/span><\/li>\n<li><span style=\"color: #000000;\">Syst\u00e8me permettant d\u2019ab<dfn title=\"Le Syst\u00e8me d'identification automatique (SIA) ou Automatic Identification System (AIS) en anglais est un syst\u00e8me d'\u00e9changes automatis\u00e9s de messages entre navires par radio VHF qui permet aux navires et aux syst\u00e8mes de surveillance de trafic (CROSS en France) de conna\u00eetre l'identit\u00e9, le statut, la position et la route des navires se situant dans la zone de navigation.\">ais<\/dfn>ser ou de relever le moteur d\u2019une seule main.<\/span><\/li>\n<li><span style=\"color: #000000;\">Poign\u00e9e inclinable sur 20\u00b0 pour pouvoir p\u00eacher assis ou debout. T\u00e9lescopique (54 cm ).<\/span><\/li>\n<li><span style=\"color: #000000;\">R\u00e9glage\u00a0<dfn title=\"Le Syst\u00e8me d'identification automatique (SIA) ou Automatic Identification System (AIS) en anglais est un syst\u00e8me d'\u00e9changes automatis\u00e9s de messages entre navires par radio VHF qui permet aux navires et aux syst\u00e8mes de surveillance de trafic (CROSS en France) de conna\u00eetre l'identit\u00e9, le statut, la position et la route des navires se situant dans la zone de navigation.\">ais<\/dfn>\u00e9 de la hauteur de l\u2019arbre gr\u00e2ce au syst\u00e8me de verrouillage rapide.<\/span><\/li>\n<\/ul>\n<table class=\"table\">\n<thead>\n<tr>\n<th id=\"opt-ref\">R\u00e9f\u00e9rence<\/th>\n<th id=\"opt-name\">D\u00e9signation<\/th>\n<th id=\"opt-price\">Prix indicatif<\/th>\n<\/tr>\n<\/thead>\n<tbody>\n<tr>\n<td class=\"ref\">MK-1368707M<\/td>\n<td class=\"name\">TRAXXIS 45 -91 cm &#8211; 45 Lbs &#8211; 12V &#8211; Vit. av\/arr : variable &#8211; maximizer<\/td>\n<td class=\"price\">629,00\u00a0\u20ac<\/td>\n<\/tr>\n<tr>\n<td class=\"ref\">MK-1368715M<\/td>\n<td class=\"name\">TRAXXIS 55 &#8211; 91 cm &#8211; 55 Lbs &#8211; 12V &#8211; Vit. av\/arr variable &#8211; maximizer<\/td>\n<td class=\"price\">699,00\u00a0\u20ac<\/td>\n<\/tr>\n<tr>\n<td class=\"ref\">MK-1368716M<\/td>\n<td class=\"name\">TRAXXIS 55 &#8211; 107 cm &#8211; 55 Lbs &#8211; 12V &#8211; Vit. av\/arr variable &#8211; maximizer<\/td>\n<td class=\"price\">719,00\u00a0\u20ac<\/td>\n<\/tr>\n<tr>\n<td class=\"ref\">MK-1368720M<\/td>\n<td class=\"name\">TRAXXIS 70 &#8211; 107 cm &#8211; 70 Lbs &#8211; 24V &#8211; Vit. av\/arr variable &#8211; maximizer<\/td>\n<td class=\"price\">899,00\u00a0\u20ac<\/td>\n<\/tr>\n<tr>\n<td class=\"ref\">MK-1368730M<\/td>\n<td class=\"name\">TRAXXIS 80 &#8211; 107 cm &#8211; 80 Lbs &#8211; 24V &#8211; Vit. av\/arr variable &#8211; maximizer<\/td>\n<td class=\"price\">1 089,00\u00a0\u20ac<\/td>\n<\/tr>\n<\/tbody>\n<\/table>\n<p>&nbsp;<\/p>\n<\/div>\n<\/div>\n<div class=\"product-description\">\n<div class=\"cdescription content\">\n<div class=\"ctitle\">\n<div class=\"cdescription content\"><\/div>\n<\/div>\n<\/div>\n<p><a href=\"https:\/\/benoitdegraux.com\/index.php\/contact\/\">Prix sur demande via le formulaire de la page \u00ab\u00a0Contact\u00a0\u00bb<\/a><\/p>\n<\/div>\n","protected":false},"excerpt":{"rendered":"<p><img loading=\"lazy\" decoding=\"async\" class=\"aligncenter size-full wp-image-1700\" src=\"https:\/\/benoitdegraux.com\/wp-content\/uploads\/2019\/03\/logo-minn-kota-01.jpg\" alt=\"\" width=\"766\" height=\"188\" srcset=\"https:\/\/benoitdegraux.com\/wp-content\/uploads\/2019\/03\/logo-minn-kota-01.jpg 766w, https:\/\/benoitdegraux.com\/wp-content\/uploads\/2019\/03\/logo-minn-kota-01-300x74.jpg 300w, https:\/\/benoitdegraux.com\/wp-content\/uploads\/2019\/03\/logo-minn-kota-01-150x37.jpg 150w, https:\/\/benoitdegraux.com\/wp-content\/uploads\/2019\/03\/logo-minn-kota-01-250x61.jpg 250w, https:\/\/benoitdegraux.com\/wp-content\/uploads\/2019\/03\/logo-minn-kota-01-600x147.jpg 600w\" sizes=\"(max-width: 766px) 100vw, 766px\" \/><\/p>\n<p><strong>Moteur \u00e9lectrique Minn Kota Traxxis<\/strong><\/p>\n<p><label class=\"label\">R\u00e9f\u00e9rence :<\/label> TRAXXIS<br \/>\n<span style=\"color: #000000;\"><span class=\"libelle-fiche-prd\">Prix indicatif TTC :<\/span> \u00e0 partir de 6<span class=\"price\">99<sup>\u20ac00<\/sup><\/span><\/span> <a class=\"continue-reading-link\" href=\"https:\/\/benoitdegraux.com\/index.php\/produit\/moteur-minn-kota-traxxis\/\"> Continue reading <span class=\"meta-nav\">&rarr; <\/span><\/a><\/p>\n","protected":false},"featured_media":1704,"comment_status":"closed","ping_status":"closed","template":"","meta":[],"_links":{"self":[{"href":"https:\/\/benoitdegraux.com\/index.php\/wp-json\/wp\/v2\/product\/1703"}],"collection":[{"href":"https:\/\/benoitdegraux.com\/index.php\/wp-json\/wp\/v2\/product"}],"about":[{"href":"https:\/\/benoitdegraux.com\/index.php\/wp-json\/wp\/v2\/types\/product"}],"replies":[{"embeddable":true,"href":"https:\/\/benoitdegraux.com\/index.php\/wp-json\/wp\/v2\/comments?post=1703"}],"wp:featuredmedia":[{"embeddable":true,"href":"https:\/\/benoitdegraux.com\/index.php\/wp-json\/wp\/v2\/media\/1704"}],"wp:attachment":[{"href":"https:\/\/benoitdegraux.com\/index.php\/wp-json\/wp\/v2\/media?parent=1703"}],"curies":[{"name":"wp","href":"https:\/\/api.w.org\/{rel}","templated":true}]}}