{"id":1714,"date":"2022-02-11T12:08:20","date_gmt":"2022-02-11T11:08:20","guid":{"rendered":"http:\/\/benoitdegraux.com\/?post_type=product&#038;p=1714"},"modified":"2022-02-12T16:49:54","modified_gmt":"2022-02-12T15:49:54","slug":"moteur-minn-kota-endura-max","status":"publish","type":"product","link":"https:\/\/benoitdegraux.com\/index.php\/produit\/moteur-minn-kota-endura-max\/","title":{"rendered":"Minn Kota  Endura MAX"},"content":{"rendered":"<div class=\"cdescription content\">\n<div class=\"cdescription content\">\n<div>\n<p><strong>Minn Kota\u00a0 ENDURO MAX , le moteur construit pour durer<\/strong><\/p>\n<p>La gamme Endura Max b\u00e9n\u00e9ficie du syst\u00e8me Maximizer, r\u00e9gulant les tours\/minute en fonction de la vitesse choisie et \u00e9vitant au moteur de tourner \u00e0 r\u00e9gime \u00e9lev\u00e9, m\u00eame \u00e0 basse vitesse de d\u00e9placement. D&rsquo;o\u00f9 un important gain dans la consommation \u00e9lectrique.<\/p>\n<p><img loading=\"lazy\" decoding=\"async\" class=\"aligncenter size-full wp-image-1718\" src=\"https:\/\/benoitdegraux.com\/wp-content\/uploads\/2022\/02\/minn-kota-endura-max-02.jpg\" alt=\"\" width=\"500\" height=\"500\" srcset=\"https:\/\/benoitdegraux.com\/wp-content\/uploads\/2022\/02\/minn-kota-endura-max-02.jpg 500w, https:\/\/benoitdegraux.com\/wp-content\/uploads\/2022\/02\/minn-kota-endura-max-02-300x300.jpg 300w, https:\/\/benoitdegraux.com\/wp-content\/uploads\/2022\/02\/minn-kota-endura-max-02-150x150.jpg 150w, https:\/\/benoitdegraux.com\/wp-content\/uploads\/2022\/02\/minn-kota-endura-max-02-100x100.jpg 100w\" sizes=\"(max-width: 500px) 100vw, 500px\" \/><\/p>\n<div class=\"awards-content\">\n<div class=\"commerce-product-field commerce-product-field-field-awardbadge field-field-awardbadge node-145981-product-field-awardbadge\">\n<div class=\"field-item odd award-badge--flipped\"><img loading=\"lazy\" decoding=\"async\" title=\"Digital Maximizer\" src=\"https:\/\/minnkotamotors.johnsonoutdoors.com\/sites\/johnsonoutdoors-store\/files\/assets\/images\/MI\/M\/MIN_awardDigitalMax\/MIN_awardDigitalMax.png\" alt=\"Digital Maximizer\" width=\"144\" height=\"144\" \/><img loading=\"lazy\" decoding=\"async\" title=\"2-Year Warranty\" src=\"https:\/\/minnkotamotors.johnsonoutdoors.com\/sites\/johnsonoutdoors-store\/files\/assets\/images\/MI\/M\/MIN_award2YearWarranty\/MIN_award2YearWarranty.png\" alt=\"2-Year Warranty\" width=\"144\" height=\"144\" \/><\/div>\n<div class=\"field-item odd award-badge--flipped\">\n<p><strong>JAUGE DE BATTERIE<\/strong><\/p>\n<p>\u00c0 la simple pression d\u2019un bouton, l\u2019indicateur qui permet de se rendre compte en permanence de l\u2019\u00e9tat de charge de la batterie et de conna\u00eetre l\u2019autonomie du syst\u00e8me de<br \/>\npropulsion \u00e9lectrique en mentionnant la quantit\u00e9 d\u2019\u00e9nergie restante.<\/p>\n<p><strong>SYST\u00c8ME COOL QUIET POWER<\/strong><br \/>\nIl dissipe la chaleur, m\u00eame dans des conditions d\u2019utilisation extr\u00eames. Les composants du moteur (bobinage, commutateur) sont dimensionn\u00e9s pour g\u00e9n\u00e9rer moins de chaleur et r\u00e9duire le bruit de rotation de l\u2019h\u00e9lice assurant une discr\u00e9tion maximale pour l\u2019approche des carnassiers m<dfn title=\"Le Syst\u00e8me d'identification automatique (SIA) ou Automatic Identification System (AIS) en anglais est un syst\u00e8me d'\u00e9changes automatis\u00e9s de messages entre navires par radio VHF qui permet aux navires et aux syst\u00e8mes de surveillance de trafic (CROSS en France) de conna\u00eetre l'identit\u00e9, le statut, la position et la route des navires se situant dans la zone de navigation.\">ais<\/dfn>\u00a0aussi et surtout allongeant la dur\u00e9e de vie du moteur.<\/p>\n<p><strong>POIGN\u00c9E T\u00c9L\u00c9SCOPIQUE<\/strong><br \/>\nLa poign\u00e9e de contr\u00f4le coulissante, elle peut s\u2019\u00e9tendre de 20 cm avec cinq positions interm\u00e9diaires, procurant confort et contr\u00f4le accru.<\/p>\n<p><strong>SUPPORT DE FIXATION MULTI-POSITIONS<\/strong><br \/>\nLe moteur ENDURA C2 poss\u00e8de un support de fixation \u00e0 10 positions, comprenant un levier de verrouillage \u00e0 d\u00e9gagement rapide .<br \/>\nDeux fois plus r\u00e9sistant qu\u2018un support basique, il est fabriqu\u00e9 dans un mat\u00e9riau composite renforc\u00e9 il r\u00e9siste \u00e0 la flexion, la d\u00e9formation et aux rayons UV.<\/p>\n<\/div>\n<\/div>\n<\/div>\n<\/div>\n<\/div>\n<div class=\"ctitle\"><strong>CARACT\u00c9RISTIQUES<\/strong><\/div>\n<div class=\"cdescription content\">\n<ul>\n<li><span class=\"clabel\">Tension batteries :\u00a0<\/span><span class=\"cvalue\">12\u00a0<abbr title=\"Volts Courant Continu\">V cc<\/abbr><\/span><\/li>\n<li>Puissance de 40 \u00e0 55 Lbs.<\/li>\n<li><span class=\"clabel\">Environnement :\u00a0<\/span><span class=\"cvalue\">Eaux douces<\/span><\/li>\n<li>Contr\u00f4le Maximizer.<\/li>\n<li>Testeur de charge.<\/li>\n<li>Poign\u00e9e ergonomique et t\u00e9lescopique sur tout les mod\u00e8les permettant de contr\u00f4ler \u00e0 distance la puissance du moteur et la direction du bateau.<\/li>\n<li>Arbre en mat\u00e9riau composite Cool quiet power<\/li>\n<li><span class=\"clabel\">Longueur d&rsquo;arbre :\u00a0<\/span><span class=\"cvalue\">91 cm<\/span><\/li>\n<li><span class=\"clabel\">Montage :\u00a0<\/span><span class=\"cvalue\">Tableau\u00a0<\/span>arri\u00e8re \u00e0 presses<\/li>\n<li>Support de fixation multi-positions en mat\u00e9riau composite.<\/li>\n<li><span class=\"clabel\">Type d&rsquo;h\u00e9lice : <\/span><span class=\"cvalue\">Power prop<\/span><\/li>\n<\/ul>\n<\/div>\n<\/div>\n<div class=\"cdescription content\">\n<div class=\"cdescription content\">\n<table class=\"table\">\n<thead>\n<tr>\n<th id=\"opt-ref\">R\u00e9f\u00e9rence<\/th>\n<th id=\"opt-name\">D\u00e9signation<\/th>\n<th id=\"opt-price\">Prix indicatif<\/th>\n<\/tr>\n<\/thead>\n<tbody>\n<tr>\n<td class=\"ref\">MK-1352140M<\/td>\n<td class=\"name\">Endura MAX40 &#8211; Maximizer -91 cm &#8211; 40 Lbs &#8211; 12V<\/td>\n<td class=\"price\">409,00\u00a0\u20ac<\/td>\n<\/tr>\n<tr>\n<td class=\"ref\">MK-1352145M<\/td>\n<td class=\"name\">Endura MAX45 &#8211; Maximizer &#8211; 91 cm &#8211; 45 Lbs &#8211; 12V<\/td>\n<td class=\"price\">439,00\u00a0\u20ac<\/td>\n<\/tr>\n<tr>\n<td class=\"ref\">MK-1352150M<\/td>\n<td class=\"name\">Endura MAX50 &#8211; Maximizer &#8211; 91 cm &#8211; 50 Lbs &#8211; 12V<\/td>\n<td class=\"price\">479,00\u00a0\u20ac<\/td>\n<\/tr>\n<tr>\n<td class=\"ref\">MK-1352155M<\/td>\n<td class=\"name\">Endura MAX55 &#8211; Maximizer &#8211; 91 cm &#8211; 55 Lbs &#8211; 12V<\/td>\n<td class=\"price\">519,00\u00a0\u20ac<\/td>\n<\/tr>\n<\/tbody>\n<\/table>\n<\/div>\n<p>&nbsp;<\/p>\n<p>&nbsp;<\/p>\n<\/div>\n<div class=\"product-description\">\n<div class=\"cdescription content\">\n<div class=\"ctitle\">\n<div class=\"cdescription content\"><\/div>\n<\/div>\n<\/div>\n<p><a href=\"https:\/\/benoitdegraux.com\/index.php\/contact\/\">Prix sur demande via le formulaire de la page \u00ab\u00a0Contact\u00a0\u00bb<\/a><\/p>\n<\/div>\n","protected":false},"excerpt":{"rendered":"<p><img loading=\"lazy\" decoding=\"async\" class=\"aligncenter size-full wp-image-1700\" src=\"https:\/\/benoitdegraux.com\/wp-content\/uploads\/2019\/03\/logo-minn-kota-01.jpg\" alt=\"\" width=\"766\" height=\"188\" srcset=\"https:\/\/benoitdegraux.com\/wp-content\/uploads\/2019\/03\/logo-minn-kota-01.jpg 766w, https:\/\/benoitdegraux.com\/wp-content\/uploads\/2019\/03\/logo-minn-kota-01-300x74.jpg 300w, https:\/\/benoitdegraux.com\/wp-content\/uploads\/2019\/03\/logo-minn-kota-01-150x37.jpg 150w, https:\/\/benoitdegraux.com\/wp-content\/uploads\/2019\/03\/logo-minn-kota-01-250x61.jpg 250w, https:\/\/benoitdegraux.com\/wp-content\/uploads\/2019\/03\/logo-minn-kota-01-600x147.jpg 600w\" sizes=\"(max-width: 766px) 100vw, 766px\" \/><\/p>\n<p><strong>Moteur \u00e9lectrique Minn Kota Endura MAX<\/strong><\/p>\n<p><label class=\"label\">R\u00e9f\u00e9rence :<\/label> Endura MAx<br \/>\n<span style=\"color: #000000;\"><span class=\"libelle-fiche-prd\">Prix indicatif TTC :<\/span> \u00e0 partir de 409 <span class=\"price\"><sup>\u20ac00<\/sup><\/span><\/span> <a class=\"continue-reading-link\" href=\"https:\/\/benoitdegraux.com\/index.php\/produit\/moteur-minn-kota-endura-max\/\"> Continue reading <span class=\"meta-nav\">&rarr; <\/span><\/a><\/p>\n","protected":false},"featured_media":1718,"comment_status":"closed","ping_status":"closed","template":"","meta":[],"_links":{"self":[{"href":"https:\/\/benoitdegraux.com\/index.php\/wp-json\/wp\/v2\/product\/1714"}],"collection":[{"href":"https:\/\/benoitdegraux.com\/index.php\/wp-json\/wp\/v2\/product"}],"about":[{"href":"https:\/\/benoitdegraux.com\/index.php\/wp-json\/wp\/v2\/types\/product"}],"replies":[{"embeddable":true,"href":"https:\/\/benoitdegraux.com\/index.php\/wp-json\/wp\/v2\/comments?post=1714"}],"wp:featuredmedia":[{"embeddable":true,"href":"https:\/\/benoitdegraux.com\/index.php\/wp-json\/wp\/v2\/media\/1718"}],"wp:attachment":[{"href":"https:\/\/benoitdegraux.com\/index.php\/wp-json\/wp\/v2\/media?parent=1714"}],"curies":[{"name":"wp","href":"https:\/\/api.w.org\/{rel}","templated":true}]}}