{"id":1721,"date":"2022-02-11T12:36:20","date_gmt":"2022-02-11T11:36:20","guid":{"rendered":"http:\/\/benoitdegraux.com\/?post_type=product&#038;p=1721"},"modified":"2022-02-12T16:49:18","modified_gmt":"2022-02-12T15:49:18","slug":"moteur-minn-kota-powerdrive-bt","status":"publish","type":"product","link":"https:\/\/benoitdegraux.com\/index.php\/produit\/moteur-minn-kota-powerdrive-bt\/","title":{"rendered":"Minn Kota  POWERDRIVE BT"},"content":{"rendered":"<div class=\"cdescription content\">\n<div class=\"cdescription content\">\n<div><\/div>\n<\/div>\n<\/div>\n<div class=\"product-description\">\n<div class=\"cdescription content\">\n<div class=\"ctitle\">\n<div class=\"cdescription content\">\n<div class=\"cdescription content\">\n<p><strong>Minn Kota POWERDRIVE BT , Le moteur SIMPLE m<dfn title=\"Le Syst\u00e8me d'identification automatique (SIA) ou Automatic Identification System (AIS) en anglais est un syst\u00e8me d'\u00e9changes automatis\u00e9s de messages entre navires par radio VHF qui permet aux navires et aux syst\u00e8mes de surveillance de trafic (CROSS  en France) de conna\u00eetre l'identit\u00e9, le statut, la position et la route des navires se situant dans la zone de navigation.\">ais<\/dfn>\u00a0EFFICACE<\/strong><\/p>\n<p>MONTAGE AVANT<\/p>\n<p><img loading=\"lazy\" decoding=\"async\" class=\"aligncenter size-full wp-image-1728\" src=\"https:\/\/benoitdegraux.com\/wp-content\/uploads\/2022\/02\/power-drive-bt-01.jpg\" alt=\"\" width=\"500\" height=\"500\" srcset=\"https:\/\/benoitdegraux.com\/wp-content\/uploads\/2022\/02\/power-drive-bt-01.jpg 500w, https:\/\/benoitdegraux.com\/wp-content\/uploads\/2022\/02\/power-drive-bt-01-300x300.jpg 300w, https:\/\/benoitdegraux.com\/wp-content\/uploads\/2022\/02\/power-drive-bt-01-150x150.jpg 150w, https:\/\/benoitdegraux.com\/wp-content\/uploads\/2022\/02\/power-drive-bt-01-100x100.jpg 100w\" sizes=\"(max-width: 500px) 100vw, 500px\" \/><\/p>\n<p>Le Powerdrive BT est le moteur \u00e9lectrique avant le plus simple et le plus performant sur le march\u00e9.<br \/>\nLa version IPilot BT apporte de nouvelles fonctions \u00e0 ce moteur d\u00e9j\u00e0 exceptionnel.<\/p>\n<p>* Pour les moteurs pr\u00e9-\u00e9quip\u00e9s IPilot BT, la p\u00e9dale n\u2019est pas fournie. Ce mod\u00e8le n\u2019est disponible en standard qu\u2019avec un seul syst\u00e8me de commande.<\/p>\n<ul>\n<li>Existe en version IPilot BT<\/li>\n<li>Nouvelle p\u00e9dale plus r\u00e9sistante<\/li>\n<li>Capteur Gyro en option pour am\u00e9liorer la pr\u00e9cision du I Pilot<\/li>\n<li>Application smartphone pour version I Pilot BT<\/li>\n<li>Micro T\u00e9l\u00e9commande<\/li>\n<\/ul>\n<p><img loading=\"lazy\" decoding=\"async\" title=\"i-Pilot\" src=\"https:\/\/minnkotamotors.johnsonoutdoors.com\/sites\/johnsonoutdoors-store\/files\/assets\/images\/MI\/M\/MIN_awardIP\/MIN_awardIP.png\" alt=\"i-Pilot\" width=\"144\" height=\"144\" \/><span id=\"award-badge-1\" class=\"award-badge\"><\/span><img loading=\"lazy\" decoding=\"async\" title=\"AutoPilot\" src=\"https:\/\/minnkotamotors.johnsonoutdoors.com\/sites\/johnsonoutdoors-store\/files\/assets\/images\/MI\/M\/MIN_awardAP\/MIN_awardAP.png\" alt=\"AutoPilot\" width=\"144\" height=\"144\" \/><img loading=\"lazy\" decoding=\"async\" title=\"Universal Sonar 2\" src=\"https:\/\/minnkotamotors.johnsonoutdoors.com\/sites\/johnsonoutdoors-store\/files\/assets\/images\/MI\/M\/MIN_awardUS2\/MIN_awardUS2.png\" alt=\"Universal Sonar 2\" width=\"144\" height=\"144\" \/><span id=\"award-badge-2\" class=\"award-badge\"><\/span><img loading=\"lazy\" decoding=\"async\" title=\"Digital Maximizer\" src=\"https:\/\/minnkotamotors.johnsonoutdoors.com\/sites\/johnsonoutdoors-store\/files\/assets\/images\/MI\/M\/MIN_awardDigitalMax\/MIN_awardDigitalMax.png\" alt=\"Digital Maximizer\" width=\"144\" height=\"144\" \/><span id=\"award-badge-3\" class=\"award-badge\"><\/span><img loading=\"lazy\" decoding=\"async\" title=\"2-Year Warranty\" src=\"https:\/\/minnkotamotors.johnsonoutdoors.com\/sites\/johnsonoutdoors-store\/files\/assets\/images\/MI\/M\/MIN_award2YearWarranty\/MIN_award2YearWarranty.png\" alt=\"2-Year Warranty\" width=\"144\" height=\"144\" \/><img loading=\"lazy\" decoding=\"async\" title=\"i-Pilot\" src=\"https:\/\/minnkotamotors.johnsonoutdoors.com\/sites\/johnsonoutdoors-store\/files\/assets\/images\/MI\/M\/MIN_awardIP\/MIN_awardIP.png\" alt=\"i-Pilot\" width=\"144\" height=\"144\" \/><\/p>\n<\/div>\n<ul class=\"\">\n<li>\n<div class=\"ctitle\">CARACT\u00c9RISTIQUES g\u00e9n\u00e9rales<\/div>\n<div class=\"cdescription content\">\n<ul>\n<li><span class=\"clabel\">Montage :\u00a0<\/span><span class=\"cvalue\">Avant<\/span><\/li>\n<li><span class=\"clabel\">Environnement :\u00a0<\/span><span class=\"cvalue\">Eaux douces<\/span><\/li>\n<li><span class=\"clabel\">Tension batteries :\u00a0<\/span><span class=\"cvalue\">12 ou 24\u00a0<abbr title=\"Volts Courant Continu\">V cc<\/abbr><\/span><\/li>\n<li>Puissance de 45 &#8211; 55 &#8211; 70 lbs.<\/li>\n<li><span class=\"clabel\">Longueurs d&rsquo;arbre :\u00a0<\/span><span class=\"cvalue\">122 cm &#8211; 137 cm<\/span><\/li>\n<li><span class=\"clabel\">Poids :\u00a0<\/span><span class=\"cvalue\">19\u00a0<abbr title=\"Kilogramme\">Kg<\/abbr><\/span><\/li>\n<li>Arbre en mat\u00e9riau composite \u00a0Cool Quiet Power.<\/li>\n<li><span class=\"clabel\">Syst\u00e8me de fixation :\u00a0<\/span><span class=\"cvalue\">Powerdrive<\/span><\/li>\n<li>Sonde int\u00e9gr\u00e9e sur mod\u00e8les Universal Sonar 2 (US2)<\/li>\n<li>P\u00e9dale de commande \u00e9lectrique*.<\/li>\n<li>Jauge de batterie int\u00e9gr\u00e9e.<\/li>\n<li>H\u00e9lice Power Prop sur 45 Lbs<\/li>\n<li>H\u00e9lice Weedless Wedge 2 (55-BT et 70-BT)<\/li>\n<li><span class=\"clabel\">Contr\u00f4le :\u00a0<\/span><span class=\"cvalue\">Maximizer<\/span><\/li>\n<li>P\u00e9dale de commande \u00e9lectrique (non fournie sur les mod\u00e8les pr\u00e9-install\u00e9s IPilot Bt)<\/li>\n<li><span class=\"cvalue\">T\u00e9l\u00e9commande CoPilot en option<\/span><\/li>\n<\/ul>\n<p>&nbsp;<\/p>\n<table class=\"table\">\n<thead>\n<tr>\n<th id=\"opt-ref\">R\u00e9f\u00e9rence<\/th>\n<th id=\"opt-name\">D\u00e9signation<\/th>\n<th id=\"opt-price\">Prix indicatif<\/th>\n<\/tr>\n<\/thead>\n<tbody>\n<tr>\n<td class=\"ref\">MK-1358790<\/td>\n<td class=\"name\">Powerdrive 45BT &#8211; 122 cm &#8211; 45 Lbs &#8211; 12 Vcc<\/td>\n<td class=\"price\">1 099,00\u00a0\u20ac<\/td>\n<\/tr>\n<tr>\n<td class=\"ref\">MK-1358792<\/td>\n<td class=\"name\">Powerdrive 45BT &#8211; 137cm &#8211; 45LBS &#8211; 12Vcc &#8211; SPOTLOCK<\/td>\n<td class=\"price\">1 349,00\u00a0\u20ac<\/td>\n<\/tr>\n<tr>\n<td class=\"ref\">MK-1358737<\/td>\n<td class=\"name\">Powerdrive 55BT &#8211; 137 cm &#8211; 55LBS &#8211; 12Vcc &#8211; Maximizer<\/td>\n<td class=\"price\">1 359,00\u00a0\u20ac<\/td>\n<\/tr>\n<tr>\n<td class=\"ref\">MK-1358748<\/td>\n<td class=\"name\">Powerdrive 55BT\/US2 &#8211; 137 cm -55LBS &#8211; 12Vcc &#8211; Avec P\u00e9dale<\/td>\n<td class=\"price\">1 499,00\u00a0\u20ac<\/td>\n<\/tr>\n<tr>\n<td class=\"ref\">MK-1358744<\/td>\n<td class=\"name\">Powerdrive 55BT -Ipilot BT-137 cm &#8211; 55LBS -12Vcc- sans p\u00e9dale<\/td>\n<td class=\"price\">2 089,00\u00a0\u20ac<\/td>\n<\/tr>\n<tr>\n<td class=\"ref\">MK-1358731<\/td>\n<td class=\"name\">Powerdrive 70BT -Ipilot BT-137 cm &#8211; 70LBS -24Vcc &#8211; sans p\u00e9dale<\/td>\n<td class=\"price\">2 349,00\u00a0\u20ac<\/td>\n<\/tr>\n<\/tbody>\n<\/table>\n<\/div>\n<\/li>\n<\/ul>\n<\/div>\n<\/div>\n<\/div>\n<p><a href=\"https:\/\/benoitdegraux.com\/index.php\/contact\/\">Prix sur demande via le formulaire de la page \u00ab\u00a0Contact\u00a0\u00bb<\/a><\/p>\n<\/div>\n","protected":false},"excerpt":{"rendered":"<p><img loading=\"lazy\" decoding=\"async\" class=\"aligncenter size-full wp-image-1700\" src=\"https:\/\/benoitdegraux.com\/wp-content\/uploads\/2019\/03\/logo-minn-kota-01.jpg\" alt=\"\" width=\"766\" height=\"188\" srcset=\"https:\/\/benoitdegraux.com\/wp-content\/uploads\/2019\/03\/logo-minn-kota-01.jpg 766w, https:\/\/benoitdegraux.com\/wp-content\/uploads\/2019\/03\/logo-minn-kota-01-300x74.jpg 300w, https:\/\/benoitdegraux.com\/wp-content\/uploads\/2019\/03\/logo-minn-kota-01-150x37.jpg 150w, https:\/\/benoitdegraux.com\/wp-content\/uploads\/2019\/03\/logo-minn-kota-01-250x61.jpg 250w, https:\/\/benoitdegraux.com\/wp-content\/uploads\/2019\/03\/logo-minn-kota-01-600x147.jpg 600w\" sizes=\"(max-width: 766px) 100vw, 766px\" \/><\/p>\n<p><strong>Moteur \u00e9lectrique Minn Kota POWERDRIVE BT<\/strong><\/p>\n<p><label class=\"label\">R\u00e9f\u00e9rence :<\/label> POWERDRIVE BT<br \/>\n<span style=\"color: #000000;\"><span class=\"libelle-fiche-prd\">Prix indicatif TTC :<\/span> \u00e0 partir de 1099 <span class=\"price\"><sup>\u20ac00<\/sup><\/span><\/span> <a class=\"continue-reading-link\" href=\"https:\/\/benoitdegraux.com\/index.php\/produit\/moteur-minn-kota-powerdrive-bt\/\"> Continue reading <span class=\"meta-nav\">&rarr; <\/span><\/a><\/p>\n","protected":false},"featured_media":1728,"comment_status":"closed","ping_status":"closed","template":"","meta":[],"_links":{"self":[{"href":"https:\/\/benoitdegraux.com\/index.php\/wp-json\/wp\/v2\/product\/1721"}],"collection":[{"href":"https:\/\/benoitdegraux.com\/index.php\/wp-json\/wp\/v2\/product"}],"about":[{"href":"https:\/\/benoitdegraux.com\/index.php\/wp-json\/wp\/v2\/types\/product"}],"replies":[{"embeddable":true,"href":"https:\/\/benoitdegraux.com\/index.php\/wp-json\/wp\/v2\/comments?post=1721"}],"wp:featuredmedia":[{"embeddable":true,"href":"https:\/\/benoitdegraux.com\/index.php\/wp-json\/wp\/v2\/media\/1728"}],"wp:attachment":[{"href":"https:\/\/benoitdegraux.com\/index.php\/wp-json\/wp\/v2\/media?parent=1721"}],"curies":[{"name":"wp","href":"https:\/\/api.w.org\/{rel}","templated":true}]}}