{"id":1742,"date":"2022-02-12T13:39:19","date_gmt":"2022-02-12T12:39:19","guid":{"rendered":"http:\/\/benoitdegraux.com\/?post_type=product&#038;p=1742"},"modified":"2022-02-12T16:12:00","modified_gmt":"2022-02-12T15:12:00","slug":"batteries-lithium-jarocells-24v100a","status":"publish","type":"product","link":"https:\/\/benoitdegraux.com\/index.php\/produit\/batteries-lithium-jarocells-24v100a\/","title":{"rendered":"JAROCELLS Batterie Lithium LifePo4 24V100A"},"content":{"rendered":"<p><span class=\"Y2IQFc\" lang=\"fr\">JAROCELLS <\/span>JARO-BT100.24<\/p>\n<p><span class=\"Y2IQFc\" lang=\"fr\">Depuis de nombreuses ann\u00e9es, la batterie lithium LifePo4 JAROCELLS BT100.24 d\u00e9montre ses performances dans les nombreux bateaux qui naviguent d\u00e9j\u00e0 avec ce produit. Cette batterie de servitude de 24.2 kg assure une alimentation continue durant toute la p\u00e9riode de d\u00e9charge. En pratique, elle est comparable \u00e0 4 batteries plomb-acide AMG12V100Ah de 30Kg chacune (total 120Kg). La batterie peut facilement \u00eatre connect\u00e9e en parall\u00e8le pour disposer de plus de puissance.\u00a0 La batterie est dot\u00e9e de la technologie BT avec laquelle vous pouvez lire tous les param\u00e8tres et l&rsquo;\u00e9tat de la batterie sur votre smartphone.\u00a0<\/span><\/p>\n<p><strong>Caract\u00e9ristiques<\/strong><br \/>\n<span class=\"Y2IQFc\" lang=\"fr\">JAROCELLS <\/span>JARO-BT100.21<br \/>\n<span class=\"Y2IQFc\" lang=\"fr\">Poids : 24.2 kg <\/span><br \/>\n<span class=\"Y2IQFc\" lang=\"fr\">Dimensions : 485 x 170 x 245 mm<\/span><br \/>\n<span class=\"Y2IQFc\" lang=\"fr\">Type : 25.6 V nominal 100 Ah <\/span><br \/>\n<span class=\"Y2IQFc\" lang=\"fr\">Tension 24V \u2013 29.2V <\/span><br \/>\n<span class=\"Y2IQFc\" lang=\"fr\">Courant de charge max : 80A continu <\/span><br \/>\n<span class=\"Y2IQFc\" lang=\"fr\">D\u00e9charge max. : 150A continu <\/span><br \/>\n<span class=\"Y2IQFc\" lang=\"fr\">Temp\u00e9rature de d\u00e9charge -20 \u00e0 + 60 C <\/span><br \/>\n<span class=\"Y2IQFc\" lang=\"fr\">Temp\u00e9rature de charge 0 \u00e0 + 45 C<\/span><\/p>\n<p><a href=\"https:\/\/jarocells.nl\/wp-content\/uploads\/2022\/02\/JC_handleidingBT_ENG.pdf\">Sp\u00e9cifications g\u00e9n\u00e9rales des batteries JAROCELLS BT<\/a><\/p>\n<p><a href=\"https:\/\/jarocells.nl\/wp-content\/uploads\/2018\/12\/BT100.24-technical-specification-V02.pdf\">Fiche technique d\u00e9taill\u00e9e de la JARO BT100.24\u00a0<\/a><\/p>\n<p>&nbsp;<\/p>\n","protected":false},"excerpt":{"rendered":"<p><img loading=\"lazy\" decoding=\"async\" class=\"wp-image-1734 aligncenter\" src=\"https:\/\/benoitdegraux.com\/wp-content\/uploads\/2022\/02\/jrocells-logo.jpg\" alt=\"\" width=\"190\" height=\"94\" srcset=\"https:\/\/benoitdegraux.com\/wp-content\/uploads\/2022\/02\/jrocells-logo.jpg 640w, https:\/\/benoitdegraux.com\/wp-content\/uploads\/2022\/02\/jrocells-logo-300x149.jpg 300w, https:\/\/benoitdegraux.com\/wp-content\/uploads\/2022\/02\/jrocells-logo-150x74.jpg 150w, https:\/\/benoitdegraux.com\/wp-content\/uploads\/2022\/02\/jrocells-logo-250x124.jpg 250w, https:\/\/benoitdegraux.com\/wp-content\/uploads\/2022\/02\/jrocells-logo-600x297.jpg 600w\" sizes=\"(max-width: 190px) 100vw, 190px\" \/><\/p>\n<p><strong>Batterie Lithium JAROCELLS LifePo4 24V100A<\/strong><br \/>\nR\u00e9ference : JARO BT100.24<br \/>\nPrix indicatif TTC : 2549.50 \u20ac<\/p>\n<p>&nbsp;<\/p>\n<p>&nbsp; <a class=\"continue-reading-link\" href=\"https:\/\/benoitdegraux.com\/index.php\/produit\/batteries-lithium-jarocells-24v100a\/\"> Continue reading <span class=\"meta-nav\">&rarr; <\/span><\/a><\/p>\n","protected":false},"featured_media":1743,"comment_status":"closed","ping_status":"closed","template":"","meta":[],"_links":{"self":[{"href":"https:\/\/benoitdegraux.com\/index.php\/wp-json\/wp\/v2\/product\/1742"}],"collection":[{"href":"https:\/\/benoitdegraux.com\/index.php\/wp-json\/wp\/v2\/product"}],"about":[{"href":"https:\/\/benoitdegraux.com\/index.php\/wp-json\/wp\/v2\/types\/product"}],"replies":[{"embeddable":true,"href":"https:\/\/benoitdegraux.com\/index.php\/wp-json\/wp\/v2\/comments?post=1742"}],"wp:featuredmedia":[{"embeddable":true,"href":"https:\/\/benoitdegraux.com\/index.php\/wp-json\/wp\/v2\/media\/1743"}],"wp:attachment":[{"href":"https:\/\/benoitdegraux.com\/index.php\/wp-json\/wp\/v2\/media?parent=1742"}],"curies":[{"name":"wp","href":"https:\/\/api.w.org\/{rel}","templated":true}]}}