{"id":1747,"date":"2022-02-12T14:22:41","date_gmt":"2022-02-12T13:22:41","guid":{"rendered":"http:\/\/benoitdegraux.com\/?post_type=product&#038;p=1747"},"modified":"2024-12-26T12:37:50","modified_gmt":"2024-12-26T11:37:50","slug":"jarocells-batterie-lithium-lifepo4-12v125a","status":"publish","type":"product","link":"https:\/\/benoitdegraux.com\/index.php\/produit\/jarocells-batterie-lithium-lifepo4-12v125a\/","title":{"rendered":"JAROCELLS Batterie Lithium LifePo4 12V150A"},"content":{"rendered":"<p><span class=\"Y2IQFc\" lang=\"fr\">JAROCELLS <\/span>JARO-BT150.12<\/p>\n<p><span class=\"\">Cette batterie JARO-BTP150.12 remplace notre pr\u00e9c\u00e9dent mod\u00e8le, la\u00a0<\/span><span class=\"\">JARO-BT125.12<\/span><span class=\"\">\u00a0. Rien n&rsquo;a chang\u00e9 dans le mod\u00e8le ou la technologie. Or, il contient d\u00e9sormais 20 % d\u2019\u00e9nergie en plus sans que le prix n\u2019ait chang\u00e9. Le secret est dans les cellules. Les cellules n\u2019ont pas non plus chang\u00e9 de taille, de forme et d\u2019origine. Mais le constructeur est d\u00e9sormais en mesure d\u2019y injecter 20 % d\u2019\u00e9nergie en plus.<\/span><\/p>\n<p>Cette batterie de service de 16,0 kg fournit une alimentation continue du plein au vide et est en pratique comparable \u00e0 deux batteries au plomb 12 V 150 Ah de +\/- 70 kg. La batterie peut facilement \u00eatre connect\u00e9e en parall\u00e8le. Si vous souhaitez du 24V, jetez un \u0153il aux batteries\u00a0JARO-BT60.24\u00a0ou\u00a0JARO-BT100.24\u00a0.<\/p>\n<p>Ce qui rend cette batterie encore plus sp\u00e9ciale, c&rsquo;est qu&rsquo;elle peut fournir un courant de 540A pendant 3 secondes. Cela correspond \u00e0 une batterie de d\u00e9marrage au plomb de 700 CCA. Notre batterie JARO-BT150.12 peut \u00e9galement \u00eatre utilis\u00e9e comme batterie de d\u00e9marrage.<\/p>\n<p>Les dimensions de cette batterie sont 318x165x215 mm (poids 16,0 kg)<\/p>\n<p>Bien entendu, cette batterie est \u00e9galement \u00e9quip\u00e9e de la technologie BT, qui vous permet de lire tout ce qui se passe dans votre batterie avec l&rsquo;\u00a0<a href=\"https:\/\/jarocells.nl\/informatie\/jarocells-app\/\">application JAROCELLS<\/a>\u00a0pour Android et iOS.<\/p>\n<p>Nous vous fournirons des conseils sur mesure et sans engagement pour l&rsquo;installation de ce type de batterie dans votre bateau ou camping-car. Avez-vous des \u00e9quipements 12V, 24V ou 36V ou une combinaison de ceux-ci ou avez-vous des chargeurs, des onduleurs ou des dynamos, nous pouvons vous apporter une solution adapt\u00e9e \u00e0 tout. Nous avons d\u00e9j\u00e0\u00a0r\u00e9alis\u00e9 de nombreux\u00a0projets r\u00e9ussis avec des clients tr\u00e8s satisfaits.<\/p>\n<p><strong>Caract\u00e9ristiques<\/strong><br \/>\n<span class=\"Y2IQFc\" lang=\"fr\">JAROCELLS <\/span>JARO-BT150.12<br \/>\n<span class=\"Y2IQFc\" lang=\"fr\">Poids : 16 kg <\/span><br \/>\n<span class=\"Y2IQFc\" lang=\"fr\">Dimensions : 31,8 \u00d7 16,5 \u00d7 21,5 cm <\/span><br \/>\n<span class=\"Y2IQFc\" lang=\"fr\">Type : 12,8 V nominal 150 Ah <\/span><br \/>\n<span class=\"Y2IQFc\" lang=\"fr\">Tension 10V \u2013 14.6V <\/span><br \/>\n<span class=\"Y2IQFc\" lang=\"fr\">Courant de charge max : 100A continu <\/span><br \/>\n<span class=\"Y2IQFc\" lang=\"fr\">D\u00e9charge max. : 100A continu <\/span><br \/>\n<span class=\"Y2IQFc\" lang=\"fr\">Temp\u00e9rature de d\u00e9charge -20 \u00e0 + 45 C <\/span><br \/>\n<span class=\"Y2IQFc\" lang=\"fr\">Temp\u00e9rature de charge 0 \u00e0 + 45 C<\/span><\/p>\n<p><a href=\"https:\/\/jarocells.nl\/wp-content\/uploads\/2022\/02\/JC_handleidingBT_ENG.pdf\">Sp\u00e9cifications g\u00e9n\u00e9rales des batteries JAROCELLS BT<\/a><\/p>\n<p>&nbsp;<\/p>\n","protected":false},"excerpt":{"rendered":"<p><img loading=\"lazy\" decoding=\"async\" class=\"wp-image-1734 aligncenter\" src=\"https:\/\/benoitdegraux.com\/wp-content\/uploads\/2022\/02\/jrocells-logo.jpg\" alt=\"\" width=\"190\" height=\"94\" srcset=\"https:\/\/benoitdegraux.com\/wp-content\/uploads\/2022\/02\/jrocells-logo.jpg 640w, https:\/\/benoitdegraux.com\/wp-content\/uploads\/2022\/02\/jrocells-logo-300x149.jpg 300w, https:\/\/benoitdegraux.com\/wp-content\/uploads\/2022\/02\/jrocells-logo-150x74.jpg 150w, https:\/\/benoitdegraux.com\/wp-content\/uploads\/2022\/02\/jrocells-logo-250x124.jpg 250w, https:\/\/benoitdegraux.com\/wp-content\/uploads\/2022\/02\/jrocells-logo-600x297.jpg 600w\" sizes=\"(max-width: 190px) 100vw, 190px\" \/><\/p>\n<p><strong>Batterie Lithium JAROCELLS LifePo4 12V150<\/strong><strong>A<\/strong><br \/>\nR\u00e9ference : JARO BT150.12<br \/>\nPrix indicatif TTC : 1569.50 \u20ac<\/p>\n<p>&nbsp;<\/p>\n<p>&nbsp; <a class=\"continue-reading-link\" href=\"https:\/\/benoitdegraux.com\/index.php\/produit\/jarocells-batterie-lithium-lifepo4-12v125a\/\"> Continue reading <span class=\"meta-nav\">&rarr; <\/span><\/a><\/p>\n","protected":false},"featured_media":1989,"comment_status":"closed","ping_status":"closed","template":"","meta":[],"_links":{"self":[{"href":"https:\/\/benoitdegraux.com\/index.php\/wp-json\/wp\/v2\/product\/1747"}],"collection":[{"href":"https:\/\/benoitdegraux.com\/index.php\/wp-json\/wp\/v2\/product"}],"about":[{"href":"https:\/\/benoitdegraux.com\/index.php\/wp-json\/wp\/v2\/types\/product"}],"replies":[{"embeddable":true,"href":"https:\/\/benoitdegraux.com\/index.php\/wp-json\/wp\/v2\/comments?post=1747"}],"wp:featuredmedia":[{"embeddable":true,"href":"https:\/\/benoitdegraux.com\/index.php\/wp-json\/wp\/v2\/media\/1989"}],"wp:attachment":[{"href":"https:\/\/benoitdegraux.com\/index.php\/wp-json\/wp\/v2\/media?parent=1747"}],"curies":[{"name":"wp","href":"https:\/\/api.w.org\/{rel}","templated":true}]}}