{"id":1752,"date":"2022-02-12T14:34:36","date_gmt":"2022-02-12T13:34:36","guid":{"rendered":"http:\/\/benoitdegraux.com\/?post_type=product&#038;p=1752"},"modified":"2024-12-26T12:52:45","modified_gmt":"2024-12-26T11:52:45","slug":"jarocells-batterie-lithium-lifepo4-12v20a","status":"publish","type":"product","link":"https:\/\/benoitdegraux.com\/index.php\/produit\/jarocells-batterie-lithium-lifepo4-12v20a\/","title":{"rendered":"JAROCELLS Batterie Lithium LifePo4 12V20A"},"content":{"rendered":"<p><span class=\"Y2IQFc\" lang=\"fr\">JAROCELLS <\/span>JARO-BT20.12<\/p>\n<p><span class=\"Y2IQFc\" lang=\"fr\">Le JARO-BT20.12 est un mod\u00e8le d&rsquo;entr\u00e9e de gamme parfait pour les moteurs \u00e9lectriques jusqu&rsquo;\u00e0 30lbs ou comme batterie de service pour vos appareils 12V.\u00a0 La batterie peut r\u00e9aliser\u00a0<\/span> +\/- 2000 cycle de charge, ce qui est 5 fois plus qu&rsquo;une batterie au plomb. La batterie ne p\u00e8se que 3,2 kg et est \u00e9galement disponible en mallette portable. En pratique vous pouvez comparer la JARO-BT20.12 \u00e0 une batterie plomb-acide 12V40Ah (28kg). Comme les autres mod\u00e8les de la gamme BT, cette version 20Ah offre la possibilit\u00e9 de lire l&rsquo;\u00e9tat de la batterie sur votre smrtphone.<\/p>\n<p><strong>Caract\u00e9ristiques<\/strong><br \/>\n<span class=\"Y2IQFc\" lang=\"fr\">JAROCELLS <\/span>JARO-BT20.12<br \/>\n<span class=\"Y2IQFc\" lang=\"fr\">Poids : 3.2 kg <\/span><br \/>\n<span class=\"Y2IQFc\" lang=\"fr\">Dimensions : 181 x 76 x 165 mm<\/span><br \/>\n<span class=\"Y2IQFc\" lang=\"fr\">Type : 12,8 V nominal 20 Ah <\/span><br \/>\n<span class=\"Y2IQFc\" lang=\"fr\">Tension 10V \u2013 14.6V <\/span><br \/>\n<span class=\"Y2IQFc\" lang=\"fr\">Courant de charge max : 20A continu <\/span><br \/>\n<span class=\"Y2IQFc\" lang=\"fr\">D\u00e9charge max. : 30A continu <\/span><br \/>\n<span class=\"Y2IQFc\" lang=\"fr\">Temp\u00e9rature de d\u00e9charge -20 \u00e0 + 45 C <\/span><br \/>\n<span class=\"Y2IQFc\" lang=\"fr\">Temp\u00e9rature de charge 0 \u00e0 + 45 C<\/span><\/p>\n<p><a href=\"https:\/\/jarocells.nl\/wp-content\/uploads\/2022\/02\/JC_handleidingBT_ENG.pdf\">Sp\u00e9cifications g\u00e9n\u00e9rales des batteries JAROCELLS BT<\/a><\/p>\n","protected":false},"excerpt":{"rendered":"<p><img loading=\"lazy\" decoding=\"async\" class=\"wp-image-1734 aligncenter\" src=\"https:\/\/benoitdegraux.com\/wp-content\/uploads\/2022\/02\/jrocells-logo.jpg\" alt=\"\" width=\"190\" height=\"94\" srcset=\"https:\/\/benoitdegraux.com\/wp-content\/uploads\/2022\/02\/jrocells-logo.jpg 640w, https:\/\/benoitdegraux.com\/wp-content\/uploads\/2022\/02\/jrocells-logo-300x149.jpg 300w, https:\/\/benoitdegraux.com\/wp-content\/uploads\/2022\/02\/jrocells-logo-150x74.jpg 150w, https:\/\/benoitdegraux.com\/wp-content\/uploads\/2022\/02\/jrocells-logo-250x124.jpg 250w, https:\/\/benoitdegraux.com\/wp-content\/uploads\/2022\/02\/jrocells-logo-600x297.jpg 600w\" sizes=\"(max-width: 190px) 100vw, 190px\" \/><\/p>\n<p><strong>Batterie Lithium JAROCELLS LifePo4 12v20A<\/strong><br \/>\nR\u00e9ference : JARO BT20.12<br \/>\nPrix indicatif TTC : 262.50 \u20ac<\/p>\n<p>&nbsp;<\/p>\n<p>&nbsp; <a class=\"continue-reading-link\" href=\"https:\/\/benoitdegraux.com\/index.php\/produit\/jarocells-batterie-lithium-lifepo4-12v20a\/\"> Continue reading <span class=\"meta-nav\">&rarr; <\/span><\/a><\/p>\n","protected":false},"featured_media":1756,"comment_status":"closed","ping_status":"closed","template":"","meta":[],"_links":{"self":[{"href":"https:\/\/benoitdegraux.com\/index.php\/wp-json\/wp\/v2\/product\/1752"}],"collection":[{"href":"https:\/\/benoitdegraux.com\/index.php\/wp-json\/wp\/v2\/product"}],"about":[{"href":"https:\/\/benoitdegraux.com\/index.php\/wp-json\/wp\/v2\/types\/product"}],"replies":[{"embeddable":true,"href":"https:\/\/benoitdegraux.com\/index.php\/wp-json\/wp\/v2\/comments?post=1752"}],"wp:featuredmedia":[{"embeddable":true,"href":"https:\/\/benoitdegraux.com\/index.php\/wp-json\/wp\/v2\/media\/1756"}],"wp:attachment":[{"href":"https:\/\/benoitdegraux.com\/index.php\/wp-json\/wp\/v2\/media?parent=1752"}],"curies":[{"name":"wp","href":"https:\/\/api.w.org\/{rel}","templated":true}]}}