{"id":1757,"date":"2022-02-12T16:54:48","date_gmt":"2022-02-12T15:54:48","guid":{"rendered":"http:\/\/benoitdegraux.com\/?post_type=product&#038;p=1757"},"modified":"2022-11-19T21:44:44","modified_gmt":"2022-11-19T20:44:44","slug":"flambeau-boites-de-rangement-etanche-double-profondeur","status":"publish","type":"product","link":"https:\/\/benoitdegraux.com\/index.php\/produit\/flambeau-boites-de-rangement-etanche-double-profondeur\/","title":{"rendered":"FLAMBEAU WP5012 Boites de rangement \u00e9tanche L profonde"},"content":{"rendered":"<p><b>FLAMBEAU WP5012\u00a0 Boite de rangement \u00e9tanche \u00ab\u00a0TUFF TAINER\u00a0\u00bb double profondeur avec <\/b><span style=\"color: #000000;\"><b>syst\u00e8me<\/b><\/span><b> anti-<\/b><span style=\"color: #000000;\"><b>corrosion<\/b><\/span><b> ZERUST<\/b><\/p>\n<p>La boite\u00a0 Flambeau WP5012 double profondeur avec protection Zerust offre un grand espace de stockage \u00e9tanche et r\u00e9sistant \u00e0 la rouille. Elle offre le moyen id\u00e9al pour stocker des leurres de grandes tailles, des bobines ou des outils encombrants. Construit avec un joint torique \u00e9tanche et trois fermetures herm\u00e9tiques, le Flambeau WP5012 Double Deep avec Zerust est id\u00e9al pour stocker une grande vari\u00e9t\u00e9 d&rsquo;articles sensibles \u00e0 l&rsquo;eau. Les\u00a0 5 s\u00e9parations\u00a0 Zerust vous permettront d&rsquo;organiser la boite jusqu&rsquo;\u00e0 12 compartiments<\/p>\n<p>Dimensions : 35,6 x 22,6 x 7,7 cm<\/p>\n","protected":false},"excerpt":{"rendered":"<p>&nbsp;<\/p>\n<p><img loading=\"lazy\" decoding=\"async\" class=\"aligncenter wp-image-1760\" src=\"https:\/\/benoitdegraux.com\/wp-content\/uploads\/2022\/02\/logo-flambeau.jpg\" alt=\"\" width=\"211\" height=\"92\" srcset=\"https:\/\/benoitdegraux.com\/wp-content\/uploads\/2022\/02\/logo-flambeau.jpg 340w, https:\/\/benoitdegraux.com\/wp-content\/uploads\/2022\/02\/logo-flambeau-300x131.jpg 300w, https:\/\/benoitdegraux.com\/wp-content\/uploads\/2022\/02\/logo-flambeau-150x65.jpg 150w, https:\/\/benoitdegraux.com\/wp-content\/uploads\/2022\/02\/logo-flambeau-250x109.jpg 250w\" sizes=\"(max-width: 211px) 100vw, 211px\" \/><br \/>\n<b>FLAMBEAU WP5012 Boite de rangement \u00e9tanche \u00ab\u00a0TUFF TAINER\u00a0\u00bb\u00a0<\/b><b>L profonde <\/b><b>anti-<\/b><span style=\"color: #000000;\"><b>corrosion<\/b><\/span><b> ZERUST\u00a0<\/b><\/p>\n<p>R\u00e9f\u00e9rence : 00102023<br \/>\nDimensions : 35,6 x 22,6 x 7,7 cm<br \/>\nPrix indicatif TTC : 20.95 \u20ac <a class=\"continue-reading-link\" href=\"https:\/\/benoitdegraux.com\/index.php\/produit\/flambeau-boites-de-rangement-etanche-double-profondeur\/\"> Continue reading <span class=\"meta-nav\">&rarr; <\/span><\/a><\/p>\n","protected":false},"featured_media":1758,"comment_status":"closed","ping_status":"closed","template":"","meta":[],"_links":{"self":[{"href":"https:\/\/benoitdegraux.com\/index.php\/wp-json\/wp\/v2\/product\/1757"}],"collection":[{"href":"https:\/\/benoitdegraux.com\/index.php\/wp-json\/wp\/v2\/product"}],"about":[{"href":"https:\/\/benoitdegraux.com\/index.php\/wp-json\/wp\/v2\/types\/product"}],"replies":[{"embeddable":true,"href":"https:\/\/benoitdegraux.com\/index.php\/wp-json\/wp\/v2\/comments?post=1757"}],"wp:featuredmedia":[{"embeddable":true,"href":"https:\/\/benoitdegraux.com\/index.php\/wp-json\/wp\/v2\/media\/1758"}],"wp:attachment":[{"href":"https:\/\/benoitdegraux.com\/index.php\/wp-json\/wp\/v2\/media?parent=1757"}],"curies":[{"name":"wp","href":"https:\/\/api.w.org\/{rel}","templated":true}]}}