{"id":1761,"date":"2022-02-12T17:26:11","date_gmt":"2022-02-12T16:26:11","guid":{"rendered":"http:\/\/benoitdegraux.com\/?post_type=product&#038;p=1761"},"modified":"2022-11-19T21:44:31","modified_gmt":"2022-11-19T20:44:31","slug":"flambeau-boites-de-rangement-etanche-simple-profondeur","status":"publish","type":"product","link":"https:\/\/benoitdegraux.com\/index.php\/produit\/flambeau-boites-de-rangement-etanche-simple-profondeur\/","title":{"rendered":"FLAMBEAU WP5005 Boites de rangement \u00e9tanche L"},"content":{"rendered":"<p><b>FLAMBEAU\u00a0 <span class=\"Y2IQFc\" lang=\"fr\">WP5005 <\/span>Boite de rangement \u00e9tanche \u00ab\u00a0TUFF TAINER\u00a0\u00bb avec <\/b><span style=\"color: #000000;\"><b>syst\u00e8me<\/b><\/span><b> anti-<\/b><span style=\"color: #000000;\"><b>corrosion<\/b><\/span><b> ZERUST<\/b><\/p>\n<p><span class=\"Y2IQFc\" lang=\"fr\">Cette bo\u00eete polyvalente est non seulement \u00e9tanche, mais aussi ANTIROUILLE gr\u00e2ce au syst\u00e8me anti-corrosion Zerust de Flambeau. Le WP5005 dispose de 5 compartiments fixes et de s\u00e9parateurs r\u00e9glables. <\/span><span class=\"Y2IQFc\" lang=\"fr\">Avec un joint torique \u00e9tanche, des fermetures \u00e9tanches et une conception robuste, cette bo\u00eete est id\u00e9ale pour ranger les articles sensibles \u00e0 l&rsquo;eau.\u00a0 <\/span><span class=\"Y2IQFc\" lang=\"fr\">Les 15 s\u00e9parateurs vous permettront d&rsquo;obtenir jusqu&rsquo;\u00e0 20 compartiments pour une organisation optimale de vos leurres ou votre mat\u00e9riel.<\/span><\/p>\n<p><span class=\"Y2IQFc\" lang=\"fr\">Dimensions : 35,5 x 22,6 x 5,3 cm<\/span><\/p>\n","protected":false},"excerpt":{"rendered":"<p>&nbsp;<\/p>\n<p><img loading=\"lazy\" decoding=\"async\" class=\"aligncenter wp-image-1760\" src=\"https:\/\/benoitdegraux.com\/wp-content\/uploads\/2022\/02\/logo-flambeau.jpg\" alt=\"\" width=\"211\" height=\"92\" srcset=\"https:\/\/benoitdegraux.com\/wp-content\/uploads\/2022\/02\/logo-flambeau.jpg 340w, https:\/\/benoitdegraux.com\/wp-content\/uploads\/2022\/02\/logo-flambeau-300x131.jpg 300w, https:\/\/benoitdegraux.com\/wp-content\/uploads\/2022\/02\/logo-flambeau-150x65.jpg 150w, https:\/\/benoitdegraux.com\/wp-content\/uploads\/2022\/02\/logo-flambeau-250x109.jpg 250w\" sizes=\"(max-width: 211px) 100vw, 211px\" \/><br \/>\n<b>FLAMBEAU WP5012 Boite de rangement \u00e9tanche \u00ab\u00a0TUFF TAINER\u00a0\u00bb\u00a0 <\/b><b>anti-<\/b><span style=\"color: #000000;\"><b>corrosion<\/b><\/span><b> ZERUST <\/b><br \/>\nR\u00e9f\u00e9rence : 00102022<br \/>\nDimensions : <span class=\"Y2IQFc\" lang=\"fr\">35,5 x 22,6 x 5,3 cm<\/span><br \/>\nPrix indicatif TTC : 19.95 \u20ac <a class=\"continue-reading-link\" href=\"https:\/\/benoitdegraux.com\/index.php\/produit\/flambeau-boites-de-rangement-etanche-simple-profondeur\/\"> Continue reading <span class=\"meta-nav\">&rarr; <\/span><\/a><\/p>\n","protected":false},"featured_media":1763,"comment_status":"closed","ping_status":"closed","template":"","meta":[],"_links":{"self":[{"href":"https:\/\/benoitdegraux.com\/index.php\/wp-json\/wp\/v2\/product\/1761"}],"collection":[{"href":"https:\/\/benoitdegraux.com\/index.php\/wp-json\/wp\/v2\/product"}],"about":[{"href":"https:\/\/benoitdegraux.com\/index.php\/wp-json\/wp\/v2\/types\/product"}],"replies":[{"embeddable":true,"href":"https:\/\/benoitdegraux.com\/index.php\/wp-json\/wp\/v2\/comments?post=1761"}],"wp:featuredmedia":[{"embeddable":true,"href":"https:\/\/benoitdegraux.com\/index.php\/wp-json\/wp\/v2\/media\/1763"}],"wp:attachment":[{"href":"https:\/\/benoitdegraux.com\/index.php\/wp-json\/wp\/v2\/media?parent=1761"}],"curies":[{"name":"wp","href":"https:\/\/api.w.org\/{rel}","templated":true}]}}