{"id":1767,"date":"2022-02-12T18:06:34","date_gmt":"2022-02-12T17:06:34","guid":{"rendered":"http:\/\/benoitdegraux.com\/?post_type=product&#038;p=1767"},"modified":"2022-11-19T21:44:02","modified_gmt":"2022-11-19T20:44:02","slug":"flambeau-wp4001-boite-de-rangement-etanche-s","status":"publish","type":"product","link":"https:\/\/benoitdegraux.com\/index.php\/produit\/flambeau-wp4001-boite-de-rangement-etanche-s\/","title":{"rendered":"FLAMBEAU WP4001 Boite de rangement \u00e9tanche S"},"content":{"rendered":"<p><b>FLAMBEAU\u00a0 <span class=\"Y2IQFc\" lang=\"fr\">WP4001<\/span><span class=\"Y2IQFc\" lang=\"fr\">\u00a0<\/span>Boite de rangement \u00e9tanche \u00ab\u00a0TUFF TAINER\u00a0\u00bb avec <\/b><span style=\"color: #000000;\"><b>syst\u00e8me<\/b><\/span><b> anti-<\/b><span style=\"color: #000000;\"><b>corrosion<\/b><\/span><b> ZERUST<\/b><\/p>\n<p><span class=\"Y2IQFc\" lang=\"fr\">Cette bo\u00eete polyvalente est non seulement \u00e9tanche, mais aussi ANTIROUILLE gr\u00e2ce au syst\u00e8me anti-corrosion Zerust de Flambeau. Le WP4005 dispose d&rsquo;un espace unique. <\/span><span class=\"Y2IQFc\" lang=\"fr\">Avec un joint torique \u00e9tanche, des fermetures \u00e9tanches et une conception robuste, cette bo\u00eete est id\u00e9ale pour ranger les articles sensibles \u00e0 l&rsquo;eau.\u00a0 Son<\/span><span class=\"Y2IQFc\" lang=\"fr\"> compartiment unique convient particuli\u00e8rement bien au rangement des leurres ou des pochettes de petits mat\u00e9riels.<\/span><\/p>\n<p><span class=\"Y2IQFc\" lang=\"fr\">Dimensions : 27.4 X 18.3 X 4.8 CM<\/span><\/p>\n<p>&nbsp;<\/p>\n<p>&nbsp;<\/p>\n","protected":false},"excerpt":{"rendered":"<p>&nbsp;<\/p>\n<p><img loading=\"lazy\" decoding=\"async\" class=\"aligncenter wp-image-1760\" src=\"https:\/\/benoitdegraux.com\/wp-content\/uploads\/2022\/02\/logo-flambeau.jpg\" alt=\"\" width=\"211\" height=\"92\" srcset=\"https:\/\/benoitdegraux.com\/wp-content\/uploads\/2022\/02\/logo-flambeau.jpg 340w, https:\/\/benoitdegraux.com\/wp-content\/uploads\/2022\/02\/logo-flambeau-300x131.jpg 300w, https:\/\/benoitdegraux.com\/wp-content\/uploads\/2022\/02\/logo-flambeau-150x65.jpg 150w, https:\/\/benoitdegraux.com\/wp-content\/uploads\/2022\/02\/logo-flambeau-250x109.jpg 250w\" sizes=\"(max-width: 211px) 100vw, 211px\" \/><br \/>\n<b>FLAMBEAU <span class=\"Y2IQFc\" lang=\"fr\">WP4001<\/span> Boite de rangement \u00e9tanche \u00ab\u00a0TUFF TAINER\u00a0\u00bb\u00a0 <\/b><b>anti-<\/b><span style=\"color: #000000;\"><b>corrosion<\/b><\/span><b> ZERUST <\/b><br \/>\nR\u00e9f\u00e9rence : 00102020<br \/>\nDimensions : <span class=\"Y2IQFc\" lang=\"fr\"> 27.4 X 18.3 X 4.8 CM<\/span><br \/>\nPrix indicatif TTC : 14.95 \u20ac <a class=\"continue-reading-link\" href=\"https:\/\/benoitdegraux.com\/index.php\/produit\/flambeau-wp4001-boite-de-rangement-etanche-s\/\"> Continue reading <span class=\"meta-nav\">&rarr; <\/span><\/a><\/p>\n","protected":false},"featured_media":1769,"comment_status":"closed","ping_status":"closed","template":"","meta":[],"_links":{"self":[{"href":"https:\/\/benoitdegraux.com\/index.php\/wp-json\/wp\/v2\/product\/1767"}],"collection":[{"href":"https:\/\/benoitdegraux.com\/index.php\/wp-json\/wp\/v2\/product"}],"about":[{"href":"https:\/\/benoitdegraux.com\/index.php\/wp-json\/wp\/v2\/types\/product"}],"replies":[{"embeddable":true,"href":"https:\/\/benoitdegraux.com\/index.php\/wp-json\/wp\/v2\/comments?post=1767"}],"wp:featuredmedia":[{"embeddable":true,"href":"https:\/\/benoitdegraux.com\/index.php\/wp-json\/wp\/v2\/media\/1769"}],"wp:attachment":[{"href":"https:\/\/benoitdegraux.com\/index.php\/wp-json\/wp\/v2\/media?parent=1767"}],"curies":[{"name":"wp","href":"https:\/\/api.w.org\/{rel}","templated":true}]}}