{"id":1777,"date":"2023-02-22T15:30:57","date_gmt":"2023-02-22T14:30:57","guid":{"rendered":"http:\/\/benoitdegraux.com\/?post_type=product&#038;p=1777"},"modified":"2026-03-16T00:00:24","modified_gmt":"2026-03-15T23:00:24","slug":"garmin-panoptix-livescope-plus","status":"publish","type":"product","link":"https:\/\/benoitdegraux.com\/index.php\/produit\/garmin-panoptix-livescope-plus\/","title":{"rendered":"GARMIN PANOPTIX LIVESCOPE PLUS"},"content":{"rendered":"<h3><strong style=\"font-size: 16px;\">Syst\u00e8me LiveScope Plus, avec sonde GLS 10 et LVS34<br \/>\nL&rsquo;EXCELLENCE VA ENCORE PLUS LOIN<\/strong><\/h3>\n<div class=\"app__overview__intro__description\">\n<p>La toute derni\u00e8re technologie LiveScope, le syst\u00e8me LiveScope\u00a0Plus, offre une meilleure r\u00e9solution, att\u00e9nue le bruit et affiche des images plus claires, avec une meilleure s\u00e9paration des cibles.<\/p>\n<\/div>\n<p><img loading=\"lazy\" decoding=\"async\" class=\"aligncenter wp-image-1782\" src=\"https:\/\/benoitdegraux.com\/wp-content\/uploads\/2022\/02\/garmin-livescope-plus-05-1024x291.jpg\" alt=\"\" width=\"500\" height=\"142\" srcset=\"https:\/\/benoitdegraux.com\/wp-content\/uploads\/2022\/02\/garmin-livescope-plus-05-1024x291.jpg 1024w, https:\/\/benoitdegraux.com\/wp-content\/uploads\/2022\/02\/garmin-livescope-plus-05-300x85.jpg 300w, https:\/\/benoitdegraux.com\/wp-content\/uploads\/2022\/02\/garmin-livescope-plus-05-768x218.jpg 768w, https:\/\/benoitdegraux.com\/wp-content\/uploads\/2022\/02\/garmin-livescope-plus-05-1536x437.jpg 1536w, https:\/\/benoitdegraux.com\/wp-content\/uploads\/2022\/02\/garmin-livescope-plus-05-150x43.jpg 150w, https:\/\/benoitdegraux.com\/wp-content\/uploads\/2022\/02\/garmin-livescope-plus-05-250x71.jpg 250w, https:\/\/benoitdegraux.com\/wp-content\/uploads\/2022\/02\/garmin-livescope-plus-05-600x171.jpg 600w, https:\/\/benoitdegraux.com\/wp-content\/uploads\/2022\/02\/garmin-livescope-plus-05.jpg 1600w\" sizes=\"(max-width: 500px) 100vw, 500px\" \/><\/p>\n<ul>\n<li>Visualisez nettement les images sur un \u00e9cran plus clair, gr\u00e2ce \u00e0 une sonde plus sensible et une meilleure s\u00e9paration des cibles.<\/li>\n<li>Surveillez les alentours avec des images plus nettes, une meilleure r\u00e9duction du bruit et moins d&rsquo;artefacts de sondeur.<\/li>\n<li>Mettez \u00e0 niveau votre Black Box LiveScope (module sondeur GLS\u00a010) avec une nouvelle sonde.<\/li>\n<li>Optimisez le contraste et la clart\u00e9 de vos images gr\u00e2ce \u00e0 des palettes de couleurs vives.<\/li>\n<li>Plus rien ne vous \u00e9chappera gr\u00e2ce aux modes vers l&rsquo;avant, vers le bas et perspective et aux supports ad\u00e9quats.<\/li>\n<\/ul>\n<p><iframe loading=\"lazy\" title=\"Garmin pr\u00e9sente LiveScope Plus : Sondeur \u00e0 balayage en temps r\u00e9el\" width=\"800\" height=\"450\" src=\"https:\/\/www.youtube.com\/embed\/cPVKKAuqy8E?start=4&#038;feature=oembed\" frameborder=\"0\" allow=\"accelerometer; autoplay; clipboard-write; encrypted-media; gyroscope; picture-in-picture; web-share\" referrerpolicy=\"strict-origin-when-cross-origin\" allowfullscreen><\/iframe><\/p>\n<p><strong>IMAGES EN TEMPS R\u00c9EL<\/strong><br \/>\nGr\u00e2ce au sondeur en temps r\u00e9el, vos images sont aussi pr\u00e9cises que possible.<\/p>\n<p><img loading=\"lazy\" decoding=\"async\" class=\"aligncenter wp-image-1783\" src=\"https:\/\/benoitdegraux.com\/wp-content\/uploads\/2022\/02\/garmin-livescope-plus-06.jpg\" alt=\"\" width=\"500\" height=\"375\" srcset=\"https:\/\/benoitdegraux.com\/wp-content\/uploads\/2022\/02\/garmin-livescope-plus-06.jpg 800w, https:\/\/benoitdegraux.com\/wp-content\/uploads\/2022\/02\/garmin-livescope-plus-06-300x225.jpg 300w, https:\/\/benoitdegraux.com\/wp-content\/uploads\/2022\/02\/garmin-livescope-plus-06-768x576.jpg 768w, https:\/\/benoitdegraux.com\/wp-content\/uploads\/2022\/02\/garmin-livescope-plus-06-150x113.jpg 150w, https:\/\/benoitdegraux.com\/wp-content\/uploads\/2022\/02\/garmin-livescope-plus-06-200x150.jpg 200w, https:\/\/benoitdegraux.com\/wp-content\/uploads\/2022\/02\/garmin-livescope-plus-06-600x450.jpg 600w\" sizes=\"(max-width: 500px) 100vw, 500px\" \/><strong>VISION CLAIRE<\/strong><br \/>\nAffichez les d\u00e9tails qui comptent avec moins de bruit et moins d&rsquo;artefacts de sondeur sur les images des poissons et de la structure du fond.<\/p>\n<p><img loading=\"lazy\" decoding=\"async\" class=\"aligncenter wp-image-1784\" src=\"https:\/\/benoitdegraux.com\/wp-content\/uploads\/2022\/02\/garmin-livescope-plus-07.jpg\" alt=\"\" width=\"500\" height=\"375\" srcset=\"https:\/\/benoitdegraux.com\/wp-content\/uploads\/2022\/02\/garmin-livescope-plus-07.jpg 800w, https:\/\/benoitdegraux.com\/wp-content\/uploads\/2022\/02\/garmin-livescope-plus-07-300x225.jpg 300w, https:\/\/benoitdegraux.com\/wp-content\/uploads\/2022\/02\/garmin-livescope-plus-07-768x576.jpg 768w, https:\/\/benoitdegraux.com\/wp-content\/uploads\/2022\/02\/garmin-livescope-plus-07-150x113.jpg 150w, https:\/\/benoitdegraux.com\/wp-content\/uploads\/2022\/02\/garmin-livescope-plus-07-200x150.jpg 200w, https:\/\/benoitdegraux.com\/wp-content\/uploads\/2022\/02\/garmin-livescope-plus-07-600x450.jpg 600w\" sizes=\"(max-width: 500px) 100vw, 500px\" \/><strong>STABILISATION D&rsquo;IMAGE<\/strong><br \/>\nUn syst\u00e8me de stabilisation int\u00e9gr\u00e9 assure la stabilit\u00e9 de l&rsquo;image du sondeur sur votre traceur compatible, m\u00eame dans des conditions difficiles.<\/p>\n<p><img loading=\"lazy\" decoding=\"async\" class=\"aligncenter wp-image-1785\" src=\"https:\/\/benoitdegraux.com\/wp-content\/uploads\/2022\/02\/garmin-livescope-plus-08.jpg\" alt=\"\" width=\"500\" height=\"375\" srcset=\"https:\/\/benoitdegraux.com\/wp-content\/uploads\/2022\/02\/garmin-livescope-plus-08.jpg 800w, https:\/\/benoitdegraux.com\/wp-content\/uploads\/2022\/02\/garmin-livescope-plus-08-300x225.jpg 300w, https:\/\/benoitdegraux.com\/wp-content\/uploads\/2022\/02\/garmin-livescope-plus-08-768x576.jpg 768w, https:\/\/benoitdegraux.com\/wp-content\/uploads\/2022\/02\/garmin-livescope-plus-08-150x113.jpg 150w, https:\/\/benoitdegraux.com\/wp-content\/uploads\/2022\/02\/garmin-livescope-plus-08-200x150.jpg 200w, https:\/\/benoitdegraux.com\/wp-content\/uploads\/2022\/02\/garmin-livescope-plus-08-600x450.jpg 600w\" sizes=\"(max-width: 500px) 100vw, 500px\" \/><strong>PALETTE DE COULEURS VIVES<\/strong><br \/>\nChoisissez parmi sept couleurs vives, dont le turquoise, le vert et le rouge, pour voir les poissons et les structures avec un maximum de contraste et de clart\u00e9.<\/p>\n<p><img loading=\"lazy\" decoding=\"async\" class=\"aligncenter wp-image-1786\" src=\"https:\/\/benoitdegraux.com\/wp-content\/uploads\/2022\/02\/garmin-livescope-plus-09.jpg\" alt=\"\" width=\"499\" height=\"374\" srcset=\"https:\/\/benoitdegraux.com\/wp-content\/uploads\/2022\/02\/garmin-livescope-plus-09.jpg 800w, https:\/\/benoitdegraux.com\/wp-content\/uploads\/2022\/02\/garmin-livescope-plus-09-300x225.jpg 300w, https:\/\/benoitdegraux.com\/wp-content\/uploads\/2022\/02\/garmin-livescope-plus-09-768x576.jpg 768w, https:\/\/benoitdegraux.com\/wp-content\/uploads\/2022\/02\/garmin-livescope-plus-09-150x113.jpg 150w, https:\/\/benoitdegraux.com\/wp-content\/uploads\/2022\/02\/garmin-livescope-plus-09-200x150.jpg 200w, https:\/\/benoitdegraux.com\/wp-content\/uploads\/2022\/02\/garmin-livescope-plus-09-600x450.jpg 600w\" sizes=\"(max-width: 499px) 100vw, 499px\" \/><\/p>\n<p><strong>EN MODE VERS FOWARD<\/strong><br \/>\nRegardez devant votre bateau pour voir ce qui s&rsquo;y passe en temps r\u00e9el.<\/p>\n<p><img loading=\"lazy\" decoding=\"async\" class=\"aligncenter wp-image-1787\" src=\"https:\/\/benoitdegraux.com\/wp-content\/uploads\/2022\/02\/garmin-livescope-plus-10.jpg\" alt=\"\" width=\"500\" height=\"375\" srcset=\"https:\/\/benoitdegraux.com\/wp-content\/uploads\/2022\/02\/garmin-livescope-plus-10.jpg 800w, https:\/\/benoitdegraux.com\/wp-content\/uploads\/2022\/02\/garmin-livescope-plus-10-300x225.jpg 300w, https:\/\/benoitdegraux.com\/wp-content\/uploads\/2022\/02\/garmin-livescope-plus-10-768x576.jpg 768w, https:\/\/benoitdegraux.com\/wp-content\/uploads\/2022\/02\/garmin-livescope-plus-10-150x113.jpg 150w, https:\/\/benoitdegraux.com\/wp-content\/uploads\/2022\/02\/garmin-livescope-plus-10-200x150.jpg 200w, https:\/\/benoitdegraux.com\/wp-content\/uploads\/2022\/02\/garmin-livescope-plus-10-600x450.jpg 600w\" sizes=\"(max-width: 500px) 100vw, 500px\" \/><\/p>\n<p><strong>EN MODE VERS DOWN<\/strong><br \/>\nD\u00e9couvrez en temps r\u00e9el l&rsquo;activit\u00e9 sous votre bateau.<\/p>\n<p><img loading=\"lazy\" decoding=\"async\" class=\"aligncenter wp-image-1788\" src=\"https:\/\/benoitdegraux.com\/wp-content\/uploads\/2022\/02\/garmin-livescope-plus-11.jpg\" alt=\"\" width=\"500\" height=\"375\" srcset=\"https:\/\/benoitdegraux.com\/wp-content\/uploads\/2022\/02\/garmin-livescope-plus-11.jpg 800w, https:\/\/benoitdegraux.com\/wp-content\/uploads\/2022\/02\/garmin-livescope-plus-11-300x225.jpg 300w, https:\/\/benoitdegraux.com\/wp-content\/uploads\/2022\/02\/garmin-livescope-plus-11-768x576.jpg 768w, https:\/\/benoitdegraux.com\/wp-content\/uploads\/2022\/02\/garmin-livescope-plus-11-150x113.jpg 150w, https:\/\/benoitdegraux.com\/wp-content\/uploads\/2022\/02\/garmin-livescope-plus-11-200x150.jpg 200w, https:\/\/benoitdegraux.com\/wp-content\/uploads\/2022\/02\/garmin-livescope-plus-11-600x450.jpg 600w\" sizes=\"(max-width: 500px) 100vw, 500px\" \/><\/p>\n<p><strong>EN MODE PERSPECTIVE<\/strong><br \/>\nRegardez sous la surface depuis votre perspective, au-dessus de l&rsquo;eau.<\/p>\n<p><img loading=\"lazy\" decoding=\"async\" class=\"aligncenter wp-image-1789\" src=\"https:\/\/benoitdegraux.com\/wp-content\/uploads\/2022\/02\/garmin-livescope-plus-12.jpg\" alt=\"\" width=\"500\" height=\"375\" srcset=\"https:\/\/benoitdegraux.com\/wp-content\/uploads\/2022\/02\/garmin-livescope-plus-12.jpg 800w, https:\/\/benoitdegraux.com\/wp-content\/uploads\/2022\/02\/garmin-livescope-plus-12-300x225.jpg 300w, https:\/\/benoitdegraux.com\/wp-content\/uploads\/2022\/02\/garmin-livescope-plus-12-768x576.jpg 768w, https:\/\/benoitdegraux.com\/wp-content\/uploads\/2022\/02\/garmin-livescope-plus-12-150x113.jpg 150w, https:\/\/benoitdegraux.com\/wp-content\/uploads\/2022\/02\/garmin-livescope-plus-12-200x150.jpg 200w, https:\/\/benoitdegraux.com\/wp-content\/uploads\/2022\/02\/garmin-livescope-plus-12-600x450.jpg 600w\" sizes=\"(max-width: 500px) 100vw, 500px\" \/><\/p>\n<p><strong>Caract\u00e9ristiques techniques :<\/strong><\/p>\n<ul>\n<li>Dimensions :<\/li>\n<li>Module sondeur GLS 10 : 24.5 x 14.9 x 6.5 cm<\/li>\n<li>Sonde LVS34 : 16.2 x 7.8 x 4.8 cm<\/li>\n<li>Poids :<\/li>\n<li>Module sondeur GLS 10 : 2.0 kg<\/li>\n<li>Sonde LVS34 : 1.2 kg<\/li>\n<li>Plage de temp\u00e9rature :<\/li>\n<li>Utilisation : -15\u00b0 C \u00e0 +70\u00b0 C<\/li>\n<li>Stockage : -40\u00b0 C \u00e0 85\u00b0 C<\/li>\n<li>Fr\u00e9quences : 530 &#8211; 1,100 kHz<\/li>\n<li>Port\u00e9e maximale (down et forwad) : 61.0 m<\/li>\n<li>Consommation : 21W en standard (58W maxi)<\/li>\n<li><span class=\"Y2IQFc\" lang=\"fr\">Largeur du faisceau : 20\u00b0 x 135\u00b0<\/span><\/li>\n<li>Alimentation : 10-32 V<\/li>\n<li>Dimensions de la bo\u00eete : 23.3 x 17.4 x 17.2 cm<\/li>\n<li>Poids de la bo\u00eete : 4.3 k<\/li>\n<\/ul>\n<p><strong>Dans la boite<\/strong><\/p>\n<ul>\n<li>LiveScope GLS 10 sonar black box<\/li>\n<li>Sonde Panoptix\u00a0LVS34<\/li>\n<li>Support en mode perspective<\/li>\n<li>Support pour le barillet du moteur \u00e9lectrique<\/li>\n<li>Support pour arbre<\/li>\n<li>C\u00e2ble d&rsquo;alimentation<\/li>\n<li>C\u00e2ble r\u00e9seau Garmin Marine Network de 2\u00a0m\u00e8tres (petit connecteur)<\/li>\n<li>C\u00e2ble adaptateur r\u00e9seau<\/li>\n<li>Documentation<\/li>\n<\/ul>\n","protected":false},"excerpt":{"rendered":"<p><img loading=\"lazy\" decoding=\"async\" class=\"wp-image-1143 alignnone\" src=\"https:\/\/benoitdegraux.com\/wp-content\/uploads\/2019\/06\/garmin-logo.png\" alt=\"\" width=\"150\" height=\"41\" srcset=\"https:\/\/benoitdegraux.com\/wp-content\/uploads\/2019\/06\/garmin-logo.png 1000w, https:\/\/benoitdegraux.com\/wp-content\/uploads\/2019\/06\/garmin-logo-300x81.png 300w, https:\/\/benoitdegraux.com\/wp-content\/uploads\/2019\/06\/garmin-logo-768x207.png 768w, https:\/\/benoitdegraux.com\/wp-content\/uploads\/2019\/06\/garmin-logo-150x41.png 150w, https:\/\/benoitdegraux.com\/wp-content\/uploads\/2019\/06\/garmin-logo-250x68.png 250w, https:\/\/benoitdegraux.com\/wp-content\/uploads\/2019\/06\/garmin-logo-600x162.png 600w\" sizes=\"(max-width: 150px) 100vw, 150px\" \/><\/p>\n<p id=\"js__product__info__name\" class=\"app__product__info__title\"><strong>Syst\u00e8me LiveScope Plus, avec sonde GLS 10 et LVS34<\/strong><br \/>\n<span id=\"js__product__info__part-number__label\">NUM\u00c9RO DE R\u00c9F\u00c9RENCE\u00a0<\/span><span id=\"js__product__info__part-number__text\" class=\"app__product__info__part-number--light\">010-02706-00<\/span><br \/>\nPrix indicatif : 2199 TTC<\/p>\n<p><strong>L&rsquo;EXCELLENCE VA ENCORE PLUS LOIN<\/strong><br \/>\nLa toute derni\u00e8re technologie LiveScope, le syst\u00e8me LiveScope Plus, offre une meilleure r\u00e9solution, att\u00e9nue le bruit et affiche des images plus claires, avec une meilleure s\u00e9paration des cibles.<\/p>\n<div class=\"app__overview__intro__description\">\n<p>&nbsp;<\/p>\n<\/div>\n<p> <a class=\"continue-reading-link\" href=\"https:\/\/benoitdegraux.com\/index.php\/produit\/garmin-panoptix-livescope-plus\/\"> Continue reading <span class=\"meta-nav\">&rarr; <\/span><\/a><\/p>\n","protected":false},"featured_media":1778,"comment_status":"closed","ping_status":"closed","template":"","meta":[],"_links":{"self":[{"href":"https:\/\/benoitdegraux.com\/index.php\/wp-json\/wp\/v2\/product\/1777"}],"collection":[{"href":"https:\/\/benoitdegraux.com\/index.php\/wp-json\/wp\/v2\/product"}],"about":[{"href":"https:\/\/benoitdegraux.com\/index.php\/wp-json\/wp\/v2\/types\/product"}],"replies":[{"embeddable":true,"href":"https:\/\/benoitdegraux.com\/index.php\/wp-json\/wp\/v2\/comments?post=1777"}],"wp:featuredmedia":[{"embeddable":true,"href":"https:\/\/benoitdegraux.com\/index.php\/wp-json\/wp\/v2\/media\/1778"}],"wp:attachment":[{"href":"https:\/\/benoitdegraux.com\/index.php\/wp-json\/wp\/v2\/media?parent=1777"}],"curies":[{"name":"wp","href":"https:\/\/api.w.org\/{rel}","templated":true}]}}