{"id":1844,"date":"2022-11-19T21:01:16","date_gmt":"2022-11-19T20:01:16","guid":{"rendered":"http:\/\/benoitdegraux.com\/?post_type=product&#038;p=1844"},"modified":"2022-11-19T21:34:08","modified_gmt":"2022-11-19T20:34:08","slug":"ram-bras-long-pour-boule-b","status":"publish","type":"product","link":"https:\/\/benoitdegraux.com\/index.php\/produit\/ram-bras-long-pour-boule-b\/","title":{"rendered":"Ram Mounts Bras long pour boule B"},"content":{"rendered":"<p><strong>CARACT\u00c9RISTIQUES<\/strong><\/p>\n<p>Le RAM-B-201U-C est un bras long qui peut recevoir des bases \u00e0 boule de taille B de 2.54 cm de diam\u00e8tre, des supports d&rsquo;appareils et des adaptateurs. Avec une longueur totale de 15.24 cm. Le bouton facile \u00e0 r\u00e9gler permet un r\u00e9glage presque infini pour votre appareil connect\u00e9.<br \/>\n<strong>DIMENSIONS DU PRODUIT<\/strong><br \/>\nLongueur totale : 15.24 cm<br \/>\n<strong>LONGUEUR DE BOULE \u00c0 BOULE<\/strong><br \/>\n13.49 cm<br \/>\n<strong>TAILLE DE BOULE<\/strong><br \/>\nTaille B (2.54 cm de diam\u00e8tre)<br \/>\n<strong>CAPACIT\u00c9 DE POIDS<\/strong><br \/>\n0.907 Kg<br \/>\n<strong>MAT\u00c9RIAUX<\/strong><br \/>\nAluminium de qualit\u00e9 marine<br \/>\n<strong>TYPE D&rsquo;EMBALLAGE<\/strong><br \/>\nSachet plastique<br \/>\n<strong>POIDS<\/strong><br \/>\n0.240 KG<br \/>\n<strong>DUR\u00c9E DE GARANTIE<\/strong><br \/>\nGarantie \u00e0 vie<\/p>\n","protected":false},"excerpt":{"rendered":"<p><img loading=\"lazy\" decoding=\"async\" class=\"wp-image-210 alignnone\" src=\"https:\/\/benoitdegraux.com\/wp-content\/uploads\/2017\/01\/RamMounts.jpg\" alt=\"\" width=\"146\" height=\"74\" srcset=\"https:\/\/benoitdegraux.com\/wp-content\/uploads\/2017\/01\/RamMounts.jpg 857w, https:\/\/benoitdegraux.com\/wp-content\/uploads\/2017\/01\/RamMounts-600x302.jpg 600w, https:\/\/benoitdegraux.com\/wp-content\/uploads\/2017\/01\/RamMounts-300x151.jpg 300w, https:\/\/benoitdegraux.com\/wp-content\/uploads\/2017\/01\/RamMounts-768x386.jpg 768w, https:\/\/benoitdegraux.com\/wp-content\/uploads\/2017\/01\/RamMounts-250x126.jpg 250w, https:\/\/benoitdegraux.com\/wp-content\/uploads\/2017\/01\/RamMounts-150x75.jpg 150w\" sizes=\"(max-width: 146px) 100vw, 146px\" \/><\/p>\n<div class=\"product-name\">\n<div class=\"product-name\">\n<div class=\"product-name\">\n<h3>Bras long pour boule B<\/h3>\n<\/div>\n<div>R\u00e9f\u00e9rence : RAM-B-201U-C<\/div>\n<div>Prix Indicatif : 33.23 \u20ac ttc<\/div>\n<div class=\"short-description no-border\">\n<div class=\"std\">\n<p>Le RAM-B-201U-C est un bras long \u00e9quip\u00e9 de boules de taille B avec une longueur totale de 15.24 cm<\/p>\n<\/div>\n<\/div>\n<\/div>\n<\/div>\n<div>\n<div class=\"short-description no-border\">\n<div class=\"std\">\n<p>&nbsp;<\/p>\n<p>&nbsp;<\/p>\n<\/div>\n<\/div>\n<\/div>\n<p> <a class=\"continue-reading-link\" href=\"https:\/\/benoitdegraux.com\/index.php\/produit\/ram-bras-long-pour-boule-b\/\"> Continue reading <span class=\"meta-nav\">&rarr; <\/span><\/a><\/p>\n","protected":false},"featured_media":1846,"comment_status":"closed","ping_status":"closed","template":"","meta":[],"_links":{"self":[{"href":"https:\/\/benoitdegraux.com\/index.php\/wp-json\/wp\/v2\/product\/1844"}],"collection":[{"href":"https:\/\/benoitdegraux.com\/index.php\/wp-json\/wp\/v2\/product"}],"about":[{"href":"https:\/\/benoitdegraux.com\/index.php\/wp-json\/wp\/v2\/types\/product"}],"replies":[{"embeddable":true,"href":"https:\/\/benoitdegraux.com\/index.php\/wp-json\/wp\/v2\/comments?post=1844"}],"wp:featuredmedia":[{"embeddable":true,"href":"https:\/\/benoitdegraux.com\/index.php\/wp-json\/wp\/v2\/media\/1846"}],"wp:attachment":[{"href":"https:\/\/benoitdegraux.com\/index.php\/wp-json\/wp\/v2\/media?parent=1844"}],"curies":[{"name":"wp","href":"https:\/\/api.w.org\/{rel}","templated":true}]}}