{"id":1864,"date":"2023-01-12T17:20:50","date_gmt":"2023-01-12T16:20:50","guid":{"rendered":"https:\/\/benoitdegraux.com\/?post_type=product&#038;p=1864"},"modified":"2023-01-12T17:57:52","modified_gmt":"2023-01-12T16:57:52","slug":"victron-blue-smart-charger-12-15","status":"publish","type":"product","link":"https:\/\/benoitdegraux.com\/index.php\/produit\/victron-blue-smart-charger-12-15\/","title":{"rendered":"Chargeur VICTRON Blue Smart 12\/15"},"content":{"rendered":"<p>Le chargeur Blue Smart IP65 est le nouveau chargeur de batterie professionnel avec Bluetooth int\u00e9gr\u00e9 ! Cette fonctionnalit\u00e9 permet de consulter les informations du chargeur sur smartphone, tablette ou ordinateur gr\u00e2ce \u00e0 l\u2019<a href=\"https:\/\/www.victronenergy.com\/support-and-downloads\/software#victronconnect-app\">appli VictronConnect<\/a>. Le chargeur Blue Smart IP65 peut \u00eatre utilis\u00e9 sur vos v\u00e9hicules moteurs tels que des voitures, des motos, des bateaux et des camping-cars.<\/p>\n<div class=\"productDetails__block productDetails__block--image productDetails__block--right\">\n<div class=\"productDetails__block-content\"><\/div>\n<\/div>\n<div class=\"productDetails__block productDetails__block--image productDetails__block--left\">\n<div class=\"productDetails__block-content\">\n<div class=\"productDetails__block-description\">\n<p>Autres caract\u00e9ristiques du chargeur Blue Smart IP65:<\/p>\n<\/div>\n<\/div>\n<\/div>\n<p>&#8211; Algorithme de charge intelligent \u00e0 sept \u00e9tapes<br \/>\n&#8211;\u00a0Restauration des batteries compl\u00e8tement d\u00e9charg\u00e9es<br \/>\n&#8211;\u00a0Fonction d\u2019alimentation automatique<br \/>\n&#8211;\u00a0Compensation automatique des temp\u00e9ratures basses ou \u00e9lev\u00e9es<br \/>\n&#8211;\u00a0Plusieurs caract\u00e9ristiques qui allongent la dur\u00e9e de vie de la batterie<br \/>\n&#8211;\u00a0Mode \u00ab\u00a0faible puissance\u00a0\u00bb pour recharger des batteries plus petites<br \/>\n&#8211;\u00a0Mode \u00ab\u00a0batterie Li-ion\u00a0\u00bb<br \/>\n&#8211;\u00a0R\u00e9sistance \u00e0 l\u2019eau, \u00e0 la poussi\u00e8re et aux produits chimiques<\/p>\n<p><strong>Inclus:<\/strong><\/p>\n<p>&#8211; Bornes de connexion<br \/>\n&#8211;\u00a0\u0152illets M8<\/p>\n<p><strong>Accessoires en option:<\/strong><\/p>\n<p>&#8211; Prise allume-cigare de 12\u00a0V avec fusible<br \/>\n&#8211;\u00a0C\u00e2ble d\u2019extension de 12\u00a0m<br \/>\n&#8211;\u00a0Bornes de connexion avec fusible<br \/>\n&#8211;\u00a0\u0152illet M6 avec fusible<\/p>\n","protected":false},"excerpt":{"rendered":"<div class=\"product-name\">\n<h1><img loading=\"lazy\" decoding=\"async\" class=\"size-full wp-image-1867 alignleft\" src=\"https:\/\/benoitdegraux.com\/wp-content\/uploads\/2023\/01\/VE_FP_webshop-1.jpg\" alt=\"\" width=\"265\" height=\"52\" srcset=\"https:\/\/benoitdegraux.com\/wp-content\/uploads\/2023\/01\/VE_FP_webshop-1.jpg 265w, https:\/\/benoitdegraux.com\/wp-content\/uploads\/2023\/01\/VE_FP_webshop-1-150x29.jpg 150w, https:\/\/benoitdegraux.com\/wp-content\/uploads\/2023\/01\/VE_FP_webshop-1-250x49.jpg 250w\" sizes=\"(max-width: 265px) 100vw, 265px\" \/><\/h1>\n<\/div>\n<p>&nbsp;<\/p>\n<p>&nbsp;<\/p>\n<p><strong>Chargeur VICTRON Blue Smart\u00a0 12 V \/15 A<\/strong><\/p>\n<p>BPC121531064R<br \/>\nCourant de charge (A): 15A<br \/>\nTension de batterie (VDC): 12VDC<br \/>\nNombre de sorties DC: 1<\/p>\n<p>Prix indicatif : <span id=\"product-price-14549\" class=\"old-price\"><span class=\"price\">\u20ac 216,66 \u20ac ttc<\/span><\/span> <a class=\"continue-reading-link\" href=\"https:\/\/benoitdegraux.com\/index.php\/produit\/victron-blue-smart-charger-12-15\/\"> Continue reading <span class=\"meta-nav\">&rarr; <\/span><\/a><\/p>\n","protected":false},"featured_media":1871,"comment_status":"closed","ping_status":"closed","template":"","meta":[],"_links":{"self":[{"href":"https:\/\/benoitdegraux.com\/index.php\/wp-json\/wp\/v2\/product\/1864"}],"collection":[{"href":"https:\/\/benoitdegraux.com\/index.php\/wp-json\/wp\/v2\/product"}],"about":[{"href":"https:\/\/benoitdegraux.com\/index.php\/wp-json\/wp\/v2\/types\/product"}],"replies":[{"embeddable":true,"href":"https:\/\/benoitdegraux.com\/index.php\/wp-json\/wp\/v2\/comments?post=1864"}],"wp:featuredmedia":[{"embeddable":true,"href":"https:\/\/benoitdegraux.com\/index.php\/wp-json\/wp\/v2\/media\/1871"}],"wp:attachment":[{"href":"https:\/\/benoitdegraux.com\/index.php\/wp-json\/wp\/v2\/media?parent=1864"}],"curies":[{"name":"wp","href":"https:\/\/api.w.org\/{rel}","templated":true}]}}