{"id":1874,"date":"2023-01-12T18:52:46","date_gmt":"2023-01-12T17:52:46","guid":{"rendered":"https:\/\/benoitdegraux.com\/?post_type=product&#038;p=1874"},"modified":"2023-01-12T21:08:50","modified_gmt":"2023-01-12T20:08:50","slug":"geoff-anderson-dozer6-noir","status":"publish","type":"product","link":"https:\/\/benoitdegraux.com\/index.php\/produit\/geoff-anderson-dozer6-noir\/","title":{"rendered":"Geoff Anderson Veste imperm\u00e9able Dozer6 Noir"},"content":{"rendered":"<h4 id=\"tw-target-text\" class=\"tw-data-text tw-text-large tw-ta\" dir=\"ltr\" data-placeholder=\"Traduction\"><strong><span class=\"Y2IQFc\" lang=\"fr\">Dozer6<\/span><\/strong><\/h4>\n<p><span class=\"Y2IQFc\" lang=\"fr\">Geoff Anderson c\u00e9l\u00e9br\u00e9 le 20e anniversaire de Dozer et Urus en pr\u00e9sentant le roi de toutes les versions &#8211; la version 6. Vous constaterez que tout est comme il a toujours \u00e9t\u00e9 &#8211; des mat\u00e9riaux parfaitement \u00e9quilibr\u00e9s et une conception pour des situations exigeantes, que vous attrapiez vos poissons du bord ou en bateau. Le design conserve les poches pratiques et hautement fonctionnelles qui ont caract\u00e9ris\u00e9 la veste Dozer et le pantalon Urus d\u00e8s le d\u00e9but. Look iconique et classique avec poches poitrine apparentes. Un design net et distinct qui c\u00e9l\u00e8bre la simplicit\u00e9 sans laisser \u00e9chapper une seule fonction.<\/span><\/p>\n<p><span class=\"Y2IQFc\" lang=\"fr\">Au cours de la fabrication, nous avons d\u00e9velopp\u00e9 le tissu afin que la dur\u00e9e de vie et l&rsquo;effet d\u00e9perlant \/ imperm\u00e9abilit\u00e9 soient consid\u00e9rablement am\u00e9lior\u00e9s. Des fonctionnalit\u00e9s et des m\u00e9thodes d\u00e9taill\u00e9es sur mesure ont \u00e9t\u00e9 ajout\u00e9es, ce qui contribue \u00e9galement \u00e0 une r\u00e9sistance \u00e0 l&rsquo;usure plus \u00e9lev\u00e9e et \u00e0 une dur\u00e9e de vie prolong\u00e9e. 20 ans d&rsquo;\u00e9volution de Dozer\/Urus nous ont beaucoup appris.\u00a0 . La version 6 repr\u00e9sente une solide exp\u00e9rience dans ce que vous exigez en tant qu&rsquo;amateur de plein air qui vous guide vers le poisson de vos r\u00eaves. Le tissu 100% imperm\u00e9able et respirant vous assure une sensation s\u00e8che et confortable m\u00eame sous la pluie et le vent les plus forts. Dozer et Urus 6 ne craignent m\u00eame pas l&rsquo;eau sal\u00e9e. Conception totalement r\u00e9sistante \u00e0 l&rsquo;eau sal\u00e9e qui comprend la derni\u00e8re g\u00e9n\u00e9ration de fermetures \u00e0 glissi\u00e8re YKK\u00ae AquaGuard\u00ae.<\/span><\/p>\n<p class=\"tw-data-text tw-text-large tw-ta\" dir=\"ltr\" data-placeholder=\"Traduction\"><span class=\"Y2IQFc\" lang=\"fr\">Capuche \u00e0 la pointe de la technologie avec cordons de serrage r\u00e9glables d&rsquo;une seule main.Le syst\u00e8me de r\u00e9glage \u00e9lastique vous permet de personnaliser l&rsquo;ajustement \u00e0 votre t\u00eate m\u00eame si vous portez votre casquette farvorite. La nouvelle fermeture poignet\/poignet comprend notre derni\u00e8re fermeture Hypalon avec Velcro\u00ae moul\u00e9 et brevet\u00e9 La coupe de la veste a \u00e9t\u00e9 am\u00e9lior\u00e9e et ajust\u00e9e pour vous offrir une exp\u00e9rience encore meilleure lorsque vous l&rsquo;utilisez activement. Vous trouverez la version 6 plus spacieuse au niveau des \u00e9paules ainsi que de l&rsquo;avant-bras. De nouveaux plis sont ajout\u00e9s pour vous offrir une libert\u00e9 de mouvement encore meilleure. <\/span><\/p>\n<p class=\"tw-data-text tw-text-large tw-ta\" dir=\"ltr\" data-placeholder=\"Traduction\"><span class=\"Y2IQFc\" lang=\"fr\">Les poches: Deux poches avant r\u00e9sistantes \u00e0 l&rsquo;eau* plac\u00e9es \u00e0 hauteur de poitrine Deux poches inclin\u00e9es cach\u00e9es avec fermetures \u00e9clair Ykk\u00ae Une grande poche arri\u00e8re Poche int\u00e9rieure Napol\u00e9on cach\u00e9e derri\u00e8re des rabats. Imperm\u00e9able * Poches \u00e9tanches\/serr\u00e9es ; les poches sont \u00e9tanches contre la pluie, la neige et les \u00e9claboussures des vagues, par exemple. Si les poches sont submerg\u00e9es ou ne sont pas compl\u00e8tement zipp\u00e9es, l&rsquo;eau finira par p\u00e9n\u00e9trer. Vous resterez cependant au sec, m\u00eame si l&rsquo;int\u00e9rieur des poches se remplit d&rsquo;eau. <\/span><\/p>\n<p><iframe loading=\"lazy\" title=\"Dozer6 - The New Waterproof Fishing Jacket by Geoff Anderson\" width=\"800\" height=\"450\" src=\"https:\/\/www.youtube.com\/embed\/vTpCDwoOrUI?feature=oembed\" frameborder=\"0\" allow=\"accelerometer; autoplay; clipboard-write; encrypted-media; gyroscope; picture-in-picture; web-share\" allowfullscreen><\/iframe><\/p>\n","protected":false},"excerpt":{"rendered":"<p><img loading=\"lazy\" decoding=\"async\" class=\"wp-image-1875 aligncenter\" src=\"https:\/\/benoitdegraux.com\/wp-content\/uploads\/2023\/01\/telechargement.jpg\" alt=\"\" width=\"141\" height=\"94\" srcset=\"https:\/\/benoitdegraux.com\/wp-content\/uploads\/2023\/01\/telechargement.jpg 275w, https:\/\/benoitdegraux.com\/wp-content\/uploads\/2023\/01\/telechargement-150x100.jpg 150w, https:\/\/benoitdegraux.com\/wp-content\/uploads\/2023\/01\/telechargement-225x150.jpg 225w\" sizes=\"(max-width: 141px) 100vw, 141px\" \/><\/p>\n<header><\/header>\n<header><\/header>\n<p><strong>Veste imperm\u00e9able Geoff Anderson<\/strong><br \/>\nMod\u00e8le : Dozer6 Noir<br \/>\n<span class=\"is-block m-product-priceline\"><span class=\"h4 m-product-price\">Prix indicatif : 399.95 \u20ac ttc<\/span><\/span><\/p>\n<div class=\"m-product-offers\">\n<ul>\n<li id=\"tw-target-text\" class=\"tw-data-text tw-text-large tw-ta\" dir=\"ltr\" data-placeholder=\"Traduction\"><span class=\"Y2IQFc\" lang=\"fr\">Plus de 30.000 pi\u00e8ces vendues<\/span><\/li>\n<li class=\"tw-data-text tw-text-large tw-ta\" dir=\"ltr\" data-placeholder=\"Traduction\"><span class=\"Y2IQFc\" lang=\"fr\">Moins de 0,02% de retour<br \/>\n<\/span><\/li>\n<li class=\"tw-data-text tw-text-large tw-ta\" dir=\"ltr\" data-placeholder=\"Traduction\"><span class=\"Y2IQFc\" lang=\"fr\">100% \u00e9tanche<br \/>\n<\/span><\/li>\n<li class=\"tw-data-text tw-text-large tw-ta\" dir=\"ltr\" data-placeholder=\"Traduction\"><span class=\"Y2IQFc\" lang=\"fr\">Respirante<br \/>\n<\/span><\/li>\n<li class=\"tw-data-text tw-text-large tw-ta\" dir=\"ltr\" data-placeholder=\"Traduction\"><span class=\"Y2IQFc\" lang=\"fr\">Capuche soud\u00e9e<br \/>\n<\/span><\/li>\n<li class=\"tw-data-text tw-text-large tw-ta\" dir=\"ltr\" data-placeholder=\"Traduction\"><span class=\"Y2IQFc\" lang=\"fr\">Doublure l\u00e9g\u00e8re en micro polaire<\/span><\/li>\n<li class=\"tw-data-text tw-text-large tw-ta\" dir=\"ltr\" data-placeholder=\"Traduction\"><span class=\"Y2IQFc\" lang=\"fr\">Poches d&rsquo;a\u00e9ration<\/span><\/li>\n<li class=\"tw-data-text tw-text-large tw-ta\" dir=\"ltr\" data-placeholder=\"Traduction\"><span class=\"Y2IQFc\" lang=\"fr\">Grande poche arri\u00e8re<\/span><\/li>\n<li class=\"tw-data-text tw-text-large tw-ta\" dir=\"ltr\" data-placeholder=\"Traduction\"><span class=\"Y2IQFc\" lang=\"fr\">Gants int\u00e9gr\u00e9s<\/span><\/li>\n<li>Tailles disponibles de S \u00e0 XXXL<\/li>\n<\/ul>\n<\/div>\n<p> <a class=\"continue-reading-link\" href=\"https:\/\/benoitdegraux.com\/index.php\/produit\/geoff-anderson-dozer6-noir\/\"> Continue reading <span class=\"meta-nav\">&rarr; <\/span><\/a><\/p>\n","protected":false},"featured_media":1876,"comment_status":"closed","ping_status":"closed","template":"","meta":[],"_links":{"self":[{"href":"https:\/\/benoitdegraux.com\/index.php\/wp-json\/wp\/v2\/product\/1874"}],"collection":[{"href":"https:\/\/benoitdegraux.com\/index.php\/wp-json\/wp\/v2\/product"}],"about":[{"href":"https:\/\/benoitdegraux.com\/index.php\/wp-json\/wp\/v2\/types\/product"}],"replies":[{"embeddable":true,"href":"https:\/\/benoitdegraux.com\/index.php\/wp-json\/wp\/v2\/comments?post=1874"}],"wp:featuredmedia":[{"embeddable":true,"href":"https:\/\/benoitdegraux.com\/index.php\/wp-json\/wp\/v2\/media\/1876"}],"wp:attachment":[{"href":"https:\/\/benoitdegraux.com\/index.php\/wp-json\/wp\/v2\/media?parent=1874"}],"curies":[{"name":"wp","href":"https:\/\/api.w.org\/{rel}","templated":true}]}}