{"id":1880,"date":"2023-01-12T19:20:39","date_gmt":"2023-01-12T18:20:39","guid":{"rendered":"https:\/\/benoitdegraux.com\/?post_type=product&#038;p=1880"},"modified":"2023-01-12T21:08:31","modified_gmt":"2023-01-12T20:08:31","slug":"geoff-anderson-urus-noir","status":"publish","type":"product","link":"https:\/\/benoitdegraux.com\/index.php\/produit\/geoff-anderson-urus-noir\/","title":{"rendered":"Geoff Anderson Pantalon imperm\u00e9able Urus Noir"},"content":{"rendered":"<h4 id=\"tw-target-text\" class=\"tw-data-text tw-text-large tw-ta\" dir=\"ltr\" data-placeholder=\"Traduction\"><strong><span class=\"Y2IQFc\" lang=\"fr\">URUS<\/span><\/strong><\/h4>\n<p><span class=\"Y2IQFc\" lang=\"fr\">Geoff Anderson c\u00e9l\u00e9br\u00e9 le 20e anniversaire de Dozer et Urus en pr\u00e9sentant le roi de toutes les versions &#8211; la version 6. Vous constaterez que tout est comme il a toujours \u00e9t\u00e9 &#8211; des mat\u00e9riaux parfaitement \u00e9quilibr\u00e9s et une conception pour des situations exigeantes, que vous attrapiez vos poissons du bord ou en bateau. Le design conserve les poches pratiques et hautement fonctionnelles qui ont caract\u00e9ris\u00e9 la veste Dozer et le pantalon Urus d\u00e8s le d\u00e9but. Look iconique et classique avec poches poitrine apparentes. Un design net et distinct qui c\u00e9l\u00e8bre la simplicit\u00e9 sans laisser \u00e9chapper une seule fonction.<\/span><\/p>\n<p><span class=\"Y2IQFc\" lang=\"fr\">Au cours de la fabrication, nous avons d\u00e9velopp\u00e9 le tissu afin que la dur\u00e9e de vie et l&rsquo;effet d\u00e9perlant \/ imperm\u00e9abilit\u00e9 soient consid\u00e9rablement am\u00e9lior\u00e9s. Des fonctionnalit\u00e9s et des m\u00e9thodes d\u00e9taill\u00e9es sur mesure ont \u00e9t\u00e9 ajout\u00e9es, ce qui contribue \u00e9galement \u00e0 une r\u00e9sistance \u00e0 l&rsquo;usure plus \u00e9lev\u00e9e et \u00e0 une dur\u00e9e de vie prolong\u00e9e. 20 ans d&rsquo;\u00e9volution de Dozer\/Urus nous ont beaucoup appris.\u00a0 . La version 6 repr\u00e9sente une solide exp\u00e9rience dans ce que vous exigez en tant qu&rsquo;amateur de plein air qui vous guide vers le poisson de vos r\u00eaves. Le tissu 100% imperm\u00e9able et respirant vous assure une sensation s\u00e8che et confortable m\u00eame sous la pluie et le vent les plus forts. Dozer et Urus 6 ne craignent m\u00eame pas l&rsquo;eau sal\u00e9e. Conception totalement r\u00e9sistante \u00e0 l&rsquo;eau sal\u00e9e qui comprend la derni\u00e8re g\u00e9n\u00e9ration de fermetures \u00e0 glissi\u00e8re YKK\u00ae AquaGuard\u00ae.<\/span><\/p>\n<p><span class=\"Y2IQFc\" lang=\"fr\">Urus 6\u00a0: Taille haute qui couvre votre dos. Bretelles r\u00e9glables incluses. La taille s&rsquo;ajustera exactement \u00e0 votre taille gr\u00e2ce \u00e0 une combinaison d&rsquo;\u00e9lastiqu\u00e9 et de velcro. Des zones de genoux et de boutons bien con\u00e7ues et spacieuses sp\u00e9cialement prot\u00e9g\u00e9es du froid vous offrent un excellent confort, en particulier lorsque vous \u00eates assis ou \u00e0 genoux. Verrouillage frontal avec fermeture \u00e9clair YKK \u00e9tanche. Une doublure l\u00e9g\u00e8re vous assure de b\u00e9n\u00e9ficier de ce confort suppl\u00e9mentaire lors d&rsquo;activit\u00e9s intenses. Les jambes ont des fermetures \u00e0 glissi\u00e8re imperm\u00e9ables extra longues et un nouveau syst\u00e8me de verrouillage con\u00e7u autour de vos bottes. Facile \u00e0 entrer et \u00e0 sortir. <\/span><\/p>\n<p><span class=\"Y2IQFc\" lang=\"fr\"> Les poches: &#8211; Deux poches inclin\u00e9es r\u00e9sistantes \u00e0 l&rsquo;eau. &#8211; Deux poches spacieuses sur les cuisses. Un avec une poche suppl\u00e9mentaire pour lesoutils.<\/span><\/p>\n<p><iframe loading=\"lazy\" title=\"Dozer6 og Urus6 fra Geoff Anderson - det perfekte makkerpar!\" width=\"800\" height=\"450\" src=\"https:\/\/www.youtube.com\/embed\/cbnPyPzQHfw?feature=oembed\" frameborder=\"0\" allow=\"accelerometer; autoplay; clipboard-write; encrypted-media; gyroscope; picture-in-picture; web-share\" allowfullscreen><\/iframe><\/p>\n","protected":false},"excerpt":{"rendered":"<p><img loading=\"lazy\" decoding=\"async\" class=\"wp-image-1875 aligncenter\" src=\"https:\/\/benoitdegraux.com\/wp-content\/uploads\/2023\/01\/telechargement.jpg\" alt=\"\" width=\"141\" height=\"94\" srcset=\"https:\/\/benoitdegraux.com\/wp-content\/uploads\/2023\/01\/telechargement.jpg 275w, https:\/\/benoitdegraux.com\/wp-content\/uploads\/2023\/01\/telechargement-150x100.jpg 150w, https:\/\/benoitdegraux.com\/wp-content\/uploads\/2023\/01\/telechargement-225x150.jpg 225w\" sizes=\"(max-width: 141px) 100vw, 141px\" \/><\/p>\n<header><\/header>\n<header><\/header>\n<p><strong>Pantalon imperm\u00e9able Geoff Anderson<\/strong><br \/>\nMod\u00e8le : URUS Noir<br \/>\n<span class=\"is-block m-product-priceline\"><span class=\"h4 m-product-price\">Prix indicatif : 339.95 \u20ac ttc<\/span><\/span><\/p>\n<div class=\"m-product-offers\">\n<ul>\n<li id=\"tw-target-text\" class=\"tw-data-text tw-text-large tw-ta\" dir=\"ltr\" data-placeholder=\"Traduction\"><span class=\"Y2IQFc\" lang=\"fr\">Genou et derri\u00e8re renforc\u00e9s <\/span><\/li>\n<li class=\"tw-data-text tw-text-large tw-ta\" dir=\"ltr\" data-placeholder=\"Traduction\"><span class=\"Y2IQFc\" lang=\"fr\">100% \u00e9tanche <\/span><\/li>\n<li class=\"tw-data-text tw-text-large tw-ta\" dir=\"ltr\" data-placeholder=\"Traduction\"><span class=\"Y2IQFc\" lang=\"fr\">Respirant <\/span><\/li>\n<li class=\"tw-data-text tw-text-large tw-ta\" dir=\"ltr\" data-placeholder=\"Traduction\"><span class=\"Y2IQFc\" lang=\"fr\">Poches extensibles <\/span><\/li>\n<li class=\"tw-data-text tw-text-large tw-ta\" dir=\"ltr\" data-placeholder=\"Traduction\"><span class=\"Y2IQFc\" lang=\"fr\">Bretelles \u00e9lastiques <\/span><\/li>\n<li class=\"tw-data-text tw-text-large tw-ta\" dir=\"ltr\" data-placeholder=\"Traduction\"><span class=\"Y2IQFc\" lang=\"fr\">Doublure l\u00e9g\u00e8re en micro polaire <\/span><\/li>\n<li class=\"tw-data-text tw-text-large tw-ta\" dir=\"ltr\" data-placeholder=\"Traduction\"><span class=\"Y2IQFc\" lang=\"fr\">Taille \u00e9lastiqu\u00e9e <\/span><\/li>\n<li class=\"tw-data-text tw-text-large tw-ta\" dir=\"ltr\" data-placeholder=\"Traduction\"><span class=\"Y2IQFc\" lang=\"fr\">Poches pour les mains avec fermetures \u00e9clair YKK\u00ae.<\/span><\/li>\n<li>Tailles disponibles de S \u00e0 XXXL<\/li>\n<li dir=\"ltr\" data-placeholder=\"Traduction\"><\/li>\n<\/ul>\n<\/div>\n<p> <a class=\"continue-reading-link\" href=\"https:\/\/benoitdegraux.com\/index.php\/produit\/geoff-anderson-urus-noir\/\"> Continue reading <span class=\"meta-nav\">&rarr; <\/span><\/a><\/p>\n","protected":false},"featured_media":1881,"comment_status":"closed","ping_status":"closed","template":"","meta":[],"_links":{"self":[{"href":"https:\/\/benoitdegraux.com\/index.php\/wp-json\/wp\/v2\/product\/1880"}],"collection":[{"href":"https:\/\/benoitdegraux.com\/index.php\/wp-json\/wp\/v2\/product"}],"about":[{"href":"https:\/\/benoitdegraux.com\/index.php\/wp-json\/wp\/v2\/types\/product"}],"replies":[{"embeddable":true,"href":"https:\/\/benoitdegraux.com\/index.php\/wp-json\/wp\/v2\/comments?post=1880"}],"wp:featuredmedia":[{"embeddable":true,"href":"https:\/\/benoitdegraux.com\/index.php\/wp-json\/wp\/v2\/media\/1881"}],"wp:attachment":[{"href":"https:\/\/benoitdegraux.com\/index.php\/wp-json\/wp\/v2\/media?parent=1880"}],"curies":[{"name":"wp","href":"https:\/\/api.w.org\/{rel}","templated":true}]}}