{"id":1887,"date":"2023-01-12T19:45:52","date_gmt":"2023-01-12T18:45:52","guid":{"rendered":"https:\/\/benoitdegraux.com\/?post_type=product&#038;p=1887"},"modified":"2023-01-12T21:07:12","modified_gmt":"2023-01-12T20:07:12","slug":"geoff-anderson-thermal3-jacket","status":"publish","type":"product","link":"https:\/\/benoitdegraux.com\/index.php\/produit\/geoff-anderson-thermal3-jacket\/","title":{"rendered":"Geoff Anderson Veste Polar Thermal3"},"content":{"rendered":"<p id=\"tw-target-text\" class=\"tw-data-text tw-text-large tw-ta\" dir=\"ltr\" data-placeholder=\"Traduction\"><span class=\"Y2IQFc\" lang=\"fr\">Con\u00e7u avec un ajustement parfait comprenant des parties lat\u00e9rales extensibles, la Thermal3 est veste polaire fonctionnelle ou une couche interm\u00e9diaire facile \u00e0 utiliser. La veste Thermal3 fait partie des technologies de recyclage Polartec\u00ae et repousse les limites de la science des tissus et de l&rsquo;\u00e9co-ing\u00e9nierie. Si vous cherchez \u00e0 augmenter la durabilit\u00e9 de vos v\u00eatements de p\u00eache, c&rsquo;est le style qui vous aidera \u00e0 y arriver. Avec 360 grammes. Polaire Polartec\u00ae ThermalPro\u00ae Shearling avec une construction \u00e0 poils longs. La veste Thermal3 est super respirante et r\u00e9gule la chaleur centrale gr\u00e2ce \u00e0 la structure en fibre gonfl\u00e9e. Coutures plates \u00e9lastiqu\u00e9es, incroyablement douces au toucher mais extr\u00eamement r\u00e9sistantes. La conception de la partie lat\u00e9rale cr\u00e9e des canaux d&rsquo;air ouverts pour une meilleure respirabilit\u00e9. Super extensible et en combinaison avec le pantalon Thermal, vous obtenez les meilleures performances et chaleur combin\u00e9es \u00e0 une libert\u00e9 de mouvement in\u00e9gal\u00e9e. Fermetures \u00e9clair YKK\u00ae solides. La fermeture \u00e9clair minimise les irritations de la peau. Col en Rentex\u00ae r\u00e9sistant \u00e0 l&rsquo;usure des frottements.<\/span><\/p>\n<p>&nbsp;<\/p>\n","protected":false},"excerpt":{"rendered":"<p><img loading=\"lazy\" decoding=\"async\" class=\"wp-image-1875 aligncenter\" src=\"https:\/\/benoitdegraux.com\/wp-content\/uploads\/2023\/01\/telechargement.jpg\" alt=\"\" width=\"141\" height=\"94\" srcset=\"https:\/\/benoitdegraux.com\/wp-content\/uploads\/2023\/01\/telechargement.jpg 275w, https:\/\/benoitdegraux.com\/wp-content\/uploads\/2023\/01\/telechargement-150x100.jpg 150w, https:\/\/benoitdegraux.com\/wp-content\/uploads\/2023\/01\/telechargement-225x150.jpg 225w\" sizes=\"(max-width: 141px) 100vw, 141px\" \/><\/p>\n<header><\/header>\n<header><\/header>\n<p><strong>Polar Thermal3 Jacket Geoff Anderson<\/strong><br \/>\nMod\u00e8le : Thermal3 JacketNoir<br \/>\n<span class=\"is-block m-product-priceline\"><span class=\"h4 m-product-price\">Prix indicatif : 179.95 \u20ac ttc<\/span><\/span><\/p>\n<div class=\"m-product-offers\">\n<ul>\n<li><span class=\"Y2IQFc\" lang=\"fr\">Polartec\u00ae avec parties lat\u00e9rales en Powerstretch\u00ae <\/span><\/li>\n<li><span class=\"Y2IQFc\" lang=\"fr\">Technologies Polartec\u00ae <\/span><\/li>\n<li><span class=\"Y2IQFc\" lang=\"fr\">Chaud et l\u00e9ger<\/span><\/li>\n<li><span class=\"Y2IQFc\" lang=\"fr\">S\u00e9chage <\/span><span class=\"Y2IQFc\" lang=\"fr\">rapide <\/span><\/li>\n<li><span class=\"Y2IQFc\" lang=\"fr\">Prot\u00e8ge-zip <\/span><\/li>\n<li><span class=\"Y2IQFc\" lang=\"fr\">3 poches \u00e0 verrouillage automatique YKK\u00ae <\/span><\/li>\n<li><span class=\"Y2IQFc\" lang=\"fr\">Durable comme aucun autre polaire <\/span><\/li>\n<li><span class=\"Y2IQFc\" lang=\"fr\">Tr\u00e8s respirant <\/span><\/li>\n<li><span class=\"Y2IQFc\" lang=\"fr\">Recycl\u00e9 et recyclable <\/span><\/li>\n<li><span class=\"Y2IQFc\" lang=\"fr\">Coutures plates \u00e9lastiqu\u00e9es <\/span><\/li>\n<li><span class=\"Y2IQFc\" lang=\"fr\">Ajustement de la taille <\/span><\/li>\n<li><span class=\"Y2IQFc\" lang=\"fr\">Doublure de poche solide Rentex\u00ae <\/span><\/li>\n<li><span class=\"Y2IQFc\" lang=\"fr\">R\u00e9siste \u00e0 l&rsquo;usure des frottements <\/span><\/li>\n<li><span class=\"Y2IQFc\" lang=\"fr\">Tissu Polartec\u00ae sous licence con\u00e7u au Danemark par une usine danoise<\/span><\/li>\n<li>Tailles disponibles de S \u00e0 XXXL<\/li>\n<\/ul>\n<div class=\"m-description-short-wrap\"><\/div>\n<\/div>\n<p> <a class=\"continue-reading-link\" href=\"https:\/\/benoitdegraux.com\/index.php\/produit\/geoff-anderson-thermal3-jacket\/\"> Continue reading <span class=\"meta-nav\">&rarr; <\/span><\/a><\/p>\n","protected":false},"featured_media":1888,"comment_status":"closed","ping_status":"closed","template":"","meta":[],"_links":{"self":[{"href":"https:\/\/benoitdegraux.com\/index.php\/wp-json\/wp\/v2\/product\/1887"}],"collection":[{"href":"https:\/\/benoitdegraux.com\/index.php\/wp-json\/wp\/v2\/product"}],"about":[{"href":"https:\/\/benoitdegraux.com\/index.php\/wp-json\/wp\/v2\/types\/product"}],"replies":[{"embeddable":true,"href":"https:\/\/benoitdegraux.com\/index.php\/wp-json\/wp\/v2\/comments?post=1887"}],"wp:featuredmedia":[{"embeddable":true,"href":"https:\/\/benoitdegraux.com\/index.php\/wp-json\/wp\/v2\/media\/1888"}],"wp:attachment":[{"href":"https:\/\/benoitdegraux.com\/index.php\/wp-json\/wp\/v2\/media?parent=1887"}],"curies":[{"name":"wp","href":"https:\/\/api.w.org\/{rel}","templated":true}]}}