{"id":1938,"date":"2026-01-07T08:10:54","date_gmt":"2026-01-07T07:10:54","guid":{"rendered":"https:\/\/benoitdegraux.com\/?post_type=product&#038;p=1938"},"modified":"2026-03-16T00:00:24","modified_gmt":"2026-03-15T23:00:24","slug":"garmin-echomap-ultra-122-sv-gt54","status":"publish","type":"product","link":"https:\/\/benoitdegraux.com\/index.php\/produit\/garmin-echomap-ultra-122-sv-gt54\/","title":{"rendered":"GARMIN ECHOMAP ULTRA 2 122 sv + GT56"},"content":{"rendered":"<p class=\"app__product__info__title\"><strong>ECHOMAP Ultra 2 122sv<\/strong><br \/>\nAvec sonde GT56 UHD-TM<br \/>\n<span id=\"js__product__info__part-number__label\">NUM\u00c9RO DE R\u00c9F\u00c9RENCE : 010-02881-01<\/span><\/p>\n<ul>\n<li>ECHOMAP Ultra 122sv<\/li>\n<li>Sonde GT56UHD-TM<\/li>\n<li>C\u00e2ble d&rsquo;alimentation<\/li>\n<li>\u00c9trier de fixation avec socle \u00e0 d\u00e9gagement rapide<\/li>\n<li>Pare-soleil<\/li>\n<li>Mat\u00e9riel<\/li>\n<li>Documentation<\/li>\n<\/ul>\n<div class=\"app__feature__card\" data-translate=\"\"><img loading=\"lazy\" decoding=\"async\" class=\"size-large wp-image-2080 alignnone\" src=\"https:\/\/benoitdegraux.com\/wp-content\/uploads\/2023\/02\/echomapultra2_OF_2001_echomap_ultra2_metric-4splitcvsvmaptrad-trees-amber-1-1024x663.png\" alt=\"\" width=\"800\" height=\"518\" srcset=\"https:\/\/benoitdegraux.com\/wp-content\/uploads\/2023\/02\/echomapultra2_OF_2001_echomap_ultra2_metric-4splitcvsvmaptrad-trees-amber-1-1024x663.png 1024w, https:\/\/benoitdegraux.com\/wp-content\/uploads\/2023\/02\/echomapultra2_OF_2001_echomap_ultra2_metric-4splitcvsvmaptrad-trees-amber-1-300x194.png 300w, https:\/\/benoitdegraux.com\/wp-content\/uploads\/2023\/02\/echomapultra2_OF_2001_echomap_ultra2_metric-4splitcvsvmaptrad-trees-amber-1-768x497.png 768w, https:\/\/benoitdegraux.com\/wp-content\/uploads\/2023\/02\/echomapultra2_OF_2001_echomap_ultra2_metric-4splitcvsvmaptrad-trees-amber-1-1536x994.png 1536w, https:\/\/benoitdegraux.com\/wp-content\/uploads\/2023\/02\/echomapultra2_OF_2001_echomap_ultra2_metric-4splitcvsvmaptrad-trees-amber-1-2048x1326.png 2048w, https:\/\/benoitdegraux.com\/wp-content\/uploads\/2023\/02\/echomapultra2_OF_2001_echomap_ultra2_metric-4splitcvsvmaptrad-trees-amber-1-150x97.png 150w, https:\/\/benoitdegraux.com\/wp-content\/uploads\/2023\/02\/echomapultra2_OF_2001_echomap_ultra2_metric-4splitcvsvmaptrad-trees-amber-1-232x150.png 232w, https:\/\/benoitdegraux.com\/wp-content\/uploads\/2023\/02\/echomapultra2_OF_2001_echomap_ultra2_metric-4splitcvsvmaptrad-trees-amber-1-600x388.png 600w\" sizes=\"(max-width: 800px) 100vw, 800px\" \/><\/div>\n<div class=\"app__column-layout app__column-layout__column--3\">\n<div class=\"app__feature__card\" data-translate=\"\"><\/div>\n<div class=\"app__feature__card\" data-translate=\"\">\n<div class=\"app__feature__card\" data-translate=\"\">\n<h3>PRISE EN CHARGE DU SONDEUR LIVESCOPE\u2122<\/h3>\n<p class=\"app__feature__card__description app__feature__card__description--left\">La s\u00e9rie ECHOMAP Ultra 2 prend en charge la gamme compl\u00e8te des sondeurs \u00e0 balayage en temps r\u00e9el LiveScope (sondes vendues s\u00e9par\u00e9ment).<\/p>\n<\/div>\n<div class=\"app__feature__card\" data-translate=\"\">\n<h3>SONDEUR ULTRA HAUTE D\u00c9FINITION INT\u00c9GR\u00c9<\/h3>\n<p class=\"app__feature__card__description app__feature__card__description--left\">Certains mod\u00e8les int\u00e8grent une sonde GT56 qui ajoute des fonctions de sondeur traditionnel Garmin CHIRP et de sondeur \u00e0 balayage ultra haute d\u00e9finition ClearV\u00fc\u2122 et SideV\u00fc\u2122 pour fournir des images r\u00e9alistes de ce qui se trouve sous la surface.<\/p>\n<h3>PALETTE DE COULEURS VIVID<\/h3>\n<p class=\"app__feature__card__description app__feature__card__description--left\">Les couleurs vives et contrast\u00e9es du sondeur \u00e0 balayage facilitent plus que jamais l&rsquo;identification des cibles et de la structure du fond.<\/p>\n<p><img loading=\"lazy\" decoding=\"async\" class=\"size-large wp-image-2082 alignnone\" src=\"https:\/\/benoitdegraux.com\/wp-content\/uploads\/2023\/02\/echomapultra2_OF_2001_echomap_ultra2_metric-fullsv-midnightblue-trees-1024x663.png\" alt=\"\" width=\"800\" height=\"518\" srcset=\"https:\/\/benoitdegraux.com\/wp-content\/uploads\/2023\/02\/echomapultra2_OF_2001_echomap_ultra2_metric-fullsv-midnightblue-trees-1024x663.png 1024w, https:\/\/benoitdegraux.com\/wp-content\/uploads\/2023\/02\/echomapultra2_OF_2001_echomap_ultra2_metric-fullsv-midnightblue-trees-300x194.png 300w, https:\/\/benoitdegraux.com\/wp-content\/uploads\/2023\/02\/echomapultra2_OF_2001_echomap_ultra2_metric-fullsv-midnightblue-trees-768x497.png 768w, https:\/\/benoitdegraux.com\/wp-content\/uploads\/2023\/02\/echomapultra2_OF_2001_echomap_ultra2_metric-fullsv-midnightblue-trees-1536x994.png 1536w, https:\/\/benoitdegraux.com\/wp-content\/uploads\/2023\/02\/echomapultra2_OF_2001_echomap_ultra2_metric-fullsv-midnightblue-trees-2048x1326.png 2048w, https:\/\/benoitdegraux.com\/wp-content\/uploads\/2023\/02\/echomapultra2_OF_2001_echomap_ultra2_metric-fullsv-midnightblue-trees-150x97.png 150w, https:\/\/benoitdegraux.com\/wp-content\/uploads\/2023\/02\/echomapultra2_OF_2001_echomap_ultra2_metric-fullsv-midnightblue-trees-232x150.png 232w, https:\/\/benoitdegraux.com\/wp-content\/uploads\/2023\/02\/echomapultra2_OF_2001_echomap_ultra2_metric-fullsv-midnightblue-trees-600x388.png 600w\" sizes=\"(max-width: 800px) 100vw, 800px\" \/><\/p>\n<\/div>\n<div class=\"app__feature__card\" data-translate=\"\">\n<h3>Cartes marines<\/h3>\n<p class=\"app__feature__card__description app__feature__card__description--left\">Donnez un tout nouveau look \u00e0 votre traceur avec la cartographie optionnelle\u00a0<a href=\"https:\/\/www.garmin.com\/fr-BE\/MarineChart-MapPurchase\/\">Garmin Navionics<\/a>+\u2122 ou\u00a0<a href=\"https:\/\/www.garmin.com\/fr-BE\/MarineChart-MapPurchase\/\">Garmin Navionics Vision<\/a>+\u2122 haut de gamme, int\u00e9grant du contenu pour les eaux c\u00f4ti\u00e8res et int\u00e9rieures, l&rsquo;acc\u00e8s aux mises \u00e0 jour quotidiennes, la technologie Auto Guidance+ et bien plus encore.<\/p>\n<div class=\"app__layout-container app__layout-container--small app__layout-container--light\">\n<div class=\"app__column-layout app__column-layout__column--3\">\n<div class=\"app__feature__card\" data-translate=\"\">\n<h3>R\u00c9SEAUX SANS FIL<\/h3>\n<p class=\"app__feature__card__description app__feature__card__description--left\">Si vous disposez d&rsquo;un autre traceur ECHOMAP Ultra 2 ou ECHOMAP UHD2 compatible sur votre bateau, vous pouvez partager avec lui des informations, telles que des images de sondeur<sup>3<\/sup>, des waypoints et des routes, via le r\u00e9seau sans fil.<\/p>\n<\/div>\n<div class=\"app__feature__card\" data-translate=\"\">\n<h3>GPS multi-bandes<\/h3>\n<p class=\"app__feature__card__description app__feature__card__description--center\">G\u00e9olocalisation plus pr\u00e9cise gr\u00e2ce \u00e0 la technologie GPS multibande<\/p>\n<p><img loading=\"lazy\" decoding=\"async\" class=\"size-large wp-image-2087 alignnone\" src=\"https:\/\/benoitdegraux.com\/wp-content\/uploads\/2023\/02\/echomapultra2_OF_2000_Echomap_Ultra2_metric-2splitmap-scanning-sonar-and-map-1024x663.png\" alt=\"\" width=\"800\" height=\"518\" srcset=\"https:\/\/benoitdegraux.com\/wp-content\/uploads\/2023\/02\/echomapultra2_OF_2000_Echomap_Ultra2_metric-2splitmap-scanning-sonar-and-map-1024x663.png 1024w, https:\/\/benoitdegraux.com\/wp-content\/uploads\/2023\/02\/echomapultra2_OF_2000_Echomap_Ultra2_metric-2splitmap-scanning-sonar-and-map-300x194.png 300w, https:\/\/benoitdegraux.com\/wp-content\/uploads\/2023\/02\/echomapultra2_OF_2000_Echomap_Ultra2_metric-2splitmap-scanning-sonar-and-map-768x497.png 768w, https:\/\/benoitdegraux.com\/wp-content\/uploads\/2023\/02\/echomapultra2_OF_2000_Echomap_Ultra2_metric-2splitmap-scanning-sonar-and-map-1536x994.png 1536w, https:\/\/benoitdegraux.com\/wp-content\/uploads\/2023\/02\/echomapultra2_OF_2000_Echomap_Ultra2_metric-2splitmap-scanning-sonar-and-map-2048x1326.png 2048w, https:\/\/benoitdegraux.com\/wp-content\/uploads\/2023\/02\/echomapultra2_OF_2000_Echomap_Ultra2_metric-2splitmap-scanning-sonar-and-map-150x97.png 150w, https:\/\/benoitdegraux.com\/wp-content\/uploads\/2023\/02\/echomapultra2_OF_2000_Echomap_Ultra2_metric-2splitmap-scanning-sonar-and-map-232x150.png 232w, https:\/\/benoitdegraux.com\/wp-content\/uploads\/2023\/02\/echomapultra2_OF_2000_Echomap_Ultra2_metric-2splitmap-scanning-sonar-and-map-600x388.png 600w\" sizes=\"(max-width: 800px) 100vw, 800px\" \/><\/p>\n<h3>COMPATIBILIT\u00c9 AVEC LE R\u00c9SEAU NMEA 2000<sup>\u00ae<\/sup><\/h3>\n<p class=\"app__feature__card__description app__feature__card__description--center\">Connexion aux compas \u00e9lectroniques, pilotes automatiques, syst\u00e8mes audio Fusion-Link\u2122 et plus encore<\/p>\n<h3>Application ActiveCaptain<sup>\u00ae<\/sup><\/h3>\n<p class=\"app__feature__card__description app__feature__card__description--center\">Couplage avec l&rsquo;application gratuite pour les mises \u00e0 jour logicielles, les enregistrements d&rsquo;\u00e9cran, les donn\u00e9es communautaires Garmin Quickdraw\u2122 et plus encore<sup>4<\/sup><\/p>\n<\/div>\n<div class=\"app__feature__card\">\n<div class=\"app__column-layout app__column-layout__column--3\">\n<div class=\"app__feature__card\" data-translate=\"\">\n<h3>Moteur \u00e9lectrique Force<sup>\u00ae<\/sup><\/h3>\n<p class=\"app__feature__card__description app__feature__card__description--center\">Connexion sans fil au moteur \u00e9lectrique Force pour naviguer jusqu&rsquo;aux waypoints, tracer et suivre des routes, et plus encore<\/p>\n<h3>\u00c0 EMPORTER PARTOUT<\/h3>\n<p class=\"app__feature__card__description app__feature__card__description--center\">Support de fixation \u00e0 d\u00e9gagement rapide pour une installation et un retrait simplifi\u00e9s de l&rsquo;appareil<\/p>\n<\/div>\n<\/div>\n<div class=\"app__column-layout app__column-layout__column--3\">\n<div class=\"app__feature__card\" data-translate=\"\">\n<p><img decoding=\"async\" class=\"app__feature__card__image\" src=\"https:\/\/static.garmincdn.com\/en\/products\/010-02113-00\/g\/28788-R2-7967f33b-c5c7-4371-96fc-5f82569e6007.jpg\" alt=\"\" \/><\/p>\n<\/div>\n<\/div>\n<p class=\"app__feature__card__description\">\n<\/div>\n<\/div>\n<\/div>\n<div class=\"app__life-style app__life-style--dark\" title=\"\"><\/div>\n<\/div>\n<\/div>\n<\/div>\n","protected":false},"excerpt":{"rendered":"<p><img loading=\"lazy\" decoding=\"async\" class=\"wp-image-1143 alignnone\" src=\"https:\/\/benoitdegraux.com\/wp-content\/uploads\/2019\/06\/garmin-logo.png\" alt=\"\" width=\"150\" height=\"41\" srcset=\"https:\/\/benoitdegraux.com\/wp-content\/uploads\/2019\/06\/garmin-logo.png 1000w, https:\/\/benoitdegraux.com\/wp-content\/uploads\/2019\/06\/garmin-logo-300x81.png 300w, https:\/\/benoitdegraux.com\/wp-content\/uploads\/2019\/06\/garmin-logo-768x207.png 768w, https:\/\/benoitdegraux.com\/wp-content\/uploads\/2019\/06\/garmin-logo-150x41.png 150w, https:\/\/benoitdegraux.com\/wp-content\/uploads\/2019\/06\/garmin-logo-250x68.png 250w, https:\/\/benoitdegraux.com\/wp-content\/uploads\/2019\/06\/garmin-logo-600x162.png 600w\" sizes=\"(max-width: 150px) 100vw, 150px\" \/><br \/>\n<strong>ECHOMAP Ultra 2 122sv<\/strong><br \/>\nAvec sonde GT56 UHD-TM<br \/>\n<span id=\"js__product__info__part-number__label\">NUM\u00c9RO DE R\u00c9F\u00c9RENCE : 010-02881-01<\/span><br \/>\nPrix indicatif : 2999 TTC<\/p>\n<p>Un\u00a0 combin\u00e9 sondeur\/traceur \u00e0 hautes performances qui offre une qualit\u00e9 de d\u00e9tection exceptionnelle. C&rsquo;est le choix id\u00e9al pour\u00a0 exploiter toutes les performances de\u00a0 la technologie Panoptix Livescope<\/p>\n<p>&nbsp; <a class=\"continue-reading-link\" href=\"https:\/\/benoitdegraux.com\/index.php\/produit\/garmin-echomap-ultra-122-sv-gt54\/\"> Continue reading <span class=\"meta-nav\">&rarr; <\/span><\/a><\/p>\n","protected":false},"featured_media":2080,"comment_status":"closed","ping_status":"closed","template":"","meta":[],"_links":{"self":[{"href":"https:\/\/benoitdegraux.com\/index.php\/wp-json\/wp\/v2\/product\/1938"}],"collection":[{"href":"https:\/\/benoitdegraux.com\/index.php\/wp-json\/wp\/v2\/product"}],"about":[{"href":"https:\/\/benoitdegraux.com\/index.php\/wp-json\/wp\/v2\/types\/product"}],"replies":[{"embeddable":true,"href":"https:\/\/benoitdegraux.com\/index.php\/wp-json\/wp\/v2\/comments?post=1938"}],"wp:featuredmedia":[{"embeddable":true,"href":"https:\/\/benoitdegraux.com\/index.php\/wp-json\/wp\/v2\/media\/2080"}],"wp:attachment":[{"href":"https:\/\/benoitdegraux.com\/index.php\/wp-json\/wp\/v2\/media?parent=1938"}],"curies":[{"name":"wp","href":"https:\/\/api.w.org\/{rel}","templated":true}]}}