{"id":1997,"date":"2024-12-26T12:41:40","date_gmt":"2024-12-26T11:41:40","guid":{"rendered":"https:\/\/benoitdegraux.com\/?post_type=product&#038;p=1997"},"modified":"2024-12-26T12:50:18","modified_gmt":"2024-12-26T11:50:18","slug":"jarocells-batterie-lithium-lifepo4-12v90","status":"publish","type":"product","link":"https:\/\/benoitdegraux.com\/index.php\/produit\/jarocells-batterie-lithium-lifepo4-12v90\/","title":{"rendered":"JAROCELLS Batterie Lithium LifePo4 12V90"},"content":{"rendered":"<p><span class=\"Y2IQFc\" lang=\"fr\">JAROCELLS <\/span>JARO-BT90.12<\/p>\n<p><span><span class=\"\">Le JARO-BT90.12 remplace le c\u00e9l\u00e8bre JARO-BT75.12. La m\u00eame batterie mais d\u00e9sormais avec 20% d&rsquo;\u00e9nergie en plus et un prix qui n&rsquo;a pas chang\u00e9. Le poids de 10,3 kg est \u00e0 peine sup\u00e9rieur \u00e0 celui de son pr\u00e9d\u00e9cesseur, le JARO-BT75.12. Le secret est dans les cellules. Les cellules n\u2019ont pas non plus chang\u00e9 de taille, de forme et d\u2019origine. Mais le constructeur est d\u00e9sormais en mesure d\u2019y injecter 20 % d\u2019\u00e9nergie en plus.<\/span><\/span><\/p>\n<p><span>C&rsquo;est une batterie de service id\u00e9ale pour bateau, caravane et camping-car.<\/span><\/p>\n<p><span>Bien entendu, cette batterie est \u00e9galement \u00e9quip\u00e9e de la technologie BT, qui vous permet de lire tout ce qui se passe dans votre batterie avec l&rsquo;\u00a0<\/span><a href=\"https:\/\/jarocells.nl\/informatie\/jarocells-app\/\"><span>application JAROCELLS<\/span><\/a><span>\u00a0pour Android et iOS.<\/span><\/p>\n<p><span>Le JARO-BT90.12 est \u00e9galement disponible en version SMALL. Il est techniquement identique au JARO-BT90.12, la seule diff\u00e9rence \u00e9tant les dimensions.\u00a0<\/span><span>JARO-BT90.12 SMALL<\/span><span>\u00a0a des dimensions compactes de 260 x 170 x 210 mm, ce qui le rend parfait pour les applications o\u00f9 l&rsquo;espace est limit\u00e9. De plus, cette batterie est \u00e9quip\u00e9e de poign\u00e9es de transport pratiques pour un transport facile.<\/span><\/p>\n<p><strong>Caract\u00e9ristiques<\/strong><br \/>\n<span class=\"Y2IQFc\" lang=\"fr\">JAROCELLS <\/span>JARO-BT90.12<br \/>\n<span class=\"Y2IQFc\" lang=\"fr\">Poids : 10.3 kg <\/span><br \/>\n<span class=\"Y2IQFc\" lang=\"fr\">Dimensions : 31,8 \u00d7 16,5 \u00d7 21,5 cm <\/span><br \/>\n<span class=\"Y2IQFc\" lang=\"fr\">Type : 12,8 V nominal 90 Ah <\/span><br \/>\n<span class=\"Y2IQFc\" lang=\"fr\">Tension 10V \u2013 14.6V <\/span><br \/>\n<span class=\"Y2IQFc\" lang=\"fr\">Courant de charge max : 90A continu <\/span><br \/>\n<span class=\"Y2IQFc\" lang=\"fr\">D\u00e9charge max. : 90A continu <\/span><br \/>\n<span class=\"Y2IQFc\" lang=\"fr\">Temp\u00e9rature de d\u00e9charge -20 \u00e0 + 45 C <\/span><br \/>\n<span class=\"Y2IQFc\" lang=\"fr\">Temp\u00e9rature de charge0 \u00e0 + 45 C<\/span><\/p>\n<p><a href=\"https:\/\/jarocells.nl\/wp-content\/uploads\/2022\/02\/JC_handleidingBT_ENG.pdf\">Sp\u00e9cifications g\u00e9n\u00e9rales des batteries JAROCELLS BT<\/a><\/p>\n<p>&nbsp;<\/p>\n","protected":false},"excerpt":{"rendered":"<p><img loading=\"lazy\" decoding=\"async\" class=\"wp-image-1734 aligncenter\" src=\"https:\/\/benoitdegraux.com\/wp-content\/uploads\/2022\/02\/jrocells-logo.jpg\" alt=\"\" width=\"190\" height=\"94\" srcset=\"https:\/\/benoitdegraux.com\/wp-content\/uploads\/2022\/02\/jrocells-logo.jpg 640w, https:\/\/benoitdegraux.com\/wp-content\/uploads\/2022\/02\/jrocells-logo-300x149.jpg 300w, https:\/\/benoitdegraux.com\/wp-content\/uploads\/2022\/02\/jrocells-logo-150x74.jpg 150w, https:\/\/benoitdegraux.com\/wp-content\/uploads\/2022\/02\/jrocells-logo-250x124.jpg 250w, https:\/\/benoitdegraux.com\/wp-content\/uploads\/2022\/02\/jrocells-logo-600x297.jpg 600w\" sizes=\"(max-width: 190px) 100vw, 190px\" \/><\/p>\n<p><strong>Batterie Lithium JAROCELLS LifePo4 12V90A<\/strong><br \/>\nR\u00e9ference : JARO BT90.12<br \/>\nPrix indicatif TTC : 999.50 \u20ac<\/p>\n<p>&nbsp;<\/p>\n<p>&nbsp; <a class=\"continue-reading-link\" href=\"https:\/\/benoitdegraux.com\/index.php\/produit\/jarocells-batterie-lithium-lifepo4-12v90\/\"> Continue reading <span class=\"meta-nav\">&rarr; <\/span><\/a><\/p>\n","protected":false},"featured_media":1998,"comment_status":"closed","ping_status":"closed","template":"","meta":[],"_links":{"self":[{"href":"https:\/\/benoitdegraux.com\/index.php\/wp-json\/wp\/v2\/product\/1997"}],"collection":[{"href":"https:\/\/benoitdegraux.com\/index.php\/wp-json\/wp\/v2\/product"}],"about":[{"href":"https:\/\/benoitdegraux.com\/index.php\/wp-json\/wp\/v2\/types\/product"}],"replies":[{"embeddable":true,"href":"https:\/\/benoitdegraux.com\/index.php\/wp-json\/wp\/v2\/comments?post=1997"}],"wp:featuredmedia":[{"embeddable":true,"href":"https:\/\/benoitdegraux.com\/index.php\/wp-json\/wp\/v2\/media\/1998"}],"wp:attachment":[{"href":"https:\/\/benoitdegraux.com\/index.php\/wp-json\/wp\/v2\/media?parent=1997"}],"curies":[{"name":"wp","href":"https:\/\/api.w.org\/{rel}","templated":true}]}}