{"id":2001,"date":"2024-12-26T13:20:15","date_gmt":"2024-12-26T12:20:15","guid":{"rendered":"https:\/\/benoitdegraux.com\/?post_type=product&#038;p=2001"},"modified":"2024-12-26T13:34:53","modified_gmt":"2024-12-26T12:34:53","slug":"rebelcell-batteries-lithium-12v140a","status":"publish","type":"product","link":"https:\/\/benoitdegraux.com\/index.php\/produit\/rebelcell-batteries-lithium-12v140a\/","title":{"rendered":"Rebelcell Batteries Lithium 12V140A"},"content":{"rendered":"<div class=\"col-lg-6 col-sm-6\">\n<div class=\"main-feature-innr\"><\/div>\n<\/div>\n<div>\n<div class=\"battery-txt\">\n<div class=\"battery-txt\">\n<p>La\u00a0<strong>batterie Lithium 12V140 AV<\/strong>\u00a0est la deuxi\u00e8me batterie la plus puissante de la gamme 12AV. Avec une capacit\u00e9 de pas moins de\u00a0<strong>140Ah (1,67kWh)<\/strong>, cette batterie est parfaite pour une utilisation de\u00a0<strong>plusieurs jours d\u2019un moteur \u00e9lectrique de 12V ou des plus grands sondeurs et profondim\u00e8tres.<\/strong>\u00a0Cette batterie fonctionne \u00e9galement sur\u00a0<strong>12V,<\/strong>\u00a0p\u00e8se\u00a0<strong>10.5Kg<\/strong>\u00a0et dispose d\u2019un\u00a0<strong>indicateur num\u00e9rique de l\u2019\u00e9tat de charge.<\/strong><\/p>\n<p>Gr\u00e2ce au r\u00e9glage de la tension, cette batterie peut \u00eatre utilis\u00e9e sans probl\u00e8me en combinaison avec des moteurs de p\u00eache \u00e0 la tra\u00eene ou des moteurs \u00e9lectriques fonctionnant \u00e0 12V. La longue dur\u00e9e de vie de cette batterie est une raison importante pour la choisir.<\/p>\n<p>La batterie\u00a0<strong>ne n\u00e9cessite aucun entretien<\/strong>\u00a0et peut effectuer jusqu\u2019\u00e0\u00a0<strong>1 000 cycles de charge<\/strong>. Cela signifie 1 000 charges et d\u00e9charges. Elle est nettement\u00a0<strong>plus l\u00e9g\u00e8re<\/strong>\u00a0qu\u2019une batterie au plomb comparable et pr\u00e9sente une perte annuelle beaucoup plus faible. Gr\u00e2ce au\u00a0<strong>syst\u00e8me de gestion<\/strong>\u00a0de la batterie int\u00e9gr\u00e9, vous n\u2019aurez jamais \u00e0 vous soucier de d\u00e9charger la batterie trop profond\u00e9ment et de l\u2019endommager.<\/p>\n<div class=\"tablehead\"><strong>CARACT\u00c9RISTIQUES TECHNIQUES<\/strong><\/div>\n<div class=\"tablerow\">\n<div class=\"cellkenmerk\">Chimie Lithium-ion<\/div>\n<\/div>\n<div class=\"tablerow\">\n<div class=\"cellkenmerk\">Tension nominale 11.1V<\/div>\n<\/div>\n<div class=\"tablerow\">\n<div class=\"cellkenmerk\">Capacit\u00e9 (C1-C20) 140Ah<\/div>\n<\/div>\n<div class=\"tablerow\">\n<div class=\"cellkenmerk\">EqPb (batterie au plomb comparable) \u00e0 12V260 Ah<\/div>\n<\/div>\n<div class=\"tablerow\">\n<div class=\"cellkenmerk\">\u00c9nergie nominale 1,29 kWh<\/div>\n<\/div>\n<div class=\"tablerow\">\n<div class=\"cellkenmerk\">D\u00e9charge continue maximale 120 A<\/div>\n<\/div>\n<div class=\"tablerow\">\n<div class=\"cellkenmerk\">Dur\u00e9e de vie (#chargements) (@ 100% DoD) 1000<\/div>\n<\/div>\n<div class=\"tablerow\">\n<div class=\"cellkenmerk\">Dimensions 260 L x 167 W x 210 mm H<\/div>\n<\/div>\n<div class=\"tablerow\">\n<div class=\"cellkenmerk\">Poids 10.5 kg<\/div>\n<\/div>\n<div class=\"tablerow\">\n<div class=\"cellkenmerk\">Densit\u00e9 \u00e9nerg\u00e9tique 159 Wh\/kg<\/div>\n<\/div>\n<\/div>\n<\/div>\n<\/div>\n<div><\/div>\n<div>\n<div class=\"battery-txt\">\n<h3>Chargeur 12.6V35A NMC pour batterie li-ion 12V140 AV<\/h3>\n<h3>299 \u20ac ttc<\/h3>\n<p><img loading=\"lazy\" decoding=\"async\" class=\"wp-image-1584 alignnone\" src=\"https:\/\/benoitdegraux.com\/wp-content\/uploads\/2021\/02\/12.6V35A_charger_AV_side-1024x1024.jpg\" alt=\"\" width=\"122\" height=\"122\" srcset=\"https:\/\/benoitdegraux.com\/wp-content\/uploads\/2021\/02\/12.6V35A_charger_AV_side-1024x1024.jpg 1024w, https:\/\/benoitdegraux.com\/wp-content\/uploads\/2021\/02\/12.6V35A_charger_AV_side-300x300.jpg 300w, https:\/\/benoitdegraux.com\/wp-content\/uploads\/2021\/02\/12.6V35A_charger_AV_side-150x150.jpg 150w, https:\/\/benoitdegraux.com\/wp-content\/uploads\/2021\/02\/12.6V35A_charger_AV_side-768x768.jpg 768w, https:\/\/benoitdegraux.com\/wp-content\/uploads\/2021\/02\/12.6V35A_charger_AV_side-1536x1536.jpg 1536w, https:\/\/benoitdegraux.com\/wp-content\/uploads\/2021\/02\/12.6V35A_charger_AV_side-600x600.jpg 600w, https:\/\/benoitdegraux.com\/wp-content\/uploads\/2021\/02\/12.6V35A_charger_AV_side-100x100.jpg 100w, https:\/\/benoitdegraux.com\/wp-content\/uploads\/2021\/02\/12.6V35A_charger_AV_side.jpg 1800w\" sizes=\"(max-width: 122px) 100vw, 122px\" \/><\/p>\n<div class=\"battery-txt\">\n<h3>Chargeur NMC 12.6V35A \u00e9tanche pour batterie li-ion 12V140 AV<\/h3>\n<p>449 \u20ac ttc<\/p>\n<p><img loading=\"lazy\" decoding=\"async\" class=\"wp-image-1585 alignnone\" src=\"https:\/\/benoitdegraux.com\/wp-content\/uploads\/2021\/02\/Charger_WP_12.6V20A_top_side-1-1024x1024.jpg\" alt=\"\" width=\"131\" height=\"131\" srcset=\"https:\/\/benoitdegraux.com\/wp-content\/uploads\/2021\/02\/Charger_WP_12.6V20A_top_side-1-1024x1024.jpg 1024w, https:\/\/benoitdegraux.com\/wp-content\/uploads\/2021\/02\/Charger_WP_12.6V20A_top_side-1-300x300.jpg 300w, https:\/\/benoitdegraux.com\/wp-content\/uploads\/2021\/02\/Charger_WP_12.6V20A_top_side-1-150x150.jpg 150w, https:\/\/benoitdegraux.com\/wp-content\/uploads\/2021\/02\/Charger_WP_12.6V20A_top_side-1-768x768.jpg 768w, https:\/\/benoitdegraux.com\/wp-content\/uploads\/2021\/02\/Charger_WP_12.6V20A_top_side-1-600x600.jpg 600w, https:\/\/benoitdegraux.com\/wp-content\/uploads\/2021\/02\/Charger_WP_12.6V20A_top_side-1-100x100.jpg 100w, https:\/\/benoitdegraux.com\/wp-content\/uploads\/2021\/02\/Charger_WP_12.6V20A_top_side-1.jpg 1200w\" sizes=\"(max-width: 131px) 100vw, 131px\" \/><\/p>\n<p>&nbsp;<\/p>\n<\/div>\n<\/div>\n<\/div>\n<div>\n<div class=\"battery-txt\">\n<div class=\"battery-txt\">\n<p>&nbsp;<\/p>\n<\/div>\n<\/div>\n<\/div>\n","protected":false},"excerpt":{"rendered":"<h1><img loading=\"lazy\" decoding=\"async\" class=\"wp-image-614 size-thumbnail aligncenter\" src=\"https:\/\/benoitdegraux.com\/wp-content\/uploads\/2017\/12\/rebelcell20zwart20logo-150x150.jpg\" alt=\"\" width=\"150\" height=\"150\" srcset=\"https:\/\/benoitdegraux.com\/wp-content\/uploads\/2017\/12\/rebelcell20zwart20logo-150x150.jpg 150w, https:\/\/benoitdegraux.com\/wp-content\/uploads\/2017\/12\/rebelcell20zwart20logo-300x300.jpg 300w, https:\/\/benoitdegraux.com\/wp-content\/uploads\/2017\/12\/rebelcell20zwart20logo-100x100.jpg 100w\" sizes=\"(max-width: 150px) 100vw, 150px\" \/><\/h1>\n<p><strong>Nouveau!<\/strong> Batterie au lithium 12V140 AV (1,67 kWh) avec indicateur num\u00e9rique de l\u2019\u00e9tat de charge, pour les utilisations suivantes :<\/p>\n<p>La batterie peut remplacer une batterie au plomb jusqu\u2019\u00e0 12V300Ah.<\/p>\n<p>Prix : 1549 \u20ac TTC <a class=\"continue-reading-link\" href=\"https:\/\/benoitdegraux.com\/index.php\/produit\/rebelcell-batteries-lithium-12v140a\/\"> Continue reading <span class=\"meta-nav\">&rarr; <\/span><\/a><\/p>\n","protected":false},"featured_media":2003,"comment_status":"closed","ping_status":"closed","template":"","meta":[],"_links":{"self":[{"href":"https:\/\/benoitdegraux.com\/index.php\/wp-json\/wp\/v2\/product\/2001"}],"collection":[{"href":"https:\/\/benoitdegraux.com\/index.php\/wp-json\/wp\/v2\/product"}],"about":[{"href":"https:\/\/benoitdegraux.com\/index.php\/wp-json\/wp\/v2\/types\/product"}],"replies":[{"embeddable":true,"href":"https:\/\/benoitdegraux.com\/index.php\/wp-json\/wp\/v2\/comments?post=2001"}],"wp:featuredmedia":[{"embeddable":true,"href":"https:\/\/benoitdegraux.com\/index.php\/wp-json\/wp\/v2\/media\/2003"}],"wp:attachment":[{"href":"https:\/\/benoitdegraux.com\/index.php\/wp-json\/wp\/v2\/media?parent=2001"}],"curies":[{"name":"wp","href":"https:\/\/api.w.org\/{rel}","templated":true}]}}