{"id":2006,"date":"2026-01-01T13:56:49","date_gmt":"2026-01-01T12:56:49","guid":{"rendered":"https:\/\/benoitdegraux.com\/?post_type=product&#038;p=2006"},"modified":"2026-03-16T00:00:24","modified_gmt":"2026-03-15T23:00:24","slug":"garmin-force-kraken-63-po","status":"publish","type":"product","link":"https:\/\/benoitdegraux.com\/index.php\/produit\/garmin-force-kraken-63-po\/","title":{"rendered":"Garmin Force Kraken 63 po"},"content":{"rendered":"<div class=\"app__column-layout app__column-layout__column--3\">\n<div class=\"app__feature__card\" data-translate=\"\">\n<div class=\"app__column-layout app__column-layout__column--3\">\n<div class=\"app__feature__card\" data-translate=\"\">\n<p data-test=\"gc__heading\"><strong>Moteur \u00e9lectrique Force Kraken<\/strong><br \/>\nmoteur \u00e9lectrique 63 po<br \/>\n<span id=\"js__product__info__part-number__label\">NUM\u00c9RO DE R\u00c9F\u00c9RENCE 010-02573-00<\/span><\/p>\n<p>Le moteur \u00e9lectrique Force Kraken est con\u00e7u avec un arbre plus long pour les bateaux \u00e0 hauts francs-bords ainsi qu&rsquo;un support pivotant pour une installation facile dans les bateaux o\u00f9 l&rsquo;espace au niveau de l&rsquo;\u00e9trave est limit\u00e9.<\/p>\n<p><img loading=\"lazy\" decoding=\"async\" class=\"wp-image-2007 alignnone\" src=\"https:\/\/benoitdegraux.com\/wp-content\/uploads\/2024\/12\/ForceKraken-Black_HR_1001-1024x1024.png\" alt=\"\" width=\"308\" height=\"308\" srcset=\"https:\/\/benoitdegraux.com\/wp-content\/uploads\/2024\/12\/ForceKraken-Black_HR_1001-1024x1024.png 1024w, https:\/\/benoitdegraux.com\/wp-content\/uploads\/2024\/12\/ForceKraken-Black_HR_1001-300x300.png 300w, https:\/\/benoitdegraux.com\/wp-content\/uploads\/2024\/12\/ForceKraken-Black_HR_1001-150x150.png 150w, https:\/\/benoitdegraux.com\/wp-content\/uploads\/2024\/12\/ForceKraken-Black_HR_1001-768x768.png 768w, https:\/\/benoitdegraux.com\/wp-content\/uploads\/2024\/12\/ForceKraken-Black_HR_1001-1536x1536.png 1536w, https:\/\/benoitdegraux.com\/wp-content\/uploads\/2024\/12\/ForceKraken-Black_HR_1001-2048x2048.png 2048w, https:\/\/benoitdegraux.com\/wp-content\/uploads\/2024\/12\/ForceKraken-Black_HR_1001-600x600.png 600w, https:\/\/benoitdegraux.com\/wp-content\/uploads\/2024\/12\/ForceKraken-Black_HR_1001-100x100.png 100w\" sizes=\"(max-width: 308px) 100vw, 308px\" \/><\/p>\n<\/div>\n<\/div>\n<\/div>\n<\/div>\n<div class=\"app__column-layout app__column-layout__column--3\">\n<div class=\"app__feature__card\" data-translate=\"\">\n<div class=\"app__column-layout app__column-layout__column--3\">\n<div class=\"app__feature__card\" data-translate=\"\">\n<h3>HAUTE PUISSANCE<\/h3>\n<p class=\"app__feature__card__description app__feature__card__description--left\">Avec 45\u00a0kg (100\u00a0lbs) de pouss\u00e9e<sup>1<\/sup>, le Force Kraken est le moteur \u00e9lectrique le plus puissant du march\u00e9.<\/p>\n<\/div>\n<div class=\"app__feature__card\" data-translate=\"\">\n<h3>UNE PUISSANCE DURABLE<\/h3>\n<p class=\"app__feature__card__description app__feature__card__description--left\">Gr\u00e2ce \u00e0 sa conception efficace, le moteur brushless fonctionne plus longtemps que les autres moteurs\u00a0; concentrez-vous sur votre canne sans craindre les pannes de batterie.<\/p>\n<\/div>\n<\/div>\n<div class=\"app__column-layout app__column-layout__column--3\">\n<div class=\"app__feature__card\" data-translate=\"\">\n<h3>SILENCIEUX<\/h3>\n<p class=\"app__feature__card__description app__feature__card__description--left\">Vous n&rsquo;effraierez pas les poissons\u00a0: le moteur est extr\u00eamement silencieux au-dessus et en dessous de l&rsquo;eau.<\/p>\n<h3>CONCEPTION SUR MESURE<\/h3>\n<p class=\"app__feature__card__description app__feature__card__description--left\">Ce moteur \u00e9lectrique est optimis\u00e9 pour fonctionner dans des conditions difficiles \u00e0 24 ou 36\u00a0V, gr\u00e2ce \u00e0 la conception puissante et efficace du moteur brushless<\/p>\n<\/div>\n<h3>CON\u00c7U POUR DURER<\/h3>\n<p class=\"app__feature__card__description app__feature__card__description--left\">L&rsquo;arbre composite robuste et tous les composants sont con\u00e7us pour r\u00e9sister aux environnements marins difficiles et offrent une protection avanc\u00e9e contre la corrosion et l&rsquo;eau sal\u00e9e.<\/p>\n<h3>ID\u00c9AL POUR LES COQUES EN V PROFONDES<\/h3>\n<p class=\"app__feature__card__description app__feature__card__description--left\">Gr\u00e2ce \u00e0 son support pivotant, profitez d&rsquo;une installation facile lorsque l&rsquo;espace au niveau de l&rsquo;\u00e9trave est limit\u00e9. Les longueurs d&rsquo;arbre de 48\u2033, 63\u2033 et 75\u2033 s&rsquo;adaptent \u00e0 de nombreuses tailles de bateaux et configurations de pont diff\u00e9rentes.<\/p>\n<div class=\"app__feature__card\" data-translate=\"\">\n<p><img decoding=\"async\" class=\"app__feature__card__image\" src=\"https:\/\/static.garmincdn.com\/gdc\/Product_Pages\/ICONS\/Windlass.svg\" alt=\"\" \/><\/p>\n<h3>RESTEZ EN PLACE<\/h3>\n<p class=\"app__feature__card__description app__feature__card__description--center\">L&rsquo;ancrage virtuel offre notre technologie la plus pr\u00e9cise de positionnement du bateau pour vous aider \u00e0 le maintenir au m\u00eame endroit.<\/p>\n<\/div>\n<div class=\"app__feature__card\" data-translate=\"\">\n<p><img decoding=\"async\" class=\"app__feature__card__image\" src=\"https:\/\/static.garmincdn.com\/gdc\/Product_Pages\/ICONS\/float.svg\" alt=\"\" \/><\/p>\n<h3>T\u00c9L\u00c9COMMANDE FLOTTANTE<\/h3>\n<p class=\"app__feature__card__description app__feature__card__description--center\">Utilisez la t\u00e9l\u00e9commande fournie pour vous aider \u00e0 naviguer o\u00f9 que vous soyez dans le bateau gr\u00e2ce \u00e0 notre technologie \u00ab\u00a0Point-and-Go\u00a0\u00bb simple.<\/p>\n<p><img loading=\"lazy\" decoding=\"async\" class=\"app__feature__card__image\" src=\"https:\/\/static.garmincdn.com\/en\/products\/010-02024-00\/g\/WATER-RESISTANT-FLOATING-REMOTE-92b55d34-e6d0-4334-b3da-f8d9d5d575ae.jpg\" alt=\"\" width=\"266\" height=\"299\" \/><\/p>\n<\/div>\n<div class=\"app__feature__card\" data-translate=\"\">\n<p><img decoding=\"async\" class=\"app__feature__card__image\" src=\"https:\/\/static.garmincdn.com\/gdc\/Product_Pages\/ICONS\/Smartwatch-Guidance.svg\" alt=\"\" \/><\/p>\n<h3>INT\u00c9GRATION MONTRE CONNECT\u00c9E<\/h3>\n<p class=\"app__feature__card__description app__feature__card__description--center\">Associez votre montre connect\u00e9e Garmin compatible pour contr\u00f4ler la direction, l&rsquo;ancrage virtuel et bien plus encore depuis votre poignet.<\/p>\n<\/div>\n<div class=\"app__feature__card\" data-translate=\"\">\n<p><img decoding=\"async\" class=\"app__feature__card__image\" src=\"https:\/\/static.garmincdn.com\/gdc\/Product_Pages\/ICONS\/Connected_Featured.svg\" alt=\"\" \/><\/p>\n<h3>INT\u00c9GRATION SANS FIL<\/h3>\n<p class=\"app__feature__card__description app__feature__card__description--center\">Connectez-vous \u00e0 votre traceur compatible pour cr\u00e9er et suivre des itin\u00e9raires que le moteur \u00e9lectrique conservera pendant que vous p\u00eachez.<\/p>\n<div class=\"app__feature__card\" data-translate=\"\">\n<p><img decoding=\"async\" class=\"app__feature__card__image\" src=\"https:\/\/static.garmincdn.com\/gdc\/Product_Pages\/ICONS\/Built-in-sonar.svg\" alt=\"\" \/><\/p>\n<h3>SONDEUR INCLUS<\/h3>\n<p class=\"app__feature__card__description app__feature__card__description--center\">Profitez d&rsquo;un excellent sondeur UHD avec la sonde GT56 incluse.<\/p>\n<\/div>\n<div class=\"app__feature__card\" data-translate=\"\">\n<p><img decoding=\"async\" class=\"app__feature__card__image\" src=\"https:\/\/static.garmincdn.com\/gdc\/Product_Pages\/ICONS\/High-resloution-Relief-Shading.svg\" alt=\"\" \/><\/p>\n<h3>IMAGES DE SONDEUR ULTRA HAUTE D\u00c9FINITION<\/h3>\n<p class=\"app__feature__card__description app__feature__card__description--center\">Le moteur brushless permet la restitution de signaux clairs avec des niveaux extr\u00eamement faibles de bruit parasite.<\/p>\n<\/div>\n<div class=\"app__feature__card\" data-translate=\"\">\n<p><img decoding=\"async\" class=\"app__feature__card__image\" src=\"https:\/\/static.garmincdn.com\/gdc\/Product_Pages\/ICONS\/WIRED.svg\" alt=\"\" \/><\/p>\n<h3>GESTION DU C\u00c2BLE LIVESCOPE<\/h3>\n<p class=\"app__feature__card__description app__feature__card__description--center\">Prot\u00e9gez votre c\u00e2ble de sondeur LiveScope en le passant dans l&rsquo;arbre du moteur \u00e9lectrique (accessoire \u00e0 acheter).<\/p>\n<\/div>\n<\/div>\n<div class=\"app__feature__card\" data-translate=\"\">\n<div class=\"app__feature__card\" data-translate=\"\">\n<div class=\"app__column-layout app__column-layout__column--3\">\n<div class=\"app__feature__card\" data-translate=\"\">\n<h3 class=\"app__feature__card__title light left\" data-v-5b9e0d04=\"\" data-test=\"gc__heading\">P\u00c9DALE SANS FIL (en option) 369 \u20ac ttc<\/h3>\n<p>La p\u00e9dale pratique ultra r\u00e9active s&rsquo;utilise comme une p\u00e9dale \u00e0 c\u00e2ble. Elle fonctionne sans fil \u00e0 l&rsquo;aide de piles AA, mais vous pouvez quand m\u00eame la raccorder par c\u00e2ble \u00e0 une source d&rsquo;alimentation.<\/p>\n<p><img loading=\"lazy\" decoding=\"async\" class=\"app__feature__card__image\" src=\"https:\/\/static.garmincdn.com\/en\/products\/010-02024-00\/g\/WIRELESS-FOOT-PEDAL-a9bb86ae-5a9b-41f4-8015-9b068160a1f8.jpg\" alt=\"\" width=\"255\" height=\"287\" \/><\/p>\n<h3 class=\"app__feature__card__title light left\" data-v-5b9e0d04=\"\" data-test=\"gc__heading\">SYSTEME DE PLAQUE A D2GAGEMENT RAPIDE (en option) 149 \u20ac TTC<\/h3>\n<\/div>\n<\/div>\n<\/div>\n<\/div>\n<div id=\"js__product__meta\" data-v-e1b916a4=\"\">\n<p id=\"js__product__info__part-number\" class=\"app__product__info__part-number\" data-v-e1b916a4=\"\">Ce support \u00e0 d\u00e9gagement rapide vous permet d&rsquo;installer ou de d\u00e9sinstaller facilement votre moteur \u00e9lectrique Force<sup>\u00ae<\/sup> Kraken.<\/p>\n<p data-v-e1b916a4=\"\"><img loading=\"lazy\" decoding=\"async\" class=\" wp-image-2014 alignnone\" src=\"https:\/\/benoitdegraux.com\/wp-content\/uploads\/2024\/12\/010-12832-60_HR_1000-1024x1024.png\" alt=\"\" width=\"303\" height=\"303\" srcset=\"https:\/\/benoitdegraux.com\/wp-content\/uploads\/2024\/12\/010-12832-60_HR_1000-1024x1024.png 1024w, https:\/\/benoitdegraux.com\/wp-content\/uploads\/2024\/12\/010-12832-60_HR_1000-300x300.png 300w, https:\/\/benoitdegraux.com\/wp-content\/uploads\/2024\/12\/010-12832-60_HR_1000-150x150.png 150w, https:\/\/benoitdegraux.com\/wp-content\/uploads\/2024\/12\/010-12832-60_HR_1000-768x768.png 768w, https:\/\/benoitdegraux.com\/wp-content\/uploads\/2024\/12\/010-12832-60_HR_1000-1536x1536.png 1536w, https:\/\/benoitdegraux.com\/wp-content\/uploads\/2024\/12\/010-12832-60_HR_1000-2048x2048.png 2048w, https:\/\/benoitdegraux.com\/wp-content\/uploads\/2024\/12\/010-12832-60_HR_1000-600x600.png 600w, https:\/\/benoitdegraux.com\/wp-content\/uploads\/2024\/12\/010-12832-60_HR_1000-100x100.png 100w\" sizes=\"(max-width: 303px) 100vw, 303px\" \/><\/p>\n<\/div>\n<\/div>\n<\/div>\n<\/div>\n","protected":false},"excerpt":{"rendered":"<p><img loading=\"lazy\" decoding=\"async\" class=\"wp-image-1143 alignnone\" src=\"https:\/\/benoitdegraux.com\/wp-content\/uploads\/2019\/06\/garmin-logo.png\" alt=\"\" width=\"150\" height=\"41\" srcset=\"https:\/\/benoitdegraux.com\/wp-content\/uploads\/2019\/06\/garmin-logo.png 1000w, https:\/\/benoitdegraux.com\/wp-content\/uploads\/2019\/06\/garmin-logo-300x81.png 300w, https:\/\/benoitdegraux.com\/wp-content\/uploads\/2019\/06\/garmin-logo-768x207.png 768w, https:\/\/benoitdegraux.com\/wp-content\/uploads\/2019\/06\/garmin-logo-150x41.png 150w, https:\/\/benoitdegraux.com\/wp-content\/uploads\/2019\/06\/garmin-logo-250x68.png 250w, https:\/\/benoitdegraux.com\/wp-content\/uploads\/2019\/06\/garmin-logo-600x162.png 600w\" sizes=\"(max-width: 150px) 100vw, 150px\" \/><br \/>\n<strong>Moteur \u00e9lectrique Force Kraken<\/strong><br \/>\nmoteur \u00e9lectrique 63 po<br \/>\n<span id=\"js__product__info__part-number__label\">NUM\u00c9RO DE R\u00c9F\u00c9RENCE 010-02573-00<\/span><br \/>\nPrix indicatif : 4499 TTC <a class=\"continue-reading-link\" href=\"https:\/\/benoitdegraux.com\/index.php\/produit\/garmin-force-kraken-63-po\/\"> Continue reading <span class=\"meta-nav\">&rarr; <\/span><\/a><\/p>\n","protected":false},"featured_media":2007,"comment_status":"closed","ping_status":"closed","template":"","meta":[],"_links":{"self":[{"href":"https:\/\/benoitdegraux.com\/index.php\/wp-json\/wp\/v2\/product\/2006"}],"collection":[{"href":"https:\/\/benoitdegraux.com\/index.php\/wp-json\/wp\/v2\/product"}],"about":[{"href":"https:\/\/benoitdegraux.com\/index.php\/wp-json\/wp\/v2\/types\/product"}],"replies":[{"embeddable":true,"href":"https:\/\/benoitdegraux.com\/index.php\/wp-json\/wp\/v2\/comments?post=2006"}],"wp:featuredmedia":[{"embeddable":true,"href":"https:\/\/benoitdegraux.com\/index.php\/wp-json\/wp\/v2\/media\/2007"}],"wp:attachment":[{"href":"https:\/\/benoitdegraux.com\/index.php\/wp-json\/wp\/v2\/media?parent=2006"}],"curies":[{"name":"wp","href":"https:\/\/api.w.org\/{rel}","templated":true}]}}