{"id":2023,"date":"2025-07-11T09:12:46","date_gmt":"2025-07-11T07:12:46","guid":{"rendered":"https:\/\/benoitdegraux.com\/?post_type=product&#038;p=2023"},"modified":"2025-07-11T10:31:27","modified_gmt":"2025-07-11T08:31:27","slug":"garmin-force-current","status":"publish","type":"product","link":"https:\/\/benoitdegraux.com\/index.php\/produit\/garmin-force-current\/","title":{"rendered":"Garmin Force Current"},"content":{"rendered":"<div class=\"app__column-layout app__column-layout__column--3\">\n<div class=\"app__feature__card\" data-translate=\"\">\n<div class=\"app__column-layout app__column-layout__column--3\">\n<div class=\"app__feature__card\" data-translate=\"\">\n<p data-test=\"gc__heading\"><strong>Moteur \u00e9lectrique Force Current<\/strong><br \/>\nMoteur \u00e9lectrique pour kayak<br \/>\n<span id=\"js__product__info__part-number__label\">NUM\u00c9RO DE R\u00c9F\u00c9RENCE 010-02864-00<\/span><\/p>\n<p>Le moteur \u00e9lectrique Force Current a \u00e9t\u00e9 sp\u00e9cialement con\u00e7u pour les p\u00eacheurs en kayak \u00e0 la recherche d&rsquo;un syst\u00e8me de propulsion robuste, dot\u00e9 d&rsquo;une man\u0153uvrabilit\u00e9 exceptionnelle, d&rsquo;une int\u00e9gration sans fil et d&rsquo;un contr\u00f4le de la vitesse et de la direction sans les mains.<\/p>\n<h3><img loading=\"lazy\" decoding=\"async\" class=\"aligncenter size-large wp-image-2032\" style=\"color: #333333; font-size: 16px;\" src=\"https:\/\/benoitdegraux.com\/wp-content\/uploads\/2025\/07\/IMG_02-1024x1024.jpg\" alt=\"\" width=\"800\" height=\"800\" srcset=\"https:\/\/benoitdegraux.com\/wp-content\/uploads\/2025\/07\/IMG_02-1024x1024.jpg 1024w, https:\/\/benoitdegraux.com\/wp-content\/uploads\/2025\/07\/IMG_02-300x300.jpg 300w, https:\/\/benoitdegraux.com\/wp-content\/uploads\/2025\/07\/IMG_02-150x150.jpg 150w, https:\/\/benoitdegraux.com\/wp-content\/uploads\/2025\/07\/IMG_02-768x768.jpg 768w, https:\/\/benoitdegraux.com\/wp-content\/uploads\/2025\/07\/IMG_02-1536x1536.jpg 1536w, https:\/\/benoitdegraux.com\/wp-content\/uploads\/2025\/07\/IMG_02-600x600.jpg 600w, https:\/\/benoitdegraux.com\/wp-content\/uploads\/2025\/07\/IMG_02-100x100.jpg 100w, https:\/\/benoitdegraux.com\/wp-content\/uploads\/2025\/07\/IMG_02.jpg 1600w\" sizes=\"(max-width: 800px) 100vw, 800px\" \/><\/h3>\n<\/div>\n<\/div>\n<\/div>\n<\/div>\n<div class=\"app__column-layout app__column-layout__column--3\">\n<div class=\"app__feature__card\" data-translate=\"\">\n<div class=\"app__column-layout app__column-layout__column--3\">\n<div class=\"app__feature__card\" data-translate=\"\">\n<div class=\"app__feature__card\" data-translate=\"\">\n<h3>P\u00c9DALES<\/h3>\n<p class=\"app__feature__card__description app__feature__card__description--left\">Les p\u00e9dales se connectent sans fil au moteur \u00e9lectrique pour \u00e9viter d&rsquo;encombrer le pont et faciliter l&rsquo;installation. Cette solution tout-en-un pour la vitesse et la direction vous permet de p\u00eacher, naviguer et remonter vos prises sans jamais poser votre canne. Les boutons programmables des p\u00e9dales donnent un acc\u00e8s rapide \u00e0 des fonctions cl\u00e9s comme l&rsquo;ancrage virtuel et le maintien du cap.<\/p>\n<\/div>\n<h3>MAN\u0152UVRABILIT\u00c9 SANS PR\u00c9C\u00c9DENT<\/h3>\n<p class=\"app__feature__card__description app__feature__card__description--left\">Man\u0153uvrez rapidement votre bateau avec une pouss\u00e9e avant et arri\u00e8re dans toutes les directions. Faufilez-vous entre les obstacles, tournez sur place, suivez les berges ou glissez \u00e0 travers les algues pendant que vous p\u00eachez. Utilisez la t\u00e9l\u00e9commande sans fil incluse pour un guidage gestuel intuitif.<\/p>\n<h3>INT\u00c9GRATION DU TRACEUR<\/h3>\n<p class=\"app__feature__card__description app__feature__card__description--left\">L&rsquo;int\u00e9gration sans fil \u00e0 vos traceurs Garmin vous permet de cr\u00e9er des routes et des trac\u00e9s que le moteur \u00e9lectrique suivra pendant que vous p\u00eachez. Depuis la barre de contr\u00f4le du traceur, vous pouvez \u00e9galement ajuster la vitesse, la direction, les r\u00e9glages du moteur et d&rsquo;autres r\u00e9glages.<\/p>\n<\/div>\n<\/div>\n<div class=\"app__column-layout app__column-layout__column--3\">\n<div id=\"js__product__meta\" data-v-e1b916a4=\"\">\n<h3>RESTEZ EN PLACE<\/h3>\n<p class=\"app__feature__card__description app__feature__card__description--left\">La fonction d&rsquo;ancrage virtuel avec GPS multi-bandes repr\u00e9sente notre technologie de positionnement de bateau la plus pr\u00e9cise. Elle maintient votre kayak parfaitement en place, m\u00eame par vent fort ou courant soutenu.<\/p>\n<h3><img loading=\"lazy\" decoding=\"async\" class=\"aligncenter size-large wp-image-2030\" style=\"color: #333333; font-size: 16px;\" src=\"https:\/\/benoitdegraux.com\/wp-content\/uploads\/2025\/07\/IMG_07-1024x1024.jpg\" alt=\"\" width=\"800\" height=\"800\" srcset=\"https:\/\/benoitdegraux.com\/wp-content\/uploads\/2025\/07\/IMG_07-1024x1024.jpg 1024w, https:\/\/benoitdegraux.com\/wp-content\/uploads\/2025\/07\/IMG_07-300x300.jpg 300w, https:\/\/benoitdegraux.com\/wp-content\/uploads\/2025\/07\/IMG_07-150x150.jpg 150w, https:\/\/benoitdegraux.com\/wp-content\/uploads\/2025\/07\/IMG_07-768x768.jpg 768w, https:\/\/benoitdegraux.com\/wp-content\/uploads\/2025\/07\/IMG_07-1536x1536.jpg 1536w, https:\/\/benoitdegraux.com\/wp-content\/uploads\/2025\/07\/IMG_07-600x600.jpg 600w, https:\/\/benoitdegraux.com\/wp-content\/uploads\/2025\/07\/IMG_07-100x100.jpg 100w, https:\/\/benoitdegraux.com\/wp-content\/uploads\/2025\/07\/IMG_07.jpg 1600w\" sizes=\"(max-width: 800px) 100vw, 800px\" \/><\/h3>\n<h3>PRIORITE SUR LA SECURITE<\/h3>\n<p class=\"app__feature__card__description app__feature__card__description--left\">Lorsque vous portez la balise homme \u00e0 la mer sans fil incluse, le moteur s&rsquo;arr\u00eate automatiquement si vous tombez \u00e0 l&rsquo;eau.<\/p>\n<h3>UNE AUTONOMIE DURABLE<\/h3>\n<p class=\"app__feature__card__description app__feature__card__description--left\">Le moteur brushless efficace fonctionne plus longtemps que les moteurs \u00e0 balais\u00a0; concentrez-vous sur votre canne sans craindre les pannes de batterie.<\/p>\n<h3>T\u00c9L\u00c9COMMANDE FLOTTANTE<\/h3>\n<p class=\"app__feature__card__description app__feature__card__description--center\">Orientez-vous facilement gr\u00e2ce \u00e0 la t\u00e9l\u00e9commande incluse, dot\u00e9e d&rsquo;une technologie simple de guidage par geste.<\/p>\n<h3><img loading=\"lazy\" decoding=\"async\" class=\"aligncenter size-large wp-image-2031\" style=\"color: #333333; font-size: 16px;\" src=\"https:\/\/benoitdegraux.com\/wp-content\/uploads\/2025\/07\/IMG_04-1024x1024.jpg\" alt=\"\" width=\"800\" height=\"800\" srcset=\"https:\/\/benoitdegraux.com\/wp-content\/uploads\/2025\/07\/IMG_04-1024x1024.jpg 1024w, https:\/\/benoitdegraux.com\/wp-content\/uploads\/2025\/07\/IMG_04-300x300.jpg 300w, https:\/\/benoitdegraux.com\/wp-content\/uploads\/2025\/07\/IMG_04-150x150.jpg 150w, https:\/\/benoitdegraux.com\/wp-content\/uploads\/2025\/07\/IMG_04-768x768.jpg 768w, https:\/\/benoitdegraux.com\/wp-content\/uploads\/2025\/07\/IMG_04-1536x1536.jpg 1536w, https:\/\/benoitdegraux.com\/wp-content\/uploads\/2025\/07\/IMG_04-600x600.jpg 600w, https:\/\/benoitdegraux.com\/wp-content\/uploads\/2025\/07\/IMG_04-100x100.jpg 100w, https:\/\/benoitdegraux.com\/wp-content\/uploads\/2025\/07\/IMG_04.jpg 1600w\" sizes=\"(max-width: 800px) 100vw, 800px\" \/><\/h3>\n<h3>RANGEZ ET D\u00c9PLOYEZ<\/h3>\n<p class=\"app__feature__card__description app__feature__card__description--center\">D\u00e9ployez ou rangez facilement l&rsquo;h\u00e9lice d&rsquo;une seule main dans les hauts-fonds gr\u00e2ce au kit corde de traction et cale inclus.<\/p>\n<h3>INT\u00c9GRATION AUX MONTRES CONNECT\u00c9ES<\/h3>\n<p class=\"app__feature__card__description app__feature__card__description--center\">Associez votre montre connect\u00e9e Garmin compatible au moteur pour contr\u00f4ler la direction, l&rsquo;ancrage virtuel et bien plus encore depuis votre poignet.<\/p>\n<h3>BOUTONS DE P\u00c9DALE<\/h3>\n<p class=\"app__feature__card__description app__feature__card__description--center\">Activez l&rsquo;ancrage virtuel, le maintien du cap et d&rsquo;autres fonctions directement depuis les p\u00e9dales.<\/p>\n<h3><img loading=\"lazy\" decoding=\"async\" class=\"aligncenter size-large wp-image-2033\" src=\"https:\/\/benoitdegraux.com\/wp-content\/uploads\/2025\/07\/20250319_Hero_MRN_5022-1024x683.jpg\" alt=\"\" width=\"800\" height=\"534\" srcset=\"https:\/\/benoitdegraux.com\/wp-content\/uploads\/2025\/07\/20250319_Hero_MRN_5022-1024x683.jpg 1024w, https:\/\/benoitdegraux.com\/wp-content\/uploads\/2025\/07\/20250319_Hero_MRN_5022-300x200.jpg 300w, https:\/\/benoitdegraux.com\/wp-content\/uploads\/2025\/07\/20250319_Hero_MRN_5022-768x512.jpg 768w, https:\/\/benoitdegraux.com\/wp-content\/uploads\/2025\/07\/20250319_Hero_MRN_5022-1536x1024.jpg 1536w, https:\/\/benoitdegraux.com\/wp-content\/uploads\/2025\/07\/20250319_Hero_MRN_5022-2048x1365.jpg 2048w, https:\/\/benoitdegraux.com\/wp-content\/uploads\/2025\/07\/20250319_Hero_MRN_5022-150x100.jpg 150w, https:\/\/benoitdegraux.com\/wp-content\/uploads\/2025\/07\/20250319_Hero_MRN_5022-225x150.jpg 225w, https:\/\/benoitdegraux.com\/wp-content\/uploads\/2025\/07\/20250319_Hero_MRN_5022-600x400.jpg 600w\" sizes=\"(max-width: 800px) 100vw, 800px\" \/><\/h3>\n<h3>DEUX H\u00c9LICES INCLUSES<\/h3>\n<p class=\"app__feature__card__description app__feature__card__description--center\">Utilisez l&rsquo;h\u00e9lice haute performance pour optimiser la batterie, et l&rsquo;h\u00e9lice anti-algue pour naviguer \u00e0 travers la v\u00e9g\u00e9tation.<\/p>\n<h3>INSTALLATION STANDARD<\/h3>\n<p class=\"app__feature__card__description app__feature__card__description--center\">Le gabarit de fixation standard 4\u00a0trous facilite l&rsquo;installation sur de nombreux mod\u00e8les de kayaks. Les p\u00e9dales sans fil et les rails de fixation sont \u00e9galement con\u00e7us pour s&rsquo;adapter \u00e0 diff\u00e9rents types d&rsquo;installation.<\/p>\n<h3>PUISSANCE<\/h3>\n<p class=\"app__feature__card__description app__feature__card__description--left\">22,68 kg (ISO 13342) avec l&rsquo;h\u00e9lice haute performance en 24 V<br \/>\n13,60\u00a0kg (ISO\u00a013342) avec l&rsquo;h\u00e9lice haute performance en 12\u00a0V<\/p>\n<p>&nbsp;<\/p>\n<\/div>\n<\/div>\n<\/div>\n<\/div>\n","protected":false},"excerpt":{"rendered":"<p><img loading=\"lazy\" decoding=\"async\" class=\"wp-image-1143 alignnone\" src=\"https:\/\/benoitdegraux.com\/wp-content\/uploads\/2019\/06\/garmin-logo.png\" alt=\"\" width=\"150\" height=\"41\" srcset=\"https:\/\/benoitdegraux.com\/wp-content\/uploads\/2019\/06\/garmin-logo.png 1000w, https:\/\/benoitdegraux.com\/wp-content\/uploads\/2019\/06\/garmin-logo-300x81.png 300w, https:\/\/benoitdegraux.com\/wp-content\/uploads\/2019\/06\/garmin-logo-768x207.png 768w, https:\/\/benoitdegraux.com\/wp-content\/uploads\/2019\/06\/garmin-logo-150x41.png 150w, https:\/\/benoitdegraux.com\/wp-content\/uploads\/2019\/06\/garmin-logo-250x68.png 250w, https:\/\/benoitdegraux.com\/wp-content\/uploads\/2019\/06\/garmin-logo-600x162.png 600w\" sizes=\"(max-width: 150px) 100vw, 150px\" \/><br \/>\n<strong>Moteur \u00e9lectrique Force Current<\/strong><br \/>\nMoteur \u00e9lectrique pour kayak<br \/>\n<span id=\"js__product__info__part-number__label\">NUM\u00c9RO DE R\u00c9F\u00c9RENCE 010-02864-00<\/span><br \/>\nPrix indicatif : 3499 TTC <a class=\"continue-reading-link\" href=\"https:\/\/benoitdegraux.com\/index.php\/produit\/garmin-force-current\/\"> Continue reading <span class=\"meta-nav\">&rarr; <\/span><\/a><\/p>\n","protected":false},"featured_media":2024,"comment_status":"closed","ping_status":"closed","template":"","meta":[],"_links":{"self":[{"href":"https:\/\/benoitdegraux.com\/index.php\/wp-json\/wp\/v2\/product\/2023"}],"collection":[{"href":"https:\/\/benoitdegraux.com\/index.php\/wp-json\/wp\/v2\/product"}],"about":[{"href":"https:\/\/benoitdegraux.com\/index.php\/wp-json\/wp\/v2\/types\/product"}],"replies":[{"embeddable":true,"href":"https:\/\/benoitdegraux.com\/index.php\/wp-json\/wp\/v2\/comments?post=2023"}],"wp:featuredmedia":[{"embeddable":true,"href":"https:\/\/benoitdegraux.com\/index.php\/wp-json\/wp\/v2\/media\/2024"}],"wp:attachment":[{"href":"https:\/\/benoitdegraux.com\/index.php\/wp-json\/wp\/v2\/media?parent=2023"}],"curies":[{"name":"wp","href":"https:\/\/api.w.org\/{rel}","templated":true}]}}