{"id":2136,"date":"2026-01-22T23:06:39","date_gmt":"2026-01-22T22:06:39","guid":{"rendered":"https:\/\/benoitdegraux.com\/?post_type=product&#038;p=2136"},"modified":"2026-03-16T00:00:25","modified_gmt":"2026-03-15T23:00:25","slug":"garmin-gpsmap-1223-xsv","status":"publish","type":"product","link":"https:\/\/benoitdegraux.com\/index.php\/produit\/garmin-gpsmap-1223-xsv\/","title":{"rendered":"GARMIN GPSMAP 1223 xsv"},"content":{"rendered":"<p id=\"js__product__info__name\" class=\"app__product__info__title\"><strong>GPSMAP 1223<\/strong><strong>\u00a0xsv<\/strong><br \/>\nAvec fond cartographique mondial et sondeur<br \/>\n<span id=\"js__product__info__part-number__label\">NUM\u00c9RO DE R\u00c9F\u00c9RENCE 010-02367-02<\/span><\/p>\n<ul>\n<li>Traceur GPSMAP 1223xsv<\/li>\n<li>Carte microSD\u2122 pr\u00e9install\u00e9e<\/li>\n<li>C\u00e2ble d&rsquo;alimentation<\/li>\n<li>Connecteur en\u00a0T NMEA\u00a02000<sup>\u00ae<\/sup><\/li>\n<li>C\u00e2ble de d\u00e9rivation NMEA 2000 (2\u00a0m\u00e8tres)<\/li>\n<li>C\u00e2ble adaptateur sonde 8\u00a0broches\/sondeur 12\u00a0broches<\/li>\n<li>Kit de montage sur \u00e9trier avec poign\u00e9es<\/li>\n<li>Kit d&rsquo;encastrement avec joint<\/li>\n<li>Capot de protection<\/li>\n<li>Caches de bordure \u00e0 clipser<\/li>\n<li>Documentation<\/li>\n<\/ul>\n<h3>SONDEUR \u00c0 BALAYAGE ULTRA HAUTE D\u00c9FINITION<\/h3>\n<p class=\"app__feature__card__description app__feature__card__description--left\">B\u00e9n\u00e9ficiez des sondeurs \u00e0 balayage SideV\u00fc et ClearV\u00fc ultra haute d\u00e9finition int\u00e9gr\u00e9s, avec leurs couleurs \u00e9clatantes \u00e0 contraste \u00e9lev\u00e9 pour distinguer les poissons de la structure. La gamme GPSMAP\u00ae\u00a0X3 prend \u00e9galement en charge les fonctionnalit\u00e9s de sondeur traditionnel CHIRP de 1\u00a0kW. Compatibilit\u00e9 avec le sondeur int\u00e9gr\u00e9 uniquement sur les mod\u00e8les xsv.<\/p>\n<p><img decoding=\"async\" src=\"https:\/\/res.garmin.com\/en\/products\/010-02366-02\/g\/47024-S3-1-9fd48efd-fa4d-424a-9108-2ec4e9f16627.jpg\" \/><\/p>\n<h3>PRISE EN CHARGE DES SONDEURS PANOPTIX\u2122 ET LIVESCOPE\u2122<\/h3>\n<p class=\"app__feature__card__description app__feature__card__description--left\">Couplez votre syst\u00e8me de communication par satellites\u00a0<a href=\"https:\/\/www.garmin.com\/fr-BE\/c\/marine\/live-sonar\/\">Panoptix ou LiveScope\u2122<\/a>\u00a0facile \u00e0 interpr\u00e9ter (sonde requise, vendue s\u00e9par\u00e9ment) pour voir tout autour de votre bateau en temps r\u00e9el.<\/p>\n<p><img decoding=\"async\" src=\"https:\/\/res.garmin.com\/en\/products\/010-02366-02\/g\/47024-S3-2-4d7f4d5e-0c00-49ea-9c75-2e2d4815cb0d.jpg\" \/><\/p>\n<h3>PLUS RAPIDE, PLUS NET, PLUS INTELLIGENT<\/h3>\n<p class=\"app__feature__card__description app__feature__card__description--left\">Gr\u00e2ce \u00e0 sa puissance de traitement accrue et \u00e0 son nouveau design ultra-plat, avec verre bord \u00e0 bord et encombrement r\u00e9duit, il est facile d&rsquo;int\u00e9grer ce traceur dans une large gamme de configurations de tableaux de bord.<\/p>\n<p><img decoding=\"async\" src=\"https:\/\/res.garmin.com\/en\/products\/010-02366-02\/g\/47024-S3-3-af475a9f-a8e7-4b5a-977a-4596448d9f9a.jpg\" \/><\/p>\n<h3>SYST\u00c8ME OPTIQUE AM\u00c9LIOR\u00c9<\/h3>\n<p class=\"app__feature__card__description app__feature__card__description--left\">Les nouveaux \u00e9crans IPS haute r\u00e9solution pour traceurs de 9 et 12\u00a0pouces offrent une meilleure lisibilit\u00e9 en plein soleil et une meilleure visibilit\u00e9 quel que soit l&rsquo;angle, avec 50\u00a0% de pixels en plus que les appareils GPSMAP de g\u00e9n\u00e9ration pr\u00e9c\u00e9dente de 9\u00a0pouces.<\/p>\n<p><img decoding=\"async\" src=\"https:\/\/res.garmin.com\/en\/products\/010-02366-02\/g\/47024-S3-4-8a242db5-f49e-4c67-a3af-a7db932cec87.jpg\" \/><\/p>\n<h3>Cartes<\/h3>\n<p class=\"app__feature__card__description app__feature__card__description--left\">Donnez un tout nouveau look \u00e0 votre traceur avec la cartographie optionnelle Garmin Navionics+\u2122 ou Garmin Navionics Vision+\u2122 haut de gamme, int\u00e9grant du contenu pour les eaux c\u00f4ti\u00e8res et int\u00e9rieures, l&rsquo;acc\u00e8s aux mises \u00e0 jour quotidiennes, la technologie Auto Guidance+<sup>2<\/sup>\u00a0et bien plus encore.<\/p>\n<p><img decoding=\"async\" src=\"https:\/\/res.garmin.com\/en\/products\/010-02366-02\/g\/47024-S3-6-b235a624-0792-4134-92ed-d445726aa666.jpg\" \/><\/p>\n<h3>PACK RADAR EN OPTION<\/h3>\n<p class=\"app__feature__card__description app__feature__card__description--left\">Pour vous aider \u00e0 \u00e9viter le mauvais temps et les autres bateaux, le radar \u00e0 d\u00f4me\u00a0<a href=\"https:\/\/www.garmin.com\/fr-BE\/p\/556888\/\">GMR\u2122 18 HD+<\/a>\u00a0est disponible en option avec votre pack traceur\/sondeur GPSMAP.<\/p>\n<p><img decoding=\"async\" src=\"https:\/\/res.garmin.com\/en\/products\/010-02366-02\/g\/47024-S3-7-9e79e704-6916-47a1-835a-29594ed0bfe7.jpg\" \/><\/p>\n<h3>ANCRES POWER-POLE\u00ae POUR LES HAUTS-FONDS<\/h3>\n<p class=\"app__feature__card__description app__feature__card__description--left\">En mettant en r\u00e9seau certains traceurs Garmin \u00e9quip\u00e9s d&rsquo;un moteur \u00e9lectrique Force\u00ae et d&rsquo;un syst\u00e8me d&rsquo;ancre pour hauts-fonds Power-Pole compatible, vous pouvez acc\u00e9der aux fonctions avanc\u00e9es de contr\u00f4le du bateau<sup>6<\/sup>\u00a0depuis votre traceur, y compris le d\u00e9ploiement automatique des ancres intelligent, le pivotement intelligent de l&rsquo;ancre, le rangement automatique, la d\u00e9tection de la d\u00e9rive de mouillage et Auto Guidance<sup>3<\/sup>. Passez plus de temps \u00e0 p\u00eacher et moins \u00e0 positionner votre bateau.<\/p>\n<p><img decoding=\"async\" src=\"https:\/\/res.garmin.com\/en_SG\/products\/010-02366-02\/g\/1-GPSMAP-x3.jpg\" \/><\/p>\n<h3>INT\u00c9GRATION DU CHARGE DE POWER-POLE<\/h3>\n<p class=\"app__feature__card__description app__feature__card__description--left\">Votre gestionnaire d&rsquo;alimentation marin CHARGE de Power-Pole s&rsquo;int\u00e8gre aux traceurs Garmin compatibles pour vous aider \u00e0 faire fonctionner votre batterie plus longtemps et plus efficacement sur l&rsquo;eau. Vous pouvez charger des batteries en d\u00e9placement, surveiller l&rsquo;utilisation de la puissance, s\u00e9lectionner o\u00f9 attribuer la puissance, contr\u00f4ler les d\u00e9marrages d&rsquo;urgence et m\u00eame transf\u00e9rer la puissance entre des batteries externes, tout \u00e7a depuis votre \u00e9cran de traceur.<\/p>\n<p><img decoding=\"async\" src=\"https:\/\/res.garmin.com\/en\/products\/010-01511-00\/g\/64011-2-GPSMAP-x3.jpg\" \/><\/p>\n<div class=\"app__column-layout app__column-layout__column--3 app__column-layout__column__mobile--1\">\n<div class=\"app__feature__card\" data-translate=\"\">\n<h3>Application ActiveCaptain\u00ae<\/h3>\n<p class=\"app__feature__card__description app__feature__card__description--left\">Connectivit\u00e9 Wi-Fi\u00ae int\u00e9gr\u00e9e pour le couplage avec l&rsquo;application mobile\u00a0<a href=\"https:\/\/garmin.com\/fr-BE\/p\/573254\/\">ActiveCaptain<\/a>\u00a0pour acc\u00e9der \u00e0 la fonction OneChart\u2122, aux notifications intelligentes, aux mises \u00e0 jour logicielles, \u00e0 la commutation num\u00e9rique Garmin Helm\u2122, aux donn\u00e9es de la\u00a0<a href=\"https:\/\/connect.garmin.com\/start\/quickdraw\/\">communaut\u00e9 Garmin QuickDraw\u2122<sup>4<\/sup>.<\/a><\/p>\n<\/div>\n<\/div>\n<div class=\"app__column-layout app__column-layout__column--3 app__column-layout__column__mobile--1\"><img decoding=\"async\" src=\"https:\/\/res.garmin.com\/en\/products\/010-02366-02\/g\/47024-S3-13-7317b3cb-a5b0-4c80-a1dc-7db9a917059b.jpg\" \/><\/div>\n","protected":false},"excerpt":{"rendered":"<p><img loading=\"lazy\" decoding=\"async\" class=\"wp-image-1143 alignnone\" src=\"https:\/\/benoitdegraux.com\/wp-content\/uploads\/2019\/06\/garmin-logo.png\" alt=\"\" width=\"150\" height=\"41\" srcset=\"https:\/\/benoitdegraux.com\/wp-content\/uploads\/2019\/06\/garmin-logo.png 1000w, https:\/\/benoitdegraux.com\/wp-content\/uploads\/2019\/06\/garmin-logo-300x81.png 300w, https:\/\/benoitdegraux.com\/wp-content\/uploads\/2019\/06\/garmin-logo-768x207.png 768w, https:\/\/benoitdegraux.com\/wp-content\/uploads\/2019\/06\/garmin-logo-150x41.png 150w, https:\/\/benoitdegraux.com\/wp-content\/uploads\/2019\/06\/garmin-logo-250x68.png 250w, https:\/\/benoitdegraux.com\/wp-content\/uploads\/2019\/06\/garmin-logo-600x162.png 600w\" sizes=\"(max-width: 150px) 100vw, 150px\" \/><br \/>\n<strong>GPSMAP 1223 xsv<\/strong><br \/>\nAvec fond cartographique mondial et sondeur<br \/>\n<span id=\"js__product__info__part-number__label\">NUM\u00c9RO DE R\u00c9F\u00c9RENCE 010-02367-02<\/span><br \/>\nPrix indicatif : 3259 TTC<\/p>\n<p>Un combin\u00e9 sondeur\/traceur \u00e0 tr\u00e8s hautes performances qui offre sans conteste ce qui se fait de mieux en mati\u00e8re de d\u00e9tection et navigation.<\/p>\n<p>&nbsp; <a class=\"continue-reading-link\" href=\"https:\/\/benoitdegraux.com\/index.php\/produit\/garmin-gpsmap-1223-xsv\/\"> Continue reading <span class=\"meta-nav\">&rarr; <\/span><\/a><\/p>\n","protected":false},"featured_media":2125,"comment_status":"closed","ping_status":"closed","template":"","meta":[],"_links":{"self":[{"href":"https:\/\/benoitdegraux.com\/index.php\/wp-json\/wp\/v2\/product\/2136"}],"collection":[{"href":"https:\/\/benoitdegraux.com\/index.php\/wp-json\/wp\/v2\/product"}],"about":[{"href":"https:\/\/benoitdegraux.com\/index.php\/wp-json\/wp\/v2\/types\/product"}],"replies":[{"embeddable":true,"href":"https:\/\/benoitdegraux.com\/index.php\/wp-json\/wp\/v2\/comments?post=2136"}],"wp:featuredmedia":[{"embeddable":true,"href":"https:\/\/benoitdegraux.com\/index.php\/wp-json\/wp\/v2\/media\/2125"}],"wp:attachment":[{"href":"https:\/\/benoitdegraux.com\/index.php\/wp-json\/wp\/v2\/media?parent=2136"}],"curies":[{"name":"wp","href":"https:\/\/api.w.org\/{rel}","templated":true}]}}