{"id":2148,"date":"2026-01-23T00:28:19","date_gmt":"2026-01-22T23:28:19","guid":{"rendered":"https:\/\/benoitdegraux.com\/?post_type=product&#038;p=2148"},"modified":"2026-03-29T19:46:06","modified_gmt":"2026-03-29T17:46:06","slug":"batterie-lithium-lifepo4-bsr-monobloc-24v100a","status":"publish","type":"product","link":"https:\/\/benoitdegraux.com\/index.php\/produit\/batterie-lithium-lifepo4-bsr-monobloc-24v100a\/","title":{"rendered":"Batterie Lithium LifePo4 BSR MONOBLOC 24V100A"},"content":{"rendered":"<p><strong>BATTERIE LITHIUM\u00a0 LIFEPO4 MONOBLOC 24V100A<\/strong><\/p>\n<p><span class=\"fontstyle0\">BSR propose d\u00e9sormais des batteries lithium LiFePO4 monobloc haut de gamme, contr\u00f4lables via l&rsquo;application BSR-LITHIUM. Robustes, compactes et s\u00e9curis\u00e9es, elles garantissent une alimentation fiable et durable pour votre moteur Minn Kota<\/span><span class=\"fontstyle0\">\u00ae et Garmin<\/span><\/p>\n<p>NORME FEU : UL94 VO | ANTI-D\u00c9FLAGRATION | PROTECTION 360 ALLIAGE ANTIPARASITE<br \/>\nSTRUCTURE R\u00c9SISTANTE AUX CHOCS, AUX VIBRATIONS, AU SABLE &amp; \u00c0 L&rsquo;EAU DE MER<\/p>\n<p>APPLI BSR-LITHIUM qui fournit en instantan\u00e9 :<br \/>\n&#8211; Consommation<br \/>\n&#8211; Nombre de cycles<br \/>\n&#8211; Alerte s\u00e9curit\u00e9<br \/>\n&#8211; Surveillance cellule<br \/>\n&#8211; Equilibrage actif 1A<br \/>\n&#8211; Sav \u00e0 distance<\/p>\n<p><img decoding=\"async\" src=\"https:\/\/www.bsr-france.com\/images\/monobloc.png\" alt=\"monobloc\" \/><\/p>\n<p><img loading=\"lazy\" decoding=\"async\" class=\"\" src=\"https:\/\/www.bsr-france.com\/images\/Capture_d%C3%A9cran_2025-03-17_124729.jpg\" alt=\"Capture d\u00e9cran 2025 03 17 124729\" width=\"686\" height=\"618\" \/><\/p>\n<p><img loading=\"lazy\" decoding=\"async\" class=\"\" src=\"https:\/\/www.bsr-france.com\/images\/accueil\/batterie-lithium-bsr-lifepo4-24v100-amp-z-2257-225755-4.jpg\" alt=\"batterie lithium bsr lifepo4 24v100 amp z 2257 225755 4\" width=\"589\" height=\"589\" \/><\/p>\n<p><span class=\"fontstyle0\">Bac monobloc &#8211; <\/span><span class=\"fontstyle2\">12V 100Ah <\/span><span class=\"fontstyle0\">+ chargeur non \u00e9tanche <\/span><span class=\"fontstyle2\">BSR-BAC-12100 : 849 <\/span><span class=\"fontstyle2\">\u20ac ttc<\/span><\/p>\n<p><span class=\"fontstyle0\">Bac monobloc &#8211; <\/span><span class=\"fontstyle2\">24V 100Ah <\/span><span class=\"fontstyle0\">+ chargeur non \u00e9tanche <\/span><span class=\"fontstyle2\">BSR-BAC-24100 :\u00a0 <\/span><span class=\"fontstyle2\">1 559 \u20ac ttc<\/span><\/p>\n<p><span class=\"fontstyle0\">Bac monobloc &#8211; <\/span><span class=\"fontstyle2\">36V 100Ah <\/span><span class=\"fontstyle0\">+ chargeur non \u00e9tanche <\/span><span class=\"fontstyle2\">BSR-BAC-36100 : 2499<\/span><span class=\"fontstyle2\"> \u20ac ttc<\/span><\/p>\n<p>&nbsp;<\/p>\n","protected":false},"excerpt":{"rendered":"<h1><img loading=\"lazy\" decoding=\"async\" class=\"aligncenter size-full wp-image-1643\" src=\"https:\/\/benoitdegraux.com\/wp-content\/uploads\/2021\/05\/bsr.jpg\" alt=\"\" width=\"214\" height=\"214\" srcset=\"https:\/\/benoitdegraux.com\/wp-content\/uploads\/2021\/05\/bsr.jpg 214w, https:\/\/benoitdegraux.com\/wp-content\/uploads\/2021\/05\/bsr-150x150.jpg 150w, https:\/\/benoitdegraux.com\/wp-content\/uploads\/2021\/05\/bsr-100x100.jpg 100w\" sizes=\"(max-width: 214px) 100vw, 214px\" \/><\/h1>\n<h4 class=\"h1\">Valise lithium LifePo4\u00a0 BSR PRESTIGE+ 24 V 100 A<\/h4>\n<p><label>R\u00e9f\u00e9rence<\/label> <strong>BSR-BAC-24100<\/strong><br \/>\n<span class=\"editable\"><span class=\"libelle-fiche-prd\">Prix indicatif\u00a0 TTC :<\/span> 1559 \u20ac<\/span><\/p>\n<div id=\"short_description_block\">\n<div id=\"short_description_content\" class=\"rte align_justify\">\n<div class=\"product-features\">\n<ul>\n<li>garantie 4 Ans<\/li>\n<li>\u00c9tanche \u2013 IP68\/69<\/li>\n<li>Norme Feu : UL94 VO<\/li>\n<li>R\u00e9sistant au choc \u2013 vibration \u2013 sable \u2013 mer<\/li>\n<li>Fournie avec chargeur non \u00e9tanche<\/li>\n<\/ul>\n<\/div>\n<\/div>\n<\/div>\n<p> <a class=\"continue-reading-link\" href=\"https:\/\/benoitdegraux.com\/index.php\/produit\/batterie-lithium-lifepo4-bsr-monobloc-24v100a\/\"> Continue reading <span class=\"meta-nav\">&rarr; <\/span><\/a><\/p>\n","protected":false},"featured_media":2149,"comment_status":"closed","ping_status":"closed","template":"","meta":[],"_links":{"self":[{"href":"https:\/\/benoitdegraux.com\/index.php\/wp-json\/wp\/v2\/product\/2148"}],"collection":[{"href":"https:\/\/benoitdegraux.com\/index.php\/wp-json\/wp\/v2\/product"}],"about":[{"href":"https:\/\/benoitdegraux.com\/index.php\/wp-json\/wp\/v2\/types\/product"}],"replies":[{"embeddable":true,"href":"https:\/\/benoitdegraux.com\/index.php\/wp-json\/wp\/v2\/comments?post=2148"}],"wp:featuredmedia":[{"embeddable":true,"href":"https:\/\/benoitdegraux.com\/index.php\/wp-json\/wp\/v2\/media\/2149"}],"wp:attachment":[{"href":"https:\/\/benoitdegraux.com\/index.php\/wp-json\/wp\/v2\/media?parent=2148"}],"curies":[{"name":"wp","href":"https:\/\/api.w.org\/{rel}","templated":true}]}}