{"id":442,"date":"2017-03-05T00:34:22","date_gmt":"2017-03-04T23:34:22","guid":{"rendered":"http:\/\/benoitdegraux.com\/?post_type=product&#038;p=442"},"modified":"2021-05-26T11:23:56","modified_gmt":"2021-05-26T09:23:56","slug":"navionics","status":"publish","type":"product","link":"https:\/\/benoitdegraux.com\/index.php\/produit\/navionics\/","title":{"rendered":"Cartes marines NAVIONICS +"},"content":{"rendered":"<p><img decoding=\"async\" src=\"https:\/\/www.navionics.com\/media\/wysiwyg\/logos\/navionics-plus.png\" alt=\"NavionicsPlus\" \/><\/p>\n<ul>\n<li>Cartes extra d\u00e9taill\u00e9es pour la plaisance et la p\u00eache !<\/li>\n<li>Cartes des mers et des lacs sur une carte \u00a0\u00bb\u00a0Tout en Un \u00a0\u00bb !<\/li>\n<li>Carte Nautique, SonarChart&#x2122; et Community Edits<\/li>\n<li>Mises \u00e0 jour illimit\u00e9e pendant 12 mois<\/li>\n<\/ul>\n<table border=\"0\" frame=\"VOID\" rules=\"NONE\" cellspacing=\"0\">\n<colgroup>\n<col width=\"332\" \/>\n<col width=\"95\" \/>\n<col width=\"80\" \/><\/colgroup>\n<tbody>\n<tr>\n<td align=\"CENTER\" width=\"332\" height=\"17\">Caract\u00e9ristiques<\/td>\n<td align=\"CENTER\" width=\"95\">Navionics+<\/td>\n<td align=\"CENTER\" width=\"80\">Platinum+<\/td>\n<\/tr>\n<tr>\n<td align=\"LEFT\" height=\"17\">Carte Nautique<\/td>\n<td align=\"CENTER\">\u2022<\/td>\n<td align=\"CENTER\">\u2022<\/td>\n<\/tr>\n<tr>\n<td align=\"LEFT\" height=\"17\">SonarChartTM<\/td>\n<td align=\"CENTER\">\u2022<\/td>\n<td align=\"CENTER\">\u2022<\/td>\n<\/tr>\n<tr>\n<td align=\"LEFT\" height=\"17\">Community Edits<\/td>\n<td align=\"CENTER\">\u2022<\/td>\n<td align=\"CENTER\">\u2022<\/td>\n<\/tr>\n<tr>\n<td align=\"LEFT\" height=\"17\">Mises \u00e0 jour illimit\u00e9es<\/td>\n<td align=\"CENTER\">\u2022<\/td>\n<td align=\"CENTER\">\u2022<\/td>\n<\/tr>\n<tr>\n<td align=\"LEFT\" height=\"17\">Autorouting\u00b9 Dock-to-dock<\/td>\n<td align=\"CENTER\">\u2022<\/td>\n<td align=\"CENTER\">\u2022<\/td>\n<\/tr>\n<tr>\n<td align=\"LEFT\" height=\"17\">SonarChartTM\u00a0Live<\/td>\n<td align=\"CENTER\">\u2022<\/td>\n<td align=\"CENTER\">\u2022<\/td>\n<\/tr>\n<tr>\n<td align=\"LEFT\" height=\"17\">Option Carte Perso<\/td>\n<td align=\"CENTER\">\u2022<\/td>\n<td align=\"CENTER\">\u2022<\/td>\n<\/tr>\n<tr>\n<td align=\"LEFT\" height=\"17\">Plotter Sync<\/td>\n<td align=\"CENTER\">\u2022<\/td>\n<td align=\"CENTER\">\u2022<\/td>\n<\/tr>\n<tr>\n<td align=\"LEFT\" height=\"17\">Superposition Satellite avec SonarChart&#x2122; Shading<\/td>\n<td align=\"CENTER\"><\/td>\n<td align=\"CENTER\">\u2022<\/td>\n<\/tr>\n<tr>\n<td align=\"LEFT\" height=\"17\">Relief Shading<\/td>\n<td align=\"CENTER\"><\/td>\n<td align=\"CENTER\">\u2022<\/td>\n<\/tr>\n<tr>\n<td align=\"LEFT\" height=\"17\">Vue 3D\u00b2<\/td>\n<td align=\"CENTER\"><\/td>\n<td align=\"CENTER\">\u2022<\/td>\n<\/tr>\n<tr>\n<td align=\"LEFT\" height=\"17\">Photos panoramiques<\/td>\n<td align=\"CENTER\"><\/td>\n<td align=\"CENTER\">\u2022<\/td>\n<\/tr>\n<\/tbody>\n<\/table>\n<p style=\"text-align: center;\"><strong>Navionics+\u00a0 Central and West Europe\u00a0<\/strong><strong>(large) <\/strong><strong>Code : NAV+46XG<\/strong><\/p>\n<p><img loading=\"lazy\" decoding=\"async\" class=\"wp-image-1662 aligncenter\" src=\"https:\/\/benoitdegraux.com\/wp-content\/uploads\/2017\/03\/Navionics-Plus-large-Central-and-West-Europe.png\" alt=\"\" width=\"416\" height=\"255\" srcset=\"https:\/\/benoitdegraux.com\/wp-content\/uploads\/2017\/03\/Navionics-Plus-large-Central-and-West-Europe.png 717w, https:\/\/benoitdegraux.com\/wp-content\/uploads\/2017\/03\/Navionics-Plus-large-Central-and-West-Europe-300x184.png 300w, https:\/\/benoitdegraux.com\/wp-content\/uploads\/2017\/03\/Navionics-Plus-large-Central-and-West-Europe-150x92.png 150w, https:\/\/benoitdegraux.com\/wp-content\/uploads\/2017\/03\/Navionics-Plus-large-Central-and-West-Europe-244x150.png 244w, https:\/\/benoitdegraux.com\/wp-content\/uploads\/2017\/03\/Navionics-Plus-large-Central-and-West-Europe-600x368.png 600w\" sizes=\"(max-width: 416px) 100vw, 416px\" \/><\/p>\n<p style=\"text-align: center;\"><strong><span class=\"base\" data-ui-id=\"page-title-wrapper\">Navionics+\u00a0 \u00a0<\/span>Skagerrak and Kattegat (large) Code: NAV+45XG<\/strong><\/p>\n<div class=\"product-title-desktop\">\n<p><img loading=\"lazy\" decoding=\"async\" class=\"wp-image-1663 aligncenter\" src=\"https:\/\/benoitdegraux.com\/wp-content\/uploads\/2017\/03\/Navionics-Plus-large-Skagerrak-and-Kattegat.png\" alt=\"\" width=\"421\" height=\"258\" srcset=\"https:\/\/benoitdegraux.com\/wp-content\/uploads\/2017\/03\/Navionics-Plus-large-Skagerrak-and-Kattegat.png 717w, https:\/\/benoitdegraux.com\/wp-content\/uploads\/2017\/03\/Navionics-Plus-large-Skagerrak-and-Kattegat-300x184.png 300w, https:\/\/benoitdegraux.com\/wp-content\/uploads\/2017\/03\/Navionics-Plus-large-Skagerrak-and-Kattegat-150x92.png 150w, https:\/\/benoitdegraux.com\/wp-content\/uploads\/2017\/03\/Navionics-Plus-large-Skagerrak-and-Kattegat-244x150.png 244w, https:\/\/benoitdegraux.com\/wp-content\/uploads\/2017\/03\/Navionics-Plus-large-Skagerrak-and-Kattegat-600x368.png 600w\" sizes=\"(max-width: 421px) 100vw, 421px\" \/><\/p>\n<\/div>\n","protected":false},"excerpt":{"rendered":"<p><span style=\"color: #000000;\"><img decoding=\"async\" class=\"aligncenter\" src=\"https:\/\/www.navionics.com\/media\/wysiwyg\/logos\/navionics-plus.png\" alt=\"NavionicsPlus\" \/><\/span><\/p>\n<h3><span style=\"color: #000000;\">Navionics Plus (large)<\/span><\/h3>\n<p>Prix tarif conseill\u00e9 : 249 \u20ac ttc<\/p>\n<p><span style=\"font-family: Arial, sans-serif;\"><span style=\"font-size: small;\">La cartographie marine et lacs \u201cTout en Un\u201d extra d\u00e9taill\u00e9e fait de Navionics+ le meilleur choix pour la plaisance et la p\u00eache. B\u00e9n\u00e9ficiez des donn\u00e9es les plus pr\u00e9cises pour votre traceur, d\u2019une carte bathym\u00e9trique HD avec des isobathes tous les 50 cm am\u00e9lior\u00e9e par les plaisanciers, et des informations locales partag\u00e9es par les utilisateurs des Applis Navionics. Consultez la carte pour \u00e9tudier le plan des ports et les contours de profondeur de s\u00e9curit\u00e9, identifier les mar\u00e9es et courants, localiser les aides \u00e0 la navigation, les services maritimes \u00e0 proximit\u00e9 et bien plus encore !<\/span><\/span> <a class=\"continue-reading-link\" href=\"https:\/\/benoitdegraux.com\/index.php\/produit\/navionics\/\"> Continue reading <span class=\"meta-nav\">&rarr; <\/span><\/a><\/p>\n","protected":false},"featured_media":1064,"comment_status":"closed","ping_status":"closed","template":"","meta":[],"_links":{"self":[{"href":"https:\/\/benoitdegraux.com\/index.php\/wp-json\/wp\/v2\/product\/442"}],"collection":[{"href":"https:\/\/benoitdegraux.com\/index.php\/wp-json\/wp\/v2\/product"}],"about":[{"href":"https:\/\/benoitdegraux.com\/index.php\/wp-json\/wp\/v2\/types\/product"}],"replies":[{"embeddable":true,"href":"https:\/\/benoitdegraux.com\/index.php\/wp-json\/wp\/v2\/comments?post=442"}],"wp:featuredmedia":[{"embeddable":true,"href":"https:\/\/benoitdegraux.com\/index.php\/wp-json\/wp\/v2\/media\/1064"}],"wp:attachment":[{"href":"https:\/\/benoitdegraux.com\/index.php\/wp-json\/wp\/v2\/media?parent=442"}],"curies":[{"name":"wp","href":"https:\/\/api.w.org\/{rel}","templated":true}]}}