{"id":450,"date":"2017-03-13T15:50:30","date_gmt":"2017-03-13T14:50:30","guid":{"rendered":"http:\/\/benoitdegraux.com\/?post_type=product&#038;p=450"},"modified":"2024-12-26T11:40:07","modified_gmt":"2024-12-26T10:40:07","slug":"remorques-pega","status":"publish","type":"product","link":"https:\/\/benoitdegraux.com\/index.php\/produit\/remorques-pega\/","title":{"rendered":"PEGA remorques"},"content":{"rendered":"<p><a href=\"https:\/\/pegabv.nl\/PEGAnl\/wp-content\/uploads\/2019\/01\/motorboten.pdf\">Cliquer ici pour t\u00e9lecharger le catalogue complet PEGA<\/a><\/p>\n<p>PEGA MULTILINER PRO<\/p>\n<p><img loading=\"lazy\" decoding=\"async\" class=\"size-large wp-image-452 alignnone\" src=\"https:\/\/benoitdegraux.com\/wp-content\/uploads\/2017\/03\/MultilinerPro-1024x420.jpg\" alt=\"\" width=\"800\" height=\"328\" srcset=\"https:\/\/benoitdegraux.com\/wp-content\/uploads\/2017\/03\/MultilinerPro-1024x420.jpg 1024w, https:\/\/benoitdegraux.com\/wp-content\/uploads\/2017\/03\/MultilinerPro-600x246.jpg 600w, https:\/\/benoitdegraux.com\/wp-content\/uploads\/2017\/03\/MultilinerPro-300x123.jpg 300w, https:\/\/benoitdegraux.com\/wp-content\/uploads\/2017\/03\/MultilinerPro-768x315.jpg 768w, https:\/\/benoitdegraux.com\/wp-content\/uploads\/2017\/03\/MultilinerPro-250x103.jpg 250w, https:\/\/benoitdegraux.com\/wp-content\/uploads\/2017\/03\/MultilinerPro-150x62.jpg 150w, https:\/\/benoitdegraux.com\/wp-content\/uploads\/2017\/03\/MultilinerPro.jpg 1798w\" sizes=\"(max-width: 800px) 100vw, 800px\" \/><\/p>\n<p><a href=\"https:\/\/pegabv.nl\/PEGAnl\/wp-content\/uploads\/2022\/01\/prijslijst2022_feb_Motorboten_multiliner_IN_EX_BTW_v1.pdf\">Cliquer ici pour t\u00e9l\u00e9charger la liste des prix\u00a0Multiliner<\/a><\/p>\n<p>PEGA V LINNER<\/p>\n<p><img loading=\"lazy\" decoding=\"async\" class=\"size-large wp-image-455 alignnone\" src=\"https:\/\/benoitdegraux.com\/wp-content\/uploads\/2017\/03\/V-Linner-1024x370.jpg\" alt=\"\" width=\"800\" height=\"289\" srcset=\"https:\/\/benoitdegraux.com\/wp-content\/uploads\/2017\/03\/V-Linner-1024x370.jpg 1024w, https:\/\/benoitdegraux.com\/wp-content\/uploads\/2017\/03\/V-Linner-600x217.jpg 600w, https:\/\/benoitdegraux.com\/wp-content\/uploads\/2017\/03\/V-Linner-300x108.jpg 300w, https:\/\/benoitdegraux.com\/wp-content\/uploads\/2017\/03\/V-Linner-768x278.jpg 768w, https:\/\/benoitdegraux.com\/wp-content\/uploads\/2017\/03\/V-Linner-250x90.jpg 250w, https:\/\/benoitdegraux.com\/wp-content\/uploads\/2017\/03\/V-Linner-150x54.jpg 150w\" sizes=\"(max-width: 800px) 100vw, 800px\" \/><\/p>\n<p><a href=\"https:\/\/pegabv.nl\/PEGAnl\/wp-content\/uploads\/2022\/01\/prijslijst2022_feb_Motorboten_v-liner_IN_EX_BTW_v1.pdf\">Cliquer ici pour t\u00e9l\u00e9charger la liste des prix\u00a0V Linner<\/a><\/p>\n<p>PEGA EURO LINNER<\/p>\n<p><img loading=\"lazy\" decoding=\"async\" class=\"size-large wp-image-456 alignnone\" src=\"https:\/\/benoitdegraux.com\/wp-content\/uploads\/2017\/03\/SH600-500vrijst-1024x553.jpg\" alt=\"\" width=\"800\" height=\"432\" srcset=\"https:\/\/benoitdegraux.com\/wp-content\/uploads\/2017\/03\/SH600-500vrijst-1024x553.jpg 1024w, https:\/\/benoitdegraux.com\/wp-content\/uploads\/2017\/03\/SH600-500vrijst-600x324.jpg 600w, https:\/\/benoitdegraux.com\/wp-content\/uploads\/2017\/03\/SH600-500vrijst-300x162.jpg 300w, https:\/\/benoitdegraux.com\/wp-content\/uploads\/2017\/03\/SH600-500vrijst-768x415.jpg 768w, https:\/\/benoitdegraux.com\/wp-content\/uploads\/2017\/03\/SH600-500vrijst-250x135.jpg 250w, https:\/\/benoitdegraux.com\/wp-content\/uploads\/2017\/03\/SH600-500vrijst-150x81.jpg 150w, https:\/\/benoitdegraux.com\/wp-content\/uploads\/2017\/03\/SH600-500vrijst.jpg 1797w\" sizes=\"(max-width: 800px) 100vw, 800px\" \/><\/p>\n<p><a href=\"https:\/\/pegabv.nl\/PEGAnl\/wp-content\/uploads\/2022\/01\/prijslijst2022_feb_Motorboten_euroliner_IN_EX_BTW_v1.pdf\">Cliquer ici pour t\u00e9l\u00e9charger la liste des prix\u00a0Euro Linner<\/a><\/p>\n","protected":false},"excerpt":{"rendered":"<p><img loading=\"lazy\" decoding=\"async\" class=\" wp-image-451 alignnone\" src=\"https:\/\/benoitdegraux.com\/wp-content\/uploads\/2017\/03\/logo-pega-kopie1.jpg\" alt=\"\" width=\"187\" height=\"62\" srcset=\"https:\/\/benoitdegraux.com\/wp-content\/uploads\/2017\/03\/logo-pega-kopie1.jpg 367w, https:\/\/benoitdegraux.com\/wp-content\/uploads\/2017\/03\/logo-pega-kopie1-300x100.jpg 300w, https:\/\/benoitdegraux.com\/wp-content\/uploads\/2017\/03\/logo-pega-kopie1-250x83.jpg 250w, https:\/\/benoitdegraux.com\/wp-content\/uploads\/2017\/03\/logo-pega-kopie1-150x50.jpg 150w\" sizes=\"(max-width: 187px) 100vw, 187px\" \/><\/p>\n<p>Une gamme compl\u00e9te de remorques sp\u00e9cialement adapt\u00e9es aux bateaux de p\u00eache en aluminium et en fibre, dont mod\u00e8le \u00ab\u00a0MULTILINER\u00a0\u00bb consid\u00e9r\u00e9 comme la r\u00e9f\u00e9rence pour les \u00ab\u00a0Walleye Boat\u00a0\u00bb <a class=\"continue-reading-link\" href=\"https:\/\/benoitdegraux.com\/index.php\/produit\/remorques-pega\/\"> Continue reading <span class=\"meta-nav\">&rarr; <\/span><\/a><\/p>\n","protected":false},"featured_media":452,"comment_status":"closed","ping_status":"closed","template":"","meta":[],"_links":{"self":[{"href":"https:\/\/benoitdegraux.com\/index.php\/wp-json\/wp\/v2\/product\/450"}],"collection":[{"href":"https:\/\/benoitdegraux.com\/index.php\/wp-json\/wp\/v2\/product"}],"about":[{"href":"https:\/\/benoitdegraux.com\/index.php\/wp-json\/wp\/v2\/types\/product"}],"replies":[{"embeddable":true,"href":"https:\/\/benoitdegraux.com\/index.php\/wp-json\/wp\/v2\/comments?post=450"}],"wp:featuredmedia":[{"embeddable":true,"href":"https:\/\/benoitdegraux.com\/index.php\/wp-json\/wp\/v2\/media\/452"}],"wp:attachment":[{"href":"https:\/\/benoitdegraux.com\/index.php\/wp-json\/wp\/v2\/media?parent=450"}],"curies":[{"name":"wp","href":"https:\/\/api.w.org\/{rel}","templated":true}]}}