{"id":622,"date":"2017-12-18T00:27:37","date_gmt":"2017-12-17T23:27:37","guid":{"rendered":"http:\/\/benoitdegraux.com\/?post_type=product&#038;p=622"},"modified":"2022-11-23T13:12:36","modified_gmt":"2022-11-23T12:12:36","slug":"batteries-lithium-24v-rebelcell","status":"publish","type":"product","link":"https:\/\/benoitdegraux.com\/index.php\/produit\/batteries-lithium-24v-rebelcell\/","title":{"rendered":"Rebelcell Batterie Lithium 24V100"},"content":{"rendered":"<h2><strong>Rebelcell 24V100<\/strong><\/h2>\n<p><span id=\"result_box\" lang=\"fr\"><span title=\"Compleet pakket met 12V50 Angling li-on accu en bijpassende li-ion acculader.\">Batterie li-on 24V100A <\/span><span title=\"Standaard met digitale laadstatus indicator en dubbele USB poort.\">\u00a0avec indicateur d&rsquo;\u00e9tat de charge num\u00e9rique et double port USB. <\/span><span title=\"Vervangt in de praktijk een lood-accu tot 12V105Ah. \">Remplace en pratique\u00a04 batteries au plomb 12V105Ah.<\/span><\/span><br \/>\n<strong>Application:<\/strong> sp\u00e9cialement d\u00e9velopp\u00e9 pour les p\u00eacheurs de carnassiers et les bateaux de p\u00eache \u00e9quip\u00e9s d&rsquo;un moteur \u00e9lectrique de 24V jusqu&rsquo;\u00e0 80 lbs. Temps de navigation: en utilisation normale\u00a012 heures\u00a0\u00e0 18 heures (moteur de 80 lbs).<\/p>\n<p><span id=\"result_box\" lang=\"fr\"><span title=\"Belangrijkste kenmerken: \"><strong>Caract\u00e9ristiques principales<\/strong><br \/>\n<\/span><span title=\"&#x25fe;Compact en lichtgewicht: accu weegt slechts 5.0 kg \">&#x25fe; Compact et l\u00e9ger: la batterie ne p\u00e8se que\u00a016 kg<br \/>\n<\/span><span title=\"&#x25fe;Topprestaties: hoge stuwkracht ook als accu bijna leeg is en tot 100% te ontladen zonder nadelig effect op prestaties of levensduur (i.t.t. lood-accu die maximaal 70% ontladen mag worden!) \">&#x25fe; Performances sup\u00e9rieures: pouss\u00e9e \u00e9lev\u00e9e m\u00eame lorsque la batterie est faible et jusqu&rsquo;\u00e0 100% d\u00e9charg\u00e9e sans effet pr\u00e9judiciable sur les performances ou la dur\u00e9e de vie (par rapport \u00e0 une batterie au plomb qui\u00a0supporte tr\u00e8s mal\u00a0un taux de d\u00e9charge de 50% !)<br \/>\n<\/span><span title=\"&#x25fe;Hoog gebruiksgemak: lichtgewicht en compact, snel en tussentijds te laden (binnen 6 uur vol), digitale laadstatus indicator, dubbele USB poort \">&#x25fe;Haute facilit\u00e9 d&rsquo;utilisation: l\u00e9ger et compact, charge rapide et\u00a0compl\u00e8te (d\u00e9lais de\u00a04 \u00e0\u00a05 heures), indicateur d&rsquo;\u00e9tat de charge num\u00e9rique, double port USB<br \/>\n<\/span><span title=\"&#x25fe;Betrouwbaar en lange levensduur: ingebouwde misbruikbescherming (tegen te diep ontladen, overvoltage, hoge temperatuur etc.) door BMS en levensduur tot wel 10 visseizoenen lang \">&#x25fe; Fiable et longue dur\u00e9e de vie: protection int\u00e9gr\u00e9e contre les abus (contre les surcharges, les surtensions, les temp\u00e9ratures \u00e9lev\u00e9es, etc.) par BMS et dur\u00e9e de vie jusqu&rsquo;\u00e0 10 saisons de p\u00eache<br \/>\n<\/span><span title=\"&#x25fe;Lage accukosten: tot 50% per jaar lager dan een lood accu \">&#x25fe;Combustible: jusqu&rsquo;\u00e0 50% de moins par an qu&rsquo;une batterie au plomb<br \/>\n<\/span><span title=\"&#x25fe;2 jaar garantie\">Garantie de 2 ans<\/span><\/span><\/p>\n<div class=\"battery-txt\">\n<p>Chargeur NMC 29.4V20A \u00e9tanche pour batterie li-ion 24V50 ou 24V100 :\u00a0<ins style=\"font-size: 12px;\"><span class=\"woocommerce-Price-amount amount\"><bdi><span class=\"woocommerce-Price-currencySymbol\">\u20ac<\/span>289 ttc<\/bdi><\/span><\/ins><\/p>\n<p><img loading=\"lazy\" decoding=\"async\" class=\"wp-image-1589 alignnone\" src=\"https:\/\/benoitdegraux.com\/wp-content\/uploads\/2021\/02\/WP_Charger_29V20A_top_side-300x300-2.jpg\" alt=\"\" width=\"150\" height=\"150\" srcset=\"https:\/\/benoitdegraux.com\/wp-content\/uploads\/2021\/02\/WP_Charger_29V20A_top_side-300x300-2.jpg 300w, https:\/\/benoitdegraux.com\/wp-content\/uploads\/2021\/02\/WP_Charger_29V20A_top_side-300x300-2-150x150.jpg 150w, https:\/\/benoitdegraux.com\/wp-content\/uploads\/2021\/02\/WP_Charger_29V20A_top_side-300x300-2-100x100.jpg 100w\" sizes=\"(max-width: 150px) 100vw, 150px\" \/><\/p>\n<\/div>\n<p><strong style=\"text-align: center;\">Sp\u00e9cifications techniques<\/strong><\/p>\n<p>24V100A Lithium ion<br \/>\nTension 25.2V<br \/>\nCapacit\u00e9 (C1-C20) 100Ah<br \/>\nEqPb (batterie au plomb comparable) \u00e0 4x 12V105Ah<br \/>\n\u00c9nergie nominale 2,49 kWh<br \/>\nD\u00e9charge continue maximale 100 A<br \/>\nD\u00e9charge maximale (10 sec) 120 A<br \/>\nDur\u00e9e de vie (#loads) (@ 80% DoD) ~ 1500<br \/>\nDur\u00e9e de vie (#loads) (@ 100% DoD) ~ 1000<br \/>\nTaille 407x173x233mm<br \/>\nPoids ~ 16 kG<br \/>\nDensit\u00e9 d&rsquo;\u00e9nergie ~ 104 Wh \/ kG<br \/>\n\u00c9lectronique et BMS<br \/>\nTension de bande passante 21.0V ~ 29.4V<br \/>\nTemp\u00e9rature de charge 0 ~ 45 \u00b0 C<br \/>\nTemp\u00e9rature de d\u00e9charge -20 ~ 60 \u00b0 C<br \/>\nTemp\u00e9rature de magasin 0 ~ 45 \u00b0 C<br \/>\nCourant de charge maximum 50A<br \/>\nIndicateur d&rsquo;\u00e9tat de charge oui, num\u00e9rique<br \/>\nSortie USB oui, 2x<br \/>\n\u00c9quilibrage de cellule int\u00e9gr\u00e9 oui<br \/>\nProtection de temp\u00e9rature oui<br \/>\nProtection maximale du courant de d\u00e9charge oui<br \/>\nProtection contre les surtensions oui<br \/>\nProtection contre les sous-tensions oui<br \/>\nProtection et certification<br \/>\nClasse de protection (IEC 529) IP54<br \/>\nCertificat CE oui<br \/>\nGarantie 2 ans<\/p>\n<p><span id=\"result_box\" lang=\"fr\"><span title=\"Pr\u00e9cautions \"><strong>Pr\u00e9cautions<\/strong><br \/>\n<\/span><span title=\"&#x25fe;Gebruik de accu alleen indien uw elektromotor een ingangsvoltage tot 16.8V accepteert, en plaats een geschikte zekering tussen de accu en electromotor om beiden te beschermen.\">&#x25fe;\u00a0Utilisez la batterie\u00a0exclusivement avec des moteurs \u00e9lectriques 24V et\u00a0placez toujours un fusible appropri\u00e9 entre la batterie et le moteur \u00e9lectrique. <\/span><span title=\"Gebruik kabels van voldoende dikte en (ANEN) stekkerverbindingen om uw elektromotor aan te sluiten op de accu voor veilig gebruik. \">Utilisez des c\u00e2bles d&rsquo;une \u00e9paisseur suffisante et des connexions (ANEN) pour connecter votre moteur \u00e9lectrique \u00e0 la batterie pour une utilisation s\u00fbre.<br \/>\n<\/span><span title=\"&#x25fe;Gebruik in geen geval krokodillenklemmen om uw elektromotor op de accu aan te sluiten!\">&#x25fe; N&rsquo;utilisez jamais de pinces crocodiles pour connecter votre moteur \u00e9lectrique \u00e0 la batterie ! <\/span><span title=\"Deze verbindingen zijn niet veilig en kunnen tot een grote hitteontwikkeling leiden met gevaarlijke situaties en beschadiging van uw elektromotor en accu.\">Ces connexions ne sont pas s\u00fbres et peuvent entra\u00eener un d\u00e9veloppement important de chaleur et endommager votre moteur \u00e9lectrique et la batterie. <\/span><span title=\"Schade door verkeerde verbindingen en bekabeling is nadrukkelijk uitgesloten van garantie. \">Les dommages caus\u00e9s par des connexions et des c\u00e2blages incorrects sont exclus de la garantie.<\/span><span title=\"Speciaal voor gebruik met 24V elektromotoren is de 24V50 Angling li-ion accu ontwikkeld. \"><br \/>\n<\/span><span title=\"&#x25fe;De accu is spatwaterdicht volgens de IP54 norm.\">&#x25fe;La batterie est prot\u00e9g\u00e9e contre les projections d&rsquo;eau selon la norme IP54. <\/span><span title=\"Gebruik om problemen te voorkomen een accubak en plaats de accu rechtop op een verhoging om te voorkomen dat de accu in het water staat, of water via de bovenzijde de accu kan beschadigen. \">Pour \u00e9viter les probl\u00e8mes, utilisez un bo\u00eetier de batterie et placez la batterie en position verticale.<\/span><\/span><\/p>\n","protected":false},"excerpt":{"rendered":"<p><img loading=\"lazy\" decoding=\"async\" class=\"wp-image-614 size-thumbnail aligncenter\" src=\"https:\/\/benoitdegraux.com\/wp-content\/uploads\/2017\/12\/rebelcell20zwart20logo-150x150.jpg\" alt=\"\" width=\"150\" height=\"150\" srcset=\"https:\/\/benoitdegraux.com\/wp-content\/uploads\/2017\/12\/rebelcell20zwart20logo-150x150.jpg 150w, https:\/\/benoitdegraux.com\/wp-content\/uploads\/2017\/12\/rebelcell20zwart20logo-300x300.jpg 300w, https:\/\/benoitdegraux.com\/wp-content\/uploads\/2017\/12\/rebelcell20zwart20logo-100x100.jpg 100w\" sizes=\"(max-width: 150px) 100vw, 150px\" \/><\/p>\n<p><strong>Batterie au lithium 24V100\u00a0<\/strong>(1,29 kWh) avec indicateur d\u2019\u00e9tat de charge int\u00e9gr\u00e9.<br \/>\nSp\u00e9cialement d\u00e9velopp\u00e9e pour \u00eatre utilis\u00e9e dans les bateaux de p\u00eache avec des moteurs \u00e9lectriques de 24V, et comme source d\u2019\u00e9nergie pour la navigation \u00e9lectrique de plaisance. Remplacement d\u2019une batterie au plomb jusqu\u2019\u00e0 4 x 12V105Ah en fonctionnement.<\/p>\n<p>Prix Batterie : 2199 \u20ac ttc <a class=\"continue-reading-link\" href=\"https:\/\/benoitdegraux.com\/index.php\/produit\/batteries-lithium-24v-rebelcell\/\"> Continue reading <span class=\"meta-nav\">&rarr; <\/span><\/a><\/p>\n","protected":false},"featured_media":1592,"comment_status":"closed","ping_status":"closed","template":"","meta":[],"_links":{"self":[{"href":"https:\/\/benoitdegraux.com\/index.php\/wp-json\/wp\/v2\/product\/622"}],"collection":[{"href":"https:\/\/benoitdegraux.com\/index.php\/wp-json\/wp\/v2\/product"}],"about":[{"href":"https:\/\/benoitdegraux.com\/index.php\/wp-json\/wp\/v2\/types\/product"}],"replies":[{"embeddable":true,"href":"https:\/\/benoitdegraux.com\/index.php\/wp-json\/wp\/v2\/comments?post=622"}],"wp:featuredmedia":[{"embeddable":true,"href":"https:\/\/benoitdegraux.com\/index.php\/wp-json\/wp\/v2\/media\/1592"}],"wp:attachment":[{"href":"https:\/\/benoitdegraux.com\/index.php\/wp-json\/wp\/v2\/media?parent=622"}],"curies":[{"name":"wp","href":"https:\/\/api.w.org\/{rel}","templated":true}]}}